{"id":29519,"date":"2025-01-20T12:47:40","date_gmt":"2025-01-20T11:47:40","guid":{"rendered":"https:\/\/calviadeportes.com\/?page_id=29519"},"modified":"2026-04-24T13:46:52","modified_gmt":"2026-04-24T11:46:52","slug":"son-ferrer-calisthenics-park","status":"publish","type":"page","link":"https:\/\/calviadeportes.com\/en\/son-ferrer-calisthenics-park\/","title":{"rendered":"Son Ferrer Calisthenics Park"},"content":{"rendered":"\t\t<h2 class=\"text-divider-double\">\t\t\t\nGeneral Information\t\t<\/h2>\t\t<div class=\"sep\"><\/div>\t\n<div class=\"row \"><div class=\"wpv-grid grid-1-4  wpv-first-level first unextended\" style=\"padding-top:0px;padding-bottom:0px\" id=\"wpv-column-411f0135229e5424c56edf83aa0396a9\" ><p style=\"text-align: center;\"><span class='icon shortcode theme ' style='font-size:32px !important;color:#e32e33;'>&#57469;<\/span>\n<p style=\"text-align: center;\"><strong>CONTACT<\/strong><br \/>\nTelephone: <a href=\"tel:971670310\">971 67 03 10<\/a><br \/>\nEmail: <a href=\"mailto:ice@calvia.com\">ice@calvia.com<\/a><\/p>\n<p style=\"text-align: center;\"><span class='icon shortcode theme ' style='font-size:32px !important;color:#e32e33;'>&#57547;<\/span>\n<p style=\"text-align: center;\"><strong>ADDRESS<\/strong><br \/>\nPla\u00e7a de Son Ferrer<\/div>\n<div class=\"wpv-grid grid-1-2  wpv-first-level unextended\" style=\"padding-top:0px;padding-bottom:0px\" id=\"wpv-column-ee66e695db915084f771287f1a5e25e1\" ><div class=\"wpv-accordion-wrapper wpv-accordion-1\"><ul class=\"wpv-accordion\" data-collapsible=\"true\"><li class=\"pane-wrapper\" style=\"\">\n\t\t\t\t\t<h4 class=\"tab\"><div class=\"inner\">OPENING HOURS<\/div><\/h4>\n\t\t\t\t\t<div class=\"pane\"><div class=\"inner\"><h5><span class='icon shortcode theme ' style='font-size:25px !important;color:#e32e33;'>&#57530;<\/span> <strong>From 8.30 to 22h<\/strong>\u00a0<div class=\"push\" style='height:10px'><\/div> <\/h5>\n <div class=\"push\" style='height:10px'><\/div><\/div><\/div>\n\t\t\t\t\t<\/li><\/ul><style>.wpv-accordion-1 .tab .inner { background-color: #e32e33; color: #ffffff; }<\/style><\/div><\/div>\n<div class=\"wpv-grid grid-1-4  wpv-first-level unextended\" style=\"padding-top:0px;padding-bottom:0px\" id=\"wpv-column-53adf1a33757ce7b9e18020c373798d5\" ><p style=\"text-align: center;\"><span class='icon shortcode  ' style='font-size:32px !important;color:#e32e33;'>&#57739;<\/span>\n<p style=\"text-align: center;\"><strong>EQUIPMENT<\/strong><\/p>\n<ul>\n<li>Push up<\/li>\n<li>European style double parallel<\/li>\n<li>Parallel station<\/li>\n<li>Banc Workout<\/li>\n<li>Monkey cube<\/li>\n<li>Wave bar<\/li>\n<li>American style double parallel<\/li>\n<li>Pol dance<\/li>\n<li>Park\u00a0central<\/li>\n<\/ul><\/div><\/div>\n<div class=\"push\" style='height:63px'><\/div>\n\t\t<div class=\"sep-text single centered\">\n\t\t\t\t\t\t\t<span class=\"sep-text-before\"><div class=\"sep-text-line\"><\/div><\/span>\n\t\t\t\t\t\t<div class=\"content\">\n\t\t\t\t\n<h2>Gallery<\/h2>\n\t\t\t<\/div>\n\t\t\t<span class=\"sep-text-after\"><div class=\"sep-text-line\"><\/div><\/span>\n\t\t\t\t\t<\/div>\n\t\n<div class=\"tiled-gallery type-rectangular tiled-gallery-unresized\" data-original-width=\"1380\" data-carousel-extra='{&quot;blog_id&quot;:1,&quot;permalink&quot;:&quot;https:\\\/\\\/calviadeportes.com\\\/en\\\/son-ferrer-calisthenics-park\\\/&quot;,&quot;likes_blog_id&quot;:182291856}' itemscope itemtype=\"http:\/\/schema.org\/ImageGallery\" > <div class=\"gallery-row\" style=\"width: 1380px; height: 1036px;\" data-original-width=\"1380\" data-original-height=\"1036\" > <div class=\"gallery-group images-1\" style=\"width: 1380px; height: 1036px;\" data-original-width=\"1380\" data-original-height=\"1036\" > <div class=\"tiled-gallery-item tiled-gallery-item-large\" itemprop=\"associatedMedia\" itemscope itemtype=\"http:\/\/schema.org\/ImageObject\"> <a href=\"https:\/\/calviadeportes.com\/en\/calistenia-son_ferrer_6-2\/\" border=\"0\" itemprop=\"url\"> <meta itemprop=\"width\" content=\"1376\"> <meta itemprop=\"height\" content=\"1032\"> <img decoding=\"async\" class=\"\" data-attachment-id=\"29481\" data-orig-file=\"https:\/\/calviadeportes.com\/wp-content\/uploads\/2025\/01\/Calistenia-Son_Ferrer_6.jpg\" data-orig-size=\"2048,1536\" data-comments-opened=\"1\" data-image-meta=\"{&quot;aperture&quot;:&quot;0&quot;,&quot;credit&quot;:&quot;&quot;,&quot;camera&quot;:&quot;&quot;,&quot;caption&quot;:&quot;&quot;,&quot;created_timestamp&quot;:&quot;0&quot;,&quot;copyright&quot;:&quot;&quot;,&quot;focal_length&quot;:&quot;0&quot;,&quot;iso&quot;:&quot;0&quot;,&quot;shutter_speed&quot;:&quot;0&quot;,&quot;title&quot;:&quot;&quot;,&quot;orientation&quot;:&quot;0&quot;}\" data-image-title=\"Calistenia-Son_Ferrer_6\" data-image-description=\"\" data-medium-file=\"https:\/\/i0.wp.com\/calviadeportes.com\/wp-content\/uploads\/2025\/01\/Calistenia-Son_Ferrer_6.jpg?fit=300%2C225&#038;ssl=1\" data-large-file=\"https:\/\/i0.wp.com\/calviadeportes.com\/wp-content\/uploads\/2025\/01\/Calistenia-Son_Ferrer_6.jpg?fit=1024%2C768&#038;ssl=1\" src=\"https:\/\/i0.wp.com\/calviadeportes.com\/wp-content\/uploads\/2025\/01\/Calistenia-Son_Ferrer_6.jpg?w=1376&#038;h=1032&#038;ssl=1\" srcset=\"https:\/\/i0.wp.com\/calviadeportes.com\/wp-content\/uploads\/2025\/01\/Calistenia-Son_Ferrer_6.jpg?w=2048&amp;ssl=1 2048w, https:\/\/i0.wp.com\/calviadeportes.com\/wp-content\/uploads\/2025\/01\/Calistenia-Son_Ferrer_6.jpg?resize=300%2C225&amp;ssl=1 300w, https:\/\/i0.wp.com\/calviadeportes.com\/wp-content\/uploads\/2025\/01\/Calistenia-Son_Ferrer_6.jpg?resize=1024%2C768&amp;ssl=1 1024w, https:\/\/i0.wp.com\/calviadeportes.com\/wp-content\/uploads\/2025\/01\/Calistenia-Son_Ferrer_6.jpg?resize=768%2C576&amp;ssl=1 768w, https:\/\/i0.wp.com\/calviadeportes.com\/wp-content\/uploads\/2025\/01\/Calistenia-Son_Ferrer_6.jpg?resize=1536%2C1152&amp;ssl=1 1536w, https:\/\/i0.wp.com\/calviadeportes.com\/wp-content\/uploads\/2025\/01\/Calistenia-Son_Ferrer_6.jpg?resize=1260%2C945&amp;ssl=1 1260w, https:\/\/i0.wp.com\/calviadeportes.com\/wp-content\/uploads\/2025\/01\/Calistenia-Son_Ferrer_6.jpg?resize=615%2C461&amp;ssl=1 615w, https:\/\/i0.wp.com\/calviadeportes.com\/wp-content\/uploads\/2025\/01\/Calistenia-Son_Ferrer_6.jpg?resize=400%2C300&amp;ssl=1 400w, https:\/\/i0.wp.com\/calviadeportes.com\/wp-content\/uploads\/2025\/01\/Calistenia-Son_Ferrer_6.jpg?resize=292%2C219&amp;ssl=1 292w\" width=\"1376\" height=\"1032\" loading=\"lazy\" data-original-width=\"1376\" data-original-height=\"1032\" itemprop=\"http:\/\/schema.org\/image\" title=\"Calistenia-Son_Ferrer_6\" alt=\"Calistenia Pla\u00e7a de Son Ferrer\" style=\"width: 1376px; height: 1032px;\" \/> <\/a> <div class=\"tiled-gallery-caption\" itemprop=\"caption description\"> Calistenia Pla\u00e7a de Son Ferrer <\/div> <\/div> <\/div> <!-- close group --> <\/div> <!-- close row --> <\/div>\n<div class=\"push\" style='height:30px'><\/div>\n","protected":false},"excerpt":{"rendered":"<p>CONTACT Telephone: 971 67 03 10 Email: ice@calvia.com ADDRESS Pla\u00e7a de Son Ferrer EQUIPMENT Push up European style double parallel Parallel station Banc Workout Monkey cube Wave bar American style&#8230;<\/p>\n","protected":false},"author":75162113,"featured_media":29481,"parent":0,"menu_order":0,"comment_status":"closed","ping_status":"closed","template":"","meta":{"_coblocks_attr":"","_coblocks_dimensions":"","_coblocks_responsive_height":"","_coblocks_accordion_ie_support":"","_crdt_document":"","footnotes":""},"class_list":["post-29519","page","type-page","status-publish","has-post-thumbnail","hentry"],"yoast_head":"<!-- This site is optimized with the Yoast SEO plugin v27.5 - https:\/\/yoast.com\/product\/yoast-seo-wordpress\/ -->\n<title>Calisthenics Park Son Ferrer- Mallorca<\/title>\n<meta name=\"robots\" content=\"index, follow, max-snippet:-1, max-image-preview:large, max-video-preview:-1\" \/>\n<link rel=\"canonical\" href=\"https:\/\/calviadeportes.com\/en\/son-ferrer-calisthenics-park\/\" \/>\n<meta property=\"og:locale\" content=\"en_US\" \/>\n<meta property=\"og:type\" content=\"article\" \/>\n<meta property=\"og:title\" content=\"Calisthenics Park Son Ferrer- Mallorca\" \/>\n<meta property=\"og:description\" content=\"CONTACT Telephone: 971 67 03 10 Email: ice@calvia.com ADDRESS Pla\u00e7a de Son Ferrer EQUIPMENT Push up European style double parallel Parallel station Banc Workout Monkey cube Wave bar American style...\" \/>\n<meta property=\"og:url\" content=\"https:\/\/calviadeportes.com\/en\/son-ferrer-calisthenics-park\/\" \/>\n<meta property=\"og:site_name\" content=\"Calvi\u00e0 sports\" \/>\n<meta property=\"article:modified_time\" content=\"2026-04-24T11:46:52+00:00\" \/>\n<meta property=\"og:image\" content=\"https:\/\/calviadeportes.com\/wp-content\/uploads\/2025\/01\/Calistenia-Son_Ferrer_6.jpg\" \/>\n\t<meta property=\"og:image:width\" content=\"2048\" \/>\n\t<meta property=\"og:image:height\" content=\"1536\" \/>\n\t<meta property=\"og:image:type\" content=\"image\/jpeg\" \/>\n<meta name=\"twitter:card\" content=\"summary_large_image\" \/>\n<meta name=\"twitter:label1\" content=\"Est. reading time\" \/>\n\t<meta name=\"twitter:data1\" content=\"1 minute\" \/>\n<script type=\"application\/ld+json\" class=\"yoast-schema-graph\">{\"@context\":\"https:\\\/\\\/schema.org\",\"@graph\":[{\"@type\":\"WebPage\",\"@id\":\"https:\\\/\\\/calviadeportes.com\\\/en\\\/son-ferrer-calisthenics-park\\\/\",\"url\":\"https:\\\/\\\/calviadeportes.com\\\/en\\\/son-ferrer-calisthenics-park\\\/\",\"name\":\"Calisthenics Park Son Ferrer- Mallorca\",\"isPartOf\":{\"@id\":\"https:\\\/\\\/calviadeportes.com\\\/en\\\/#website\"},\"primaryImageOfPage\":{\"@id\":\"https:\\\/\\\/calviadeportes.com\\\/en\\\/son-ferrer-calisthenics-park\\\/#primaryimage\"},\"image\":{\"@id\":\"https:\\\/\\\/calviadeportes.com\\\/en\\\/son-ferrer-calisthenics-park\\\/#primaryimage\"},\"thumbnailUrl\":\"https:\\\/\\\/i0.wp.com\\\/calviadeportes.com\\\/wp-content\\\/uploads\\\/2025\\\/01\\\/Calistenia-Son_Ferrer_6.jpg?fit=2048%2C1536&ssl=1\",\"datePublished\":\"2025-01-20T11:47:40+00:00\",\"dateModified\":\"2026-04-24T11:46:52+00:00\",\"breadcrumb\":{\"@id\":\"https:\\\/\\\/calviadeportes.com\\\/en\\\/son-ferrer-calisthenics-park\\\/#breadcrumb\"},\"inLanguage\":\"en-US\",\"potentialAction\":[{\"@type\":\"ReadAction\",\"target\":[\"https:\\\/\\\/calviadeportes.com\\\/en\\\/son-ferrer-calisthenics-park\\\/\"]}]},{\"@type\":\"ImageObject\",\"inLanguage\":\"en-US\",\"@id\":\"https:\\\/\\\/calviadeportes.com\\\/en\\\/son-ferrer-calisthenics-park\\\/#primaryimage\",\"url\":\"https:\\\/\\\/i0.wp.com\\\/calviadeportes.com\\\/wp-content\\\/uploads\\\/2025\\\/01\\\/Calistenia-Son_Ferrer_6.jpg?fit=2048%2C1536&ssl=1\",\"contentUrl\":\"https:\\\/\\\/i0.wp.com\\\/calviadeportes.com\\\/wp-content\\\/uploads\\\/2025\\\/01\\\/Calistenia-Son_Ferrer_6.jpg?fit=2048%2C1536&ssl=1\",\"width\":2048,\"height\":1536,\"caption\":\"Calistenia Pla\u00e7a de Son Ferrer\"},{\"@type\":\"BreadcrumbList\",\"@id\":\"https:\\\/\\\/calviadeportes.com\\\/en\\\/son-ferrer-calisthenics-park\\\/#breadcrumb\",\"itemListElement\":[{\"@type\":\"ListItem\",\"position\":1,\"name\":\"Portada\",\"item\":\"https:\\\/\\\/calviadeportes.com\\\/en\\\/\"},{\"@type\":\"ListItem\",\"position\":2,\"name\":\"Son Ferrer Calisthenics Park\"}]},{\"@type\":\"WebSite\",\"@id\":\"https:\\\/\\\/calviadeportes.com\\\/en\\\/#website\",\"url\":\"https:\\\/\\\/calviadeportes.com\\\/en\\\/\",\"name\":\"Calvi\u00e0 sports\",\"description\":\"ICE Calvi\u00e0 | Ayuntamiento de Calvi\u00e0\",\"potentialAction\":[{\"@type\":\"SearchAction\",\"target\":{\"@type\":\"EntryPoint\",\"urlTemplate\":\"https:\\\/\\\/calviadeportes.com\\\/en\\\/?s={search_term_string}\"},\"query-input\":{\"@type\":\"PropertyValueSpecification\",\"valueRequired\":true,\"valueName\":\"search_term_string\"}}],\"inLanguage\":\"en-US\"}]}<\/script>\n<!-- \/ Yoast SEO plugin. -->","yoast_head_json":{"title":"Calisthenics Park Son Ferrer- Mallorca","robots":{"index":"index","follow":"follow","max-snippet":"max-snippet:-1","max-image-preview":"max-image-preview:large","max-video-preview":"max-video-preview:-1"},"canonical":"https:\/\/calviadeportes.com\/en\/son-ferrer-calisthenics-park\/","og_locale":"en_US","og_type":"article","og_title":"Calisthenics Park Son Ferrer- Mallorca","og_description":"CONTACT Telephone: 971 67 03 10 Email: ice@calvia.com ADDRESS Pla\u00e7a de Son Ferrer EQUIPMENT Push up European style double parallel Parallel station Banc Workout Monkey cube Wave bar American style...","og_url":"https:\/\/calviadeportes.com\/en\/son-ferrer-calisthenics-park\/","og_site_name":"Calvi\u00e0 sports","article_modified_time":"2026-04-24T11:46:52+00:00","og_image":[{"width":2048,"height":1536,"url":"https:\/\/calviadeportes.com\/wp-content\/uploads\/2025\/01\/Calistenia-Son_Ferrer_6.jpg","type":"image\/jpeg"}],"twitter_card":"summary_large_image","twitter_misc":{"Est. reading time":"1 minute"},"schema":{"@context":"https:\/\/schema.org","@graph":[{"@type":"WebPage","@id":"https:\/\/calviadeportes.com\/en\/son-ferrer-calisthenics-park\/","url":"https:\/\/calviadeportes.com\/en\/son-ferrer-calisthenics-park\/","name":"Calisthenics Park Son Ferrer- Mallorca","isPartOf":{"@id":"https:\/\/calviadeportes.com\/en\/#website"},"primaryImageOfPage":{"@id":"https:\/\/calviadeportes.com\/en\/son-ferrer-calisthenics-park\/#primaryimage"},"image":{"@id":"https:\/\/calviadeportes.com\/en\/son-ferrer-calisthenics-park\/#primaryimage"},"thumbnailUrl":"https:\/\/i0.wp.com\/calviadeportes.com\/wp-content\/uploads\/2025\/01\/Calistenia-Son_Ferrer_6.jpg?fit=2048%2C1536&ssl=1","datePublished":"2025-01-20T11:47:40+00:00","dateModified":"2026-04-24T11:46:52+00:00","breadcrumb":{"@id":"https:\/\/calviadeportes.com\/en\/son-ferrer-calisthenics-park\/#breadcrumb"},"inLanguage":"en-US","potentialAction":[{"@type":"ReadAction","target":["https:\/\/calviadeportes.com\/en\/son-ferrer-calisthenics-park\/"]}]},{"@type":"ImageObject","inLanguage":"en-US","@id":"https:\/\/calviadeportes.com\/en\/son-ferrer-calisthenics-park\/#primaryimage","url":"https:\/\/i0.wp.com\/calviadeportes.com\/wp-content\/uploads\/2025\/01\/Calistenia-Son_Ferrer_6.jpg?fit=2048%2C1536&ssl=1","contentUrl":"https:\/\/i0.wp.com\/calviadeportes.com\/wp-content\/uploads\/2025\/01\/Calistenia-Son_Ferrer_6.jpg?fit=2048%2C1536&ssl=1","width":2048,"height":1536,"caption":"Calistenia Pla\u00e7a de Son Ferrer"},{"@type":"BreadcrumbList","@id":"https:\/\/calviadeportes.com\/en\/son-ferrer-calisthenics-park\/#breadcrumb","itemListElement":[{"@type":"ListItem","position":1,"name":"Portada","item":"https:\/\/calviadeportes.com\/en\/"},{"@type":"ListItem","position":2,"name":"Son Ferrer Calisthenics Park"}]},{"@type":"WebSite","@id":"https:\/\/calviadeportes.com\/en\/#website","url":"https:\/\/calviadeportes.com\/en\/","name":"Calvi\u00e0 sports","description":"ICE Calvi\u00e0 | Ayuntamiento de Calvi\u00e0","potentialAction":[{"@type":"SearchAction","target":{"@type":"EntryPoint","urlTemplate":"https:\/\/calviadeportes.com\/en\/?s={search_term_string}"},"query-input":{"@type":"PropertyValueSpecification","valueRequired":true,"valueName":"search_term_string"}}],"inLanguage":"en-US"}]}},"jetpack_likes_enabled":false,"jetpack_sharing_enabled":false,"jetpack_shortlink":"https:\/\/wp.me\/PckSre-7G7","_links":{"self":[{"href":"https:\/\/calviadeportes.com\/en\/wp-json\/wp\/v2\/pages\/29519","targetHints":{"allow":["GET"]}}],"collection":[{"href":"https:\/\/calviadeportes.com\/en\/wp-json\/wp\/v2\/pages"}],"about":[{"href":"https:\/\/calviadeportes.com\/en\/wp-json\/wp\/v2\/types\/page"}],"author":[{"embeddable":true,"href":"https:\/\/calviadeportes.com\/en\/wp-json\/wp\/v2\/users\/75162113"}],"replies":[{"embeddable":true,"href":"https:\/\/calviadeportes.com\/en\/wp-json\/wp\/v2\/comments?post=29519"}],"version-history":[{"count":3,"href":"https:\/\/calviadeportes.com\/en\/wp-json\/wp\/v2\/pages\/29519\/revisions"}],"predecessor-version":[{"id":33424,"href":"https:\/\/calviadeportes.com\/en\/wp-json\/wp\/v2\/pages\/29519\/revisions\/33424"}],"wp:featuredmedia":[{"embeddable":true,"href":"https:\/\/calviadeportes.com\/en\/wp-json\/wp\/v2\/media\/29481"}],"wp:attachment":[{"href":"https:\/\/calviadeportes.com\/en\/wp-json\/wp\/v2\/media?parent=29519"}],"curies":[{"name":"wp","href":"https:\/\/api.w.org\/{rel}","templated":true}]}}