{"id":18148,"date":"2021-04-19T15:08:12","date_gmt":"2021-04-19T13:08:12","guid":{"rendered":"https:\/\/calviadeportes.com\/ice-subscription\/"},"modified":"2021-04-29T13:41:36","modified_gmt":"2021-04-29T11:41:36","slug":"newsletter-en","status":"publish","type":"page","link":"https:\/\/calviadeportes.com\/en\/newsletter-en\/","title":{"rendered":"Newsletter"},"content":{"rendered":"<p><img data-recalc-dims=\"1\" loading=\"lazy\" decoding=\"async\" data-attachment-id=\"18138\" data-permalink=\"https:\/\/calviadeportes.com\/en\/newsletter-en\/newsletter-ice-cabecera-residentes-2\/\" data-orig-file=\"https:\/\/i0.wp.com\/calviadeportes.com\/wp-content\/uploads\/2021\/04\/Newsletter-ICE-cabecera-RESIDENTES.png?fit=819%2C179&amp;ssl=1\" data-orig-size=\"819,179\" data-comments-opened=\"1\" data-image-meta=\"{&quot;aperture&quot;:&quot;0&quot;,&quot;credit&quot;:&quot;&quot;,&quot;camera&quot;:&quot;&quot;,&quot;caption&quot;:&quot;&quot;,&quot;created_timestamp&quot;:&quot;0&quot;,&quot;copyright&quot;:&quot;&quot;,&quot;focal_length&quot;:&quot;0&quot;,&quot;iso&quot;:&quot;0&quot;,&quot;shutter_speed&quot;:&quot;0&quot;,&quot;title&quot;:&quot;&quot;,&quot;orientation&quot;:&quot;0&quot;}\" data-image-title=\"Newsletter ICE cabecera &amp;#8211; RESIDENTES\" data-image-description=\"\" data-image-caption=\"\" data-large-file=\"https:\/\/i0.wp.com\/calviadeportes.com\/wp-content\/uploads\/2021\/04\/Newsletter-ICE-cabecera-RESIDENTES.png?fit=819%2C179&amp;ssl=1\" class=\"aligncenter wp-image-18138 size-full\" src=\"https:\/\/i0.wp.com\/calviadeportes.com\/wp-content\/uploads\/2021\/04\/Newsletter-ICE-cabecera-RESIDENTES.png?resize=819%2C179&#038;ssl=1\" alt=\"\" width=\"819\" height=\"179\" srcset=\"https:\/\/i0.wp.com\/calviadeportes.com\/wp-content\/uploads\/2021\/04\/Newsletter-ICE-cabecera-RESIDENTES.png?w=819&amp;ssl=1 819w, https:\/\/i0.wp.com\/calviadeportes.com\/wp-content\/uploads\/2021\/04\/Newsletter-ICE-cabecera-RESIDENTES.png?resize=300%2C66&amp;ssl=1 300w, https:\/\/i0.wp.com\/calviadeportes.com\/wp-content\/uploads\/2021\/04\/Newsletter-ICE-cabecera-RESIDENTES.png?resize=768%2C168&amp;ssl=1 768w, https:\/\/i0.wp.com\/calviadeportes.com\/wp-content\/uploads\/2021\/04\/Newsletter-ICE-cabecera-RESIDENTES.png?resize=615%2C134&amp;ssl=1 615w, https:\/\/i0.wp.com\/calviadeportes.com\/wp-content\/uploads\/2021\/04\/Newsletter-ICE-cabecera-RESIDENTES.png?resize=400%2C87&amp;ssl=1 400w, https:\/\/i0.wp.com\/calviadeportes.com\/wp-content\/uploads\/2021\/04\/Newsletter-ICE-cabecera-RESIDENTES.png?resize=292%2C64&amp;ssl=1 292w\" sizes=\"auto, (max-width: 819px) 100vw, 819px\" \/><\/p>\n<p>De conformidad con lo dispuesto en el Reglamento General de Protecci\u00f3n de Datos (UE) 2016\/679 y en la normativa espa\u00f1ola relativa a la protecci\u00f3n de datos personales, ponemos en su conocimiento que:<br \/>\n1. El responsable del tratamiento de sus datos de car\u00e1cter personal es Ajuntament de Calvi\u00e0 con NIF: P0701100J , domicilio en C\/ Juli\u00e0 Bujosa Sans, batle. n\u00fam. 1. 07184 Calvi\u00e0 Vila y tel\u00e9fono + 34 971 139 100 y correo electr\u00f3nico dpd@calvia.com .<br \/>\n2. Los datos de contacto del delegado de Protecci\u00f3n de Datos del Ajuntament de Calvi\u00e0 son: dpd@calvia.com.<br \/>\n3. La finalidad con la que se tratan sus datos es para poder gesti\u00f3n y tramitar su consulta.<br \/>\n4. La base de licitud para el tratamiento de los datos personales es el consentimiento.<br \/>\n5. La informaci\u00f3n se conservar\u00e1 durante los plazos m\u00ednimos necesarios para dar cumplimiento a las finalidades para las cuales han sido, en cada caso, recabados y para dar cumplimiento a nuestras obligaciones legales.<br \/>\n6. No est\u00e1n previstas otras comunicaciones ni transferencias internacionales de datos personales, salvo obligaci\u00f3n legal.<br \/>\n7. Podr\u00e1 ejercitar, en los casos y formas previstos en la legislaci\u00f3n vigente, los derechos de acceso, rectificaci\u00f3n, supresi\u00f3n, limitaci\u00f3n del tratamiento, oposici\u00f3n y portabilidad, as\u00ed como retirar su consentimiento, mediante registro presencial, en las instalaciones del Ajuntament de Calvi\u00e0, calle Juli\u00e1 Bujosa Sans Batle, num 1, Calvi\u00e0 o telem\u00e1ticamente enviando un correo al Delegado de Protecci\u00f3n de Datos de la entidad a dpd@calvia.com indicando en el asunto: Ref Protecci\u00f3n de Datos.<br \/>\n8. Si en el ejercicio de sus derechos no ha sido debidamente atendido podr\u00e1 presentar una reclamaci\u00f3n ante la Agencia Espa\u00f1ola de Protecci\u00f3n de Datos, C\/ Jorge Juan, 6 28001 Madrid \u2013 Sede electr\u00f3nica: sedeagpd.gob.es. Con car\u00e1cter previo y potestativo, puede ponerse en contacto con el Delegado de Protecci\u00f3n de Datos en dpd@calvia.com.<\/p>\n","protected":false},"excerpt":{"rendered":"<p>De conformidad con lo dispuesto en el Reglamento General de Protecci\u00f3n de Datos (UE) 2016\/679 y en la normativa espa\u00f1ola relativa a la protecci\u00f3n de datos personales, ponemos en su&#8230;<\/p>\n","protected":false},"author":75162113,"featured_media":0,"parent":0,"menu_order":0,"comment_status":"closed","ping_status":"closed","template":"","meta":{"_coblocks_attr":"","_coblocks_dimensions":"","_coblocks_responsive_height":"","_coblocks_accordion_ie_support":"","_crdt_document":"","footnotes":""},"class_list":["post-18148","page","type-page","status-publish","hentry"],"yoast_head":"<!-- This site is optimized with the Yoast SEO plugin v27.4 - https:\/\/yoast.com\/product\/yoast-seo-wordpress\/ -->\n<title>Newsletter - Calvi\u00e0 sports<\/title>\n<meta name=\"robots\" content=\"index, follow, max-snippet:-1, max-image-preview:large, max-video-preview:-1\" \/>\n<link rel=\"canonical\" href=\"https:\/\/calviadeportes.com\/en\/newsletter-en\/\" \/>\n<meta property=\"og:locale\" content=\"en_US\" \/>\n<meta property=\"og:type\" content=\"article\" \/>\n<meta property=\"og:title\" content=\"Newsletter - Calvi\u00e0 sports\" \/>\n<meta property=\"og:description\" content=\"De conformidad con lo dispuesto en el Reglamento General de Protecci\u00f3n de Datos (UE) 2016\/679 y en la normativa espa\u00f1ola relativa a la protecci\u00f3n de datos personales, ponemos en su...\" \/>\n<meta property=\"og:url\" content=\"https:\/\/calviadeportes.com\/en\/newsletter-en\/\" \/>\n<meta property=\"og:site_name\" content=\"Calvi\u00e0 sports\" \/>\n<meta property=\"article:modified_time\" content=\"2021-04-29T11:41:36+00:00\" \/>\n<meta property=\"og:image\" content=\"https:\/\/calviadeportes.com\/wp-content\/uploads\/2021\/04\/Newsletter-ICE-cabecera-RESIDENTES.png\" \/>\n<meta name=\"twitter:card\" content=\"summary_large_image\" \/>\n<meta name=\"twitter:label1\" content=\"Est. reading time\" \/>\n\t<meta name=\"twitter:data1\" content=\"2 minutes\" \/>\n<script type=\"application\/ld+json\" class=\"yoast-schema-graph\">{\"@context\":\"https:\\\/\\\/schema.org\",\"@graph\":[{\"@type\":\"WebPage\",\"@id\":\"https:\\\/\\\/calviadeportes.com\\\/en\\\/newsletter-en\\\/\",\"url\":\"https:\\\/\\\/calviadeportes.com\\\/en\\\/newsletter-en\\\/\",\"name\":\"Newsletter - Calvi\u00e0 sports\",\"isPartOf\":{\"@id\":\"https:\\\/\\\/calviadeportes.com\\\/en\\\/#website\"},\"primaryImageOfPage\":{\"@id\":\"https:\\\/\\\/calviadeportes.com\\\/en\\\/newsletter-en\\\/#primaryimage\"},\"image\":{\"@id\":\"https:\\\/\\\/calviadeportes.com\\\/en\\\/newsletter-en\\\/#primaryimage\"},\"thumbnailUrl\":\"https:\\\/\\\/calviadeportes.com\\\/wp-content\\\/uploads\\\/2021\\\/04\\\/Newsletter-ICE-cabecera-RESIDENTES.png\",\"datePublished\":\"2021-04-19T13:08:12+00:00\",\"dateModified\":\"2021-04-29T11:41:36+00:00\",\"breadcrumb\":{\"@id\":\"https:\\\/\\\/calviadeportes.com\\\/en\\\/newsletter-en\\\/#breadcrumb\"},\"inLanguage\":\"en-US\",\"potentialAction\":[{\"@type\":\"ReadAction\",\"target\":[\"https:\\\/\\\/calviadeportes.com\\\/en\\\/newsletter-en\\\/\"]}]},{\"@type\":\"ImageObject\",\"inLanguage\":\"en-US\",\"@id\":\"https:\\\/\\\/calviadeportes.com\\\/en\\\/newsletter-en\\\/#primaryimage\",\"url\":\"https:\\\/\\\/calviadeportes.com\\\/wp-content\\\/uploads\\\/2021\\\/04\\\/Newsletter-ICE-cabecera-RESIDENTES.png\",\"contentUrl\":\"https:\\\/\\\/calviadeportes.com\\\/wp-content\\\/uploads\\\/2021\\\/04\\\/Newsletter-ICE-cabecera-RESIDENTES.png\"},{\"@type\":\"BreadcrumbList\",\"@id\":\"https:\\\/\\\/calviadeportes.com\\\/en\\\/newsletter-en\\\/#breadcrumb\",\"itemListElement\":[{\"@type\":\"ListItem\",\"position\":1,\"name\":\"Portada\",\"item\":\"https:\\\/\\\/calviadeportes.com\\\/en\\\/\"},{\"@type\":\"ListItem\",\"position\":2,\"name\":\"Newsletter\"}]},{\"@type\":\"WebSite\",\"@id\":\"https:\\\/\\\/calviadeportes.com\\\/en\\\/#website\",\"url\":\"https:\\\/\\\/calviadeportes.com\\\/en\\\/\",\"name\":\"Calvi\u00e0 sports\",\"description\":\"ICE Calvi\u00e0 | Ayuntamiento de Calvi\u00e0\",\"potentialAction\":[{\"@type\":\"SearchAction\",\"target\":{\"@type\":\"EntryPoint\",\"urlTemplate\":\"https:\\\/\\\/calviadeportes.com\\\/en\\\/?s={search_term_string}\"},\"query-input\":{\"@type\":\"PropertyValueSpecification\",\"valueRequired\":true,\"valueName\":\"search_term_string\"}}],\"inLanguage\":\"en-US\"}]}<\/script>\n<!-- \/ Yoast SEO plugin. -->","yoast_head_json":{"title":"Newsletter - Calvi\u00e0 sports","robots":{"index":"index","follow":"follow","max-snippet":"max-snippet:-1","max-image-preview":"max-image-preview:large","max-video-preview":"max-video-preview:-1"},"canonical":"https:\/\/calviadeportes.com\/en\/newsletter-en\/","og_locale":"en_US","og_type":"article","og_title":"Newsletter - Calvi\u00e0 sports","og_description":"De conformidad con lo dispuesto en el Reglamento General de Protecci\u00f3n de Datos (UE) 2016\/679 y en la normativa espa\u00f1ola relativa a la protecci\u00f3n de datos personales, ponemos en su...","og_url":"https:\/\/calviadeportes.com\/en\/newsletter-en\/","og_site_name":"Calvi\u00e0 sports","article_modified_time":"2021-04-29T11:41:36+00:00","og_image":[{"url":"https:\/\/calviadeportes.com\/wp-content\/uploads\/2021\/04\/Newsletter-ICE-cabecera-RESIDENTES.png","type":"","width":"","height":""}],"twitter_card":"summary_large_image","twitter_misc":{"Est. reading time":"2 minutes"},"schema":{"@context":"https:\/\/schema.org","@graph":[{"@type":"WebPage","@id":"https:\/\/calviadeportes.com\/en\/newsletter-en\/","url":"https:\/\/calviadeportes.com\/en\/newsletter-en\/","name":"Newsletter - Calvi\u00e0 sports","isPartOf":{"@id":"https:\/\/calviadeportes.com\/en\/#website"},"primaryImageOfPage":{"@id":"https:\/\/calviadeportes.com\/en\/newsletter-en\/#primaryimage"},"image":{"@id":"https:\/\/calviadeportes.com\/en\/newsletter-en\/#primaryimage"},"thumbnailUrl":"https:\/\/calviadeportes.com\/wp-content\/uploads\/2021\/04\/Newsletter-ICE-cabecera-RESIDENTES.png","datePublished":"2021-04-19T13:08:12+00:00","dateModified":"2021-04-29T11:41:36+00:00","breadcrumb":{"@id":"https:\/\/calviadeportes.com\/en\/newsletter-en\/#breadcrumb"},"inLanguage":"en-US","potentialAction":[{"@type":"ReadAction","target":["https:\/\/calviadeportes.com\/en\/newsletter-en\/"]}]},{"@type":"ImageObject","inLanguage":"en-US","@id":"https:\/\/calviadeportes.com\/en\/newsletter-en\/#primaryimage","url":"https:\/\/calviadeportes.com\/wp-content\/uploads\/2021\/04\/Newsletter-ICE-cabecera-RESIDENTES.png","contentUrl":"https:\/\/calviadeportes.com\/wp-content\/uploads\/2021\/04\/Newsletter-ICE-cabecera-RESIDENTES.png"},{"@type":"BreadcrumbList","@id":"https:\/\/calviadeportes.com\/en\/newsletter-en\/#breadcrumb","itemListElement":[{"@type":"ListItem","position":1,"name":"Portada","item":"https:\/\/calviadeportes.com\/en\/"},{"@type":"ListItem","position":2,"name":"Newsletter"}]},{"@type":"WebSite","@id":"https:\/\/calviadeportes.com\/en\/#website","url":"https:\/\/calviadeportes.com\/en\/","name":"Calvi\u00e0 sports","description":"ICE Calvi\u00e0 | Ayuntamiento de Calvi\u00e0","potentialAction":[{"@type":"SearchAction","target":{"@type":"EntryPoint","urlTemplate":"https:\/\/calviadeportes.com\/en\/?s={search_term_string}"},"query-input":{"@type":"PropertyValueSpecification","valueRequired":true,"valueName":"search_term_string"}}],"inLanguage":"en-US"}]}},"jetpack_likes_enabled":false,"jetpack_sharing_enabled":false,"jetpack_shortlink":"https:\/\/wp.me\/PckSre-4II","_links":{"self":[{"href":"https:\/\/calviadeportes.com\/en\/wp-json\/wp\/v2\/pages\/18148","targetHints":{"allow":["GET"]}}],"collection":[{"href":"https:\/\/calviadeportes.com\/en\/wp-json\/wp\/v2\/pages"}],"about":[{"href":"https:\/\/calviadeportes.com\/en\/wp-json\/wp\/v2\/types\/page"}],"author":[{"embeddable":true,"href":"https:\/\/calviadeportes.com\/en\/wp-json\/wp\/v2\/users\/75162113"}],"replies":[{"embeddable":true,"href":"https:\/\/calviadeportes.com\/en\/wp-json\/wp\/v2\/comments?post=18148"}],"version-history":[{"count":2,"href":"https:\/\/calviadeportes.com\/en\/wp-json\/wp\/v2\/pages\/18148\/revisions"}],"predecessor-version":[{"id":18264,"href":"https:\/\/calviadeportes.com\/en\/wp-json\/wp\/v2\/pages\/18148\/revisions\/18264"}],"wp:attachment":[{"href":"https:\/\/calviadeportes.com\/en\/wp-json\/wp\/v2\/media?parent=18148"}],"curies":[{"name":"wp","href":"https:\/\/api.w.org\/{rel}","templated":true}]}}