{"id":15834,"date":"2021-01-25T13:09:52","date_gmt":"2021-01-25T12:09:52","guid":{"rendered":"https:\/\/calviadeportes.com\/athlete-interviews\/"},"modified":"2021-01-25T13:12:59","modified_gmt":"2021-01-25T12:12:59","slug":"athlete-interviews","status":"publish","type":"page","link":"https:\/\/calviadeportes.com\/en\/athlete-interviews\/","title":{"rendered":"Athlete interviews"},"content":{"rendered":"<a target=\"_blank\" style='font-size: 14px;' class=\"button vamtam-button accent1  theme-docs button-border hover-accent1  alignhttps:\/\/calviadeportes.com\/entrevistas-deportistas\/\"><span class='icon shortcode theme ' style='color:#e32e33;'>&#57463;<\/span><span class=\"btext\">Athlete interviews<\/span><\/a>\n<div class=\"loop-wrapper clearfix news row masonry paginated vamtam-cubeportfolio cbp\" data-columns=\"3\"  data-options=\"{&quot;layoutMode&quot;:&quot;mosaic&quot;,&quot;sortToPreventGaps&quot;:true,&quot;defaultFilter&quot;:&quot;*&quot;,&quot;animationType&quot;:&quot;quicksand&quot;,&quot;gapHorizontal&quot;:0,&quot;gapVertical&quot;:30,&quot;gridAdjustment&quot;:&quot;responsive&quot;,&quot;mediaQueries&quot;:[{&quot;width&quot;:937.5,&quot;cols&quot;:3},{&quot;width&quot;:615,&quot;cols&quot;:2},{&quot;width&quot;:292.5,&quot;cols&quot;:1}],&quot;displayType&quot;:&quot;bottomToTop&quot;,&quot;displayTypeSpeed&quot;:100}\">\n\t\t<div class=\"page-content post-header grid-1-3 clearboth list-item cbp-item post-16312 post type-post status-publish format-standard has-post-thumbnail hentry category-triathlon\" >\n\t\t\t<div>\n\t\t\t\t<div class=\"post-article has-image-wrapper \">\n\t<div class=\"standard-post-format clearfix as-image \">\n\t\t\t<div class=\"thumbnail\">\n\t\t\t\t\t<a href=\"https:\/\/calviadeportes.com\/en\/mario-mola-triatleta\/\" title=\"Mario Mola &#8211; Triathlete\">\n\t\t\t\t<img loading=\"lazy\" decoding=\"async\" width=\"400\" height=\"400\" src=\"https:\/\/i0.wp.com\/calviadeportes.com\/wp-content\/uploads\/2021\/01\/Mario-Mola-Entrevista-foto-1.jpg?fit=400%2C400&amp;ssl=1\" class=\"attachment-portfolio-masonry-3 size-portfolio-masonry-3 wp-post-image\" alt=\"Mario Mola - Triatl\u00f3n\" srcset=\"https:\/\/i0.wp.com\/calviadeportes.com\/wp-content\/uploads\/2021\/01\/Mario-Mola-Entrevista-foto-1.jpg?w=1080&amp;ssl=1 1080w, https:\/\/i0.wp.com\/calviadeportes.com\/wp-content\/uploads\/2021\/01\/Mario-Mola-Entrevista-foto-1.jpg?resize=300%2C300&amp;ssl=1 300w, https:\/\/i0.wp.com\/calviadeportes.com\/wp-content\/uploads\/2021\/01\/Mario-Mola-Entrevista-foto-1.jpg?resize=1024%2C1024&amp;ssl=1 1024w, https:\/\/i0.wp.com\/calviadeportes.com\/wp-content\/uploads\/2021\/01\/Mario-Mola-Entrevista-foto-1.jpg?resize=150%2C150&amp;ssl=1 150w, https:\/\/i0.wp.com\/calviadeportes.com\/wp-content\/uploads\/2021\/01\/Mario-Mola-Entrevista-foto-1.jpg?resize=768%2C768&amp;ssl=1 768w, https:\/\/i0.wp.com\/calviadeportes.com\/wp-content\/uploads\/2021\/01\/Mario-Mola-Entrevista-foto-1.jpg?resize=800%2C800&amp;ssl=1 800w, https:\/\/i0.wp.com\/calviadeportes.com\/wp-content\/uploads\/2021\/01\/Mario-Mola-Entrevista-foto-1.jpg?resize=400%2C400&amp;ssl=1 400w, https:\/\/i0.wp.com\/calviadeportes.com\/wp-content\/uploads\/2021\/01\/Mario-Mola-Entrevista-foto-1.jpg?resize=200%2C200&amp;ssl=1 200w, https:\/\/i0.wp.com\/calviadeportes.com\/wp-content\/uploads\/2021\/01\/Mario-Mola-Entrevista-foto-1.jpg?resize=60%2C60&amp;ssl=1 60w, https:\/\/i0.wp.com\/calviadeportes.com\/wp-content\/uploads\/2021\/01\/Mario-Mola-Entrevista-foto-1.jpg?resize=43%2C43&amp;ssl=1 43w, https:\/\/i0.wp.com\/calviadeportes.com\/wp-content\/uploads\/2021\/01\/Mario-Mola-Entrevista-foto-1.jpg?resize=615%2C615&amp;ssl=1 615w, https:\/\/i0.wp.com\/calviadeportes.com\/wp-content\/uploads\/2021\/01\/Mario-Mola-Entrevista-foto-1.jpg?resize=292%2C292&amp;ssl=1 292w, https:\/\/i0.wp.com\/calviadeportes.com\/wp-content\/uploads\/2021\/01\/Mario-Mola-Entrevista-foto-1.jpg?resize=50%2C50&amp;ssl=1 50w\" sizes=\"auto, (min-width: 900px) 50vw, 100vw\" data-attachment-id=\"15880\" data-permalink=\"https:\/\/calviadeportes.com\/en\/mario-mola-triatleta\/mario-mola-entrevista-foto-2-2\/\" data-orig-file=\"https:\/\/i0.wp.com\/calviadeportes.com\/wp-content\/uploads\/2021\/01\/Mario-Mola-Entrevista-foto-1.jpg?fit=1080%2C1080&amp;ssl=1\" data-orig-size=\"1080,1080\" data-comments-opened=\"1\" data-image-meta=\"{&quot;aperture&quot;:&quot;0&quot;,&quot;credit&quot;:&quot;&quot;,&quot;camera&quot;:&quot;&quot;,&quot;caption&quot;:&quot;&quot;,&quot;created_timestamp&quot;:&quot;0&quot;,&quot;copyright&quot;:&quot;&quot;,&quot;focal_length&quot;:&quot;0&quot;,&quot;iso&quot;:&quot;0&quot;,&quot;shutter_speed&quot;:&quot;0&quot;,&quot;title&quot;:&quot;&quot;,&quot;orientation&quot;:&quot;1&quot;}\" data-image-title=\"Mario Mola &amp;#8211; Entrevista &amp;#8211; foto\" data-image-description=\"&lt;p&gt;Entrevista a Mario Mola &amp;#8211; Triatl\u00f3n. Pista de atletismo de Magaluf&lt;\/p&gt;\n\" data-image-caption=\"\" data-large-file=\"https:\/\/i0.wp.com\/calviadeportes.com\/wp-content\/uploads\/2021\/01\/Mario-Mola-Entrevista-foto-1.jpg?fit=1024%2C1024&amp;ssl=1\" \/>\t\t\t\t<span class='icon shortcode theme ' style=''>&#58897;<\/span>\t\t\t<\/a>\n\t\t\t<\/div>\n\n\t<div class=\"post-content-wrapper\">\n\t\t<div class=\"post-actions-wrapper clearfix\">\n\t\t\t<div class=\"post-date\">\n\t\t\t\tFebruary 2, 2021\t\t\t<\/div>\n\t\t\t\t\t\t\t\n\t\t\t\t\t\t\t\t\t<\/div>\n\n\t\t\t\t<header class=\"single\">\n\t\t\t<div class=\"content\">\n\t\t\t\t<h4>\n\t\t\t\t\t<a href=\"https:\/\/calviadeportes.com\/en\/mario-mola-triatleta\/\" title=\"Mario Mola &#8211; Triathlete\" class=\"entry-title\">Mario Mola &#8211; Triathlete<\/a>\n\t\t\t\t<\/h4>\n\t\t\t<\/div>\n\t\t<\/header>\n\t\n\t\t<div class=\"post-content-outer\">\n\t\t\t<p>Mario Mola &#8211; Triathlon Q- First of all: How are you? A- Good, thank you&#8230;.<\/p>\n\t\t<\/div>\n\n\t\t\t\t\t<div class=\"post-content-meta\">\n\t\t\t\t<div>\n\t\t\t\t\tPosted in:  <a href=\"https:\/\/calviadeportes.com\/en\/category\/triathlon\/\" rel=\"category tag\">Triathlon<\/a>\t\t\t\t<\/div>\n\t\t\t\t\t\t\t<\/div>\n\t\t\t<\/div>\n\t<\/div>\n<\/div>\n\t\t\t<\/div>\n\t\t<\/div>\n<\/div>\n\n\n","protected":false},"excerpt":{"rendered":"<p>Mario Mola &#8211; Triathlon Q- First of all: How are you? A- Good, thank you. These are very special circumstances for all of us, but fortunately we are in good&#8230;<\/p>\n","protected":false},"author":75162113,"featured_media":13431,"parent":0,"menu_order":0,"comment_status":"closed","ping_status":"closed","template":"","meta":{"_coblocks_attr":"","_coblocks_dimensions":"","_coblocks_responsive_height":"","_coblocks_accordion_ie_support":"","_crdt_document":"","footnotes":""},"class_list":["post-15834","page","type-page","status-publish","has-post-thumbnail","hentry"],"yoast_head":"<!-- This site is optimized with the Yoast SEO plugin v27.6 - https:\/\/yoast.com\/product\/yoast-seo-wordpress\/ -->\n<title>Athlete interviews - Calvi\u00e0 sports<\/title>\n<meta name=\"robots\" content=\"index, follow, max-snippet:-1, max-image-preview:large, max-video-preview:-1\" \/>\n<link rel=\"canonical\" href=\"https:\/\/calviadeportes.com\/en\/athlete-interviews\/\" \/>\n<meta property=\"og:locale\" content=\"en_US\" \/>\n<meta property=\"og:type\" content=\"article\" \/>\n<meta property=\"og:title\" content=\"Athlete interviews - Calvi\u00e0 sports\" \/>\n<meta property=\"og:description\" content=\"Mario Mola &#8211; Triathlon Q- First of all: How are you? A- Good, thank you. These are very special circumstances for all of us, but fortunately we are in good...\" \/>\n<meta property=\"og:url\" content=\"https:\/\/calviadeportes.com\/en\/athlete-interviews\/\" \/>\n<meta property=\"og:site_name\" content=\"Calvi\u00e0 sports\" \/>\n<meta property=\"article:modified_time\" content=\"2021-01-25T12:12:59+00:00\" \/>\n<meta property=\"og:image\" content=\"https:\/\/i1.wp.com\/calviadeportes.com\/wp-content\/uploads\/2021\/01\/Calvia-deportes-img-destacada.png?fit=772%2C784&ssl=1\" \/>\n\t<meta property=\"og:image:width\" content=\"772\" \/>\n\t<meta property=\"og:image:height\" content=\"784\" \/>\n\t<meta property=\"og:image:type\" content=\"image\/png\" \/>\n<meta name=\"twitter:card\" content=\"summary_large_image\" \/>\n<script type=\"application\/ld+json\" class=\"yoast-schema-graph\">{\"@context\":\"https:\\\/\\\/schema.org\",\"@graph\":[{\"@type\":\"WebPage\",\"@id\":\"https:\\\/\\\/calviadeportes.com\\\/en\\\/athlete-interviews\\\/\",\"url\":\"https:\\\/\\\/calviadeportes.com\\\/en\\\/athlete-interviews\\\/\",\"name\":\"Athlete interviews - Calvi\u00e0 sports\",\"isPartOf\":{\"@id\":\"https:\\\/\\\/calviadeportes.com\\\/en\\\/#website\"},\"primaryImageOfPage\":{\"@id\":\"https:\\\/\\\/calviadeportes.com\\\/en\\\/athlete-interviews\\\/#primaryimage\"},\"image\":{\"@id\":\"https:\\\/\\\/calviadeportes.com\\\/en\\\/athlete-interviews\\\/#primaryimage\"},\"thumbnailUrl\":\"https:\\\/\\\/i0.wp.com\\\/calviadeportes.com\\\/wp-content\\\/uploads\\\/2021\\\/01\\\/Calvia-deportes-img-destacada.png?fit=772%2C784&ssl=1\",\"datePublished\":\"2021-01-25T12:09:52+00:00\",\"dateModified\":\"2021-01-25T12:12:59+00:00\",\"breadcrumb\":{\"@id\":\"https:\\\/\\\/calviadeportes.com\\\/en\\\/athlete-interviews\\\/#breadcrumb\"},\"inLanguage\":\"en-US\",\"potentialAction\":[{\"@type\":\"ReadAction\",\"target\":[\"https:\\\/\\\/calviadeportes.com\\\/en\\\/athlete-interviews\\\/\"]}]},{\"@type\":\"ImageObject\",\"inLanguage\":\"en-US\",\"@id\":\"https:\\\/\\\/calviadeportes.com\\\/en\\\/athlete-interviews\\\/#primaryimage\",\"url\":\"https:\\\/\\\/i0.wp.com\\\/calviadeportes.com\\\/wp-content\\\/uploads\\\/2021\\\/01\\\/Calvia-deportes-img-destacada.png?fit=772%2C784&ssl=1\",\"contentUrl\":\"https:\\\/\\\/i0.wp.com\\\/calviadeportes.com\\\/wp-content\\\/uploads\\\/2021\\\/01\\\/Calvia-deportes-img-destacada.png?fit=772%2C784&ssl=1\",\"width\":772,\"height\":784,\"caption\":\"Cita previa instalaciones deportivas de Calvi\u00e0 - ICE\"},{\"@type\":\"BreadcrumbList\",\"@id\":\"https:\\\/\\\/calviadeportes.com\\\/en\\\/athlete-interviews\\\/#breadcrumb\",\"itemListElement\":[{\"@type\":\"ListItem\",\"position\":1,\"name\":\"Portada\",\"item\":\"https:\\\/\\\/calviadeportes.com\\\/en\\\/\"},{\"@type\":\"ListItem\",\"position\":2,\"name\":\"Athlete interviews\"}]},{\"@type\":\"WebSite\",\"@id\":\"https:\\\/\\\/calviadeportes.com\\\/en\\\/#website\",\"url\":\"https:\\\/\\\/calviadeportes.com\\\/en\\\/\",\"name\":\"Calvi\u00e0 sports\",\"description\":\"ICE Calvi\u00e0 | Ayuntamiento de Calvi\u00e0\",\"potentialAction\":[{\"@type\":\"SearchAction\",\"target\":{\"@type\":\"EntryPoint\",\"urlTemplate\":\"https:\\\/\\\/calviadeportes.com\\\/en\\\/?s={search_term_string}\"},\"query-input\":{\"@type\":\"PropertyValueSpecification\",\"valueRequired\":true,\"valueName\":\"search_term_string\"}}],\"inLanguage\":\"en-US\"}]}<\/script>\n<!-- \/ Yoast SEO plugin. -->","yoast_head_json":{"title":"Athlete interviews - Calvi\u00e0 sports","robots":{"index":"index","follow":"follow","max-snippet":"max-snippet:-1","max-image-preview":"max-image-preview:large","max-video-preview":"max-video-preview:-1"},"canonical":"https:\/\/calviadeportes.com\/en\/athlete-interviews\/","og_locale":"en_US","og_type":"article","og_title":"Athlete interviews - Calvi\u00e0 sports","og_description":"Mario Mola &#8211; Triathlon Q- First of all: How are you? A- Good, thank you. These are very special circumstances for all of us, but fortunately we are in good...","og_url":"https:\/\/calviadeportes.com\/en\/athlete-interviews\/","og_site_name":"Calvi\u00e0 sports","article_modified_time":"2021-01-25T12:12:59+00:00","og_image":[{"width":772,"height":784,"url":"https:\/\/i1.wp.com\/calviadeportes.com\/wp-content\/uploads\/2021\/01\/Calvia-deportes-img-destacada.png?fit=772%2C784&ssl=1","type":"image\/png"}],"twitter_card":"summary_large_image","schema":{"@context":"https:\/\/schema.org","@graph":[{"@type":"WebPage","@id":"https:\/\/calviadeportes.com\/en\/athlete-interviews\/","url":"https:\/\/calviadeportes.com\/en\/athlete-interviews\/","name":"Athlete interviews - Calvi\u00e0 sports","isPartOf":{"@id":"https:\/\/calviadeportes.com\/en\/#website"},"primaryImageOfPage":{"@id":"https:\/\/calviadeportes.com\/en\/athlete-interviews\/#primaryimage"},"image":{"@id":"https:\/\/calviadeportes.com\/en\/athlete-interviews\/#primaryimage"},"thumbnailUrl":"https:\/\/i0.wp.com\/calviadeportes.com\/wp-content\/uploads\/2021\/01\/Calvia-deportes-img-destacada.png?fit=772%2C784&ssl=1","datePublished":"2021-01-25T12:09:52+00:00","dateModified":"2021-01-25T12:12:59+00:00","breadcrumb":{"@id":"https:\/\/calviadeportes.com\/en\/athlete-interviews\/#breadcrumb"},"inLanguage":"en-US","potentialAction":[{"@type":"ReadAction","target":["https:\/\/calviadeportes.com\/en\/athlete-interviews\/"]}]},{"@type":"ImageObject","inLanguage":"en-US","@id":"https:\/\/calviadeportes.com\/en\/athlete-interviews\/#primaryimage","url":"https:\/\/i0.wp.com\/calviadeportes.com\/wp-content\/uploads\/2021\/01\/Calvia-deportes-img-destacada.png?fit=772%2C784&ssl=1","contentUrl":"https:\/\/i0.wp.com\/calviadeportes.com\/wp-content\/uploads\/2021\/01\/Calvia-deportes-img-destacada.png?fit=772%2C784&ssl=1","width":772,"height":784,"caption":"Cita previa instalaciones deportivas de Calvi\u00e0 - ICE"},{"@type":"BreadcrumbList","@id":"https:\/\/calviadeportes.com\/en\/athlete-interviews\/#breadcrumb","itemListElement":[{"@type":"ListItem","position":1,"name":"Portada","item":"https:\/\/calviadeportes.com\/en\/"},{"@type":"ListItem","position":2,"name":"Athlete interviews"}]},{"@type":"WebSite","@id":"https:\/\/calviadeportes.com\/en\/#website","url":"https:\/\/calviadeportes.com\/en\/","name":"Calvi\u00e0 sports","description":"ICE Calvi\u00e0 | Ayuntamiento de Calvi\u00e0","potentialAction":[{"@type":"SearchAction","target":{"@type":"EntryPoint","urlTemplate":"https:\/\/calviadeportes.com\/en\/?s={search_term_string}"},"query-input":{"@type":"PropertyValueSpecification","valueRequired":true,"valueName":"search_term_string"}}],"inLanguage":"en-US"}]}},"jetpack_likes_enabled":false,"jetpack_sharing_enabled":false,"jetpack_shortlink":"https:\/\/wp.me\/PckSre-47o","_links":{"self":[{"href":"https:\/\/calviadeportes.com\/en\/wp-json\/wp\/v2\/pages\/15834","targetHints":{"allow":["GET"]}}],"collection":[{"href":"https:\/\/calviadeportes.com\/en\/wp-json\/wp\/v2\/pages"}],"about":[{"href":"https:\/\/calviadeportes.com\/en\/wp-json\/wp\/v2\/types\/page"}],"author":[{"embeddable":true,"href":"https:\/\/calviadeportes.com\/en\/wp-json\/wp\/v2\/users\/75162113"}],"replies":[{"embeddable":true,"href":"https:\/\/calviadeportes.com\/en\/wp-json\/wp\/v2\/comments?post=15834"}],"version-history":[{"count":4,"href":"https:\/\/calviadeportes.com\/en\/wp-json\/wp\/v2\/pages\/15834\/revisions"}],"predecessor-version":[{"id":15839,"href":"https:\/\/calviadeportes.com\/en\/wp-json\/wp\/v2\/pages\/15834\/revisions\/15839"}],"wp:featuredmedia":[{"embeddable":true,"href":"https:\/\/calviadeportes.com\/en\/wp-json\/wp\/v2\/media\/13431"}],"wp:attachment":[{"href":"https:\/\/calviadeportes.com\/en\/wp-json\/wp\/v2\/media?parent=15834"}],"curies":[{"name":"wp","href":"https:\/\/api.w.org\/{rel}","templated":true}]}}