{"id":15694,"date":"2021-01-22T16:29:53","date_gmt":"2021-01-22T15:29:53","guid":{"rendered":"https:\/\/calviadeportes.com\/documents\/"},"modified":"2022-06-06T08:25:36","modified_gmt":"2022-06-06T06:25:36","slug":"documents","status":"publish","type":"page","link":"https:\/\/calviadeportes.com\/en\/documents\/","title":{"rendered":"Documents"},"content":{"rendered":"<div class=\"row \"><div class=\"wpv-grid grid-1-1  wpv-first-level first unextended\" style=\"padding-top:0px;padding-bottom:0px\" id=\"wpv-column-ef7124dc571dde64ccedaa34d7788e46\" ><div class=\"wpv-tabs vertical\" id=\"tabs-1\"><ul class=\"ui-tabs-nav\"><li class=\"inactive-block-title\"><h2>Documentos por a\u00f1os<\/h2><\/li><li><a href=\"#tab-1-0-2022\"> <span class=\"title-text\">2022<\/span><\/a><\/li><li><a href=\"#tab-1-1-2021\"> <span class=\"title-text\">2021<\/span><\/a><\/li><li><a href=\"#tab-1-2-2020\"> <span class=\"title-text\">2020<\/span><\/a><\/li><li><a href=\"#tab-1-3-2019\"> <span class=\"title-text\">2019<\/span><\/a><\/li><\/ul><div class=\"pane\" id=\"tab-1-0-2022\"><div class=\"row \"><div class=\"wpv-grid grid-1-2  first unextended\" style=\"padding-top:0px;padding-bottom:0px\" id=\"wpv-column-3b33cae33b1bf0d267242ab3f3957abf\" >\n<div  data-href=\"https:\/\/drive.google.com\/file\/d\/1jhk_n9062PU3TUm8_pobR8-EB71MZ9WX\/view?usp=sharing\" tabindex=\"1\" data-target=\"_blank\" class=\"linkarea clearfix accent7  background-transparent\">\n\t\t\t<div class=\"first\"><span class='icon shortcode  ' style='font-size:62px !important;color:#e32e33;'>&#57940;<\/span><\/div>\n\t\t\t\t<div class=\"last\"><div class=\"push\" style='height:20px'><\/div>\n<h3 style=\"text-align: center;\">CALVI\u00c0 SPORTS SUBSIDIES 2021<\/h3>\n<p style=\"text-align: center;\">Definitive approval of the establishment and modification of public prices<\/p>\n<h3 style=\"text-align: center;\"><span style=\"font-size: 16px;\"><div class=\"push\" style='height:10px'><\/div><\/span><\/h3><\/div>\n\t<\/div><\/div>\n<div class=\"wpv-grid grid-1-2  unextended\" style=\"padding-top:0px;padding-bottom:0px\" id=\"wpv-column-7f08cb986611677239a6be392f52f019\" >\n<div  data-href=\"https:\/\/drive.google.com\/file\/d\/1mWYbBChEB4V9fOp72FD1dTDP7mpHQAa8\/view\" tabindex=\"1\" data-target=\"_blank\" class=\"linkarea clearfix accent7  background-transparent\">\n\t\t\t<div class=\"first\"><span class='icon shortcode  ' style='font-size:62px !important;color:#e32e33;'>&#57557;<\/span><\/div>\n\t\t\t\t<div class=\"last\"><div class=\"push\" style='height:20px'><\/div>\n<h3 style=\"text-align: center;\">Ordinance on public prices<\/h3>\n<p style=\"text-align: center;\">Definitive approval of the establishment and modification of public prices<\/p>\n<h3 style=\"text-align: center;\"><span style=\"font-size: 16px;\"><div class=\"push\" style='height:10px'><\/div><\/span><\/h3><\/div>\n\t<\/div><\/div><\/div>\n<div class=\"row \"><div class=\"wpv-grid grid-1-2  first unextended\" style=\"padding-top:0px;padding-bottom:0px\" id=\"wpv-column-5773b36e85cb6d46d0ca97fdf83da33b\" >\n<div  data-href=\"https:\/\/drive.google.com\/file\/d\/1RTdqKwlKIvIK88fUm83bR4ppkqNG2TM-\/view?usp=sharing\" tabindex=\"1\" data-target=\"_blank\" class=\"linkarea clearfix accent7  background-transparent\">\n\t\t\t<div class=\"first\"><span class='icon shortcode  ' style='font-size:62px !important;color:#e32e33;'>&#57431;<\/span><\/div>\n\t\t\t\t<div class=\"last\"><div class=\"push\" style='height:20px'><\/div>\n<h3 style=\"text-align: center;\">Fitness room authorisation for minors<\/h3>\n<p style=\"text-align: center;\">Authorisation for minors (14 to 17 years old) to enter the fitness room<\/p>\n<h3 style=\"text-align: center;\"><span style=\"font-size: 16px;\"><div class=\"push\" style='height:10px'><\/div><\/span><\/h3><\/div>\n\t<\/div><\/div><\/div><\/div><div class=\"pane\" id=\"tab-1-1-2021\"><div class=\"row \"><div class=\"wpv-grid grid-1-2  first unextended\" style=\"padding-top:0px;padding-bottom:0px\" id=\"wpv-column-d3035cf9555f80940bcf280fbb4ccaa8\" >\n<div  data-href=\"https:\/\/drive.google.com\/file\/d\/1mWYbBChEB4V9fOp72FD1dTDP7mpHQAa8\/view\" tabindex=\"1\" data-target=\"_blank\" class=\"linkarea clearfix accent7  background-transparent\">\n\t\t\t<div class=\"first\"><span class='icon shortcode  ' style='font-size:62px !important;color:#e32e33;'>&#57557;<\/span><\/div>\n\t\t\t\t<div class=\"last\"><div class=\"push\" style='height:20px'><\/div>\n<h3 style=\"text-align: center;\">Ordinance on public prices<\/h3>\n<p style=\"text-align: center;\">Definitive approval of the establishment and modification of public prices<\/p>\n<h3 style=\"text-align: center;\"><span style=\"font-size: 16px;\"><div class=\"push\" style='height:10px'><\/div><\/span><\/h3><\/div>\n\t<\/div><\/div>\n<div class=\"wpv-grid grid-1-2  unextended\" style=\"padding-top:0px;padding-bottom:0px\" id=\"wpv-column-f0d21df4af6c9561f3a58766a46daba8\" >\n<div  data-href=\"https:\/\/drive.google.com\/file\/d\/1CobWR_BmcThc5uARZmLkDJjmkgJBiWgJ\/view\" tabindex=\"1\" data-target=\"_self\" class=\"linkarea clearfix accent7  background-transparent\">\n\t\t\t<div class=\"first\"><span class='icon shortcode theme ' style='font-size:62px !important;color:#e32e33;'>&#57474;<\/span><\/div>\n\t\t\t\t<div class=\"last\"><div class=\"push\" style='height:20px'><\/div>\n<h3 style=\"text-align: center;\">Calvi\u00e0 2021 Sports Facilities Programme<\/h3>\n<p style=\"text-align: center;\">Sports facilities, season tickets, prices and activities<\/p>\n<p style=\"text-align: center;\"><div class=\"push\" style='height:10px'><\/div><\/div>\n\t<\/div><\/div><\/div><\/div><div class=\"pane\" id=\"tab-1-2-2020\"><div class=\"row \"><div class=\"wpv-grid grid-1-2  first unextended\" style=\"padding-top:0px;padding-bottom:0px\" id=\"wpv-column-ade04daa1f9a37c28977fbdf2628e0ee\" >\n<div  data-href=\"https:\/\/calviadeportes.com\/convocatoria-subvenciones-deportistas-20\/\" tabindex=\"1\" data-target=\"_blank\" class=\"linkarea clearfix accent7  background-transparent\">\n\t\t\t<div class=\"first\"><span class='icon shortcode theme ' style='font-size:62px !important;color:#e32e33;'>&#57493;<\/span><\/div>\n\t\t\t\t<div class=\"last\"><div class=\"push\" style='height:20px'><\/div>\n<h3 style=\"text-align: center;\">Call for subsidies to individual sportsmen and women of the municipality of Calvi\u00e0 for the year 2020<\/h3>\n<p style=\"text-align: center;\">Call for applications for grants to Calvi\u00e0 sports clubs 2020<\/p>\n<p style=\"text-align: center;\"><div class=\"push\" style='height:10px'><\/div><\/div>\n\t<\/div><\/div>\n<div class=\"wpv-grid grid-1-2  unextended\" style=\"padding-top:0px;padding-bottom:0px\" id=\"wpv-column-fad493d71aee193361aea23fa5aa7ef6\" >\n<div  data-href=\"https:\/\/drive.google.com\/file\/d\/1SADuBACY7AATcazihASKdziCeCCES-4o\/view\" tabindex=\"1\" data-target=\"_blank\" class=\"linkarea clearfix accent7  background-transparent\">\n\t\t\t<div class=\"first\"><span class='icon shortcode theme ' style='font-size:62px !important;color:#e32e33;'>&#57493;<\/span><\/div>\n\t\t\t\t<div class=\"last\"><div class=\"push\" style='height:20px'><\/div>\n<h3 style=\"text-align: center;\">Call for applications for grants to Calvi\u00e0 sports clubs 2020<\/h3>\n<p style=\"text-align: center;\">Call for applications for grants to Calvi\u00e0 sports clubs 2020<\/p>\n<p style=\"text-align: center;\"><div class=\"push\" style='height:10px'><\/div><\/div>\n\t<\/div><\/div><\/div>\n<div class=\"row \"><div class=\"wpv-grid grid-1-2  first unextended\" style=\"padding-top:0px;padding-bottom:0px\" id=\"wpv-column-15caeee1f920de740b58695d090fc00f\" >\n<div  data-href=\"https:\/\/drive.google.com\/file\/d\/1_6DqxFe8sgJ0cnuzChJIcThmymIrCdph\/view\" tabindex=\"1\" data-target=\"_blank\" class=\"linkarea clearfix accent7  background-transparent\">\n\t\t\t<div class=\"first\"><span class='icon shortcode theme ' style='font-size:62px !important;color:#e32e33;'>&#57452;<\/span><\/div>\n\t\t\t\t<div class=\"last\"><div class=\"push\" style='height:20px'><\/div>\n<h3 style=\"text-align: center;\">Redress request<\/h3>\n<p style=\"text-align: center;\">Requirement to rectify deficiencies in the applications presented in the call for subsidies for the enrolment of children in sports activities of free time in summer 2020 (Consell de Mallorca)<\/p>\n<p style=\"text-align: center;\"><div class=\"push\" style='height:10px'><\/div><\/div>\n\t<\/div><\/div>\n<div class=\"wpv-grid grid-1-2  unextended\" style=\"padding-top:0px;padding-bottom:0px\" id=\"wpv-column-9ce978f2574d3e24ee61b4057a1677c0\" >\n<div  data-href=\"https:\/\/drive.google.com\/file\/d\/1c4ESUJ4F055hkEaLCrw1d02r8TCl5icl\/view\" tabindex=\"1\" data-target=\"_blank\" class=\"linkarea clearfix accent7  background-transparent\">\n\t\t\t<div class=\"first\"><span class='icon shortcode theme ' style='font-size:62px !important;color:#e32e33;'>&#57474;<\/span><\/div>\n\t\t\t\t<div class=\"last\"><div class=\"push\" style='height:20px'><\/div>\n<h3 style=\"text-align: center;\">Sports facilities programme 2020<\/h3>\n<p style=\"text-align: center;\">Programme of sports facilities, season tickets, prices and activities<\/p>\n<p style=\"text-align: center;\"><div class=\"push\" style='height:10px'><\/div><\/div>\n\t<\/div><\/div><\/div>\n<div class=\"row \"><div class=\"wpv-grid grid-1-2  first unextended\" style=\"padding-top:0px;padding-bottom:0px\" id=\"wpv-column-6582e9f41a22a700824f0917c7975fc1\" >\n<div  data-href=\"https:\/\/drive.google.com\/file\/d\/1doAIG3Tz7LnWi59mHx6kHFFd2bWc5gol\/view\" tabindex=\"1\" data-target=\"_blank\" class=\"linkarea clearfix accent7  background-transparent\">\n\t\t\t<div class=\"first\"><span class='icon shortcode theme ' style='font-size:62px !important;color:#e32e33;'>&#57500;<\/span><\/div>\n\t\t\t\t<div class=\"last\"><div class=\"push\" style='height:20px'><\/div>\n<h3 style=\"text-align: center;\">Definitive list of individual sportsmen and sportswomen subsidies for the year 2019<\/h3>\n<p style=\"text-align: center;\">Call for applications for Calvi\u00e0 2020 sports grants<\/p>\n<p style=\"text-align: center;\"><div class=\"push\" style='height:10px'><\/div><\/div>\n\t<\/div><\/div>\n<div class=\"wpv-grid grid-1-2  unextended\" style=\"padding-top:0px;padding-bottom:0px\" id=\"wpv-column-f38050f16fa90f683fab0c7aef4f3e2d\" >\n<div  data-href=\"https:\/\/drive.google.com\/file\/d\/1RTdqKwlKIvIK88fUm83bR4ppkqNG2TM-\/view?usp=sharing\" tabindex=\"1\" data-target=\"_blank\" class=\"linkarea clearfix accent7  background-transparent\">\n\t\t\t<div class=\"first\"><span class='icon shortcode  ' style='font-size:62px !important;color:#e32e33;'>&#57431;<\/span><\/div>\n\t\t\t\t<div class=\"last\"><div class=\"push\" style='height:20px'><\/div>\n<h3 style=\"text-align: center;\">Fitness room authorisation for minors<\/h3>\n<p style=\"text-align: center;\">Authorisation for minors (14 to 17 years old) to enter the fitness room<\/p>\n<p style=\"text-align: center;\"><div class=\"push\" style='height:10px'><\/div><\/div>\n\t<\/div><\/div><\/div>\n<div class=\"row \"><div class=\"wpv-grid grid-1-2  first unextended\" style=\"padding-top:0px;padding-bottom:0px\" id=\"wpv-column-9390096e3f5cdf9c4b9816141a4c38bf\" >\n<div  data-href=\"https:\/\/drive.google.com\/file\/d\/0B6vIei_ryIwmTjVMYldCNjZNLWM\/view\" tabindex=\"1\" data-target=\"_blank\" class=\"linkarea clearfix accent7  background-transparent\">\n\t\t\t<div class=\"first\"><span class='icon shortcode  ' style='font-size:62px !important;color:#e32e33;'>&#57710;<\/span><\/div>\n\t\t\t\t<div class=\"last\"><div class=\"push\" style='height:20px'><\/div>\n<h3 style=\"text-align: center;\">Regulations for the use of Calvi\u00e0 sports facilities<\/h3>\n<p style=\"text-align: center;\">Rules for the use of the sports facilities of the municipality of Calvi\u00e0<\/p>\n<p style=\"text-align: center;\"><div class=\"push\" style='height:10px'><\/div><\/div>\n\t<\/div><\/div>\n<div class=\"wpv-grid grid-1-2  unextended\" style=\"padding-top:0px;padding-bottom:0px\" id=\"wpv-column-1e0f94b5e366b45014884e584ac4138e\" >\n<div  data-href=\"https:\/\/drive.google.com\/file\/d\/1w-XSJt4gQbQXz5VvH0khOZk7OmVYzz_S\/view\" tabindex=\"1\" data-target=\"_blank\" class=\"linkarea clearfix accent7  background-transparent\">\n\t\t\t<div class=\"first\"><span class='icon shortcode  ' style='font-size:62px !important;color:#e32e33;'>&#57530;<\/span><\/div>\n\t\t\t\t<div class=\"last\"><div class=\"push\" style='height:20px'><\/div>\n<h3 style=\"text-align: center;\">Sporting events in Calvi\u00e0 2020<\/h3>\n<p style=\"text-align: center;\">Calvi\u00e0 Town Council as a member of the Cooperation Commission for non-permanent minor activities&#8230;<\/p>\n<p style=\"text-align: center;\"><div class=\"push\" style='height:10px'><\/div><\/div>\n\t<\/div><\/div><\/div><\/div><div class=\"pane\" id=\"tab-1-3-2019\"><div class=\"row \"><div class=\"wpv-grid grid-1-2  first unextended\" style=\"padding-top:0px;padding-bottom:0px\" id=\"wpv-column-7ce42a4a378f065ce4623ada225b58de\" >\n<div  data-href=\"https:\/\/drive.google.com\/file\/d\/1doAIG3Tz7LnWi59mHx6kHFFd2bWc5gol\/view\" tabindex=\"1\" data-target=\"_blank\" class=\"linkarea clearfix accent7  background-transparent\">\n\t\t\t<div class=\"first\"><span class='icon shortcode theme ' style='font-size:62px !important;color:#e32e33;'>&#57500;<\/span><\/div>\n\t\t\t\t<div class=\"last\"><div class=\"push\" style='height:20px'><\/div>\n<h3 style=\"text-align: center;\">Definitive list of individual sportsmen and sportswomen subsidies for the year 2019<\/h3>\n<p style=\"text-align: center;\">Definitive list of individual sportsmen and sportswomen subsidies for the year 2019<\/p>\n<p style=\"text-align: center;\"><div class=\"push\" style='height:10px'><\/div><\/div>\n\t<\/div><\/div>\n<div class=\"wpv-grid grid-1-2  unextended\" style=\"padding-top:0px;padding-bottom:0px\" id=\"wpv-column-a865f1e517d825bb32076d101b60efaf\" >\n<div  data-href=\"https:\/\/drive.google.com\/file\/d\/1tQp_zytuEIgMJXDUOjTZW2BoyBE6iMlZ\/view\" tabindex=\"1\" data-target=\"_blank\" class=\"linkarea clearfix accent7  background-transparent\">\n\t\t\t<div class=\"first\"><span class='icon shortcode theme ' style='font-size:62px !important;color:#e32e33;'>&#57452;<\/span><\/div>\n\t\t\t\t<div class=\"last\"><div class=\"push\" style='height:20px'><\/div>\n<h3 style=\"text-align: center;\">Bases and subsidies for individual sportsmen and women of Calvi\u00e0 2019<\/h3>\n<p style=\"text-align: center;\">Bases that regulate the call for grants to individual sportsmen and women of the municipality of Calvi\u00e0 for the year 2019<\/p>\n<p style=\"text-align: center;\"><div class=\"push\" style='height:10px'><\/div><\/div>\n\t<\/div><\/div><\/div>\n<div class=\"row \"><div class=\"wpv-grid grid-1-2  first unextended\" style=\"padding-top:0px;padding-bottom:0px\" id=\"wpv-column-c7238ddd3db176062bdd81f023d0ef0a\" >\n<div  data-href=\"https:\/\/drive.google.com\/file\/d\/19vjF8ys-qGvwMs1aWmzvJibx6ItYt_c4\/view\" tabindex=\"1\" data-target=\"_blank\" class=\"linkarea clearfix accent7  background-transparent\">\n\t\t\t<div class=\"first\"><span class='icon shortcode theme ' style='font-size:62px !important;color:#e32e33;'>&#57500;<\/span><\/div>\n\t\t\t\t<div class=\"last\"><div class=\"push\" style='height:20px'><\/div>\n<h3 style=\"text-align: center;\">Provisional list of individual sports grants 2019<\/h3>\n<p style=\"text-align: center;\">Provisional list of individual sports grants 2019<\/p>\n<p style=\"text-align: center;\"><div class=\"push\" style='height:10px'><\/div><\/div>\n\t<\/div><\/div>\n<div class=\"wpv-grid grid-1-2  unextended\" style=\"padding-top:0px;padding-bottom:0px\" id=\"wpv-column-08e38d826407ca690727a7e6c9d3444d\" >\n<div  data-href=\"https:\/\/drive.google.com\/file\/d\/1qiVsrsgfrRiSHKvNOPaLNA5vo47onCA9\/view\" tabindex=\"1\" data-target=\"_blank\" class=\"linkarea clearfix accent7  background-transparent\">\n\t\t\t<div class=\"first\"><span class='icon shortcode  ' style='font-size:62px !important;color:#e32e33;'>&#57530;<\/span><\/div>\n\t\t\t\t<div class=\"last\"><div class=\"push\" style='height:20px'><\/div>\n<h3 style=\"text-align: center;\">Timetable Calvi\u00e0 sports facilities on public holidays Christmas 19-20<\/h3>\n<p style=\"text-align: center;\">Timetable of the municipal sports facilities of Calvi\u00e0, during the holidays of December and January &#8211; Christmas 19-20<\/p>\n<p style=\"text-align: center;\"><div class=\"push\" style='height:10px'><\/div><\/div>\n\t<\/div><\/div><\/div>\n<div class=\"row \"><div class=\"wpv-grid grid-1-2  first unextended\" style=\"padding-top:0px;padding-bottom:0px\" id=\"wpv-column-3429d7696568180dfef8b8b8ce47ab76\" >\n<div  data-href=\"https:\/\/drive.google.com\/file\/d\/1ze6BfFDvI8Hs-hCjwLno4FH0jJKjklZm\/view\" tabindex=\"1\" data-target=\"_blank\" class=\"linkarea clearfix accent7  background-transparent\">\n\t\t\t<div class=\"first\"><span class='icon shortcode theme ' style='font-size:62px !important;color:#e32e33;'>&#57474;<\/span><\/div>\n\t\t\t\t<div class=\"last\"><div class=\"push\" style='height:20px'><\/div>\n<h3 style=\"text-align: center;\">Sports facilities programme 2019<\/h3>\n<p style=\"text-align: center;\">Sports facilities, season tickets, prices and activities<\/p>\n<p style=\"text-align: center;\"><div class=\"push\" style='height:10px'><\/div><\/div>\n\t<\/div><\/div><\/div><\/div><\/div><style>#tabs-1.vertical,#tabs-1.vertical:before{background:#fff;}#tabs-1.vertical .ui-tabs-nav:before{background:#e8e8e8;}#tabs-1.vertical .pane:before{background:#e8e8e8;}#tabs-1 .ui-tabs-nav,#tabs-1 .ui-tabs-nav li{background:#e8e8e8;}#tabs-1 .ui-tabs-nav li,#tabs-1 .ui-tabs-nav li a,#tabs-1 .ui-tabs-nav li a .icon{color:#262529;}#tabs-1 .ui-tabs-nav .ui-state-active,#tabs-1 .ui-tabs-nav .ui-state-selected,#tabs-1 .ui-tabs-nav .ui-state-hover{background:#fff;}#tabs-1 .ui-tabs-nav .ui-state-active,#tabs-1 .ui-tabs-nav .ui-state-active a,#tabs-1 .ui-tabs-nav .ui-state-active a .icon,#tabs-1 .ui-tabs-nav .ui-state-selected,#tabs-1 .ui-tabs-nav .ui-state-selected a,#tabs-1 .ui-tabs-nav .ui-state-selected a .icon,#tabs-1 .ui-tabs-nav .ui-state-hover,#tabs-1 .ui-tabs-nav .ui-state-hover a,#tabs-1 .ui-tabs-nav .ui-state-hover a .icon{color:#808080;}#tabs-1 .ui-tabs-nav .inactive-block-title h1,#tabs-1 .ui-tabs-nav .inactive-block-title h2,#tabs-1 .ui-tabs-nav .inactive-block-title h3,#tabs-1 .ui-tabs-nav .inactive-block-title h4,#tabs-1 .ui-tabs-nav .inactive-block-title h5,#tabs-1 .ui-tabs-nav .inactive-block-title h6{color:#262529;}<\/style><\/div><\/div>\n","protected":false},"excerpt":{"rendered":"","protected":false},"author":75162113,"featured_media":13431,"parent":0,"menu_order":0,"comment_status":"closed","ping_status":"closed","template":"","meta":{"_coblocks_attr":"","_coblocks_dimensions":"","_coblocks_responsive_height":"","_coblocks_accordion_ie_support":"","_crdt_document":"","footnotes":""},"class_list":["post-15694","page","type-page","status-publish","has-post-thumbnail","hentry"],"yoast_head":"<!-- This site is optimized with the Yoast SEO plugin v27.5 - https:\/\/yoast.com\/product\/yoast-seo-wordpress\/ -->\n<title>Documents - Calvi\u00e0 sports<\/title>\n<meta name=\"robots\" content=\"index, follow, max-snippet:-1, max-image-preview:large, max-video-preview:-1\" \/>\n<link rel=\"canonical\" href=\"https:\/\/calviadeportes.com\/en\/documents\/\" \/>\n<meta property=\"og:locale\" content=\"en_US\" \/>\n<meta property=\"og:type\" content=\"article\" \/>\n<meta property=\"og:title\" content=\"Documents - Calvi\u00e0 sports\" \/>\n<meta property=\"og:url\" content=\"https:\/\/calviadeportes.com\/en\/documents\/\" \/>\n<meta property=\"og:site_name\" content=\"Calvi\u00e0 sports\" \/>\n<meta property=\"article:modified_time\" content=\"2022-06-06T06:25:36+00:00\" \/>\n<meta property=\"og:image\" content=\"https:\/\/calviadeportes.com\/wp-content\/uploads\/2021\/01\/Calvia-deportes-img-destacada.png\" \/>\n\t<meta property=\"og:image:width\" content=\"772\" \/>\n\t<meta property=\"og:image:height\" content=\"784\" \/>\n\t<meta property=\"og:image:type\" content=\"image\/png\" \/>\n<meta name=\"twitter:card\" content=\"summary_large_image\" \/>\n<meta name=\"twitter:label1\" content=\"Est. reading time\" \/>\n\t<meta name=\"twitter:data1\" content=\"3 minutes\" \/>\n<script type=\"application\/ld+json\" class=\"yoast-schema-graph\">{\"@context\":\"https:\\\/\\\/schema.org\",\"@graph\":[{\"@type\":\"WebPage\",\"@id\":\"https:\\\/\\\/calviadeportes.com\\\/en\\\/documents\\\/\",\"url\":\"https:\\\/\\\/calviadeportes.com\\\/en\\\/documents\\\/\",\"name\":\"Documents - Calvi\u00e0 sports\",\"isPartOf\":{\"@id\":\"https:\\\/\\\/calviadeportes.com\\\/en\\\/#website\"},\"primaryImageOfPage\":{\"@id\":\"https:\\\/\\\/calviadeportes.com\\\/en\\\/documents\\\/#primaryimage\"},\"image\":{\"@id\":\"https:\\\/\\\/calviadeportes.com\\\/en\\\/documents\\\/#primaryimage\"},\"thumbnailUrl\":\"https:\\\/\\\/i0.wp.com\\\/calviadeportes.com\\\/wp-content\\\/uploads\\\/2021\\\/01\\\/Calvia-deportes-img-destacada.png?fit=772%2C784&ssl=1\",\"datePublished\":\"2021-01-22T15:29:53+00:00\",\"dateModified\":\"2022-06-06T06:25:36+00:00\",\"breadcrumb\":{\"@id\":\"https:\\\/\\\/calviadeportes.com\\\/en\\\/documents\\\/#breadcrumb\"},\"inLanguage\":\"en-US\",\"potentialAction\":[{\"@type\":\"ReadAction\",\"target\":[\"https:\\\/\\\/calviadeportes.com\\\/en\\\/documents\\\/\"]}]},{\"@type\":\"ImageObject\",\"inLanguage\":\"en-US\",\"@id\":\"https:\\\/\\\/calviadeportes.com\\\/en\\\/documents\\\/#primaryimage\",\"url\":\"https:\\\/\\\/i0.wp.com\\\/calviadeportes.com\\\/wp-content\\\/uploads\\\/2021\\\/01\\\/Calvia-deportes-img-destacada.png?fit=772%2C784&ssl=1\",\"contentUrl\":\"https:\\\/\\\/i0.wp.com\\\/calviadeportes.com\\\/wp-content\\\/uploads\\\/2021\\\/01\\\/Calvia-deportes-img-destacada.png?fit=772%2C784&ssl=1\",\"width\":772,\"height\":784,\"caption\":\"Cita previa instalaciones deportivas de Calvi\u00e0 - ICE\"},{\"@type\":\"BreadcrumbList\",\"@id\":\"https:\\\/\\\/calviadeportes.com\\\/en\\\/documents\\\/#breadcrumb\",\"itemListElement\":[{\"@type\":\"ListItem\",\"position\":1,\"name\":\"Portada\",\"item\":\"https:\\\/\\\/calviadeportes.com\\\/en\\\/\"},{\"@type\":\"ListItem\",\"position\":2,\"name\":\"Documents\"}]},{\"@type\":\"WebSite\",\"@id\":\"https:\\\/\\\/calviadeportes.com\\\/en\\\/#website\",\"url\":\"https:\\\/\\\/calviadeportes.com\\\/en\\\/\",\"name\":\"Calvi\u00e0 sports\",\"description\":\"ICE Calvi\u00e0 | Ayuntamiento de Calvi\u00e0\",\"potentialAction\":[{\"@type\":\"SearchAction\",\"target\":{\"@type\":\"EntryPoint\",\"urlTemplate\":\"https:\\\/\\\/calviadeportes.com\\\/en\\\/?s={search_term_string}\"},\"query-input\":{\"@type\":\"PropertyValueSpecification\",\"valueRequired\":true,\"valueName\":\"search_term_string\"}}],\"inLanguage\":\"en-US\"}]}<\/script>\n<!-- \/ Yoast SEO plugin. -->","yoast_head_json":{"title":"Documents - Calvi\u00e0 sports","robots":{"index":"index","follow":"follow","max-snippet":"max-snippet:-1","max-image-preview":"max-image-preview:large","max-video-preview":"max-video-preview:-1"},"canonical":"https:\/\/calviadeportes.com\/en\/documents\/","og_locale":"en_US","og_type":"article","og_title":"Documents - Calvi\u00e0 sports","og_url":"https:\/\/calviadeportes.com\/en\/documents\/","og_site_name":"Calvi\u00e0 sports","article_modified_time":"2022-06-06T06:25:36+00:00","og_image":[{"width":772,"height":784,"url":"https:\/\/calviadeportes.com\/wp-content\/uploads\/2021\/01\/Calvia-deportes-img-destacada.png","type":"image\/png"}],"twitter_card":"summary_large_image","twitter_misc":{"Est. reading time":"3 minutes"},"schema":{"@context":"https:\/\/schema.org","@graph":[{"@type":"WebPage","@id":"https:\/\/calviadeportes.com\/en\/documents\/","url":"https:\/\/calviadeportes.com\/en\/documents\/","name":"Documents - Calvi\u00e0 sports","isPartOf":{"@id":"https:\/\/calviadeportes.com\/en\/#website"},"primaryImageOfPage":{"@id":"https:\/\/calviadeportes.com\/en\/documents\/#primaryimage"},"image":{"@id":"https:\/\/calviadeportes.com\/en\/documents\/#primaryimage"},"thumbnailUrl":"https:\/\/i0.wp.com\/calviadeportes.com\/wp-content\/uploads\/2021\/01\/Calvia-deportes-img-destacada.png?fit=772%2C784&ssl=1","datePublished":"2021-01-22T15:29:53+00:00","dateModified":"2022-06-06T06:25:36+00:00","breadcrumb":{"@id":"https:\/\/calviadeportes.com\/en\/documents\/#breadcrumb"},"inLanguage":"en-US","potentialAction":[{"@type":"ReadAction","target":["https:\/\/calviadeportes.com\/en\/documents\/"]}]},{"@type":"ImageObject","inLanguage":"en-US","@id":"https:\/\/calviadeportes.com\/en\/documents\/#primaryimage","url":"https:\/\/i0.wp.com\/calviadeportes.com\/wp-content\/uploads\/2021\/01\/Calvia-deportes-img-destacada.png?fit=772%2C784&ssl=1","contentUrl":"https:\/\/i0.wp.com\/calviadeportes.com\/wp-content\/uploads\/2021\/01\/Calvia-deportes-img-destacada.png?fit=772%2C784&ssl=1","width":772,"height":784,"caption":"Cita previa instalaciones deportivas de Calvi\u00e0 - ICE"},{"@type":"BreadcrumbList","@id":"https:\/\/calviadeportes.com\/en\/documents\/#breadcrumb","itemListElement":[{"@type":"ListItem","position":1,"name":"Portada","item":"https:\/\/calviadeportes.com\/en\/"},{"@type":"ListItem","position":2,"name":"Documents"}]},{"@type":"WebSite","@id":"https:\/\/calviadeportes.com\/en\/#website","url":"https:\/\/calviadeportes.com\/en\/","name":"Calvi\u00e0 sports","description":"ICE Calvi\u00e0 | Ayuntamiento de Calvi\u00e0","potentialAction":[{"@type":"SearchAction","target":{"@type":"EntryPoint","urlTemplate":"https:\/\/calviadeportes.com\/en\/?s={search_term_string}"},"query-input":{"@type":"PropertyValueSpecification","valueRequired":true,"valueName":"search_term_string"}}],"inLanguage":"en-US"}]}},"jetpack_likes_enabled":false,"jetpack_sharing_enabled":false,"jetpack_shortlink":"https:\/\/wp.me\/PckSre-458","_links":{"self":[{"href":"https:\/\/calviadeportes.com\/en\/wp-json\/wp\/v2\/pages\/15694","targetHints":{"allow":["GET"]}}],"collection":[{"href":"https:\/\/calviadeportes.com\/en\/wp-json\/wp\/v2\/pages"}],"about":[{"href":"https:\/\/calviadeportes.com\/en\/wp-json\/wp\/v2\/types\/page"}],"author":[{"embeddable":true,"href":"https:\/\/calviadeportes.com\/en\/wp-json\/wp\/v2\/users\/75162113"}],"replies":[{"embeddable":true,"href":"https:\/\/calviadeportes.com\/en\/wp-json\/wp\/v2\/comments?post=15694"}],"version-history":[{"count":8,"href":"https:\/\/calviadeportes.com\/en\/wp-json\/wp\/v2\/pages\/15694\/revisions"}],"predecessor-version":[{"id":21329,"href":"https:\/\/calviadeportes.com\/en\/wp-json\/wp\/v2\/pages\/15694\/revisions\/21329"}],"wp:featuredmedia":[{"embeddable":true,"href":"https:\/\/calviadeportes.com\/en\/wp-json\/wp\/v2\/media\/13431"}],"wp:attachment":[{"href":"https:\/\/calviadeportes.com\/en\/wp-json\/wp\/v2\/media?parent=15694"}],"curies":[{"name":"wp","href":"https:\/\/api.w.org\/{rel}","templated":true}]}}