{"id":15687,"date":"2021-01-22T16:26:15","date_gmt":"2021-01-22T15:26:15","guid":{"rendered":"https:\/\/calviadeportes.com\/covid-19\/"},"modified":"2021-06-30T08:14:58","modified_gmt":"2021-06-30T06:14:58","slug":"covid-19","status":"publish","type":"page","link":"https:\/\/calviadeportes.com\/en\/covid-19\/","title":{"rendered":"Covid-19"},"content":{"rendered":"<div class=\"row \"><div class=\"wpv-grid grid-1-4  wpv-first-level first unextended\" style=\"padding-top:0px;padding-bottom:0px\" id=\"wpv-column-5035f88e2cfa653961270e31bbfbb1e7\" ><h4>INFORMATION ABOUT COVID-19<\/h4><\/div>\n<div class=\"wpv-grid grid-1-4  wpv-first-level unextended\" style=\"padding-top:0px;padding-bottom:0px\" id=\"wpv-column-49a9c81c8accb810fbaf78d71bccc3e1\" >\n<div  data-href=\"#\" tabindex=\"1\" data-target=\"_blank\" class=\"linkarea clearfix accent7  background-transparent\">\n\t\t\t<div class=\"first\"><span class='icon shortcode  ' style='font-size:62px !important;color:#e32e33;'>&#57531;<\/span><\/div>\n\t\t\t\t<div class=\"last\"><div class=\"push\" style='height:20px'><\/div>\n<h3 style=\"text-align: center;\">Prior appointment<\/h3>\n<p style=\"text-align: center;\">It is necessary to make an appointment in advance to use the sports centres or to carry out procedures there.<\/p>\n<p style=\"text-align: center;\"><div class=\"push\" style='height:10px'><\/div><\/div>\n\t<\/div><\/div>\n<div class=\"wpv-grid grid-1-4  wpv-first-level unextended\" style=\"padding-top:0px;padding-bottom:0px\" id=\"wpv-column-0122c3b0aa4787a796937626c6c2ab5d\" >\n<div  data-href=\"https:\/\/calviadeportes.com\/documentos-y-faqs-covid-19\/\" tabindex=\"1\" data-target=\"_blank\" class=\"linkarea clearfix accent3  background-transparent\">\n\t\t\t<div class=\"first\"><span class='icon shortcode  ' style='font-size:62px !important;color:#e32e33;'>&#57927;<\/span><\/div>\n\t\t\t\t<div class=\"last\"><div class=\"push\" style='height:20px'><\/div>\n<h3 style=\"text-align: center;\">Documents &amp; FAQS Covid-19<\/h3>\n<p style=\"text-align: center;\">This section is updated with the latest news, regulations, etc. about COVID-19 that affect sport in Calvi\u00e0.<\/p>\n<p style=\"text-align: center;\"><div class=\"push\" style='height:10px'><\/div><\/div>\n\t<\/div><\/div>\n<div class=\"wpv-grid grid-1-4  wpv-first-level unextended\" style=\"padding-top:0px;padding-bottom:0px\" id=\"wpv-column-906458908f827559be6ba7d51350b21b\" >\n<div  data-href=\"https:\/\/calviadeportes.com\/entrenamientos-y-actividad-fisica\/\" tabindex=\"1\" data-target=\"_blank\" class=\"linkarea clearfix accent3  background-transparent\">\n\t\t\t<div class=\"first\"><span class='icon shortcode  ' style='font-size:62px !important;color:#e32e33;'>&#58179;<\/span><\/div>\n\t\t\t\t<div class=\"last\"><div class=\"push\" style='height:20px'><\/div>\n<h3 style=\"text-align: center;\">Training and phisical activities<\/h3>\n<p style=\"text-align: center;\">Resources for staying fit<\/p>\n<p style=\"text-align: center;\"><div class=\"push\" style='height:10px'><\/div><\/div>\n\t<\/div><\/div><\/div>\n<div class=\"row \"><div class=\"wpv-grid grid-1-4  wpv-first-level first unextended\" style=\"padding-top:0px;padding-bottom:0px\" id=\"wpv-column-cdb3491fa2edaa44136cea6b89d069d2\" >\n<div  data-href=\"https:\/\/calviadeportes.com\/recomendaciones-covid-19\/\" tabindex=\"1\" data-target=\"_blank\" class=\"linkarea clearfix accent7  background-transparent\">\n\t\t\t<div class=\"first\"><span class='icon shortcode theme ' style='font-size:62px !important;color:#e32e33;'>&#57473;<\/span><\/div>\n\t\t\t\t<div class=\"last\"><div class=\"push\" style='height:20px'><\/div>\n<h3 style=\"text-align: center;\">Covid-19 recommendations<\/h3>\n<p style=\"text-align: center;\">Minimize the risk of contracting COVID-19 during physical activity<\/p>\n<p style=\"text-align: center;\"><div class=\"push\" style='height:10px'><\/div><\/div>\n\t<\/div><\/div>\n<div class=\"wpv-grid grid-1-4  wpv-first-level unextended\" style=\"padding-top:0px;padding-bottom:0px\" id=\"wpv-column-a7136f5df3614f8d8114b4e0813ad6ea\" >\n<div  data-href=\"https:\/\/calviadeportes.com\/instalaciones-deportivas-abiertas-covid-19\/\" tabindex=\"1\" data-target=\"_blank\" class=\"linkarea clearfix accent3  background-transparent\">\n\t\t\t<div class=\"first\"><span class='icon shortcode  ' style='font-size:62px !important;color:#e32e33;'>&#57431;<\/span><\/div>\n\t\t\t\t<div class=\"last\"><div class=\"push\" style='height:20px'><\/div>\n<h3 style=\"text-align: center;\">Open sports centres (COVID-19)<\/h3>\n<p style=\"text-align: center;\">Access protocols for sports centres in Calvi\u00e0<\/p>\n<p style=\"text-align: center;\"><div class=\"push\" style='height:10px'><\/div><\/div>\n\t<\/div><\/div>\n<div class=\"wpv-grid grid-1-4  wpv-first-level unextended\" style=\"padding-top:0px;padding-bottom:0px\" id=\"wpv-column-9c086d12220d18894dcd8f7408ff1f1f\" >\n<div  data-href=\"https:\/\/calviadeportes.com\/ninos\/\" tabindex=\"1\" data-target=\"_blank\" class=\"linkarea clearfix accent7  background-transparent\">\n\t\t\t<div class=\"first\"><span class='icon shortcode  ' style='font-size:62px !important;color:#e32e33;'>&#57902;<\/span><\/div>\n\t\t\t\t<div class=\"last\"><div class=\"push\" style='height:20px'><\/div>\n<h3 style=\"text-align: center;\">CHILDREN<\/h3>\n<p style=\"text-align: center;\">Physical activities and other contents for childre to do at home<\/p>\n<p style=\"text-align: center;\"><div class=\"push\" style='height:10px'><\/div><\/div>\n\t<\/div><\/div><\/div>\n<div class=\"row \"><div class=\"wpv-grid grid-1-1  wpv-first-level first unextended\" style=\"padding-top:0px;padding-bottom:0px\" id=\"wpv-column-cb3de548c93ce3f88605481fa13f691a\" ><div class=\"push\" style='height:30px'><\/div>\n<div class=\"row \"><div class=\"wpv-grid grid-1-1  first has-background extended\" style=\"\n\t\t\t\tbackground: url( 'https:\/\/calviadeportes.com\/wp-content\/uploads\/2020\/10\/tra\u0301mites-online-web-1.jpg' ) no-repeat center bottom;\n\t\t\t\tbackground-size: auto;\n\t\t\tbackground-attachment: fixed;background-color:#3b3f44;padding-top:140px;padding-bottom:140px\" id=\"wpv-column-c693cda514f80c3fae4456b4549fd47f\" ><div class=\"extended-column-inner\"><style>#wpv-column-c693cda514f80c3fae4456b4549fd47f p,#wpv-column-c693cda514f80c3fae4456b4549fd47f em,#wpv-column-c693cda514f80c3fae4456b4549fd47f .column-title,#wpv-column-c693cda514f80c3fae4456b4549fd47f .sep-text h2.regular-title-wrapper,#wpv-column-c693cda514f80c3fae4456b4549fd47f .text-divider-double,#wpv-column-c693cda514f80c3fae4456b4549fd47f .sep-text .sep-text-line,#wpv-column-c693cda514f80c3fae4456b4549fd47f .sep,#wpv-column-c693cda514f80c3fae4456b4549fd47f .sep-2,#wpv-column-c693cda514f80c3fae4456b4549fd47f .sep-3,#wpv-column-c693cda514f80c3fae4456b4549fd47f td,#wpv-column-c693cda514f80c3fae4456b4549fd47f th,#wpv-column-c693cda514f80c3fae4456b4549fd47f caption{color:#babec4;}#wpv-column-c693cda514f80c3fae4456b4549fd47f:before{background-color:transparent;}<\/style><div class=\"row \"><div class=\"wpv-grid grid-1-1  first unextended animation-from-bottom animated-active\" style=\"padding-top:0px;padding-bottom:0px\" id=\"wpv-column-a632b1e6f9c15060f98282b70cd56f0b\" ><h2 class=\"w-white\" style=\"text-align: center;\">Aqu\u00ed podr\u00e1s acceder a todos los tr\u00e1mites online<div class=\"push\" style='height:20px'><\/div> <a href=\"https:\/\/calviadeportes.com\/tramites\/\" target=\"_blank\" style='font-size: 14px;' class=\"button vamtam-button accent1  button-filled hover-accent2 \"><span class=\"btext\">TR\u00c1MITES ONLINE<\/span><\/a><\/h2><\/div><\/div><\/div><\/div><\/div><\/div><\/div>\n","protected":false},"excerpt":{"rendered":"<p>INFORMATION ABOUT COVID-19 Aqu\u00ed podr\u00e1s acceder a todos los tr\u00e1mites online<\/p>\n","protected":false},"author":75162113,"featured_media":13431,"parent":0,"menu_order":0,"comment_status":"closed","ping_status":"closed","template":"","meta":{"_coblocks_attr":"","_coblocks_dimensions":"","_coblocks_responsive_height":"","_coblocks_accordion_ie_support":"","_crdt_document":"","jetpack_post_was_ever_published":false,"footnotes":""},"class_list":["post-15687","page","type-page","status-publish","has-post-thumbnail","hentry"],"yoast_head":"<!-- This site is optimized with the Yoast SEO plugin v27.3 - https:\/\/yoast.com\/product\/yoast-seo-wordpress\/ -->\n<title>Covid-19 - Calvi\u00e0 sports<\/title>\n<meta name=\"robots\" content=\"index, follow, max-snippet:-1, max-image-preview:large, max-video-preview:-1\" \/>\n<link rel=\"canonical\" href=\"https:\/\/calviadeportes.com\/en\/covid-19\/\" \/>\n<meta property=\"og:locale\" content=\"en_US\" \/>\n<meta property=\"og:type\" content=\"article\" \/>\n<meta property=\"og:title\" content=\"Covid-19 - Calvi\u00e0 sports\" \/>\n<meta property=\"og:description\" content=\"INFORMATION ABOUT COVID-19 Aqu\u00ed podr\u00e1s acceder a todos los tr\u00e1mites online\" \/>\n<meta property=\"og:url\" content=\"https:\/\/calviadeportes.com\/en\/covid-19\/\" \/>\n<meta property=\"og:site_name\" content=\"Calvi\u00e0 sports\" \/>\n<meta property=\"article:modified_time\" content=\"2021-06-30T06:14:58+00:00\" \/>\n<meta property=\"og:image\" content=\"https:\/\/i1.wp.com\/calviadeportes.com\/wp-content\/uploads\/2021\/01\/Calvia-deportes-img-destacada.png?fit=772%2C784&ssl=1\" \/>\n\t<meta property=\"og:image:width\" content=\"772\" \/>\n\t<meta property=\"og:image:height\" content=\"784\" \/>\n\t<meta property=\"og:image:type\" content=\"image\/png\" \/>\n<meta name=\"twitter:card\" content=\"summary_large_image\" \/>\n<meta name=\"twitter:label1\" content=\"Est. reading time\" \/>\n\t<meta name=\"twitter:data1\" content=\"3 minutes\" \/>\n<script type=\"application\/ld+json\" class=\"yoast-schema-graph\">{\"@context\":\"https:\\\/\\\/schema.org\",\"@graph\":[{\"@type\":\"WebPage\",\"@id\":\"https:\\\/\\\/calviadeportes.com\\\/en\\\/covid-19\\\/\",\"url\":\"https:\\\/\\\/calviadeportes.com\\\/en\\\/covid-19\\\/\",\"name\":\"Covid-19 - Calvi\u00e0 sports\",\"isPartOf\":{\"@id\":\"https:\\\/\\\/calviadeportes.com\\\/en\\\/#website\"},\"primaryImageOfPage\":{\"@id\":\"https:\\\/\\\/calviadeportes.com\\\/en\\\/covid-19\\\/#primaryimage\"},\"image\":{\"@id\":\"https:\\\/\\\/calviadeportes.com\\\/en\\\/covid-19\\\/#primaryimage\"},\"thumbnailUrl\":\"https:\\\/\\\/i0.wp.com\\\/calviadeportes.com\\\/wp-content\\\/uploads\\\/2021\\\/01\\\/Calvia-deportes-img-destacada.png?fit=772%2C784&ssl=1\",\"datePublished\":\"2021-01-22T15:26:15+00:00\",\"dateModified\":\"2021-06-30T06:14:58+00:00\",\"breadcrumb\":{\"@id\":\"https:\\\/\\\/calviadeportes.com\\\/en\\\/covid-19\\\/#breadcrumb\"},\"inLanguage\":\"en-US\",\"potentialAction\":[{\"@type\":\"ReadAction\",\"target\":[\"https:\\\/\\\/calviadeportes.com\\\/en\\\/covid-19\\\/\"]}]},{\"@type\":\"ImageObject\",\"inLanguage\":\"en-US\",\"@id\":\"https:\\\/\\\/calviadeportes.com\\\/en\\\/covid-19\\\/#primaryimage\",\"url\":\"https:\\\/\\\/i0.wp.com\\\/calviadeportes.com\\\/wp-content\\\/uploads\\\/2021\\\/01\\\/Calvia-deportes-img-destacada.png?fit=772%2C784&ssl=1\",\"contentUrl\":\"https:\\\/\\\/i0.wp.com\\\/calviadeportes.com\\\/wp-content\\\/uploads\\\/2021\\\/01\\\/Calvia-deportes-img-destacada.png?fit=772%2C784&ssl=1\",\"width\":772,\"height\":784,\"caption\":\"Cita previa instalaciones deportivas de Calvi\u00e0 - ICE\"},{\"@type\":\"BreadcrumbList\",\"@id\":\"https:\\\/\\\/calviadeportes.com\\\/en\\\/covid-19\\\/#breadcrumb\",\"itemListElement\":[{\"@type\":\"ListItem\",\"position\":1,\"name\":\"Portada\",\"item\":\"https:\\\/\\\/calviadeportes.com\\\/en\\\/\"},{\"@type\":\"ListItem\",\"position\":2,\"name\":\"Covid-19\"}]},{\"@type\":\"WebSite\",\"@id\":\"https:\\\/\\\/calviadeportes.com\\\/en\\\/#website\",\"url\":\"https:\\\/\\\/calviadeportes.com\\\/en\\\/\",\"name\":\"Calvi\u00e0 sports\",\"description\":\"ICE Calvi\u00e0 | Ayuntamiento de Calvi\u00e0\",\"potentialAction\":[{\"@type\":\"SearchAction\",\"target\":{\"@type\":\"EntryPoint\",\"urlTemplate\":\"https:\\\/\\\/calviadeportes.com\\\/en\\\/?s={search_term_string}\"},\"query-input\":{\"@type\":\"PropertyValueSpecification\",\"valueRequired\":true,\"valueName\":\"search_term_string\"}}],\"inLanguage\":\"en-US\"}]}<\/script>\n<!-- \/ Yoast SEO plugin. -->","yoast_head_json":{"title":"Covid-19 - Calvi\u00e0 sports","robots":{"index":"index","follow":"follow","max-snippet":"max-snippet:-1","max-image-preview":"max-image-preview:large","max-video-preview":"max-video-preview:-1"},"canonical":"https:\/\/calviadeportes.com\/en\/covid-19\/","og_locale":"en_US","og_type":"article","og_title":"Covid-19 - Calvi\u00e0 sports","og_description":"INFORMATION ABOUT COVID-19 Aqu\u00ed podr\u00e1s acceder a todos los tr\u00e1mites online","og_url":"https:\/\/calviadeportes.com\/en\/covid-19\/","og_site_name":"Calvi\u00e0 sports","article_modified_time":"2021-06-30T06:14:58+00:00","og_image":[{"width":772,"height":784,"url":"https:\/\/i1.wp.com\/calviadeportes.com\/wp-content\/uploads\/2021\/01\/Calvia-deportes-img-destacada.png?fit=772%2C784&ssl=1","type":"image\/png"}],"twitter_card":"summary_large_image","twitter_misc":{"Est. reading time":"3 minutes"},"schema":{"@context":"https:\/\/schema.org","@graph":[{"@type":"WebPage","@id":"https:\/\/calviadeportes.com\/en\/covid-19\/","url":"https:\/\/calviadeportes.com\/en\/covid-19\/","name":"Covid-19 - Calvi\u00e0 sports","isPartOf":{"@id":"https:\/\/calviadeportes.com\/en\/#website"},"primaryImageOfPage":{"@id":"https:\/\/calviadeportes.com\/en\/covid-19\/#primaryimage"},"image":{"@id":"https:\/\/calviadeportes.com\/en\/covid-19\/#primaryimage"},"thumbnailUrl":"https:\/\/i0.wp.com\/calviadeportes.com\/wp-content\/uploads\/2021\/01\/Calvia-deportes-img-destacada.png?fit=772%2C784&ssl=1","datePublished":"2021-01-22T15:26:15+00:00","dateModified":"2021-06-30T06:14:58+00:00","breadcrumb":{"@id":"https:\/\/calviadeportes.com\/en\/covid-19\/#breadcrumb"},"inLanguage":"en-US","potentialAction":[{"@type":"ReadAction","target":["https:\/\/calviadeportes.com\/en\/covid-19\/"]}]},{"@type":"ImageObject","inLanguage":"en-US","@id":"https:\/\/calviadeportes.com\/en\/covid-19\/#primaryimage","url":"https:\/\/i0.wp.com\/calviadeportes.com\/wp-content\/uploads\/2021\/01\/Calvia-deportes-img-destacada.png?fit=772%2C784&ssl=1","contentUrl":"https:\/\/i0.wp.com\/calviadeportes.com\/wp-content\/uploads\/2021\/01\/Calvia-deportes-img-destacada.png?fit=772%2C784&ssl=1","width":772,"height":784,"caption":"Cita previa instalaciones deportivas de Calvi\u00e0 - ICE"},{"@type":"BreadcrumbList","@id":"https:\/\/calviadeportes.com\/en\/covid-19\/#breadcrumb","itemListElement":[{"@type":"ListItem","position":1,"name":"Portada","item":"https:\/\/calviadeportes.com\/en\/"},{"@type":"ListItem","position":2,"name":"Covid-19"}]},{"@type":"WebSite","@id":"https:\/\/calviadeportes.com\/en\/#website","url":"https:\/\/calviadeportes.com\/en\/","name":"Calvi\u00e0 sports","description":"ICE Calvi\u00e0 | Ayuntamiento de Calvi\u00e0","potentialAction":[{"@type":"SearchAction","target":{"@type":"EntryPoint","urlTemplate":"https:\/\/calviadeportes.com\/en\/?s={search_term_string}"},"query-input":{"@type":"PropertyValueSpecification","valueRequired":true,"valueName":"search_term_string"}}],"inLanguage":"en-US"}]}},"jetpack_likes_enabled":false,"jetpack_sharing_enabled":false,"jetpack_shortlink":"https:\/\/wp.me\/PckSre-451","_links":{"self":[{"href":"https:\/\/calviadeportes.com\/en\/wp-json\/wp\/v2\/pages\/15687","targetHints":{"allow":["GET"]}}],"collection":[{"href":"https:\/\/calviadeportes.com\/en\/wp-json\/wp\/v2\/pages"}],"about":[{"href":"https:\/\/calviadeportes.com\/en\/wp-json\/wp\/v2\/types\/page"}],"author":[{"embeddable":true,"href":"https:\/\/calviadeportes.com\/en\/wp-json\/wp\/v2\/users\/75162113"}],"replies":[{"embeddable":true,"href":"https:\/\/calviadeportes.com\/en\/wp-json\/wp\/v2\/comments?post=15687"}],"version-history":[{"count":7,"href":"https:\/\/calviadeportes.com\/en\/wp-json\/wp\/v2\/pages\/15687\/revisions"}],"predecessor-version":[{"id":18955,"href":"https:\/\/calviadeportes.com\/en\/wp-json\/wp\/v2\/pages\/15687\/revisions\/18955"}],"wp:featuredmedia":[{"embeddable":true,"href":"https:\/\/calviadeportes.com\/en\/wp-json\/wp\/v2\/media\/13431"}],"wp:attachment":[{"href":"https:\/\/calviadeportes.com\/en\/wp-json\/wp\/v2\/media?parent=15687"}],"curies":[{"name":"wp","href":"https:\/\/api.w.org\/{rel}","templated":true}]}}