{"id":14929,"date":"2021-01-21T10:41:16","date_gmt":"2021-01-21T09:41:16","guid":{"rendered":"https:\/\/calviadeportes.com\/santa-ponca-indoor-swimming-pool\/"},"modified":"2025-11-19T11:39:17","modified_gmt":"2025-11-19T10:39:17","slug":"santa-ponca-indoor-swimming-pool","status":"publish","type":"page","link":"https:\/\/calviadeportes.com\/en\/santa-ponca-indoor-swimming-pool\/","title":{"rendered":"Santa Pon\u00e7a Indoor Swimming Pool"},"content":{"rendered":"\t\t<h2 class=\"text-divider-double\">\t\t\t\nGeneral information\t\t<\/h2>\t\t<div class=\"sep\"><\/div>\t\n<div class=\"row \"><div class=\"wpv-grid grid-1-4  wpv-first-level first unextended\" style=\"padding-top:0px;padding-bottom:0px\" id=\"wpv-column-f9bb8b19e2a5a676e6cb4496886d7e14\" ><p style=\"text-align: center;\"><span class='icon shortcode theme ' style='font-size:32px !important;color:#e32e33;'>&#57469;<\/span>\n<p style=\"text-align: center;\"><strong>CONTACT<\/strong><br \/>\nTelephone: <a href=\"tel:971139211\">971 13 92 11<\/a><br \/>\nEmail: <a href=\"mailto:ice@calvia.com\">ice@calvia.com<\/a><\/p>\n<p style=\"text-align: center;\"><span class='icon shortcode theme ' style='font-size:32px !important;color:#e32e33;'>&#57547;<\/span>\n<p style=\"text-align: center;\"><strong>ADDRESS<\/strong><br \/>\nSanta Pon\u00e7a<br \/>\nAvda. Santa Pon\u00e7a s\/n<br \/>\n<a href=\"https:\/\/www.google.com\/maps\/d\/edit?mid=1OdhnJ6tOo_W0Q_wkj0ROfuNnXRs&#038;ll=39.539368603161094%2C2.4573273207626016&#038;z=18\" target=\"_blank\" rel=\"noopener noreferrer\">Map \u2192<\/a><\/div>\n<div class=\"wpv-grid grid-1-2  wpv-first-level unextended\" style=\"padding-top:0px;padding-bottom:0px\" id=\"wpv-column-78a6a48088901cf66a4dc5fd73ac9e09\" ><div class=\"wpv-accordion-wrapper wpv-accordion-1\"><ul class=\"wpv-accordion\" data-collapsible=\"true\"><li class=\"pane-wrapper\" style=\"\">\n\t\t\t\t\t<h4 class=\"tab\"><div class=\"inner\">WINTER OPENING HOURS <\/div><\/h4>\n\t\t\t\t\t<div class=\"pane\"><div class=\"inner\"><h5><span class='icon shortcode theme ' style='font-size:25px !important;color:#e32e33;'>&#57530;<\/span> <strong>September to June (days to be determinated) <\/strong><div class=\"push\" style='height:10px'><\/div> <\/h5>\n<ul class=\"styled-list  icon-accent2\">\n<li class=\" icon-b theme\" data-icon=\"&#57374;\">Monday to Friday 8.30 am to 10 pm<\/li>\n<li class=\" icon-b theme\" data-icon=\"&#57374;\">Saturdays from 9 am to 2 pm<\/li>\n<li class=\" icon-b theme\" data-icon=\"&#57374;\">Closed on Sundays and holidays<\/li>\n<\/ul>\n <div class=\"push\" style='height:10px'><\/div>\n<span class='icon shortcode  ' style='font-size:25px !important;color:#e32e33;'>&#57525;<\/span>The swimming pool of this facility <strong>will be closed 15 minutes before<\/strong> the established closing time of the facility.<div class=\"push\" style='height:10px'><\/div> <\/div><\/div>\n\t\t\t\t\t<\/li><li class=\"pane-wrapper\" style=\"\">\n\t\t\t\t\t<h4 class=\"tab\"><div class=\"inner\">SUMMER OPENING HOURS<\/div><\/h4>\n\t\t\t\t\t<div class=\"pane\"><div class=\"inner\"><h5><span class='icon shortcode theme ' style='font-size:25px !important;color:#e32e33;'>&#57530;<\/span> <strong>June to September (days to be determinated)<\/strong>\u00a0<div class=\"push\" style='height:10px'><\/div> <\/h5>\n<ul class=\"styled-list  icon-accent2\">\n<li class=\" icon-b theme\" data-icon=\"&#57374;\"><strong>JUNE<\/strong> &#8211; Monday to Friday 8.30 am to 10 pm. Saturday and Sunday, closed.<\/li>\n<li class=\" icon-b theme\" data-icon=\"&#57374;\"><strong>JULY<\/strong> &#8211; Closed<\/li>\n<li class=\" icon-b theme\" data-icon=\"&#57374;\"><strong>AUGUST<\/strong> &#8211; Closed<\/li>\n<li class=\" icon-b theme\" data-icon=\"&#57374;\"><strong>SEPTEMBER<\/strong> &#8211; Monday to Friday 8.30 am to 10 pm. Saturday and Sunday, closed.<\/li>\n<\/ul>\n <div class=\"push\" style='height:10px'><\/div>\n<span class='icon shortcode  ' style='font-size:25px !important;color:#e32e33;'>&#57525;<\/span>The swimming pool of this facility <strong>will be closed 15 minutes before<\/strong> the established closing time of the facility.<div class=\"push\" style='height:10px'><\/div> <\/div><\/div>\n\t\t\t\t\t<\/li><\/ul><style>.wpv-accordion-1 .tab .inner { background-color: #e32e33; color: #ffffff; }<\/style><\/div><\/div>\n<div class=\"wpv-grid grid-1-4  wpv-first-level unextended\" style=\"padding-top:0px;padding-bottom:0px\" id=\"wpv-column-8db6c0dbb2f983dde4cb78408e660ae3\" ><p style=\"text-align: center;\"><span class='icon shortcode  ' style='font-size:32px !important;color:#e32e33;'>&#57739;<\/span>\n<p style=\"text-align: center;\"><strong>EQUIPMENT<\/strong><\/p>\n<ul>\n<li>Indoor heated swimming pool, 6 lanes (25\u00d712&#8217;5 m)<\/li>\n<li>Collective changing rooms<\/li>\n<li>Lift chair for the disabled<\/li>\n<li>Room for supervised activities<\/li>\n<\/ul><\/div><\/div>\n\t\t<div class=\"sep-text single centered\">\n\t\t\t\t\t\t\t<span class=\"sep-text-before\"><div class=\"sep-text-line\"><\/div><\/span>\n\t\t\t\t\t\t<div class=\"content\">\n\t\t\t\t\n<h2>Swimming pool schedules<\/h2>\n\t\t\t<\/div>\n\t\t\t<span class=\"sep-text-after\"><div class=\"sep-text-line\"><\/div><\/span>\n\t\t\t\t\t<\/div>\n\t\n<p><iframe loading=\"lazy\" src=\"https:\/\/calendar.google.com\/calendar\/embed?height=800&#038;wkst=2&#038;ctz=Europe%2FMadrid&#038;showPrint=0&#038;showNav=0&#038;showTabs=0&#038;showCalendars=0&#038;mode=WEEK&#038;src=Y2FsdmlhLmNvbV9qdXUzMGVwZ3Fqa3I3azFzbnBwbWV1ZHBnMEBncm91cC5jYWxlbmRhci5nb29nbGUuY29t&#038;color=%23795548\" style=\"border:solid 1px #777\" width=\"1200\" height=\"800\" frameborder=\"0\" scrolling=\"no\"><\/iframe><\/p>\n\t\t<div class=\"sep-text single centered\">\n\t\t\t\t\t\t\t<span class=\"sep-text-before\"><div class=\"sep-text-line\"><\/div><\/span>\n\t\t\t\t\t\t<div class=\"content\">\n\t\t\t\t\n<h2>Activities<\/h2>\n\t\t\t<\/div>\n\t\t\t<span class=\"sep-text-after\"><div class=\"sep-text-line\"><\/div><\/span>\n\t\t\t\t\t<\/div>\n\t\n<div class=\"row \"><div class=\"wpv-grid grid-1-2  wpv-first-level first unextended\" style=\"padding-top:0px;padding-bottom:0px\" id=\"wpv-column-071cff5a0fca006cd419df9ae3735925\" ><div class=\"wpv-accordion-wrapper wpv-accordion-2\"><ul class=\"wpv-accordion\" data-collapsible=\"true\"><li class=\"pane-wrapper\" style=\"\">\n\t\t\t\t\t<h4 class=\"tab\"><div class=\"inner\">Aquatic activities<\/div><\/h4>\n\t\t\t\t\t<div class=\"pane\"><div class=\"inner\"><div>\n<div><b>Ebone:<\/b><\/div>\n<div>Email:<a href=\"mailto:ebonecoordinacioncalvia@gmail.com\"><b>\u00a0ebonecoordinacioncalvia@gmail.com<\/b><\/a><\/div>\n<\/div>\n<div><\/div><\/div><\/div>\n\t\t\t\t\t<\/li><li class=\"pane-wrapper\" style=\"\">\n\t\t\t\t\t<h4 class=\"tab\"><div class=\"inner\">Swimming (competition)<\/div><\/h4>\n\t\t\t\t\t<div class=\"pane\"><div class=\"inner\"><p><strong>Club Natacio\u0301n Calvia\u0300<\/strong><br \/>\nEmail: <a href=\"mailto:info@cncalvia.es\">info@cncalvia.es<\/a><br \/>\n<a href=\"http:\/\/www.cncalvia.es\">www.cncalvia.es<\/a><\/div><\/div>\n\t\t\t\t\t<\/li><li class=\"pane-wrapper\" style=\"\">\n\t\t\t\t\t<h4 class=\"tab\"><div class=\"inner\">Karate<\/div><\/h4>\n\t\t\t\t\t<div class=\"pane\"><div class=\"inner\"><p><strong>Tot Esport Calvia\u0300<\/strong><br \/>\nTelephone: 678 787 883 (Javitxu)<br \/>\nEmail: <a href=\"mailto:totesportcalvia@hotmail.com\">totesportcalvia@hotmail.com<\/a><\/div><\/div>\n\t\t\t\t\t<\/li><\/ul><style>.wpv-accordion-2 .tab .inner { background-color: #9b9b9b; color: #ffffff; }<\/style><\/div><\/div>\n<div class=\"wpv-grid grid-1-2  wpv-first-level unextended\" style=\"padding-top:0px;padding-bottom:0px\" id=\"wpv-column-fd5f41c05f457a5be9f9bc4d4418b57c\" ><div class=\"wpv-accordion-wrapper wpv-accordion-3\"><ul class=\"wpv-accordion\" data-collapsible=\"true\"><li class=\"pane-wrapper\" style=\"\">\n\t\t\t\t\t<h4 class=\"tab\"><div class=\"inner\">Triathlon<\/div><\/h4>\n\t\t\t\t\t<div class=\"pane\"><div class=\"inner\"><div><strong>Club Amistat-Novomarhotel<\/strong><\/div>\n<div>Telephone: 679 776 091 (Josema Ballesteros)<\/div>\n<div>Email: <a href=\"mailto:clubatletismeamistat@hotmail.com\" target=\"_blank\" rel=\"noopener noreferrer\">clubatletismeamistat@hotmail.<wbr \/>com<\/a><\/div><\/div><\/div>\n\t\t\t\t\t<\/li><\/ul><style>.wpv-accordion-3 .tab .inner { background-color: #9b9b9b; color: #ffffff; }<\/style><\/div><\/div><\/div>\n<div class=\"push\" style='height:63px'><\/div>\n\t\t<div class=\"sep-text single centered\">\n\t\t\t\t\t\t\t<span class=\"sep-text-before\"><div class=\"sep-text-line\"><\/div><\/span>\n\t\t\t\t\t\t<div class=\"content\">\n\t\t\t\t\n<h2>Gallery<\/h2>\n\t\t\t<\/div>\n\t\t\t<span class=\"sep-text-after\"><div class=\"sep-text-line\"><\/div><\/span>\n\t\t\t\t\t<\/div>\n\t\n<div class=\"tiled-gallery type-rectangular tiled-gallery-unresized\" data-original-width=\"1380\" data-carousel-extra='{&quot;blog_id&quot;:1,&quot;permalink&quot;:&quot;https:\\\/\\\/calviadeportes.com\\\/en\\\/santa-ponca-indoor-swimming-pool\\\/&quot;,&quot;likes_blog_id&quot;:182291856}' itemscope itemtype=\"http:\/\/schema.org\/ImageGallery\" > <div class=\"gallery-row\" style=\"width: 1380px; height: 691px;\" data-original-width=\"1380\" data-original-height=\"691\" > <div class=\"gallery-group images-1\" style=\"width: 920px; height: 691px;\" data-original-width=\"920\" data-original-height=\"691\" > <div class=\"tiled-gallery-item tiled-gallery-item-large\" itemprop=\"associatedMedia\" itemscope itemtype=\"http:\/\/schema.org\/ImageObject\"> <a href=\"https:\/\/calviadeportes.com\/en\/piscina-cubierta-de-santa-ponc%cc%a7a-03-2\/\" border=\"0\" itemprop=\"url\"> <meta itemprop=\"width\" content=\"916\"> <meta itemprop=\"height\" content=\"687\"> <img decoding=\"async\" class=\"\" data-attachment-id=\"14930\" data-orig-file=\"https:\/\/calviadeportes.com\/wp-content\/uploads\/2020\/10\/Piscina-cubierta-de-Santa-Ponc\u0327a-03.jpg\" data-orig-size=\"2500,1875\" data-comments-opened=\"1\" data-image-meta=\"{&quot;aperture&quot;:&quot;0&quot;,&quot;credit&quot;:&quot;&quot;,&quot;camera&quot;:&quot;&quot;,&quot;caption&quot;:&quot;&quot;,&quot;created_timestamp&quot;:&quot;0&quot;,&quot;copyright&quot;:&quot;&quot;,&quot;focal_length&quot;:&quot;0&quot;,&quot;iso&quot;:&quot;0&quot;,&quot;shutter_speed&quot;:&quot;0&quot;,&quot;title&quot;:&quot;&quot;,&quot;orientation&quot;:&quot;0&quot;}\" data-image-title=\"Piscina cubierta de Santa Ponc\u0327a-03\" data-image-description=\"\" data-medium-file=\"https:\/\/i0.wp.com\/calviadeportes.com\/wp-content\/uploads\/2020\/10\/Piscina-cubierta-de-Santa-Ponc%CC%A7a-03.jpg?fit=300%2C225&#038;ssl=1\" data-large-file=\"https:\/\/i0.wp.com\/calviadeportes.com\/wp-content\/uploads\/2020\/10\/Piscina-cubierta-de-Santa-Ponc%CC%A7a-03.jpg?fit=1024%2C768&#038;ssl=1\" src=\"https:\/\/i0.wp.com\/calviadeportes.com\/wp-content\/uploads\/2020\/10\/Piscina-cubierta-de-Santa-Ponc%CC%A7a-03.jpg?w=916&#038;h=687&#038;ssl=1\" width=\"916\" height=\"687\" loading=\"lazy\" data-original-width=\"916\" data-original-height=\"687\" itemprop=\"http:\/\/schema.org\/image\" title=\"Piscina cubierta de Santa Ponc\u0327a-03\" alt=\"Piscina cubierta de Santa Ponc\u0327a\" style=\"width: 916px; height: 687px;\" \/> <\/a> <div class=\"tiled-gallery-caption\" itemprop=\"caption description\"> Santa Pon\u00e7a Indoor Swimming Pool <\/div> <\/div> <\/div> <!-- close group --> <div class=\"gallery-group images-2\" style=\"width: 460px; height: 691px;\" data-original-width=\"460\" data-original-height=\"691\" > <div class=\"tiled-gallery-item tiled-gallery-item-large\" itemprop=\"associatedMedia\" itemscope itemtype=\"http:\/\/schema.org\/ImageObject\"> <a href=\"https:\/\/calviadeportes.com\/en\/piscina-cubierta-de-santa-ponc%cc%a7a-01\/\" border=\"0\" itemprop=\"url\"> <meta itemprop=\"width\" content=\"456\"> <meta itemprop=\"height\" content=\"342\"> <img decoding=\"async\" class=\"\" data-attachment-id=\"14933\" data-orig-file=\"https:\/\/calviadeportes.com\/wp-content\/uploads\/2020\/10\/Piscina-cubierta-de-Santa-Ponc\u0327a-01-1.jpg\" data-orig-size=\"4000,3000\" data-comments-opened=\"1\" data-image-meta=\"{&quot;aperture&quot;:&quot;0&quot;,&quot;credit&quot;:&quot;&quot;,&quot;camera&quot;:&quot;&quot;,&quot;caption&quot;:&quot;&quot;,&quot;created_timestamp&quot;:&quot;0&quot;,&quot;copyright&quot;:&quot;&quot;,&quot;focal_length&quot;:&quot;0&quot;,&quot;iso&quot;:&quot;0&quot;,&quot;shutter_speed&quot;:&quot;0&quot;,&quot;title&quot;:&quot;&quot;,&quot;orientation&quot;:&quot;0&quot;}\" data-image-title=\"Piscina cubierta de Santa Ponc\u0327a-01\" data-image-description=\"\" data-medium-file=\"https:\/\/i0.wp.com\/calviadeportes.com\/wp-content\/uploads\/2020\/10\/Piscina-cubierta-de-Santa-Ponc%CC%A7a-01-1.jpg?fit=300%2C225&#038;ssl=1\" data-large-file=\"https:\/\/i0.wp.com\/calviadeportes.com\/wp-content\/uploads\/2020\/10\/Piscina-cubierta-de-Santa-Ponc%CC%A7a-01-1.jpg?fit=1024%2C768&#038;ssl=1\" src=\"https:\/\/i0.wp.com\/calviadeportes.com\/wp-content\/uploads\/2020\/10\/Piscina-cubierta-de-Santa-Ponc%CC%A7a-01-1.jpg?w=456&#038;h=342&#038;ssl=1\" width=\"456\" height=\"342\" loading=\"lazy\" data-original-width=\"456\" data-original-height=\"342\" itemprop=\"http:\/\/schema.org\/image\" title=\"Piscina cubierta de Santa Ponc\u0327a-01\" alt=\"Piscina cubierta de Santa Ponc\u0327a\" style=\"width: 456px; height: 342px;\" \/> <\/a> <div class=\"tiled-gallery-caption\" itemprop=\"caption description\"> Santa Pon\u00e7a Indoor Swimming Pool <\/div> <\/div> <div class=\"tiled-gallery-item tiled-gallery-item-large\" itemprop=\"associatedMedia\" itemscope itemtype=\"http:\/\/schema.org\/ImageObject\"> <a href=\"https:\/\/calviadeportes.com\/en\/piscina-cubierta-de-santa-ponc%cc%a7a-02\/\" border=\"0\" itemprop=\"url\"> <meta itemprop=\"width\" content=\"456\"> <meta itemprop=\"height\" content=\"341\"> <img decoding=\"async\" class=\"\" data-attachment-id=\"14936\" data-orig-file=\"https:\/\/calviadeportes.com\/wp-content\/uploads\/2020\/10\/Piscina-cubierta-de-Santa-Ponc\u0327a-02-1.jpg\" data-orig-size=\"4000,3000\" data-comments-opened=\"1\" data-image-meta=\"{&quot;aperture&quot;:&quot;0&quot;,&quot;credit&quot;:&quot;&quot;,&quot;camera&quot;:&quot;&quot;,&quot;caption&quot;:&quot;&quot;,&quot;created_timestamp&quot;:&quot;0&quot;,&quot;copyright&quot;:&quot;&quot;,&quot;focal_length&quot;:&quot;0&quot;,&quot;iso&quot;:&quot;0&quot;,&quot;shutter_speed&quot;:&quot;0&quot;,&quot;title&quot;:&quot;&quot;,&quot;orientation&quot;:&quot;0&quot;}\" data-image-title=\"Piscina cubierta de Santa Ponc\u0327a-02\" data-image-description=\"\" data-medium-file=\"https:\/\/i0.wp.com\/calviadeportes.com\/wp-content\/uploads\/2020\/10\/Piscina-cubierta-de-Santa-Ponc%CC%A7a-02-1.jpg?fit=300%2C225&#038;ssl=1\" data-large-file=\"https:\/\/i0.wp.com\/calviadeportes.com\/wp-content\/uploads\/2020\/10\/Piscina-cubierta-de-Santa-Ponc%CC%A7a-02-1.jpg?fit=1024%2C768&#038;ssl=1\" src=\"https:\/\/i0.wp.com\/calviadeportes.com\/wp-content\/uploads\/2020\/10\/Piscina-cubierta-de-Santa-Ponc%CC%A7a-02-1.jpg?w=456&#038;h=341&#038;ssl=1\" width=\"456\" height=\"341\" loading=\"lazy\" data-original-width=\"456\" data-original-height=\"341\" itemprop=\"http:\/\/schema.org\/image\" title=\"Piscina cubierta de Santa Ponc\u0327a-02\" alt=\"Piscina cubierta de Santa Ponc\u0327a\" style=\"width: 456px; height: 341px;\" \/> <\/a> <div class=\"tiled-gallery-caption\" itemprop=\"caption description\"> Santa Pon\u00e7a Indoor Swimming Pool <\/div> <\/div> <\/div> <!-- close group --> <\/div> <!-- close row --> <\/div>\n<div class=\"push\" style='height:30px'><\/div>\n","protected":false},"excerpt":{"rendered":"<p>CONTACT Telephone: 971 13 92 11 Email: ice@calvia.com ADDRESS Santa Pon\u00e7a Avda. Santa Pon\u00e7a s\/n Map \u2192 EQUIPMENT Indoor heated swimming pool, 6 lanes (25\u00d712&#8217;5 m) Collective changing rooms Lift&#8230;<\/p>\n","protected":false},"author":75162113,"featured_media":14930,"parent":0,"menu_order":0,"comment_status":"closed","ping_status":"closed","template":"","meta":{"_coblocks_attr":"","_coblocks_dimensions":"","_coblocks_responsive_height":"","_coblocks_accordion_ie_support":"","_crdt_document":"","footnotes":""},"class_list":["post-14929","page","type-page","status-publish","has-post-thumbnail","hentry"],"yoast_head":"<!-- This site is optimized with the Yoast SEO plugin v27.6 - https:\/\/yoast.com\/product\/yoast-seo-wordpress\/ -->\n<title>Santa Pon\u00e7a indoor swimming pool - Calvi\u00e0 . Mallorca<\/title>\n<meta name=\"robots\" content=\"index, follow, max-snippet:-1, max-image-preview:large, max-video-preview:-1\" \/>\n<link rel=\"canonical\" href=\"https:\/\/calviadeportes.com\/en\/santa-ponca-indoor-swimming-pool\/\" \/>\n<meta property=\"og:locale\" content=\"en_US\" \/>\n<meta property=\"og:type\" content=\"article\" \/>\n<meta property=\"og:title\" content=\"Santa Pon\u00e7a indoor swimming pool - Calvi\u00e0 . Mallorca\" \/>\n<meta property=\"og:description\" content=\"CONTACT Telephone: 971 13 92 11 Email: ice@calvia.com ADDRESS Santa Pon\u00e7a Avda. Santa Pon\u00e7a s\/n Map \u2192 EQUIPMENT Indoor heated swimming pool, 6 lanes (25\u00d712&#8217;5 m) Collective changing rooms Lift...\" \/>\n<meta property=\"og:url\" content=\"https:\/\/calviadeportes.com\/en\/santa-ponca-indoor-swimming-pool\/\" \/>\n<meta property=\"og:site_name\" content=\"Calvi\u00e0 sports\" \/>\n<meta property=\"article:modified_time\" content=\"2025-11-19T10:39:17+00:00\" \/>\n<meta property=\"og:image\" content=\"https:\/\/calviadeportes.com\/wp-content\/uploads\/2020\/10\/Piscina-cubierta-de-Santa-Ponc\u0327a-03.jpg\" \/>\n\t<meta property=\"og:image:width\" content=\"2500\" \/>\n\t<meta property=\"og:image:height\" content=\"1875\" \/>\n\t<meta property=\"og:image:type\" content=\"image\/jpeg\" \/>\n<meta name=\"twitter:card\" content=\"summary_large_image\" \/>\n<meta name=\"twitter:label1\" content=\"Est. reading time\" \/>\n\t<meta name=\"twitter:data1\" content=\"2 minutes\" \/>\n<script type=\"application\/ld+json\" class=\"yoast-schema-graph\">{\"@context\":\"https:\\\/\\\/schema.org\",\"@graph\":[{\"@type\":\"WebPage\",\"@id\":\"https:\\\/\\\/calviadeportes.com\\\/en\\\/santa-ponca-indoor-swimming-pool\\\/\",\"url\":\"https:\\\/\\\/calviadeportes.com\\\/en\\\/santa-ponca-indoor-swimming-pool\\\/\",\"name\":\"Santa Pon\u00e7a indoor swimming pool - Calvi\u00e0 . Mallorca\",\"isPartOf\":{\"@id\":\"https:\\\/\\\/calviadeportes.com\\\/en\\\/#website\"},\"primaryImageOfPage\":{\"@id\":\"https:\\\/\\\/calviadeportes.com\\\/en\\\/santa-ponca-indoor-swimming-pool\\\/#primaryimage\"},\"image\":{\"@id\":\"https:\\\/\\\/calviadeportes.com\\\/en\\\/santa-ponca-indoor-swimming-pool\\\/#primaryimage\"},\"thumbnailUrl\":\"https:\\\/\\\/i0.wp.com\\\/calviadeportes.com\\\/wp-content\\\/uploads\\\/2020\\\/10\\\/Piscina-cubierta-de-Santa-Ponc%CC%A7a-03.jpg?fit=2500%2C1875&ssl=1\",\"datePublished\":\"2021-01-21T09:41:16+00:00\",\"dateModified\":\"2025-11-19T10:39:17+00:00\",\"breadcrumb\":{\"@id\":\"https:\\\/\\\/calviadeportes.com\\\/en\\\/santa-ponca-indoor-swimming-pool\\\/#breadcrumb\"},\"inLanguage\":\"en-US\",\"potentialAction\":[{\"@type\":\"ReadAction\",\"target\":[\"https:\\\/\\\/calviadeportes.com\\\/en\\\/santa-ponca-indoor-swimming-pool\\\/\"]}]},{\"@type\":\"ImageObject\",\"inLanguage\":\"en-US\",\"@id\":\"https:\\\/\\\/calviadeportes.com\\\/en\\\/santa-ponca-indoor-swimming-pool\\\/#primaryimage\",\"url\":\"https:\\\/\\\/i0.wp.com\\\/calviadeportes.com\\\/wp-content\\\/uploads\\\/2020\\\/10\\\/Piscina-cubierta-de-Santa-Ponc%CC%A7a-03.jpg?fit=2500%2C1875&ssl=1\",\"contentUrl\":\"https:\\\/\\\/i0.wp.com\\\/calviadeportes.com\\\/wp-content\\\/uploads\\\/2020\\\/10\\\/Piscina-cubierta-de-Santa-Ponc%CC%A7a-03.jpg?fit=2500%2C1875&ssl=1\",\"width\":2500,\"height\":1875,\"caption\":\"Santa Pon\u00e7a Indoor Swimming Pool\"},{\"@type\":\"BreadcrumbList\",\"@id\":\"https:\\\/\\\/calviadeportes.com\\\/en\\\/santa-ponca-indoor-swimming-pool\\\/#breadcrumb\",\"itemListElement\":[{\"@type\":\"ListItem\",\"position\":1,\"name\":\"Portada\",\"item\":\"https:\\\/\\\/calviadeportes.com\\\/en\\\/\"},{\"@type\":\"ListItem\",\"position\":2,\"name\":\"Santa Pon\u00e7a Indoor Swimming Pool\"}]},{\"@type\":\"WebSite\",\"@id\":\"https:\\\/\\\/calviadeportes.com\\\/en\\\/#website\",\"url\":\"https:\\\/\\\/calviadeportes.com\\\/en\\\/\",\"name\":\"Calvi\u00e0 sports\",\"description\":\"ICE Calvi\u00e0 | Ayuntamiento de Calvi\u00e0\",\"potentialAction\":[{\"@type\":\"SearchAction\",\"target\":{\"@type\":\"EntryPoint\",\"urlTemplate\":\"https:\\\/\\\/calviadeportes.com\\\/en\\\/?s={search_term_string}\"},\"query-input\":{\"@type\":\"PropertyValueSpecification\",\"valueRequired\":true,\"valueName\":\"search_term_string\"}}],\"inLanguage\":\"en-US\"}]}<\/script>\n<!-- \/ Yoast SEO plugin. -->","yoast_head_json":{"title":"Santa Pon\u00e7a indoor swimming pool - Calvi\u00e0 . Mallorca","robots":{"index":"index","follow":"follow","max-snippet":"max-snippet:-1","max-image-preview":"max-image-preview:large","max-video-preview":"max-video-preview:-1"},"canonical":"https:\/\/calviadeportes.com\/en\/santa-ponca-indoor-swimming-pool\/","og_locale":"en_US","og_type":"article","og_title":"Santa Pon\u00e7a indoor swimming pool - Calvi\u00e0 . Mallorca","og_description":"CONTACT Telephone: 971 13 92 11 Email: ice@calvia.com ADDRESS Santa Pon\u00e7a Avda. Santa Pon\u00e7a s\/n Map \u2192 EQUIPMENT Indoor heated swimming pool, 6 lanes (25\u00d712&#8217;5 m) Collective changing rooms Lift...","og_url":"https:\/\/calviadeportes.com\/en\/santa-ponca-indoor-swimming-pool\/","og_site_name":"Calvi\u00e0 sports","article_modified_time":"2025-11-19T10:39:17+00:00","og_image":[{"width":2500,"height":1875,"url":"https:\/\/calviadeportes.com\/wp-content\/uploads\/2020\/10\/Piscina-cubierta-de-Santa-Ponc\u0327a-03.jpg","type":"image\/jpeg"}],"twitter_card":"summary_large_image","twitter_misc":{"Est. reading time":"2 minutes"},"schema":{"@context":"https:\/\/schema.org","@graph":[{"@type":"WebPage","@id":"https:\/\/calviadeportes.com\/en\/santa-ponca-indoor-swimming-pool\/","url":"https:\/\/calviadeportes.com\/en\/santa-ponca-indoor-swimming-pool\/","name":"Santa Pon\u00e7a indoor swimming pool - Calvi\u00e0 . Mallorca","isPartOf":{"@id":"https:\/\/calviadeportes.com\/en\/#website"},"primaryImageOfPage":{"@id":"https:\/\/calviadeportes.com\/en\/santa-ponca-indoor-swimming-pool\/#primaryimage"},"image":{"@id":"https:\/\/calviadeportes.com\/en\/santa-ponca-indoor-swimming-pool\/#primaryimage"},"thumbnailUrl":"https:\/\/i0.wp.com\/calviadeportes.com\/wp-content\/uploads\/2020\/10\/Piscina-cubierta-de-Santa-Ponc%CC%A7a-03.jpg?fit=2500%2C1875&ssl=1","datePublished":"2021-01-21T09:41:16+00:00","dateModified":"2025-11-19T10:39:17+00:00","breadcrumb":{"@id":"https:\/\/calviadeportes.com\/en\/santa-ponca-indoor-swimming-pool\/#breadcrumb"},"inLanguage":"en-US","potentialAction":[{"@type":"ReadAction","target":["https:\/\/calviadeportes.com\/en\/santa-ponca-indoor-swimming-pool\/"]}]},{"@type":"ImageObject","inLanguage":"en-US","@id":"https:\/\/calviadeportes.com\/en\/santa-ponca-indoor-swimming-pool\/#primaryimage","url":"https:\/\/i0.wp.com\/calviadeportes.com\/wp-content\/uploads\/2020\/10\/Piscina-cubierta-de-Santa-Ponc%CC%A7a-03.jpg?fit=2500%2C1875&ssl=1","contentUrl":"https:\/\/i0.wp.com\/calviadeportes.com\/wp-content\/uploads\/2020\/10\/Piscina-cubierta-de-Santa-Ponc%CC%A7a-03.jpg?fit=2500%2C1875&ssl=1","width":2500,"height":1875,"caption":"Santa Pon\u00e7a Indoor Swimming Pool"},{"@type":"BreadcrumbList","@id":"https:\/\/calviadeportes.com\/en\/santa-ponca-indoor-swimming-pool\/#breadcrumb","itemListElement":[{"@type":"ListItem","position":1,"name":"Portada","item":"https:\/\/calviadeportes.com\/en\/"},{"@type":"ListItem","position":2,"name":"Santa Pon\u00e7a Indoor Swimming Pool"}]},{"@type":"WebSite","@id":"https:\/\/calviadeportes.com\/en\/#website","url":"https:\/\/calviadeportes.com\/en\/","name":"Calvi\u00e0 sports","description":"ICE Calvi\u00e0 | Ayuntamiento de Calvi\u00e0","potentialAction":[{"@type":"SearchAction","target":{"@type":"EntryPoint","urlTemplate":"https:\/\/calviadeportes.com\/en\/?s={search_term_string}"},"query-input":{"@type":"PropertyValueSpecification","valueRequired":true,"valueName":"search_term_string"}}],"inLanguage":"en-US"}]}},"jetpack_likes_enabled":false,"jetpack_sharing_enabled":false,"jetpack_shortlink":"https:\/\/wp.me\/PckSre-3SN","_links":{"self":[{"href":"https:\/\/calviadeportes.com\/en\/wp-json\/wp\/v2\/pages\/14929","targetHints":{"allow":["GET"]}}],"collection":[{"href":"https:\/\/calviadeportes.com\/en\/wp-json\/wp\/v2\/pages"}],"about":[{"href":"https:\/\/calviadeportes.com\/en\/wp-json\/wp\/v2\/types\/page"}],"author":[{"embeddable":true,"href":"https:\/\/calviadeportes.com\/en\/wp-json\/wp\/v2\/users\/75162113"}],"replies":[{"embeddable":true,"href":"https:\/\/calviadeportes.com\/en\/wp-json\/wp\/v2\/comments?post=14929"}],"version-history":[{"count":20,"href":"https:\/\/calviadeportes.com\/en\/wp-json\/wp\/v2\/pages\/14929\/revisions"}],"predecessor-version":[{"id":31796,"href":"https:\/\/calviadeportes.com\/en\/wp-json\/wp\/v2\/pages\/14929\/revisions\/31796"}],"wp:featuredmedia":[{"embeddable":true,"href":"https:\/\/calviadeportes.com\/en\/wp-json\/wp\/v2\/media\/14930"}],"wp:attachment":[{"href":"https:\/\/calviadeportes.com\/en\/wp-json\/wp\/v2\/media?parent=14929"}],"curies":[{"name":"wp","href":"https:\/\/api.w.org\/{rel}","templated":true}]}}