{"id":14836,"date":"2021-01-21T10:34:40","date_gmt":"2021-01-21T09:34:40","guid":{"rendered":"https:\/\/calviadeportes.com\/galatzo-sports-centre\/"},"modified":"2026-01-20T06:50:36","modified_gmt":"2026-01-20T05:50:36","slug":"galatzo-sports-centre","status":"publish","type":"page","link":"https:\/\/calviadeportes.com\/en\/galatzo-sports-centre\/","title":{"rendered":"Galatz\u00f3 Sports Centre"},"content":{"rendered":"\t\t<h2 class=\"text-divider-double\">\t\t\t\nGeneral Information\t\t<\/h2>\t\t<div class=\"sep\"><\/div>\t\n<div class=\"row \"><div class=\"wpv-grid grid-1-4  wpv-first-level first unextended\" style=\"padding-top:0px;padding-bottom:0px\" id=\"wpv-column-dca11d8b3768ba411dee157151920667\" ><p style=\"text-align: center;\"><span class='icon shortcode theme ' style='font-size:32px !important;color:#e32e33;'>&#57469;<\/span>\n<p style=\"text-align: center;\"><strong>CONTACT<\/strong><br \/>\nTelephone: <a href=\"tel:971696043\">971 69 60 43<\/a><br \/>\nEmail: <a href=\"mailto:ice@calvia.com\">ice@calvia.com<\/a><\/p>\n<p style=\"text-align: center;\"><span class='icon shortcode theme ' style='font-size:32px !important;color:#e32e33;'>&#57547;<\/span>\n<p style=\"text-align: center;\"><strong>ADDRESS<\/strong><br \/>\nUrbanizaci\u00f3n de Galatz\u00f3<br \/>\nAvda. Puig de Saragossa, 2<br \/>\n<a href=\"https:\/\/www.google.com\/maps\/d\/edit?mid=1OdhnJ6tOo_W0Q_wkj0ROfuNnXRs&amp;ll=39.52463837577059%2C2.4962611268274486&amp;z=17\" target=\"_blank\" rel=\"noopener noreferrer\">Map \u2192<\/a><\/p>\n<p style=\"text-align: center;\"><div class=\"push\" style='height:10px'><\/div><\/div>\n<div class=\"wpv-grid grid-1-2  wpv-first-level unextended\" style=\"padding-top:0px;padding-bottom:0px\" id=\"wpv-column-a804d32bb1ca3b8a527f17ce9b229d7b\" ><div class=\"wpv-accordion-wrapper wpv-accordion-1\"><ul class=\"wpv-accordion\" data-collapsible=\"true\"><li class=\"pane-wrapper\" style=\"\">\n\t\t\t\t\t<h4 class=\"tab\"><div class=\"inner\">WINTER OPENING HOURS<\/div><\/h4>\n\t\t\t\t\t<div class=\"pane\"><div class=\"inner\"><h5><span class='icon shortcode theme ' style='font-size:25px !important;color:#e32e33;'>&#57530;<\/span> <strong>September to June (days to be determinated)<\/strong>\u00a0<div class=\"push\" style='height:10px'><\/div> <\/h5>\n<ul class=\"styled-list  icon-accent2\">\n<li class=\" icon-b theme\" data-icon=\"&#57374;\">Monday to Friday from 8:30 am to 10 pm<\/li>\n<li class=\" icon-b theme\" data-icon=\"&#57374;\">Saturdays from 9 am to 2 pm and from 4 pm to 9 pm<\/li>\n<li class=\" icon-b theme\" data-icon=\"&#57374;\">Sundays and public holidays from 9 am to 2 pm<\/li>\n<\/ul>\n <div class=\"push\" style='height:10px'><\/div>\n<span class='icon shortcode  ' style='font-size:25px !important;color:#e32e33;'>&#57525;<\/span>The gym of this facility <strong>will be closed 15 minutes before<\/strong> the established closing time of the facility. <div class=\"push\" style='height:10px'><\/div> <\/div><\/div>\n\t\t\t\t\t<\/li><li class=\"pane-wrapper\" style=\"\">\n\t\t\t\t\t<h4 class=\"tab\"><div class=\"inner\">SUMMER OPENING HOURS<\/div><\/h4>\n\t\t\t\t\t<div class=\"pane\"><div class=\"inner\"><h5><span class='icon shortcode theme ' style='font-size:25px !important;color:#e32e33;'>&#57530;<\/span> <strong>June to September (days to be determinated)<\/strong>\u00a0<div class=\"push\" style='height:10px'><\/div> <\/h5>\n<ul class=\"styled-list  icon-accent2\">\n<li class=\" icon-b theme\" data-icon=\"&#57374;\"><strong>JUNE<\/strong> &#8211; Monday to Friday from 8:30 am to 10 pm. Saturday from 9 a.m. to 2 p.m. | 4 p.m. to 9 p.m. Sunday and holidays from 9 a.m. to 2 p.m.<\/li>\n<li class=\" icon-b theme\" data-icon=\"&#57374;\"><strong>JULY<\/strong> &#8211; Monday to Friday from 8:30 am to 10 pm. Saturday, Sunday and holidays closed.<\/li>\n<li class=\" icon-b theme\" data-icon=\"&#57374;\"><strong>AUGUST<\/strong> &#8211; Monday to Friday from 8:30 am to 10 pm. Saturday, Sunday and holidays closed.<\/li>\n<li class=\" icon-b theme\" data-icon=\"&#57374;\"><strong>SEPTEMBER<\/strong> &#8211; Monday to Friday from 8:30 am to 10 pm. Saturday from 9 to 14 h. | 16 to 21 h. Sunday and holidays from 9 to 14 h.<\/li>\n<\/ul>\n <div class=\"push\" style='height:10px'><\/div>\n<span class='icon shortcode  ' style='font-size:25px !important;color:#e32e33;'>&#57525;<\/span>The gym of this facility <strong>will be closed 15 minutes before<\/strong> the established closing time of the facility. <div class=\"push\" style='height:10px'><\/div> <\/div><\/div>\n\t\t\t\t\t<\/li><\/ul><style>.wpv-accordion-1 .tab .inner { background-color: #e32e33; color: #ffffff; }<\/style><\/div><\/div>\n<div class=\"wpv-grid grid-1-4  wpv-first-level unextended\" style=\"padding-top:0px;padding-bottom:0px\" id=\"wpv-column-9b3ed95b8c3da2d50ba6d3c995d4004c\" ><p style=\"text-align: center;\"><span class='icon shortcode  ' style='font-size:32px !important;color:#e32e33;'>&#57739;<\/span>\n<p style=\"text-align: center;\"><strong>EQUIPMENT<\/strong><\/p>\n<ul>\n<li>Indoor multi-sports court<\/li>\n<li>Weight training gymnasium<\/li>\n<li>Directed activities room<\/li>\n<li>Collective changing rooms<\/li>\n<li>Bar service<\/li>\n<li>Adapted for disabled people<\/li>\n<\/ul><\/div><\/div>\n\t\t<div class=\"sep-text single centered\">\n\t\t\t\t\t\t\t<span class=\"sep-text-before\"><div class=\"sep-text-line\"><\/div><\/span>\n\t\t\t\t\t\t<div class=\"content\">\n\t\t\t\t\n<h2>Activities<\/h2>\n\t\t\t<\/div>\n\t\t\t<span class=\"sep-text-after\"><div class=\"sep-text-line\"><\/div><\/span>\n\t\t\t\t\t<\/div>\n\t\n<div class=\"row \"><div class=\"wpv-grid grid-1-2  wpv-first-level first unextended\" style=\"padding-top:0px;padding-bottom:0px\" id=\"wpv-column-9087b601b9deb312622141b639232392\" ><div class=\"wpv-accordion-wrapper wpv-accordion-2\"><ul class=\"wpv-accordion\" data-collapsible=\"true\"><li class=\"pane-wrapper\" style=\"\">\n\t\t\t\t\t<h4 class=\"tab\"><div class=\"inner\">Basketball<\/div><\/h4>\n\t\t\t\t\t<div class=\"pane\"><div class=\"inner\"><p><strong>Club B\u00e0squet Calvi\u00e0<\/strong><br \/>\nTelephone: Guillermo Morey 669.24.48.68 \/\/ Rafa Gelabert 659.69.66.58<br \/>\nEmail: <a href=\"mailto:basquetcalvia@gmail.com\" target=\"_blank\" rel=\"noopener\">basquetcalvia@gmail.com<\/a><\/div><\/div>\n\t\t\t\t\t<\/li><li class=\"pane-wrapper\" style=\"\">\n\t\t\t\t\t<h4 class=\"tab\"><div class=\"inner\">Indoor Football<\/div><\/h4>\n\t\t\t\t\t<div class=\"pane\"><div class=\"inner\"><p><strong>ETB Calvi\u00e0<\/strong><br \/>\nTelephone: 678 266 722 (Pedro Nadal)<br \/>\nEmail: <a href=\"mailto:info.etbc@gmail.com\">info.etbc@gmail.com<\/a><\/div><\/div>\n\t\t\t\t\t<\/li><\/ul><style>.wpv-accordion-2 .tab .inner { background-color: #9b9b9b; color: #ffffff; }<\/style><\/div><\/div>\n<div class=\"wpv-grid grid-1-2  wpv-first-level unextended\" style=\"padding-top:0px;padding-bottom:0px\" id=\"wpv-column-3e9c089a6276b6d8cde88c1e40556861\" ><div class=\"wpv-accordion-wrapper wpv-accordion-3\"><ul class=\"wpv-accordion\" data-collapsible=\"true\"><li class=\"pane-wrapper\" style=\"\">\n\t\t\t\t\t<h4 class=\"tab\"><div class=\"inner\">Badminton<\/div><\/h4>\n\t\t\t\t\t<div class=\"pane\"><div class=\"inner\"><p><strong>Club B\u00e0dminton Calvi\u00e0<\/strong><br \/>\nTelephone: 639 669 098 (Gabriel)<br \/>\nEmail: <a href=\"mailto:edufiscalvia@hotmail.com\">edufiscalvia@hotmail.com<\/a><\/div><\/div>\n\t\t\t\t\t<\/li><\/ul><style>.wpv-accordion-3 .tab .inner { background-color: #9b9b9b; color: #ffffff; }<\/style><\/div><\/div><\/div>\n<div class=\"push\" style='height:63px'><\/div>\n\t\t<div class=\"sep-text single centered\">\n\t\t\t\t\t\t\t<span class=\"sep-text-before\"><div class=\"sep-text-line\"><\/div><\/span>\n\t\t\t\t\t\t<div class=\"content\">\n\t\t\t\t\n<h2>Gallery<\/h2>\n\t\t\t<\/div>\n\t\t\t<span class=\"sep-text-after\"><div class=\"sep-text-line\"><\/div><\/span>\n\t\t\t\t\t<\/div>\n\t\n<div data-carousel-extra='{&quot;blog_id&quot;:1,&quot;permalink&quot;:&quot;https:\/\/calviadeportes.com\/en\/galatzo-sports-centre\/&quot;}' id='gallery-1' class='gallery galleryid-14836 gallery-columns-3 gallery-size-medium'><figure class='gallery-item'>\n\t\t\t<div class='gallery-icon landscape'>\n\t\t\t\t<a href='https:\/\/calviadeportes.com\/en\/galatzo-sports-centre\/pabellon-de-galatzo-22-2\/'><img loading=\"lazy\" decoding=\"async\" width=\"300\" height=\"225\" src=\"https:\/\/i0.wp.com\/calviadeportes.com\/wp-content\/uploads\/2022\/12\/Pabellon-de-Galatzo-22.jpg?fit=300%2C225&amp;ssl=1\" class=\"attachment-medium size-medium\" alt=\"Pabello\u0301n de Galatzo\u0301\" aria-describedby=\"gallery-1-22710\" srcset=\"https:\/\/i0.wp.com\/calviadeportes.com\/wp-content\/uploads\/2022\/12\/Pabellon-de-Galatzo-22.jpg?w=1600&amp;ssl=1 1600w, https:\/\/i0.wp.com\/calviadeportes.com\/wp-content\/uploads\/2022\/12\/Pabellon-de-Galatzo-22.jpg?resize=300%2C225&amp;ssl=1 300w, https:\/\/i0.wp.com\/calviadeportes.com\/wp-content\/uploads\/2022\/12\/Pabellon-de-Galatzo-22.jpg?resize=1024%2C768&amp;ssl=1 1024w, https:\/\/i0.wp.com\/calviadeportes.com\/wp-content\/uploads\/2022\/12\/Pabellon-de-Galatzo-22.jpg?resize=768%2C576&amp;ssl=1 768w, https:\/\/i0.wp.com\/calviadeportes.com\/wp-content\/uploads\/2022\/12\/Pabellon-de-Galatzo-22.jpg?resize=1536%2C1152&amp;ssl=1 1536w, https:\/\/i0.wp.com\/calviadeportes.com\/wp-content\/uploads\/2022\/12\/Pabellon-de-Galatzo-22.jpg?resize=1200%2C900&amp;ssl=1 1200w, https:\/\/i0.wp.com\/calviadeportes.com\/wp-content\/uploads\/2022\/12\/Pabellon-de-Galatzo-22.jpg?resize=800%2C600&amp;ssl=1 800w, https:\/\/i0.wp.com\/calviadeportes.com\/wp-content\/uploads\/2022\/12\/Pabellon-de-Galatzo-22.jpg?resize=400%2C300&amp;ssl=1 400w, https:\/\/i0.wp.com\/calviadeportes.com\/wp-content\/uploads\/2022\/12\/Pabellon-de-Galatzo-22.jpg?resize=200%2C150&amp;ssl=1 200w, https:\/\/i0.wp.com\/calviadeportes.com\/wp-content\/uploads\/2022\/12\/Pabellon-de-Galatzo-22.jpg?resize=1260%2C945&amp;ssl=1 1260w, https:\/\/i0.wp.com\/calviadeportes.com\/wp-content\/uploads\/2022\/12\/Pabellon-de-Galatzo-22.jpg?resize=615%2C461&amp;ssl=1 615w, https:\/\/i0.wp.com\/calviadeportes.com\/wp-content\/uploads\/2022\/12\/Pabellon-de-Galatzo-22.jpg?resize=292%2C219&amp;ssl=1 292w\" sizes=\"auto, (max-width: 300px) 100vw, 300px\" data-attachment-id=\"22710\" data-permalink=\"https:\/\/calviadeportes.com\/en\/galatzo-sports-centre\/pabellon-de-galatzo-22-2\/\" data-orig-file=\"https:\/\/i0.wp.com\/calviadeportes.com\/wp-content\/uploads\/2022\/12\/Pabellon-de-Galatzo-22.jpg?fit=1600%2C1200&amp;ssl=1\" data-orig-size=\"1600,1200\" data-comments-opened=\"1\" data-image-meta=\"{&quot;aperture&quot;:&quot;0&quot;,&quot;credit&quot;:&quot;&quot;,&quot;camera&quot;:&quot;&quot;,&quot;caption&quot;:&quot;&quot;,&quot;created_timestamp&quot;:&quot;1671025200&quot;,&quot;copyright&quot;:&quot;&quot;,&quot;focal_length&quot;:&quot;0&quot;,&quot;iso&quot;:&quot;0&quot;,&quot;shutter_speed&quot;:&quot;0&quot;,&quot;title&quot;:&quot;&quot;,&quot;orientation&quot;:&quot;0&quot;}\" data-image-title=\"Pabello\u0301n de Galatzo\u0301-22\" data-image-description=\"\" data-image-caption=\"&lt;p&gt;Pista Pabello\u0301n de Galatzo\u0301&lt;\/p&gt;\n\" data-large-file=\"https:\/\/i0.wp.com\/calviadeportes.com\/wp-content\/uploads\/2022\/12\/Pabellon-de-Galatzo-22.jpg?fit=1024%2C768&amp;ssl=1\" \/><\/a>\n\t\t\t<\/div>\n\t\t\t\t<figcaption class='wp-caption-text gallery-caption' id='gallery-1-22710'>\n\t\t\t\tPista Pabello\u0301n de Galatzo\u0301\n\t\t\t\t<\/figcaption><\/figure><figure class='gallery-item'>\n\t\t\t<div class='gallery-icon landscape'>\n\t\t\t\t<a href='https:\/\/calviadeportes.com\/en\/pabellon-de-galatzo-01-min-2\/'><img loading=\"lazy\" decoding=\"async\" width=\"300\" height=\"200\" src=\"https:\/\/i0.wp.com\/calviadeportes.com\/wp-content\/uploads\/2020\/10\/Pabello%CC%81n-de-Galatzo%CC%81-01-min.jpg?fit=300%2C200&amp;ssl=1\" class=\"attachment-medium size-medium\" alt=\"Pabello\u0301n de Galatzo\u0301\" aria-describedby=\"gallery-1-14840\" data-attachment-id=\"14840\" data-permalink=\"https:\/\/calviadeportes.com\/en\/pabellon-de-galatzo-01-min-2\/\" data-orig-file=\"https:\/\/i0.wp.com\/calviadeportes.com\/wp-content\/uploads\/2020\/10\/Pabello%CC%81n-de-Galatzo%CC%81-01-min.jpg?fit=5616%2C3744&amp;ssl=1\" data-orig-size=\"5616,3744\" data-comments-opened=\"1\" data-image-meta=\"{&quot;aperture&quot;:&quot;0&quot;,&quot;credit&quot;:&quot;&quot;,&quot;camera&quot;:&quot;&quot;,&quot;caption&quot;:&quot;&quot;,&quot;created_timestamp&quot;:&quot;0&quot;,&quot;copyright&quot;:&quot;&quot;,&quot;focal_length&quot;:&quot;0&quot;,&quot;iso&quot;:&quot;0&quot;,&quot;shutter_speed&quot;:&quot;0&quot;,&quot;title&quot;:&quot;&quot;,&quot;orientation&quot;:&quot;0&quot;}\" data-image-title=\"Pabello\u0301n de Galatzo\u0301-01-min\" data-image-description=\"\" data-image-caption=\"&lt;p&gt;Pabello\u0301n de Galatzo\u0301&lt;\/p&gt;\n\" data-large-file=\"https:\/\/i0.wp.com\/calviadeportes.com\/wp-content\/uploads\/2020\/10\/Pabello%CC%81n-de-Galatzo%CC%81-01-min.jpg?fit=1024%2C683&amp;ssl=1\" \/><\/a>\n\t\t\t<\/div>\n\t\t\t\t<figcaption class='wp-caption-text gallery-caption' id='gallery-1-14840'>\n\t\t\t\tPabello\u0301n de Galatzo\u0301\n\t\t\t\t<\/figcaption><\/figure><figure class='gallery-item'>\n\t\t\t<div class='gallery-icon landscape'>\n\t\t\t\t<a href='https:\/\/calviadeportes.com\/en\/pabellon-de-galatzo-04-min-2\/'><img loading=\"lazy\" decoding=\"async\" width=\"300\" height=\"200\" src=\"https:\/\/i0.wp.com\/calviadeportes.com\/wp-content\/uploads\/2020\/10\/Pabello%CC%81n-de-Galatzo%CC%81-04-min.jpg?fit=300%2C200&amp;ssl=1\" class=\"attachment-medium size-medium\" alt=\"Pabello\u0301n de Galatzo\u0301\" aria-describedby=\"gallery-1-14846\" data-attachment-id=\"14846\" data-permalink=\"https:\/\/calviadeportes.com\/en\/pabellon-de-galatzo-04-min-2\/\" data-orig-file=\"https:\/\/i0.wp.com\/calviadeportes.com\/wp-content\/uploads\/2020\/10\/Pabello%CC%81n-de-Galatzo%CC%81-04-min.jpg?fit=3861%2C2574&amp;ssl=1\" data-orig-size=\"3861,2574\" data-comments-opened=\"1\" data-image-meta=\"{&quot;aperture&quot;:&quot;0&quot;,&quot;credit&quot;:&quot;&quot;,&quot;camera&quot;:&quot;&quot;,&quot;caption&quot;:&quot;&quot;,&quot;created_timestamp&quot;:&quot;0&quot;,&quot;copyright&quot;:&quot;&quot;,&quot;focal_length&quot;:&quot;0&quot;,&quot;iso&quot;:&quot;0&quot;,&quot;shutter_speed&quot;:&quot;0&quot;,&quot;title&quot;:&quot;&quot;,&quot;orientation&quot;:&quot;0&quot;}\" data-image-title=\"Pabello\u0301n de Galatzo\u0301-04-min\" data-image-description=\"\" data-image-caption=\"&lt;p&gt;Pabello\u0301n de Galatzo\u0301&lt;\/p&gt;\n\" data-large-file=\"https:\/\/i0.wp.com\/calviadeportes.com\/wp-content\/uploads\/2020\/10\/Pabello%CC%81n-de-Galatzo%CC%81-04-min.jpg?fit=1024%2C683&amp;ssl=1\" \/><\/a>\n\t\t\t<\/div>\n\t\t\t\t<figcaption class='wp-caption-text gallery-caption' id='gallery-1-14846'>\n\t\t\t\tPabello\u0301n de Galatzo\u0301\n\t\t\t\t<\/figcaption><\/figure>\n\t\t<\/div>\n\n<div class=\"push\" style='height:30px'><\/div>\n","protected":false},"excerpt":{"rendered":"<p>CONTACT Telephone: 971 69 60 43 Email: ice@calvia.com ADDRESS Urbanizaci\u00f3n de Galatz\u00f3 Avda. Puig de Saragossa, 2 Map \u2192 EQUIPMENT Indoor multi-sports court Weight training gymnasium Directed activities room Collective&#8230;<\/p>\n","protected":false},"author":75162113,"featured_media":22710,"parent":0,"menu_order":0,"comment_status":"closed","ping_status":"closed","template":"","meta":{"_coblocks_attr":"","_coblocks_dimensions":"","_coblocks_responsive_height":"","_coblocks_accordion_ie_support":"","_crdt_document":"","jetpack_post_was_ever_published":false,"footnotes":""},"class_list":["post-14836","page","type-page","status-publish","has-post-thumbnail","hentry"],"yoast_head":"<!-- This site is optimized with the Yoast SEO plugin v27.3 - https:\/\/yoast.com\/product\/yoast-seo-wordpress\/ -->\n<title>Galatz\u00f3 Sports centre - Calvi\u00e0 - Mallorca - Islas Baleares<\/title>\n<meta name=\"robots\" content=\"index, follow, max-snippet:-1, max-image-preview:large, max-video-preview:-1\" \/>\n<link rel=\"canonical\" href=\"https:\/\/calviadeportes.com\/en\/galatzo-sports-centre\/\" \/>\n<meta property=\"og:locale\" content=\"en_US\" \/>\n<meta property=\"og:type\" content=\"article\" \/>\n<meta property=\"og:title\" content=\"Galatz\u00f3 Sports centre - Calvi\u00e0 - Mallorca - Islas Baleares\" \/>\n<meta property=\"og:description\" content=\"CONTACT Telephone: 971 69 60 43 Email: ice@calvia.com ADDRESS Urbanizaci\u00f3n de Galatz\u00f3 Avda. Puig de Saragossa, 2 Map \u2192 EQUIPMENT Indoor multi-sports court Weight training gymnasium Directed activities room Collective...\" \/>\n<meta property=\"og:url\" content=\"https:\/\/calviadeportes.com\/en\/galatzo-sports-centre\/\" \/>\n<meta property=\"og:site_name\" content=\"Calvi\u00e0 sports\" \/>\n<meta property=\"article:modified_time\" content=\"2026-01-20T05:50:36+00:00\" \/>\n<meta property=\"og:image\" content=\"https:\/\/calviadeportes.com\/wp-content\/uploads\/2022\/12\/Pabellon-de-Galatzo-22.jpg\" \/>\n\t<meta property=\"og:image:width\" content=\"1600\" \/>\n\t<meta property=\"og:image:height\" content=\"1200\" \/>\n\t<meta property=\"og:image:type\" content=\"image\/jpeg\" \/>\n<meta name=\"twitter:card\" content=\"summary_large_image\" \/>\n<meta name=\"twitter:label1\" content=\"Est. reading time\" \/>\n\t<meta name=\"twitter:data1\" content=\"3 minutes\" \/>\n<script type=\"application\/ld+json\" class=\"yoast-schema-graph\">{\"@context\":\"https:\\\/\\\/schema.org\",\"@graph\":[{\"@type\":\"WebPage\",\"@id\":\"https:\\\/\\\/calviadeportes.com\\\/en\\\/galatzo-sports-centre\\\/\",\"url\":\"https:\\\/\\\/calviadeportes.com\\\/en\\\/galatzo-sports-centre\\\/\",\"name\":\"Galatz\u00f3 Sports centre - Calvi\u00e0 - Mallorca - Islas Baleares\",\"isPartOf\":{\"@id\":\"https:\\\/\\\/calviadeportes.com\\\/en\\\/#website\"},\"primaryImageOfPage\":{\"@id\":\"https:\\\/\\\/calviadeportes.com\\\/en\\\/galatzo-sports-centre\\\/#primaryimage\"},\"image\":{\"@id\":\"https:\\\/\\\/calviadeportes.com\\\/en\\\/galatzo-sports-centre\\\/#primaryimage\"},\"thumbnailUrl\":\"https:\\\/\\\/i0.wp.com\\\/calviadeportes.com\\\/wp-content\\\/uploads\\\/2022\\\/12\\\/Pabellon-de-Galatzo-22.jpg?fit=1600%2C1200&ssl=1\",\"datePublished\":\"2021-01-21T09:34:40+00:00\",\"dateModified\":\"2026-01-20T05:50:36+00:00\",\"breadcrumb\":{\"@id\":\"https:\\\/\\\/calviadeportes.com\\\/en\\\/galatzo-sports-centre\\\/#breadcrumb\"},\"inLanguage\":\"en-US\",\"potentialAction\":[{\"@type\":\"ReadAction\",\"target\":[\"https:\\\/\\\/calviadeportes.com\\\/en\\\/galatzo-sports-centre\\\/\"]}]},{\"@type\":\"ImageObject\",\"inLanguage\":\"en-US\",\"@id\":\"https:\\\/\\\/calviadeportes.com\\\/en\\\/galatzo-sports-centre\\\/#primaryimage\",\"url\":\"https:\\\/\\\/i0.wp.com\\\/calviadeportes.com\\\/wp-content\\\/uploads\\\/2022\\\/12\\\/Pabellon-de-Galatzo-22.jpg?fit=1600%2C1200&ssl=1\",\"contentUrl\":\"https:\\\/\\\/i0.wp.com\\\/calviadeportes.com\\\/wp-content\\\/uploads\\\/2022\\\/12\\\/Pabellon-de-Galatzo-22.jpg?fit=1600%2C1200&ssl=1\",\"width\":1600,\"height\":1200,\"caption\":\"Pista Pabello\u0301n de Galatzo\u0301\"},{\"@type\":\"BreadcrumbList\",\"@id\":\"https:\\\/\\\/calviadeportes.com\\\/en\\\/galatzo-sports-centre\\\/#breadcrumb\",\"itemListElement\":[{\"@type\":\"ListItem\",\"position\":1,\"name\":\"Portada\",\"item\":\"https:\\\/\\\/calviadeportes.com\\\/en\\\/\"},{\"@type\":\"ListItem\",\"position\":2,\"name\":\"Galatz\u00f3 Sports Centre\"}]},{\"@type\":\"WebSite\",\"@id\":\"https:\\\/\\\/calviadeportes.com\\\/en\\\/#website\",\"url\":\"https:\\\/\\\/calviadeportes.com\\\/en\\\/\",\"name\":\"Calvi\u00e0 sports\",\"description\":\"ICE Calvi\u00e0 | Ayuntamiento de Calvi\u00e0\",\"potentialAction\":[{\"@type\":\"SearchAction\",\"target\":{\"@type\":\"EntryPoint\",\"urlTemplate\":\"https:\\\/\\\/calviadeportes.com\\\/en\\\/?s={search_term_string}\"},\"query-input\":{\"@type\":\"PropertyValueSpecification\",\"valueRequired\":true,\"valueName\":\"search_term_string\"}}],\"inLanguage\":\"en-US\"}]}<\/script>\n<!-- \/ Yoast SEO plugin. -->","yoast_head_json":{"title":"Galatz\u00f3 Sports centre - Calvi\u00e0 - Mallorca - Islas Baleares","robots":{"index":"index","follow":"follow","max-snippet":"max-snippet:-1","max-image-preview":"max-image-preview:large","max-video-preview":"max-video-preview:-1"},"canonical":"https:\/\/calviadeportes.com\/en\/galatzo-sports-centre\/","og_locale":"en_US","og_type":"article","og_title":"Galatz\u00f3 Sports centre - Calvi\u00e0 - Mallorca - Islas Baleares","og_description":"CONTACT Telephone: 971 69 60 43 Email: ice@calvia.com ADDRESS Urbanizaci\u00f3n de Galatz\u00f3 Avda. Puig de Saragossa, 2 Map \u2192 EQUIPMENT Indoor multi-sports court Weight training gymnasium Directed activities room Collective...","og_url":"https:\/\/calviadeportes.com\/en\/galatzo-sports-centre\/","og_site_name":"Calvi\u00e0 sports","article_modified_time":"2026-01-20T05:50:36+00:00","og_image":[{"width":1600,"height":1200,"url":"https:\/\/calviadeportes.com\/wp-content\/uploads\/2022\/12\/Pabellon-de-Galatzo-22.jpg","type":"image\/jpeg"}],"twitter_card":"summary_large_image","twitter_misc":{"Est. reading time":"3 minutes"},"schema":{"@context":"https:\/\/schema.org","@graph":[{"@type":"WebPage","@id":"https:\/\/calviadeportes.com\/en\/galatzo-sports-centre\/","url":"https:\/\/calviadeportes.com\/en\/galatzo-sports-centre\/","name":"Galatz\u00f3 Sports centre - Calvi\u00e0 - Mallorca - Islas Baleares","isPartOf":{"@id":"https:\/\/calviadeportes.com\/en\/#website"},"primaryImageOfPage":{"@id":"https:\/\/calviadeportes.com\/en\/galatzo-sports-centre\/#primaryimage"},"image":{"@id":"https:\/\/calviadeportes.com\/en\/galatzo-sports-centre\/#primaryimage"},"thumbnailUrl":"https:\/\/i0.wp.com\/calviadeportes.com\/wp-content\/uploads\/2022\/12\/Pabellon-de-Galatzo-22.jpg?fit=1600%2C1200&ssl=1","datePublished":"2021-01-21T09:34:40+00:00","dateModified":"2026-01-20T05:50:36+00:00","breadcrumb":{"@id":"https:\/\/calviadeportes.com\/en\/galatzo-sports-centre\/#breadcrumb"},"inLanguage":"en-US","potentialAction":[{"@type":"ReadAction","target":["https:\/\/calviadeportes.com\/en\/galatzo-sports-centre\/"]}]},{"@type":"ImageObject","inLanguage":"en-US","@id":"https:\/\/calviadeportes.com\/en\/galatzo-sports-centre\/#primaryimage","url":"https:\/\/i0.wp.com\/calviadeportes.com\/wp-content\/uploads\/2022\/12\/Pabellon-de-Galatzo-22.jpg?fit=1600%2C1200&ssl=1","contentUrl":"https:\/\/i0.wp.com\/calviadeportes.com\/wp-content\/uploads\/2022\/12\/Pabellon-de-Galatzo-22.jpg?fit=1600%2C1200&ssl=1","width":1600,"height":1200,"caption":"Pista Pabello\u0301n de Galatzo\u0301"},{"@type":"BreadcrumbList","@id":"https:\/\/calviadeportes.com\/en\/galatzo-sports-centre\/#breadcrumb","itemListElement":[{"@type":"ListItem","position":1,"name":"Portada","item":"https:\/\/calviadeportes.com\/en\/"},{"@type":"ListItem","position":2,"name":"Galatz\u00f3 Sports Centre"}]},{"@type":"WebSite","@id":"https:\/\/calviadeportes.com\/en\/#website","url":"https:\/\/calviadeportes.com\/en\/","name":"Calvi\u00e0 sports","description":"ICE Calvi\u00e0 | Ayuntamiento de Calvi\u00e0","potentialAction":[{"@type":"SearchAction","target":{"@type":"EntryPoint","urlTemplate":"https:\/\/calviadeportes.com\/en\/?s={search_term_string}"},"query-input":{"@type":"PropertyValueSpecification","valueRequired":true,"valueName":"search_term_string"}}],"inLanguage":"en-US"}]}},"jetpack_likes_enabled":false,"jetpack_sharing_enabled":false,"jetpack_shortlink":"https:\/\/wp.me\/PckSre-3Ri","_links":{"self":[{"href":"https:\/\/calviadeportes.com\/en\/wp-json\/wp\/v2\/pages\/14836","targetHints":{"allow":["GET"]}}],"collection":[{"href":"https:\/\/calviadeportes.com\/en\/wp-json\/wp\/v2\/pages"}],"about":[{"href":"https:\/\/calviadeportes.com\/en\/wp-json\/wp\/v2\/types\/page"}],"author":[{"embeddable":true,"href":"https:\/\/calviadeportes.com\/en\/wp-json\/wp\/v2\/users\/75162113"}],"replies":[{"embeddable":true,"href":"https:\/\/calviadeportes.com\/en\/wp-json\/wp\/v2\/comments?post=14836"}],"version-history":[{"count":16,"href":"https:\/\/calviadeportes.com\/en\/wp-json\/wp\/v2\/pages\/14836\/revisions"}],"predecessor-version":[{"id":22741,"href":"https:\/\/calviadeportes.com\/en\/wp-json\/wp\/v2\/pages\/14836\/revisions\/22741"}],"wp:featuredmedia":[{"embeddable":true,"href":"https:\/\/calviadeportes.com\/en\/wp-json\/wp\/v2\/media\/22710"}],"wp:attachment":[{"href":"https:\/\/calviadeportes.com\/en\/wp-json\/wp\/v2\/media?parent=14836"}],"curies":[{"name":"wp","href":"https:\/\/api.w.org\/{rel}","templated":true}]}}