{"id":14828,"date":"2021-01-21T10:29:17","date_gmt":"2021-01-21T09:29:17","guid":{"rendered":"https:\/\/calviadeportes.com\/indoor-sports-centre-bendinat\/"},"modified":"2026-01-20T06:56:08","modified_gmt":"2026-01-20T05:56:08","slug":"indoor-sports-centre-bendinat","status":"publish","type":"page","link":"https:\/\/calviadeportes.com\/en\/indoor-sports-centre-bendinat\/","title":{"rendered":"Indoor Sports Centre Bendinat"},"content":{"rendered":"\t\t<h2 class=\"text-divider-double\">\t\t\t\nGeneral Information\t\t<\/h2>\t\t<div class=\"sep\"><\/div>\t\n<div class=\"row \"><div class=\"wpv-grid grid-1-4  wpv-first-level first unextended\" style=\"padding-top:0px;padding-bottom:0px\" id=\"wpv-column-a660c745962781d37c77ccb96a070ce7\" ><p style=\"text-align: center;\"><span class='icon shortcode theme ' style='font-size:32px !important;color:#e32e33;'>&#57469;<\/span>\n<p style=\"text-align: center;\"><strong>CONTACT<\/strong><br \/>\nTelephone: <a href=\"tel:971670310\">971 67 03 10<\/a><br \/>\nEmail: <a href=\"mailto:ice@calvia.com\">ice@calvia.com<\/a><\/p>\n<p style=\"text-align: center;\"><span class='icon shortcode theme ' style='font-size:32px !important;color:#e32e33;'>&#57547;<\/span>\n<p style=\"text-align: center;\"><strong>ADDRESS<\/strong><br \/>\nBendinat<br \/>\nArquitecte Francesc Cases, s\/n. 07181<br \/>\n<a href=\"https:\/\/goo.gl\/maps\/z4yjQrKrWKt\" target=\"_blank\" rel=\"noopener noreferrer\">Map \u2192<\/a><\/p>\n<p style=\"text-align: center;\"><div class=\"push\" style='height:10px'><\/div>\n<p style=\"text-align: center;\"><p class=\"textcenter\"><a href=\"https:\/\/calviadeportes.com\/en\/prior-appointment\/\" style='font-size: 16px;' class=\"button vamtam-button accent2  button-border hover-accent1 \"><span class=\"btext\">Online Booking<\/span><\/a><\/p><\/div>\n<div class=\"wpv-grid grid-1-2  wpv-first-level unextended\" style=\"padding-top:0px;padding-bottom:0px\" id=\"wpv-column-4a5f32d7a213775271ef480a965f22c7\" ><div class=\"wpv-accordion-wrapper wpv-accordion-1\"><ul class=\"wpv-accordion\" data-collapsible=\"true\"><li class=\"pane-wrapper\" style=\"\">\n\t\t\t\t\t<h4 class=\"tab\"><div class=\"inner\">OPENING HOURS<\/div><\/h4>\n\t\t\t\t\t<div class=\"pane\"><div class=\"inner\"><ul>\n<li>* BY APPOINTMENT ONLY<\/li>\n<\/ul>\n<div class=\"push\" style='height:10px'><\/div><\/div><\/div>\n\t\t\t\t\t<\/li><\/ul><style>.wpv-accordion-1 .tab .inner { background-color: #e32e33; color: #ffffff; }<\/style><\/div><\/div>\n<div class=\"wpv-grid grid-1-4  wpv-first-level unextended\" style=\"padding-top:0px;padding-bottom:0px\" id=\"wpv-column-30533c31cb51a161c31d13519f356590\" ><p style=\"text-align: center;\"><span class='icon shortcode  ' style='font-size:32px !important;color:#e32e33;'>&#57739;<\/span>\n<p style=\"text-align: center;\"><strong>EQUIPMENT<\/strong><\/p>\n<ul>\n<li>Indoor multi-sports court<\/li>\n<li>Directed activities room<\/li>\n<li>Collective changing rooms<\/li>\n<\/ul><\/div><\/div>\n\t\t<div class=\"sep-text single centered\">\n\t\t\t\t\t\t\t<span class=\"sep-text-before\"><div class=\"sep-text-line\"><\/div><\/span>\n\t\t\t\t\t\t<div class=\"content\">\n\t\t\t\t\n<h2>Activities<\/h2>\n\t\t\t<\/div>\n\t\t\t<span class=\"sep-text-after\"><div class=\"sep-text-line\"><\/div><\/span>\n\t\t\t\t\t<\/div>\n\t\n<div class=\"row \"><div class=\"wpv-grid grid-1-2  wpv-first-level first unextended\" style=\"padding-top:0px;padding-bottom:0px\" id=\"wpv-column-8c70e053d3815542e3fcca3b0cc9f957\" ><div class=\"wpv-accordion-wrapper wpv-accordion-2\"><ul class=\"wpv-accordion\" data-collapsible=\"true\"><li class=\"pane-wrapper\" style=\"\">\n\t\t\t\t\t<h4 class=\"tab\"><div class=\"inner\">Basketball<\/div><\/h4>\n\t\t\t\t\t<div class=\"pane\"><div class=\"inner\"><p><strong>Club Ba\u0300squet Calvia\u0300<\/strong><br \/>\nTelephone: Guillermo Morey 669.24.48.68 Rafa Gelabert 659.69.66.58<br \/>\nEmail: <a href=\"mailto:basquetcalvia@gmail.com\" target=\"_blank\" rel=\"noopener\">basquetcalvia@gmail.com<\/a><br \/>\n<a href=\"http:\/\/www.basquetcalvia.es\">www.basquetcalvia.es<\/a><\/div><\/div>\n\t\t\t\t\t<\/li><\/ul><style>.wpv-accordion-2 .tab .inner { background-color: #9b9b9b; color: #ffffff; }<\/style><\/div><\/div>\n<div class=\"wpv-grid grid-1-2  wpv-first-level unextended\" style=\"padding-top:0px;padding-bottom:0px\" id=\"wpv-column-20470c0c7614181280e402add243a31c\" ><div class=\"wpv-accordion-wrapper wpv-accordion-3\"><ul class=\"wpv-accordion\" data-collapsible=\"true\"><li class=\"pane-wrapper\" style=\"\">\n\t\t\t\t\t<h4 class=\"tab\"><div class=\"inner\">Rhythmic gymnastics<\/div><\/h4>\n\t\t\t\t\t<div class=\"pane\"><div class=\"inner\"><p><strong>Club Gimn\u00e0stica Olimpic Bendinat<\/strong><br \/>\nTelephone: 686 946 976 (Elena Vera), 692 624 908 (Maria Ferriol)<br \/>\nEmail: <a href=\"mailto:olimpicbendinat@gmail.com\">olimpicbendinat@gmail.com<\/a><\/div><\/div>\n\t\t\t\t\t<\/li><\/ul><style>.wpv-accordion-3 .tab .inner { background-color: #9b9b9b; color: #ffffff; }<\/style><\/div><\/div><\/div>\n<div class=\"push\" style='height:63px'><\/div>\n\t\t<div class=\"sep-text single centered\">\n\t\t\t\t\t\t\t<span class=\"sep-text-before\"><div class=\"sep-text-line\"><\/div><\/span>\n\t\t\t\t\t\t<div class=\"content\">\n\t\t\t\t\n<h2>Gallery<\/h2>\n\t\t\t<\/div>\n\t\t\t<span class=\"sep-text-after\"><div class=\"sep-text-line\"><\/div><\/span>\n\t\t\t\t\t<\/div>\n\t\n<div class=\"tiled-gallery type-rectangular tiled-gallery-unresized\" data-original-width=\"1380\" data-carousel-extra='{&quot;blog_id&quot;:1,&quot;permalink&quot;:&quot;https:\\\/\\\/calviadeportes.com\\\/en\\\/indoor-sports-centre-bendinat\\\/&quot;,&quot;likes_blog_id&quot;:182291856}' itemscope itemtype=\"http:\/\/schema.org\/ImageGallery\" > <div class=\"gallery-row\" style=\"width: 1380px; height: 461px;\" data-original-width=\"1380\" data-original-height=\"461\" > <div class=\"gallery-group images-1\" style=\"width: 687px; height: 461px;\" data-original-width=\"687\" data-original-height=\"461\" > <div class=\"tiled-gallery-item tiled-gallery-item-large\" itemprop=\"associatedMedia\" itemscope itemtype=\"http:\/\/schema.org\/ImageObject\"> <a href=\"https:\/\/calviadeportes.com\/en\/modulo-bendinat-2-2\/\" border=\"0\" itemprop=\"url\"> <meta itemprop=\"width\" content=\"683\"> <meta itemprop=\"height\" content=\"457\"> <img decoding=\"async\" class=\"\" data-attachment-id=\"14370\" data-orig-file=\"https:\/\/calviadeportes.com\/wp-content\/uploads\/2020\/10\/modulo-bendinat-1.jpg\" data-orig-size=\"300,201\" data-comments-opened=\"\" data-image-meta=\"{&quot;aperture&quot;:&quot;0&quot;,&quot;credit&quot;:&quot;&quot;,&quot;camera&quot;:&quot;&quot;,&quot;caption&quot;:&quot;&quot;,&quot;created_timestamp&quot;:&quot;0&quot;,&quot;copyright&quot;:&quot;&quot;,&quot;focal_length&quot;:&quot;0&quot;,&quot;iso&quot;:&quot;0&quot;,&quot;shutter_speed&quot;:&quot;0&quot;,&quot;title&quot;:&quot;&quot;,&quot;orientation&quot;:&quot;0&quot;}\" data-image-title=\"modulo-bendinat\" data-image-description=\"\" data-medium-file=\"https:\/\/i0.wp.com\/calviadeportes.com\/wp-content\/uploads\/2020\/10\/modulo-bendinat-1.jpg?fit=300%2C201&#038;ssl=1\" data-large-file=\"https:\/\/i0.wp.com\/calviadeportes.com\/wp-content\/uploads\/2020\/10\/modulo-bendinat-1.jpg?fit=300%2C201&#038;ssl=1\" src=\"https:\/\/i0.wp.com\/calviadeportes.com\/wp-content\/uploads\/2020\/10\/modulo-bendinat-1.jpg?w=683&#038;h=457&#038;ssl=1\" srcset=\"https:\/\/i0.wp.com\/calviadeportes.com\/wp-content\/uploads\/2020\/10\/modulo-bendinat-1.jpg?w=300&amp;ssl=1 300w, https:\/\/i0.wp.com\/calviadeportes.com\/wp-content\/uploads\/2020\/10\/modulo-bendinat-1.jpg?resize=292%2C195&amp;ssl=1 292w\" width=\"683\" height=\"457\" loading=\"lazy\" data-original-width=\"683\" data-original-height=\"457\" itemprop=\"http:\/\/schema.org\/image\" title=\"modulo-bendinat\" alt=\"Modulo Bendinat\" style=\"width: 683px; height: 457px;\" \/> <\/a> <div class=\"tiled-gallery-caption\" itemprop=\"caption description\"> Modulo Bendinat <\/div> <\/div> <\/div> <!-- close group --> <div class=\"gallery-group images-1\" style=\"width: 693px; height: 461px;\" data-original-width=\"693\" data-original-height=\"461\" > <div class=\"tiled-gallery-item tiled-gallery-item-large\" itemprop=\"associatedMedia\" itemscope itemtype=\"http:\/\/schema.org\/ImageObject\"> <a href=\"https:\/\/calviadeportes.com\/en\/modulo-bendinat2-2\/\" border=\"0\" itemprop=\"url\"> <meta itemprop=\"width\" content=\"689\"> <meta itemprop=\"height\" content=\"457\"> <img decoding=\"async\" class=\"\" data-attachment-id=\"14371\" data-orig-file=\"https:\/\/calviadeportes.com\/wp-content\/uploads\/2020\/10\/modulo-bendinat2.jpg\" data-orig-size=\"300,199\" data-comments-opened=\"\" data-image-meta=\"{&quot;aperture&quot;:&quot;0&quot;,&quot;credit&quot;:&quot;&quot;,&quot;camera&quot;:&quot;&quot;,&quot;caption&quot;:&quot;&quot;,&quot;created_timestamp&quot;:&quot;0&quot;,&quot;copyright&quot;:&quot;&quot;,&quot;focal_length&quot;:&quot;0&quot;,&quot;iso&quot;:&quot;0&quot;,&quot;shutter_speed&quot;:&quot;0&quot;,&quot;title&quot;:&quot;&quot;,&quot;orientation&quot;:&quot;0&quot;}\" data-image-title=\"modulo-bendinat2\" data-image-description=\"\" data-medium-file=\"https:\/\/i0.wp.com\/calviadeportes.com\/wp-content\/uploads\/2020\/10\/modulo-bendinat2.jpg?fit=300%2C199&#038;ssl=1\" data-large-file=\"https:\/\/i0.wp.com\/calviadeportes.com\/wp-content\/uploads\/2020\/10\/modulo-bendinat2.jpg?fit=300%2C199&#038;ssl=1\" src=\"https:\/\/i0.wp.com\/calviadeportes.com\/wp-content\/uploads\/2020\/10\/modulo-bendinat2.jpg?w=689&#038;h=457&#038;ssl=1\" srcset=\"https:\/\/i0.wp.com\/calviadeportes.com\/wp-content\/uploads\/2020\/10\/modulo-bendinat2.jpg?w=300&amp;ssl=1 300w, https:\/\/i0.wp.com\/calviadeportes.com\/wp-content\/uploads\/2020\/10\/modulo-bendinat2.jpg?resize=292%2C195&amp;ssl=1 292w\" width=\"689\" height=\"457\" loading=\"lazy\" data-original-width=\"689\" data-original-height=\"457\" itemprop=\"http:\/\/schema.org\/image\" title=\"modulo-bendinat2\" alt=\"Modulo Bendinat\" style=\"width: 689px; height: 457px;\" \/> <\/a> <div class=\"tiled-gallery-caption\" itemprop=\"caption description\"> Modulo Bendinat <\/div> <\/div> <\/div> <!-- close group --> <\/div> <!-- close row --> <\/div>\n<div class=\"push\" style='height:30px'><\/div>\n","protected":false},"excerpt":{"rendered":"<p>CONTACT Telephone: 971 67 03 10 Email: ice@calvia.com ADDRESS Bendinat Arquitecte Francesc Cases, s\/n. 07181 Map \u2192 EQUIPMENT Indoor multi-sports court Directed activities room Collective changing rooms<\/p>\n","protected":false},"author":75162113,"featured_media":14778,"parent":0,"menu_order":0,"comment_status":"closed","ping_status":"closed","template":"","meta":{"_coblocks_attr":"","_coblocks_dimensions":"","_coblocks_responsive_height":"","_coblocks_accordion_ie_support":"","_crdt_document":"","footnotes":""},"class_list":["post-14828","page","type-page","status-publish","has-post-thumbnail","hentry"],"yoast_head":"<!-- This site is optimized with the Yoast SEO plugin v27.5 - https:\/\/yoast.com\/product\/yoast-seo-wordpress\/ -->\n<title>Indoor sports centre Bendinat - Calvi\u00e0 - Palma de Mallorca<\/title>\n<meta name=\"robots\" content=\"index, follow, max-snippet:-1, max-image-preview:large, max-video-preview:-1\" \/>\n<link rel=\"canonical\" href=\"https:\/\/calviadeportes.com\/en\/indoor-sports-centre-bendinat\/\" \/>\n<meta property=\"og:locale\" content=\"en_US\" \/>\n<meta property=\"og:type\" content=\"article\" \/>\n<meta property=\"og:title\" content=\"Indoor sports centre Bendinat - Calvi\u00e0 - Palma de Mallorca\" \/>\n<meta property=\"og:description\" content=\"CONTACT Telephone: 971 67 03 10 Email: ice@calvia.com ADDRESS Bendinat Arquitecte Francesc Cases, s\/n. 07181 Map \u2192 EQUIPMENT Indoor multi-sports court Directed activities room Collective changing rooms\" \/>\n<meta property=\"og:url\" content=\"https:\/\/calviadeportes.com\/en\/indoor-sports-centre-bendinat\/\" \/>\n<meta property=\"og:site_name\" content=\"Calvi\u00e0 sports\" \/>\n<meta property=\"article:modified_time\" content=\"2026-01-20T05:56:08+00:00\" \/>\n<meta property=\"og:image\" content=\"https:\/\/calviadeportes.com\/wp-content\/uploads\/2020\/10\/Modulo-deportivo-Bendinat.jpg\" \/>\n\t<meta property=\"og:image:width\" content=\"300\" \/>\n\t<meta property=\"og:image:height\" content=\"201\" \/>\n\t<meta property=\"og:image:type\" content=\"image\/jpeg\" \/>\n<meta name=\"twitter:card\" content=\"summary_large_image\" \/>\n<meta name=\"twitter:label1\" content=\"Est. reading time\" \/>\n\t<meta name=\"twitter:data1\" content=\"2 minutes\" \/>\n<script type=\"application\/ld+json\" class=\"yoast-schema-graph\">{\"@context\":\"https:\\\/\\\/schema.org\",\"@graph\":[{\"@type\":\"WebPage\",\"@id\":\"https:\\\/\\\/calviadeportes.com\\\/en\\\/indoor-sports-centre-bendinat\\\/\",\"url\":\"https:\\\/\\\/calviadeportes.com\\\/en\\\/indoor-sports-centre-bendinat\\\/\",\"name\":\"Indoor sports centre Bendinat - Calvi\u00e0 - Palma de Mallorca\",\"isPartOf\":{\"@id\":\"https:\\\/\\\/calviadeportes.com\\\/en\\\/#website\"},\"primaryImageOfPage\":{\"@id\":\"https:\\\/\\\/calviadeportes.com\\\/en\\\/indoor-sports-centre-bendinat\\\/#primaryimage\"},\"image\":{\"@id\":\"https:\\\/\\\/calviadeportes.com\\\/en\\\/indoor-sports-centre-bendinat\\\/#primaryimage\"},\"thumbnailUrl\":\"https:\\\/\\\/i0.wp.com\\\/calviadeportes.com\\\/wp-content\\\/uploads\\\/2020\\\/10\\\/Modulo-deportivo-Bendinat.jpg?fit=300%2C201&ssl=1\",\"datePublished\":\"2021-01-21T09:29:17+00:00\",\"dateModified\":\"2026-01-20T05:56:08+00:00\",\"breadcrumb\":{\"@id\":\"https:\\\/\\\/calviadeportes.com\\\/en\\\/indoor-sports-centre-bendinat\\\/#breadcrumb\"},\"inLanguage\":\"en-US\",\"potentialAction\":[{\"@type\":\"ReadAction\",\"target\":[\"https:\\\/\\\/calviadeportes.com\\\/en\\\/indoor-sports-centre-bendinat\\\/\"]}]},{\"@type\":\"ImageObject\",\"inLanguage\":\"en-US\",\"@id\":\"https:\\\/\\\/calviadeportes.com\\\/en\\\/indoor-sports-centre-bendinat\\\/#primaryimage\",\"url\":\"https:\\\/\\\/i0.wp.com\\\/calviadeportes.com\\\/wp-content\\\/uploads\\\/2020\\\/10\\\/Modulo-deportivo-Bendinat.jpg?fit=300%2C201&ssl=1\",\"contentUrl\":\"https:\\\/\\\/i0.wp.com\\\/calviadeportes.com\\\/wp-content\\\/uploads\\\/2020\\\/10\\\/Modulo-deportivo-Bendinat.jpg?fit=300%2C201&ssl=1\",\"width\":300,\"height\":201,\"caption\":\"Modulo deportivo Bendinat\"},{\"@type\":\"BreadcrumbList\",\"@id\":\"https:\\\/\\\/calviadeportes.com\\\/en\\\/indoor-sports-centre-bendinat\\\/#breadcrumb\",\"itemListElement\":[{\"@type\":\"ListItem\",\"position\":1,\"name\":\"Portada\",\"item\":\"https:\\\/\\\/calviadeportes.com\\\/en\\\/\"},{\"@type\":\"ListItem\",\"position\":2,\"name\":\"Indoor Sports Centre Bendinat\"}]},{\"@type\":\"WebSite\",\"@id\":\"https:\\\/\\\/calviadeportes.com\\\/en\\\/#website\",\"url\":\"https:\\\/\\\/calviadeportes.com\\\/en\\\/\",\"name\":\"Calvi\u00e0 sports\",\"description\":\"ICE Calvi\u00e0 | Ayuntamiento de Calvi\u00e0\",\"potentialAction\":[{\"@type\":\"SearchAction\",\"target\":{\"@type\":\"EntryPoint\",\"urlTemplate\":\"https:\\\/\\\/calviadeportes.com\\\/en\\\/?s={search_term_string}\"},\"query-input\":{\"@type\":\"PropertyValueSpecification\",\"valueRequired\":true,\"valueName\":\"search_term_string\"}}],\"inLanguage\":\"en-US\"}]}<\/script>\n<!-- \/ Yoast SEO plugin. -->","yoast_head_json":{"title":"Indoor sports centre Bendinat - Calvi\u00e0 - Palma de Mallorca","robots":{"index":"index","follow":"follow","max-snippet":"max-snippet:-1","max-image-preview":"max-image-preview:large","max-video-preview":"max-video-preview:-1"},"canonical":"https:\/\/calviadeportes.com\/en\/indoor-sports-centre-bendinat\/","og_locale":"en_US","og_type":"article","og_title":"Indoor sports centre Bendinat - Calvi\u00e0 - Palma de Mallorca","og_description":"CONTACT Telephone: 971 67 03 10 Email: ice@calvia.com ADDRESS Bendinat Arquitecte Francesc Cases, s\/n. 07181 Map \u2192 EQUIPMENT Indoor multi-sports court Directed activities room Collective changing rooms","og_url":"https:\/\/calviadeportes.com\/en\/indoor-sports-centre-bendinat\/","og_site_name":"Calvi\u00e0 sports","article_modified_time":"2026-01-20T05:56:08+00:00","og_image":[{"width":300,"height":201,"url":"https:\/\/calviadeportes.com\/wp-content\/uploads\/2020\/10\/Modulo-deportivo-Bendinat.jpg","type":"image\/jpeg"}],"twitter_card":"summary_large_image","twitter_misc":{"Est. reading time":"2 minutes"},"schema":{"@context":"https:\/\/schema.org","@graph":[{"@type":"WebPage","@id":"https:\/\/calviadeportes.com\/en\/indoor-sports-centre-bendinat\/","url":"https:\/\/calviadeportes.com\/en\/indoor-sports-centre-bendinat\/","name":"Indoor sports centre Bendinat - Calvi\u00e0 - Palma de Mallorca","isPartOf":{"@id":"https:\/\/calviadeportes.com\/en\/#website"},"primaryImageOfPage":{"@id":"https:\/\/calviadeportes.com\/en\/indoor-sports-centre-bendinat\/#primaryimage"},"image":{"@id":"https:\/\/calviadeportes.com\/en\/indoor-sports-centre-bendinat\/#primaryimage"},"thumbnailUrl":"https:\/\/i0.wp.com\/calviadeportes.com\/wp-content\/uploads\/2020\/10\/Modulo-deportivo-Bendinat.jpg?fit=300%2C201&ssl=1","datePublished":"2021-01-21T09:29:17+00:00","dateModified":"2026-01-20T05:56:08+00:00","breadcrumb":{"@id":"https:\/\/calviadeportes.com\/en\/indoor-sports-centre-bendinat\/#breadcrumb"},"inLanguage":"en-US","potentialAction":[{"@type":"ReadAction","target":["https:\/\/calviadeportes.com\/en\/indoor-sports-centre-bendinat\/"]}]},{"@type":"ImageObject","inLanguage":"en-US","@id":"https:\/\/calviadeportes.com\/en\/indoor-sports-centre-bendinat\/#primaryimage","url":"https:\/\/i0.wp.com\/calviadeportes.com\/wp-content\/uploads\/2020\/10\/Modulo-deportivo-Bendinat.jpg?fit=300%2C201&ssl=1","contentUrl":"https:\/\/i0.wp.com\/calviadeportes.com\/wp-content\/uploads\/2020\/10\/Modulo-deportivo-Bendinat.jpg?fit=300%2C201&ssl=1","width":300,"height":201,"caption":"Modulo deportivo Bendinat"},{"@type":"BreadcrumbList","@id":"https:\/\/calviadeportes.com\/en\/indoor-sports-centre-bendinat\/#breadcrumb","itemListElement":[{"@type":"ListItem","position":1,"name":"Portada","item":"https:\/\/calviadeportes.com\/en\/"},{"@type":"ListItem","position":2,"name":"Indoor Sports Centre Bendinat"}]},{"@type":"WebSite","@id":"https:\/\/calviadeportes.com\/en\/#website","url":"https:\/\/calviadeportes.com\/en\/","name":"Calvi\u00e0 sports","description":"ICE Calvi\u00e0 | Ayuntamiento de Calvi\u00e0","potentialAction":[{"@type":"SearchAction","target":{"@type":"EntryPoint","urlTemplate":"https:\/\/calviadeportes.com\/en\/?s={search_term_string}"},"query-input":{"@type":"PropertyValueSpecification","valueRequired":true,"valueName":"search_term_string"}}],"inLanguage":"en-US"}]}},"jetpack_likes_enabled":false,"jetpack_sharing_enabled":false,"jetpack_shortlink":"https:\/\/wp.me\/PckSre-3Ra","_links":{"self":[{"href":"https:\/\/calviadeportes.com\/en\/wp-json\/wp\/v2\/pages\/14828","targetHints":{"allow":["GET"]}}],"collection":[{"href":"https:\/\/calviadeportes.com\/en\/wp-json\/wp\/v2\/pages"}],"about":[{"href":"https:\/\/calviadeportes.com\/en\/wp-json\/wp\/v2\/types\/page"}],"author":[{"embeddable":true,"href":"https:\/\/calviadeportes.com\/en\/wp-json\/wp\/v2\/users\/75162113"}],"replies":[{"embeddable":true,"href":"https:\/\/calviadeportes.com\/en\/wp-json\/wp\/v2\/comments?post=14828"}],"version-history":[{"count":9,"href":"https:\/\/calviadeportes.com\/en\/wp-json\/wp\/v2\/pages\/14828\/revisions"}],"predecessor-version":[{"id":32337,"href":"https:\/\/calviadeportes.com\/en\/wp-json\/wp\/v2\/pages\/14828\/revisions\/32337"}],"wp:featuredmedia":[{"embeddable":true,"href":"https:\/\/calviadeportes.com\/en\/wp-json\/wp\/v2\/media\/14778"}],"wp:attachment":[{"href":"https:\/\/calviadeportes.com\/en\/wp-json\/wp\/v2\/media?parent=14828"}],"curies":[{"name":"wp","href":"https:\/\/api.w.org\/{rel}","templated":true}]}}