{"id":33628,"date":"2026-05-06T08:53:27","date_gmt":"2026-05-06T06:53:27","guid":{"rendered":"https:\/\/calviadeportes.com\/hidrobal-sant-silvestre\/"},"modified":"2026-05-06T09:29:27","modified_gmt":"2026-05-06T07:29:27","slug":"hidrobal-sant-silvestre","status":"publish","type":"page","link":"https:\/\/calviadeportes.com\/ca\/hidrobal-sant-silvestre\/","title":{"rendered":"Hidrobal Sant Silvestre"},"content":{"rendered":"<div class=\"row \"><div class=\"wpv-grid grid-1-1  wpv-first-level first has-background extended\" style=\"background-color:#d1262b;padding-top:10px;padding-bottom:10px\" id=\"wpv-column-d1d2bc6d7bfdb261f1ccb234b7884a60\" ><div class=\"extended-column-inner\"><style>#wpv-column-d1d2bc6d7bfdb261f1ccb234b7884a60 p,#wpv-column-d1d2bc6d7bfdb261f1ccb234b7884a60 em,#wpv-column-d1d2bc6d7bfdb261f1ccb234b7884a60 .column-title,#wpv-column-d1d2bc6d7bfdb261f1ccb234b7884a60 .sep-text h2.regular-title-wrapper,#wpv-column-d1d2bc6d7bfdb261f1ccb234b7884a60 .text-divider-double,#wpv-column-d1d2bc6d7bfdb261f1ccb234b7884a60 .sep-text .sep-text-line,#wpv-column-d1d2bc6d7bfdb261f1ccb234b7884a60 .sep,#wpv-column-d1d2bc6d7bfdb261f1ccb234b7884a60 .sep-2,#wpv-column-d1d2bc6d7bfdb261f1ccb234b7884a60 .sep-3,#wpv-column-d1d2bc6d7bfdb261f1ccb234b7884a60 td,#wpv-column-d1d2bc6d7bfdb261f1ccb234b7884a60 th,#wpv-column-d1d2bc6d7bfdb261f1ccb234b7884a60 caption{color:#fef8f8;}#wpv-column-d1d2bc6d7bfdb261f1ccb234b7884a60:before{background-color:transparent;}<\/style><div class=\"row \"><div class=\"wpv-grid grid-1-3  first unextended animation-zoom-in animated-active\" style=\"padding-top:0px;padding-bottom:0px\" id=\"wpv-column-cc491bf6a9d753601c61548aa29f27e0\" >\n<div  data-href=\"#\" tabindex=\"1\" data-target=\"_self\" class=\"linkarea clearfix accent3  background-accent3\">\n\t\t\t\t<div class=\"last\"><span class='icon shortcode  ' style='font-size:40px !important;color:#ffffff;'>&#57486;<\/span>\n<h3><span class=\"accent-5\">Preu : 10\u20ac<\/span><\/h3>\n<h3><b>INSCRIPCI\u00d3 AQU\u00cd \u2013 PR\u00d2XIMAMENT<\/b><\/h3>\n<p><strong>Recorda que les inscripcions nom\u00e9s estaran disponibles ONLINE fins al 30 de desembre a les 23:59.<\/strong><br \/><\/div>\n\t<\/div><\/div>\n<div class=\"wpv-grid grid-1-3  unextended animation-zoom-in animated-active\" style=\"padding-top:0px;padding-bottom:0px\" id=\"wpv-column-e2ed398a3785a468af54a6dbc0a866b0\" >\n<div  data-target=\"_self\" class=\"linkarea clearfix   background-transparent\">\n\t\t\t\t<div class=\"last\"><span class='icon shortcode  ' style='font-size:40px !important;color:#ffffff;'>&#57531;<\/span>\n<h3><span class=\"accent-5\"> Dia: 31 de desembre 17:00h<\/span><\/h3><\/div>\n\t<\/div><\/div>\n<div class=\"wpv-grid grid-1-3  unextended animation-zoom-in animated-active\" style=\"padding-top:0px;padding-bottom:0px\" id=\"wpv-column-7d295c1d06b168405ddbacca5fbfd5a9\" >\n<div  data-target=\"_self\" class=\"linkarea clearfix   background-transparent\">\n\t\t\t\t<div class=\"last\"><span class='icon shortcode  ' style='font-size:40px !important;color:#ffffff;'>&#57486;<\/span>\n<h3><span class=\"accent-5\">Preu : 1\u20ac<\/span><\/h3>\n<h3><span class=\"accent-5\">INSCRIPCI\u00d3 KIDS\u00a0<\/span><\/h3>\n<p><strong>31 de desembre a les 16:00 h<\/strong><br \/><\/div>\n\t<\/div><\/div><\/div><\/div><\/div><\/div>\n\t\t<div class=\"sep-text single centered\">\n\t\t\t\t\t\t\t<span class=\"sep-text-before\"><div class=\"sep-text-line\"><\/div><\/span>\n\t\t\t\t\t\t<div class=\"content\">\n\t\t\t\t\n<span style=\"font-weight: 400;\">Concurs de disfresses Hidrobal Sant Silvestre 2026 <\/span><br \/>\n\t\t\t<\/div>\n\t\t\t<span class=\"sep-text-after\"><div class=\"sep-text-line\"><\/div><\/span>\n\t\t\t\t\t<\/div>\n\t\n<div class=\"row \"><div class=\"wpv-grid grid-1-1  wpv-first-level first has-background extended\" style=\"\n\t\t\t\tbackground: url( 'https:\/\/calviadeportes.com\/wp-content\/uploads\/2025\/12\/SSCal084.jpg' ) no-repeat center center;\n\t\t\t\tbackground-size: auto;\n\t\t\tbackground-attachment: fixed;padding-top:140px;padding-bottom:140px\" id=\"wpv-column-b996ce093dd1dc0638adf75386c414b3\" ><div class=\"extended-column-inner\"><h2 class=\"w-white\" style=\"text-align: center;\"><a href=\"https:\/\/docs.google.com\/forms\/d\/e\/1FAIpQLSfd4zCd3aHhv0aervr-Or-oj_6RZxTkCPVOtHiSwX_FMhSygA\/viewform\" target=\"_blank\" style='font-size: 14px;' class=\"button vamtam-button accent1  button-filled hover-accent3 \"><span class=\"btext\">CONCURS DE DISFRESSES &#8211; PARTICIPA ARA<\/span><\/a> <a href=\"https:\/\/drive.google.com\/file\/d\/1HtKloEvmBmCz0vuRbf45RCTUuOXenFwQ\/view\" target=\"_blank\" style='font-size: 14px;' class=\"button vamtam-button accent3  button-filled hover-accent4 \"><span class=\"btext\">BASES DEL CONCURS<\/span><\/a><\/h2><\/div><\/div><\/div>\n<div class=\"push\" style='height:30px'><\/div>\n<div class=\"row \"><div class=\"wpv-grid grid-1-2  wpv-first-level first unextended\" style=\"padding-top:0px;padding-bottom:0px\" id=\"wpv-column-df750b9e11d90749f3b4710ab6d1c60f\" ><a href=\"https:\/\/calviadeportes.com\/trafico\/\" target=\"_blank\" style='font-size: 14px;' class=\"button vamtam-button accent1  button-filled hover-accent2 \"><span class=\"btext\">TALLS DE TR\u00c0NSIT I RESTRICCIONS D&#8217;APARCAMENT<\/span><\/a>\n<p style=\"text-align: left;\"><span style=\"font-weight: 400;\">Tothom vol sortir corrent d&#8217;aquest 2026, i ara tenim l&#8217;oportunitat.<\/span><\/p>\n<blockquote><p><span style=\"color: #ff0000;\"><strong>HIDROBAL SANT SILVESTRE CALVIANERA 2026<\/strong><\/span><\/p><\/blockquote>\n<blockquote><p><span style=\"color: #ff0000;\"><strong> Dia de celebraci\u00f3: 31 de desembre a les 17:00 h <\/strong><\/span><\/p><\/blockquote>\n<ul>\n<li><span style=\"color: #ff0000;\"><em><strong>6,7km SANTSILVESTRE:<\/strong><\/em><\/span> <span style=\"font-weight: 400;\">Un circuit pla, r\u00e0pid i visualment espectacular entre #Magaluf i #Palmanova, amb una flamant entrada triomfal a la pista d&#8217;atletisme. <\/span><\/li>\n<\/ul>\n<p><span style=\"font-weight: 400;\">T&#8217;assegurem tots els serveis en <\/span><b>carrera<\/b><span style=\"font-weight: 400;\"> (crono, samarreta per a les <strong>800 primeres inscripcions<\/strong>, avituallaments, guarda-roba\u2026) <\/span><\/p>\n<p>\ud83d\udc49 <span style=\"font-weight: 400;\">\u00a0La millor animaci\u00f3 de <\/span><b>carrera<\/b> <b>POTS C\u00d3RRER DISFRESSAT<\/b><span style=\"font-weight: 400;\">, de fet, tenim premis especials per a les millors disfresses. <\/span><\/p>\n<a href=\"#\" target=\"_blank\" style='font-size: 14px;' class=\"button vamtam-button accent1  button-filled hover-accent2 \"><span class=\"btext\">INSCRIPCI\u00d3 AQU\u00cd \u2013 PR\u00d2XIMAMENT<\/span><\/a>\n<p><strong>Recorda que les inscripcions nom\u00e9s estaran disponibles ONLINE fins al 30 de desembre a les 23:59 h.<\/strong><\/p>\n<p style=\"text-align: center;\">&#8230;&#8230;&#8230;&#8230;&#8230;&#8230;&#8230;&#8230;&#8230;&#8230;&#8230;&#8230;&#8230;&#8230;&#8230;&#8230;&#8230;&#8230;&#8230;&#8230;.<\/p>\n<p><!--more--><\/p>\n<blockquote><p><span style=\"color: #ff0000;\"><strong>KIDS &#8211; Hidrobal Sant Silvestre Calvianera 2026<\/strong><\/span><\/p><\/blockquote>\n<blockquote><p><span style=\"color: #ff0000;\"><strong>Dia de celebraci\u00f3: 31 de desembre a les 16 hores<\/strong><\/span><\/p><\/blockquote>\n<ul>\n<li><span style=\"color: #ff0000;\"><em><strong>Lloc: Pista d&#8217;atletisme &#8211; <\/strong><\/em><\/span>\u00a0inscripci\u00f3 1 \u20ac<strong> \u00a1POTS C\u00d3RRER DISFRESSAT!<\/strong><\/li>\n<\/ul>\n<a href=\"#\" target=\"_blank\" style='font-size: 14px;' class=\"button vamtam-button accent1  button-filled hover-accent2 \"><span class=\"btext\">INSCRIPCIONES &#8211; \u00a0PR\u00d3XIMAMENTE<\/span><\/a>\n<p><em><b>Dia l\u00edmit d&#8217;inscripci\u00f3:<\/b><span style=\"font-weight: 400;\"> Fins al 30 de desembre a les 23:59 h o fins a arribar al n\u00famero m\u00e0xim d&#8217;inscripcions.<\/span><\/em><\/p>\n<p><span style=\"color: #ffffff;\">.<\/span><\/div>\n<div class=\"wpv-grid grid-1-2  wpv-first-level unextended\" style=\"padding-top:0px;padding-bottom:0px\" id=\"wpv-column-3b55003b8e4b01e6329a16bb5af3e735\" ><blockquote><p>HIDROBAL SANTSILVESTRE CALVIANERA 2026<\/p>\n<p><img data-recalc-dims=\"1\" loading=\"lazy\" decoding=\"async\" class=\"alignnone wp-image-31077 size-large\" style=\"font-family: -apple-system, BlinkMacSystemFont, 'Segoe UI', Roboto, Oxygen-Sans, Ubuntu, Cantarell, 'Helvetica Neue', sans-serif;\" src=\"https:\/\/i0.wp.com\/calviadeportes.com\/wp-content\/uploads\/2025\/07\/Cartel-HSSC-magaluf-2025_0006_Capa-1.png?resize=722%2C1024&#038;ssl=1\" alt=\"\" width=\"722\" height=\"1024\" srcset=\"https:\/\/i0.wp.com\/calviadeportes.com\/wp-content\/uploads\/2025\/07\/Cartel-HSSC-magaluf-2025_0006_Capa-1.png?resize=722%2C1024&amp;ssl=1 722w, https:\/\/i0.wp.com\/calviadeportes.com\/wp-content\/uploads\/2025\/07\/Cartel-HSSC-magaluf-2025_0006_Capa-1.png?resize=211%2C300&amp;ssl=1 211w, https:\/\/i0.wp.com\/calviadeportes.com\/wp-content\/uploads\/2025\/07\/Cartel-HSSC-magaluf-2025_0006_Capa-1.png?resize=768%2C1090&amp;ssl=1 768w, https:\/\/i0.wp.com\/calviadeportes.com\/wp-content\/uploads\/2025\/07\/Cartel-HSSC-magaluf-2025_0006_Capa-1.png?resize=615%2C873&amp;ssl=1 615w, https:\/\/i0.wp.com\/calviadeportes.com\/wp-content\/uploads\/2025\/07\/Cartel-HSSC-magaluf-2025_0006_Capa-1.png?resize=400%2C568&amp;ssl=1 400w, https:\/\/i0.wp.com\/calviadeportes.com\/wp-content\/uploads\/2025\/07\/Cartel-HSSC-magaluf-2025_0006_Capa-1.png?resize=292%2C414&amp;ssl=1 292w, https:\/\/i0.wp.com\/calviadeportes.com\/wp-content\/uploads\/2025\/07\/Cartel-HSSC-magaluf-2025_0006_Capa-1.png?w=850&amp;ssl=1 850w\" sizes=\"auto, (max-width: 722px) 100vw, 722px\" \/><\/p><\/blockquote><\/div><\/div>\n<div class=\"push\" style='height:30px'><\/div>\n","protected":false},"excerpt":{"rendered":"<p>Tothom vol sortir corrent d&#8217;aquest 2026, i ara tenim l&#8217;oportunitat. HIDROBAL SANT SILVESTRE CALVIANERA 2026 Dia de celebraci\u00f3: 31 de desembre a les 17:00 h 6,7km SANTSILVESTRE: Un circuit pla,&#8230;<\/p>\n","protected":false},"author":75162113,"featured_media":0,"parent":0,"menu_order":0,"comment_status":"closed","ping_status":"closed","template":"","meta":{"_coblocks_attr":"","_coblocks_dimensions":"","_coblocks_responsive_height":"","_coblocks_accordion_ie_support":"","_crdt_document":"","footnotes":""},"class_list":["post-33628","page","type-page","status-publish","hentry"],"yoast_head":"<!-- This site is optimized with the Yoast SEO plugin v27.6 - https:\/\/yoast.com\/product\/yoast-seo-wordpress\/ -->\n<title>Hidrobal Sant Silvestre - Calvi\u00e0 deportes<\/title>\n<meta name=\"description\" content=\"D\u00eda 31 de diciembre - 6,7km SANT SILVESTRE: Un circuito llano, r\u00e1pido y visualmente espectacular entre #Magaluf y #Palmanova, entrada en la pista de atletismo.\" \/>\n<meta name=\"robots\" content=\"index, follow, max-snippet:-1, max-image-preview:large, max-video-preview:-1\" \/>\n<link rel=\"canonical\" href=\"https:\/\/calviadeportes.com\/ca\/hidrobal-sant-silvestre\/\" \/>\n<meta property=\"og:locale\" content=\"ca_ES\" \/>\n<meta property=\"og:type\" content=\"article\" \/>\n<meta property=\"og:title\" content=\"Hidrobal Sant Silvestre - Calvi\u00e0 deportes\" \/>\n<meta property=\"og:description\" content=\"D\u00eda 31 de diciembre - 6,7km SANT SILVESTRE: Un circuito llano, r\u00e1pido y visualmente espectacular entre #Magaluf y #Palmanova, entrada en la pista de atletismo.\" \/>\n<meta property=\"og:url\" content=\"https:\/\/calviadeportes.com\/ca\/hidrobal-sant-silvestre\/\" \/>\n<meta property=\"og:site_name\" content=\"Calvi\u00e0 esports\" \/>\n<meta property=\"article:modified_time\" content=\"2026-05-06T07:29:27+00:00\" \/>\n<meta property=\"og:image\" content=\"https:\/\/calviadeportes.com\/wp-content\/uploads\/2025\/07\/Cartel-HSSC-magaluf-2025_0006_Capa-1-722x1024.png\" \/>\n<meta name=\"twitter:card\" content=\"summary_large_image\" \/>\n<meta name=\"twitter:label1\" content=\"Temps estimat de lectura\" \/>\n\t<meta name=\"twitter:data1\" content=\"2 minuts\" \/>\n<script type=\"application\/ld+json\" class=\"yoast-schema-graph\">{\"@context\":\"https:\\\/\\\/schema.org\",\"@graph\":[{\"@type\":\"WebPage\",\"@id\":\"https:\\\/\\\/calviadeportes.com\\\/ca\\\/hidrobal-sant-silvestre\\\/\",\"url\":\"https:\\\/\\\/calviadeportes.com\\\/ca\\\/hidrobal-sant-silvestre\\\/\",\"name\":\"Hidrobal Sant Silvestre - Calvi\u00e0 deportes\",\"isPartOf\":{\"@id\":\"https:\\\/\\\/calviadeportes.com\\\/ca\\\/#website\"},\"primaryImageOfPage\":{\"@id\":\"https:\\\/\\\/calviadeportes.com\\\/ca\\\/hidrobal-sant-silvestre\\\/#primaryimage\"},\"image\":{\"@id\":\"https:\\\/\\\/calviadeportes.com\\\/ca\\\/hidrobal-sant-silvestre\\\/#primaryimage\"},\"thumbnailUrl\":\"https:\\\/\\\/calviadeportes.com\\\/wp-content\\\/uploads\\\/2025\\\/07\\\/Cartel-HSSC-magaluf-2025_0006_Capa-1-722x1024.png\",\"datePublished\":\"2026-05-06T06:53:27+00:00\",\"dateModified\":\"2026-05-06T07:29:27+00:00\",\"description\":\"D\u00eda 31 de diciembre - 6,7km SANT SILVESTRE: Un circuito llano, r\u00e1pido y visualmente espectacular entre #Magaluf y #Palmanova, entrada en la pista de atletismo.\",\"breadcrumb\":{\"@id\":\"https:\\\/\\\/calviadeportes.com\\\/ca\\\/hidrobal-sant-silvestre\\\/#breadcrumb\"},\"inLanguage\":\"ca\",\"potentialAction\":[{\"@type\":\"ReadAction\",\"target\":[\"https:\\\/\\\/calviadeportes.com\\\/ca\\\/hidrobal-sant-silvestre\\\/\"]}]},{\"@type\":\"ImageObject\",\"inLanguage\":\"ca\",\"@id\":\"https:\\\/\\\/calviadeportes.com\\\/ca\\\/hidrobal-sant-silvestre\\\/#primaryimage\",\"url\":\"https:\\\/\\\/calviadeportes.com\\\/wp-content\\\/uploads\\\/2025\\\/07\\\/Cartel-HSSC-magaluf-2025_0006_Capa-1-722x1024.png\",\"contentUrl\":\"https:\\\/\\\/calviadeportes.com\\\/wp-content\\\/uploads\\\/2025\\\/07\\\/Cartel-HSSC-magaluf-2025_0006_Capa-1-722x1024.png\"},{\"@type\":\"BreadcrumbList\",\"@id\":\"https:\\\/\\\/calviadeportes.com\\\/ca\\\/hidrobal-sant-silvestre\\\/#breadcrumb\",\"itemListElement\":[{\"@type\":\"ListItem\",\"position\":1,\"name\":\"Portada\",\"item\":\"https:\\\/\\\/calviadeportes.com\\\/ca\\\/\"},{\"@type\":\"ListItem\",\"position\":2,\"name\":\"Hidrobal Sant Silvestre\"}]},{\"@type\":\"WebSite\",\"@id\":\"https:\\\/\\\/calviadeportes.com\\\/ca\\\/#website\",\"url\":\"https:\\\/\\\/calviadeportes.com\\\/ca\\\/\",\"name\":\"Calvi\u00e0 esports\",\"description\":\"ICE Calvi\u00e0 | Ayuntamiento de Calvi\u00e0\",\"potentialAction\":[{\"@type\":\"SearchAction\",\"target\":{\"@type\":\"EntryPoint\",\"urlTemplate\":\"https:\\\/\\\/calviadeportes.com\\\/ca\\\/?s={search_term_string}\"},\"query-input\":{\"@type\":\"PropertyValueSpecification\",\"valueRequired\":true,\"valueName\":\"search_term_string\"}}],\"inLanguage\":\"ca\"}]}<\/script>\n<!-- \/ Yoast SEO plugin. -->","yoast_head_json":{"title":"Hidrobal Sant Silvestre - Calvi\u00e0 deportes","description":"D\u00eda 31 de diciembre - 6,7km SANT SILVESTRE: Un circuito llano, r\u00e1pido y visualmente espectacular entre #Magaluf y #Palmanova, entrada en la pista de atletismo.","robots":{"index":"index","follow":"follow","max-snippet":"max-snippet:-1","max-image-preview":"max-image-preview:large","max-video-preview":"max-video-preview:-1"},"canonical":"https:\/\/calviadeportes.com\/ca\/hidrobal-sant-silvestre\/","og_locale":"ca_ES","og_type":"article","og_title":"Hidrobal Sant Silvestre - Calvi\u00e0 deportes","og_description":"D\u00eda 31 de diciembre - 6,7km SANT SILVESTRE: Un circuito llano, r\u00e1pido y visualmente espectacular entre #Magaluf y #Palmanova, entrada en la pista de atletismo.","og_url":"https:\/\/calviadeportes.com\/ca\/hidrobal-sant-silvestre\/","og_site_name":"Calvi\u00e0 esports","article_modified_time":"2026-05-06T07:29:27+00:00","og_image":[{"url":"https:\/\/calviadeportes.com\/wp-content\/uploads\/2025\/07\/Cartel-HSSC-magaluf-2025_0006_Capa-1-722x1024.png","type":"","width":"","height":""}],"twitter_card":"summary_large_image","twitter_misc":{"Temps estimat de lectura":"2 minuts"},"schema":{"@context":"https:\/\/schema.org","@graph":[{"@type":"WebPage","@id":"https:\/\/calviadeportes.com\/ca\/hidrobal-sant-silvestre\/","url":"https:\/\/calviadeportes.com\/ca\/hidrobal-sant-silvestre\/","name":"Hidrobal Sant Silvestre - Calvi\u00e0 deportes","isPartOf":{"@id":"https:\/\/calviadeportes.com\/ca\/#website"},"primaryImageOfPage":{"@id":"https:\/\/calviadeportes.com\/ca\/hidrobal-sant-silvestre\/#primaryimage"},"image":{"@id":"https:\/\/calviadeportes.com\/ca\/hidrobal-sant-silvestre\/#primaryimage"},"thumbnailUrl":"https:\/\/calviadeportes.com\/wp-content\/uploads\/2025\/07\/Cartel-HSSC-magaluf-2025_0006_Capa-1-722x1024.png","datePublished":"2026-05-06T06:53:27+00:00","dateModified":"2026-05-06T07:29:27+00:00","description":"D\u00eda 31 de diciembre - 6,7km SANT SILVESTRE: Un circuito llano, r\u00e1pido y visualmente espectacular entre #Magaluf y #Palmanova, entrada en la pista de atletismo.","breadcrumb":{"@id":"https:\/\/calviadeportes.com\/ca\/hidrobal-sant-silvestre\/#breadcrumb"},"inLanguage":"ca","potentialAction":[{"@type":"ReadAction","target":["https:\/\/calviadeportes.com\/ca\/hidrobal-sant-silvestre\/"]}]},{"@type":"ImageObject","inLanguage":"ca","@id":"https:\/\/calviadeportes.com\/ca\/hidrobal-sant-silvestre\/#primaryimage","url":"https:\/\/calviadeportes.com\/wp-content\/uploads\/2025\/07\/Cartel-HSSC-magaluf-2025_0006_Capa-1-722x1024.png","contentUrl":"https:\/\/calviadeportes.com\/wp-content\/uploads\/2025\/07\/Cartel-HSSC-magaluf-2025_0006_Capa-1-722x1024.png"},{"@type":"BreadcrumbList","@id":"https:\/\/calviadeportes.com\/ca\/hidrobal-sant-silvestre\/#breadcrumb","itemListElement":[{"@type":"ListItem","position":1,"name":"Portada","item":"https:\/\/calviadeportes.com\/ca\/"},{"@type":"ListItem","position":2,"name":"Hidrobal Sant Silvestre"}]},{"@type":"WebSite","@id":"https:\/\/calviadeportes.com\/ca\/#website","url":"https:\/\/calviadeportes.com\/ca\/","name":"Calvi\u00e0 esports","description":"ICE Calvi\u00e0 | Ayuntamiento de Calvi\u00e0","potentialAction":[{"@type":"SearchAction","target":{"@type":"EntryPoint","urlTemplate":"https:\/\/calviadeportes.com\/ca\/?s={search_term_string}"},"query-input":{"@type":"PropertyValueSpecification","valueRequired":true,"valueName":"search_term_string"}}],"inLanguage":"ca"}]}},"jetpack_likes_enabled":false,"jetpack_sharing_enabled":false,"jetpack_shortlink":"https:\/\/wp.me\/PckSre-8Ko","_links":{"self":[{"href":"https:\/\/calviadeportes.com\/ca\/wp-json\/wp\/v2\/pages\/33628","targetHints":{"allow":["GET"]}}],"collection":[{"href":"https:\/\/calviadeportes.com\/ca\/wp-json\/wp\/v2\/pages"}],"about":[{"href":"https:\/\/calviadeportes.com\/ca\/wp-json\/wp\/v2\/types\/page"}],"author":[{"embeddable":true,"href":"https:\/\/calviadeportes.com\/ca\/wp-json\/wp\/v2\/users\/75162113"}],"replies":[{"embeddable":true,"href":"https:\/\/calviadeportes.com\/ca\/wp-json\/wp\/v2\/comments?post=33628"}],"version-history":[{"count":4,"href":"https:\/\/calviadeportes.com\/ca\/wp-json\/wp\/v2\/pages\/33628\/revisions"}],"predecessor-version":[{"id":33637,"href":"https:\/\/calviadeportes.com\/ca\/wp-json\/wp\/v2\/pages\/33628\/revisions\/33637"}],"wp:attachment":[{"href":"https:\/\/calviadeportes.com\/ca\/wp-json\/wp\/v2\/media?parent=33628"}],"curies":[{"name":"wp","href":"https:\/\/api.w.org\/{rel}","templated":true}]}}