{"id":22907,"date":"2022-12-22T11:09:20","date_gmt":"2022-12-22T10:09:20","guid":{"rendered":"https:\/\/calviadeportes.com\/transit\/"},"modified":"2025-12-11T10:01:37","modified_gmt":"2025-12-11T09:01:37","slug":"transit","status":"publish","type":"page","link":"https:\/\/calviadeportes.com\/ca\/transit\/","title":{"rendered":"Tr\u00e0nsit"},"content":{"rendered":"\t\t<div class=\"sep-text single centered\">\n\t\t\t\t\t\t\t<span class=\"sep-text-before\"><div class=\"sep-text-line\"><\/div><\/span>\n\t\t\t\t\t\t<div class=\"content\">\n\t\t\t\t<h2 class=\"text-divider-double\">\nTALLS DE TRANSIT I RESTRICCIONS D\u2019APARCAMENT<\/h2>\t\t\t<\/div>\n\t\t\t<span class=\"sep-text-after\"><div class=\"sep-text-line\"><\/div><\/span>\n\t\t\t\t\t<\/div>\n\t\n<div class=\"wpv-accordion-wrapper wpv-accordion-1\"><ul class=\"wpv-accordion\" data-collapsible=\"false\"><li class=\"pane-wrapper\" style=\"\">\n\t\t\t\t\t<h4 class=\"tab\"><div class=\"inner\">HIDROBAL SANT SILVESTRE CALVIANERA 2025 &#8211; TALLS DE TRANSIT I RESTRICCIONS D&#8217;APARCAMENT<\/div><\/h4>\n\t\t\t\t\t<div class=\"pane\"><div class=\"inner\"><h3 style=\"text-align: center;\"><strong>TALLS DE TRANSIT I RESTRICCIONS D&#8217;APARCAMENT A CAUSA DE LA CELEBRACI\u00d3 DE LA HIDROBAL SANT SILVESTRE CALVIANERA 2025<\/strong><\/h3>\n<h3><span style=\"color: #ff0000;\"><strong>Dia: 31 de desembre de 2025<\/strong><\/span><\/h3>\n<h3><strong style=\"color: #ff0000; font-family: -apple-system, BlinkMacSystemFont, 'Segoe UI', Roboto, Oxygen-Sans, Ubuntu, Cantarell, 'Helvetica Neue', sans-serif;\">Zones especialment afectades: Magaluf i Palmanova<\/strong><\/h3>\n<p>El pr\u00f2xim Dimarts 31 de desembre de 2025 tindr\u00e0 lloc la X edici\u00f3 de la <a href=\"https:\/\/www.elitechip.net\/index.php?zwshow=compdet&amp;idcomp=7011787\">HIDROBAL SANT SILVESTRE CALVIANERA<\/a>, la carrera de 6,7 km que es disputa entre Magaluf i Palmanova i serveix per a acomiadar l&#8217;any a Calvi\u00e0. La sortida de la carrera ser\u00e0 a les 17 h des de la pista d&#8217;atletisme de Magaluf i acabar\u00e0 en el mateix punt.<\/p>\n<p>Amb l&#8217;objectiu de minimitzar les mol\u00e8sties de tr\u00e0nsit i aparcament que aquesta prova esportiva genera, aqu\u00ed t&#8217;indicam les restriccions d&#8217;aparcament i de tr\u00e0nsit en MAGALUF i PALMANOVA durant el dia de disputa de la prova.<\/p>\n<h3><strong>TALLS DE TR\u00c0NSIT PREVISTOS:<\/strong><\/h3>\n<p><span style=\"color: #ff0000;\"><strong><span style=\"color: #ff0000;\">Des de les 16.00 h fins a les 19 h <\/span><\/strong><\/span>de l&#8217;horabaixa a les zones de Palmanova i Magaluf, als carrers detallats a continuaci\u00f3.<\/p>\n<h3><strong>RESTRICCIONS D&#8217;APARCAMIENT<\/strong><\/h3>\n<p><span style=\"color: #ff0000;\"><strong>Des de les 12 del mat\u00ed fins a les 19 h del dia 31 de desembre<\/strong><\/span> a les zones de Palmanova i Magaluf, als carrers detallats a continuaci\u00f3.<\/p>\n<h3><strong>CARRERS TALLATS AL TR\u00c0NSIT I AMB RESTRICCIONS D&#8217;APARCAMENT:<\/strong><\/h3>\n<p>C. Mi\u00f1o &#8211; Avda. S&#8217;Olivera (Direcci\u00f3 Palma)\u00a0 &#8211; Avda. Ca&#8217;s Saboners (Direcci\u00f3 Palma) &#8211; C. Miquel dels Sants Oliver &#8211; Avda. de la Platja &#8211; Passeig de la Mar &#8211; C. Duc d&#8217;Estremera &#8211; Avda. Son Maties &#8211; Avda. Pere Vaquer Ramis &#8211; Avda. Magaluf &#8211; Rodona Foners &#8211; Cam\u00ed de Sa Porrassa &#8211; Avda. Les Palmeres &#8211; C. Gali\u00f3.<\/p>\n<div class=\"push\" style='height:30px'><\/div>\n<p><iframe loading=\"lazy\" class=\"alltrails\" title=\"AllTrails: Trail Guides and Maps for Hiking, Camping, and Running\" src=\"https:\/\/www.alltrails.com\/es\/widget\/map\/hidrobal-sant-silvestre-calvianera-2022-70a3211?u=m\" width=\"100%\" height=\"800\" frameborder=\"0\" marginwidth=\"0\" marginheight=\"0\" scrolling=\"no\"><\/iframe><\/p>\n<div class=\"push\" style='height:30px'><\/div>\n<p>Mas informaci\u00f3n e inscripciones en esta web:<\/p>\n<p><a href=\"https:\/\/www.elitechip.net\/index.php?zwshow=compdet&#038;idcomp=7011558&#038;zwlng=es\" rel=\"nofollow\">https:\/\/www.elitechip.net\/index.php?zwshow=compdet&#038;idcomp=7011558&#038;zwlng=es<\/a><\/div><\/div>\n\t\t\t\t\t<\/li><\/ul><style>.wpv-accordion-1 .tab .inner { background-color: #e32e33; color: #ffffff; }<\/style><\/div>\n<div class=\"push\" style='height:30px'><\/div>\n","protected":false},"excerpt":{"rendered":"","protected":false},"author":75162113,"featured_media":22435,"parent":0,"menu_order":0,"comment_status":"closed","ping_status":"closed","template":"","meta":{"_coblocks_attr":"","_coblocks_dimensions":"","_coblocks_responsive_height":"","_coblocks_accordion_ie_support":"","_crdt_document":"","jetpack_post_was_ever_published":false,"footnotes":""},"class_list":["post-22907","page","type-page","status-publish","has-post-thumbnail","hentry"],"yoast_head":"<!-- This site is optimized with the Yoast SEO plugin v27.2 - https:\/\/yoast.com\/product\/yoast-seo-wordpress\/ -->\n<title>Tr\u00e0nsit i aparcament Sant Silvestre Calvianera de 2023. 31\/12\/23<\/title>\n<meta name=\"description\" content=\"Tr\u00e0nsit i aparcament Sant Silvestre Calvianera de 2023. 31\/12\/23. Els talls es centraran a les zones de Magaluf i Palmanova.\" \/>\n<meta name=\"robots\" content=\"index, follow, max-snippet:-1, max-image-preview:large, max-video-preview:-1\" \/>\n<link rel=\"canonical\" href=\"https:\/\/calviadeportes.com\/ca\/transit\/\" \/>\n<meta property=\"og:locale\" content=\"ca_ES\" \/>\n<meta property=\"og:type\" content=\"article\" \/>\n<meta property=\"og:title\" content=\"Tr\u00e0nsit i aparcament Sant Silvestre Calvianera de 2023. 31\/12\/23\" \/>\n<meta property=\"og:description\" content=\"Tr\u00e0nsit i aparcament Sant Silvestre Calvianera de 2023. 31\/12\/23. Els talls es centraran a les zones de Magaluf i Palmanova.\" \/>\n<meta property=\"og:url\" content=\"https:\/\/calviadeportes.com\/ca\/transit\/\" \/>\n<meta property=\"og:site_name\" content=\"Calvi\u00e0 esports\" \/>\n<meta property=\"article:modified_time\" content=\"2025-12-11T09:01:37+00:00\" \/>\n<meta property=\"og:image\" content=\"https:\/\/calviadeportes.com\/wp-content\/uploads\/2022\/11\/noticias-ice.png\" \/>\n\t<meta property=\"og:image:width\" content=\"800\" \/>\n\t<meta property=\"og:image:height\" content=\"800\" \/>\n\t<meta property=\"og:image:type\" content=\"image\/png\" \/>\n<meta name=\"twitter:card\" content=\"summary_large_image\" \/>\n<meta name=\"twitter:label1\" content=\"Temps estimat de lectura\" \/>\n\t<meta name=\"twitter:data1\" content=\"2 minuts\" \/>\n<script type=\"application\/ld+json\" class=\"yoast-schema-graph\">{\"@context\":\"https:\/\/schema.org\",\"@graph\":[{\"@type\":\"WebPage\",\"@id\":\"https:\/\/calviadeportes.com\/ca\/transit\/\",\"url\":\"https:\/\/calviadeportes.com\/ca\/transit\/\",\"name\":\"Tr\u00e0nsit i aparcament Sant Silvestre Calvianera de 2023. 31\/12\/23\",\"isPartOf\":{\"@id\":\"https:\/\/calviadeportes.com\/ca\/#website\"},\"primaryImageOfPage\":{\"@id\":\"https:\/\/calviadeportes.com\/ca\/transit\/#primaryimage\"},\"image\":{\"@id\":\"https:\/\/calviadeportes.com\/ca\/transit\/#primaryimage\"},\"thumbnailUrl\":\"https:\/\/i0.wp.com\/calviadeportes.com\/wp-content\/uploads\/2022\/11\/noticias-ice.png?fit=800%2C800&ssl=1\",\"datePublished\":\"2022-12-22T10:09:20+00:00\",\"dateModified\":\"2025-12-11T09:01:37+00:00\",\"description\":\"Tr\u00e0nsit i aparcament Sant Silvestre Calvianera de 2023. 31\/12\/23. Els talls es centraran a les zones de Magaluf i Palmanova.\",\"breadcrumb\":{\"@id\":\"https:\/\/calviadeportes.com\/ca\/transit\/#breadcrumb\"},\"inLanguage\":\"ca\",\"potentialAction\":[{\"@type\":\"ReadAction\",\"target\":[\"https:\/\/calviadeportes.com\/ca\/transit\/\"]}]},{\"@type\":\"ImageObject\",\"inLanguage\":\"ca\",\"@id\":\"https:\/\/calviadeportes.com\/ca\/transit\/#primaryimage\",\"url\":\"https:\/\/i0.wp.com\/calviadeportes.com\/wp-content\/uploads\/2022\/11\/noticias-ice.png?fit=800%2C800&ssl=1\",\"contentUrl\":\"https:\/\/i0.wp.com\/calviadeportes.com\/wp-content\/uploads\/2022\/11\/noticias-ice.png?fit=800%2C800&ssl=1\",\"width\":800,\"height\":800},{\"@type\":\"BreadcrumbList\",\"@id\":\"https:\/\/calviadeportes.com\/ca\/transit\/#breadcrumb\",\"itemListElement\":[{\"@type\":\"ListItem\",\"position\":1,\"name\":\"Portada\",\"item\":\"https:\/\/calviadeportes.com\/ca\/\"},{\"@type\":\"ListItem\",\"position\":2,\"name\":\"Tr\u00e0nsit\"}]},{\"@type\":\"WebSite\",\"@id\":\"https:\/\/calviadeportes.com\/ca\/#website\",\"url\":\"https:\/\/calviadeportes.com\/ca\/\",\"name\":\"Calvi\u00e0 esports\",\"description\":\"ICE Calvi\u00e0 | Ayuntamiento de Calvi\u00e0\",\"potentialAction\":[{\"@type\":\"SearchAction\",\"target\":{\"@type\":\"EntryPoint\",\"urlTemplate\":\"https:\/\/calviadeportes.com\/ca\/?s={search_term_string}\"},\"query-input\":{\"@type\":\"PropertyValueSpecification\",\"valueRequired\":true,\"valueName\":\"search_term_string\"}}],\"inLanguage\":\"ca\"}]}<\/script>\n<!-- \/ Yoast SEO plugin. -->","yoast_head_json":{"title":"Tr\u00e0nsit i aparcament Sant Silvestre Calvianera de 2023. 31\/12\/23","description":"Tr\u00e0nsit i aparcament Sant Silvestre Calvianera de 2023. 31\/12\/23. Els talls es centraran a les zones de Magaluf i Palmanova.","robots":{"index":"index","follow":"follow","max-snippet":"max-snippet:-1","max-image-preview":"max-image-preview:large","max-video-preview":"max-video-preview:-1"},"canonical":"https:\/\/calviadeportes.com\/ca\/transit\/","og_locale":"ca_ES","og_type":"article","og_title":"Tr\u00e0nsit i aparcament Sant Silvestre Calvianera de 2023. 31\/12\/23","og_description":"Tr\u00e0nsit i aparcament Sant Silvestre Calvianera de 2023. 31\/12\/23. Els talls es centraran a les zones de Magaluf i Palmanova.","og_url":"https:\/\/calviadeportes.com\/ca\/transit\/","og_site_name":"Calvi\u00e0 esports","article_modified_time":"2025-12-11T09:01:37+00:00","og_image":[{"width":800,"height":800,"url":"https:\/\/calviadeportes.com\/wp-content\/uploads\/2022\/11\/noticias-ice.png","type":"image\/png"}],"twitter_card":"summary_large_image","twitter_misc":{"Temps estimat de lectura":"2 minuts"},"schema":{"@context":"https:\/\/schema.org","@graph":[{"@type":"WebPage","@id":"https:\/\/calviadeportes.com\/ca\/transit\/","url":"https:\/\/calviadeportes.com\/ca\/transit\/","name":"Tr\u00e0nsit i aparcament Sant Silvestre Calvianera de 2023. 31\/12\/23","isPartOf":{"@id":"https:\/\/calviadeportes.com\/ca\/#website"},"primaryImageOfPage":{"@id":"https:\/\/calviadeportes.com\/ca\/transit\/#primaryimage"},"image":{"@id":"https:\/\/calviadeportes.com\/ca\/transit\/#primaryimage"},"thumbnailUrl":"https:\/\/i0.wp.com\/calviadeportes.com\/wp-content\/uploads\/2022\/11\/noticias-ice.png?fit=800%2C800&ssl=1","datePublished":"2022-12-22T10:09:20+00:00","dateModified":"2025-12-11T09:01:37+00:00","description":"Tr\u00e0nsit i aparcament Sant Silvestre Calvianera de 2023. 31\/12\/23. Els talls es centraran a les zones de Magaluf i Palmanova.","breadcrumb":{"@id":"https:\/\/calviadeportes.com\/ca\/transit\/#breadcrumb"},"inLanguage":"ca","potentialAction":[{"@type":"ReadAction","target":["https:\/\/calviadeportes.com\/ca\/transit\/"]}]},{"@type":"ImageObject","inLanguage":"ca","@id":"https:\/\/calviadeportes.com\/ca\/transit\/#primaryimage","url":"https:\/\/i0.wp.com\/calviadeportes.com\/wp-content\/uploads\/2022\/11\/noticias-ice.png?fit=800%2C800&ssl=1","contentUrl":"https:\/\/i0.wp.com\/calviadeportes.com\/wp-content\/uploads\/2022\/11\/noticias-ice.png?fit=800%2C800&ssl=1","width":800,"height":800},{"@type":"BreadcrumbList","@id":"https:\/\/calviadeportes.com\/ca\/transit\/#breadcrumb","itemListElement":[{"@type":"ListItem","position":1,"name":"Portada","item":"https:\/\/calviadeportes.com\/ca\/"},{"@type":"ListItem","position":2,"name":"Tr\u00e0nsit"}]},{"@type":"WebSite","@id":"https:\/\/calviadeportes.com\/ca\/#website","url":"https:\/\/calviadeportes.com\/ca\/","name":"Calvi\u00e0 esports","description":"ICE Calvi\u00e0 | Ayuntamiento de Calvi\u00e0","potentialAction":[{"@type":"SearchAction","target":{"@type":"EntryPoint","urlTemplate":"https:\/\/calviadeportes.com\/ca\/?s={search_term_string}"},"query-input":{"@type":"PropertyValueSpecification","valueRequired":true,"valueName":"search_term_string"}}],"inLanguage":"ca"}]}},"jetpack_likes_enabled":true,"jetpack_sharing_enabled":true,"jetpack_shortlink":"https:\/\/wp.me\/PckSre-5Xt","_links":{"self":[{"href":"https:\/\/calviadeportes.com\/ca\/wp-json\/wp\/v2\/pages\/22907","targetHints":{"allow":["GET"]}}],"collection":[{"href":"https:\/\/calviadeportes.com\/ca\/wp-json\/wp\/v2\/pages"}],"about":[{"href":"https:\/\/calviadeportes.com\/ca\/wp-json\/wp\/v2\/types\/page"}],"author":[{"embeddable":true,"href":"https:\/\/calviadeportes.com\/ca\/wp-json\/wp\/v2\/users\/75162113"}],"replies":[{"embeddable":true,"href":"https:\/\/calviadeportes.com\/ca\/wp-json\/wp\/v2\/comments?post=22907"}],"version-history":[{"count":37,"href":"https:\/\/calviadeportes.com\/ca\/wp-json\/wp\/v2\/pages\/22907\/revisions"}],"predecessor-version":[{"id":31976,"href":"https:\/\/calviadeportes.com\/ca\/wp-json\/wp\/v2\/pages\/22907\/revisions\/31976"}],"wp:featuredmedia":[{"embeddable":true,"href":"https:\/\/calviadeportes.com\/ca\/wp-json\/wp\/v2\/media\/22435"}],"wp:attachment":[{"href":"https:\/\/calviadeportes.com\/ca\/wp-json\/wp\/v2\/media?parent=22907"}],"curies":[{"name":"wp","href":"https:\/\/api.w.org\/{rel}","templated":true}]}}