{"id":21068,"date":"2022-05-05T14:14:00","date_gmt":"2022-05-05T12:14:00","guid":{"rendered":"https:\/\/calviadeportes.com\/?page_id=21068"},"modified":"2025-05-07T07:56:26","modified_gmt":"2025-05-07T05:56:26","slug":"campus-esportiu-destiu-calvia","status":"publish","type":"page","link":"https:\/\/calviadeportes.com\/ca\/campus-esportiu-destiu-calvia\/","title":{"rendered":"CAMPUS L\u00daDIC ESPORTIU D&#8217;ESTIU &#8211; CALVI\u00c0"},"content":{"rendered":"\t\t<div class=\"sep-text single centered\">\n\t\t\t\t\t\t\t<span class=\"sep-text-before\"><div class=\"sep-text-line\"><\/div><\/span>\n\t\t\t\t\t\t<div class=\"content\">\n\t\t\t\t\n<h2>CAMPUS L\u00daDIC ESPORTIU D&#8217;ESTIU &#8211; CALVI\u00c0 2025<\/h2>\n\t\t\t<\/div>\n\t\t\t<span class=\"sep-text-after\"><div class=\"sep-text-line\"><\/div><\/span>\n\t\t\t\t\t<\/div>\n\t\n<div>\n<div>\n<p dir=\"ltr\">El Campus l\u00fadic esportiu d\u2019estiu \u2013 Calvi\u00e0 2025 organitzat per l\u2019ICE facilita a nines i nins de Calvi\u00e0 d\u2019entre 3 i 14 anys desenvolupar el seu oci i continuar formant-se a trav\u00e9s d\u2019activitats l\u00fadic-esportives i tallers durant els mesos d\u2019estiu.<\/p>\n<h3 dir=\"ltr\" style=\"color: #ff0000;\"><strong>OBERTURA DE PREINSCRIPCIONS: Maig 2025<\/strong><\/h3>\n<p>Accedeix a la preinscripci\u00f3 del Campus d&#8217;estiu Calvi\u00e0 2025.<\/p>\n<a href=\"https:\/\/docs.google.com\/forms\/d\/e\/1FAIpQLSe3F7yCrsNU3Cl0wxjLeBOjhPj7stcrrF6NTGWk_xNdF2vLGQ\/viewform\" target=\"_blank\" style='font-size: 14px;' class=\"button vamtam-button accent1  button-filled hover-accent2 \"><span class=\"btext\">PREINSCRIPCIONS<\/span><\/a>\n<\/div>\n<\/div>\n<div class=\"row \"><div class=\"wpv-grid grid-1-2  wpv-first-level first unextended\" style=\"padding-top:0px;padding-bottom:0px\" id=\"wpv-column-e4c7be787ef8b19cc9218eea31edc253\" ><div class=\"wpv-accordion-wrapper wpv-accordion-1\"><ul class=\"wpv-accordion\" data-collapsible=\"false\"><li class=\"pane-wrapper\" style=\"\">\n\t\t\t\t\t<h4 class=\"tab\"><div class=\"inner\">OBJECTIUS <\/div><\/h4>\n\t\t\t\t\t<div class=\"pane\"><div class=\"inner\"><ul>\n<li>\n<div>Garantir un entorn saludable, segur, protegit i respectu\u00f3s perqu\u00e8 els nins i nines desenvolupin el seu lleure i puguin divertir-se, crear amistats i sentir emocions positives.<\/div>\n<\/li>\n<li>\n<div>Contribuir al proc\u00e9s formatiu i al desenvolupament integral de les nines i nins a trav\u00e9s de jocs i activitats esportives.<\/div>\n<\/li>\n<li>\n<div>Educar en la millora de la salut mitjan\u00e7ant la promoci\u00f3 d&#8217;h\u00e0bits de vida saludable.<\/div>\n<\/li>\n<li>\n<div>Desenvolupar un ampli ventall d&#8217;activitats per potenciar les habilitats motrius.<\/div>\n<\/li>\n<\/ul><\/div><\/div>\n\t\t\t\t\t<\/li><\/ul><style>.wpv-accordion-1 .tab .inner { background-color: #e32e33; color: #ffffff; }<\/style><\/div><\/div>\n<div class=\"wpv-grid grid-1-2  wpv-first-level unextended\" style=\"padding-top:0px;padding-bottom:0px\" id=\"wpv-column-a72e5a8026ed3e286494f3c7d26c6626\" ><div class=\"wpv-accordion-wrapper wpv-accordion-2\"><ul class=\"wpv-accordion\" data-collapsible=\"false\"><li class=\"pane-wrapper\" style=\"\">\n\t\t\t\t\t<h4 class=\"tab\"><div class=\"inner\">ACTIVITATS<\/div><\/h4>\n\t\t\t\t\t<div class=\"pane\"><div class=\"inner\"><ul>\n<li>\n<div>Activitats art\u00edstiques i expressives.<\/div>\n<\/li>\n<li>\n<div>Activitats d&#8217;adaptaci\u00f3 a l&#8217;entorn.<\/div>\n<\/li>\n<li>\n<div>Jocs i activitats recreatives.<\/div>\n<\/li>\n<li>\n<div>Activitats esportives: esports d&#8217;equip, esports individuals i esports de contacte.<\/div>\n<\/li>\n<li>\n<div>Activitats aqu\u00e0tiques: nataci\u00f3 recreativa i utilit\u00e0ria.<\/div>\n<\/li>\n<li>\n<div>Excursions i sortides quinzenals.<\/div>\n<\/li>\n<\/ul><\/div><\/div>\n\t\t\t\t\t<\/li><\/ul><style>.wpv-accordion-2 .tab .inner { background-color: #e32e33; color: #ffffff; }<\/style><\/div><\/div><\/div>\n<p dir=\"ltr\"><b>El Campus l\u00fadic esportiu d\u2019estiu \u2013 Calvi\u00e0 2025 tamb\u00e9 oferir\u00e0 servei de menjador i activitats l\u00fadiques de mat\u00ed i de tarda:<\/b><\/p>\n<div>\n<div>\n<ul>\n<li>\n<div><b>Places limitade<\/b><span style=\"color: #000000;\"><b>s<\/b>: 100 participants<\/span><\/div>\n<\/li>\n<li>\n<div><b>Dates<\/b>: del 23 de juny al 9 de septembre de 2025 amb possibilitat d\u2019 inscripci\u00f3 per mesos, setmanes o dies solts.<\/div>\n<\/li>\n<li>\n<div><b>Horaris del campus<\/b>: de 09:00 a 14:00 hores.<\/div>\n<\/li>\n<li>\n<div><b>Servei de menjador<\/b>: de 14.00 a 15.30 i la gu\u00e0rdia de tarda de 15.30 a 17.00 (al bar del Poliesportiu de Magaluf)<\/div>\n<\/li>\n<li>\n<div><b>Horaris de les activitats l\u00fadiques<\/b>: de 07:30 a 09:00 i de 15:30 a 17:00.<\/div>\n<\/li>\n<li>\n<div><b>Preus del campus<\/b> (09:00 a 14:00 hores):<\/div>\n<\/li>\n<\/ul>\n<div>\n<div dir=\"ltr\" align=\"left\">\n<table>\n<colgroup>\n<col width=\"125\" \/>\n<col width=\"199\" \/>\n<col width=\"205\" \/><\/colgroup>\n<tbody>\n<tr>\n<td colspan=\"3\">\n<h4 dir=\"ltr\"><b>PREUS CAMPUS L\u00daDIC ESPORTIU D&#8217;ESTIU<\/b><\/h4>\n<\/td>\n<\/tr>\n<tr>\n<td>\n<p dir=\"ltr\">MES<\/p>\n<\/td>\n<td>\n<p dir=\"ltr\">RESIDENT \/ MES<\/p>\n<\/td>\n<td>\n<p dir=\"ltr\">RESIDENT \/ DIA<\/p>\n<\/td>\n<\/tr>\n<tr>\n<td>\n<p dir=\"ltr\">JUNY<\/p>\n<\/td>\n<td>\n<p dir=\"ltr\">51,60\u20ac \/ del 23 a 30<\/p>\n<\/td>\n<td>\n<p dir=\"ltr\">8,60\u20ac \/ dia<\/p>\n<\/td>\n<\/tr>\n<tr>\n<td>\n<p dir=\"ltr\">JULIOL<\/p>\n<\/td>\n<td>\n<p dir=\"ltr\">185,00\u20ac \/ mes<\/p>\n<\/td>\n<td>\n<p dir=\"ltr\">8,60\u20ac \/ dia<\/p>\n<\/td>\n<\/tr>\n<tr>\n<td>\n<p dir=\"ltr\">AGOST<\/p>\n<\/td>\n<td>\n<p dir=\"ltr\">185,00\u20ac \/ mes<\/p>\n<\/td>\n<td>\n<p dir=\"ltr\">8,60\u20ac \/ dia<\/p>\n<\/td>\n<\/tr>\n<tr>\n<td>\n<p dir=\"ltr\">SETEMBRE<\/p>\n<\/td>\n<td>\n<p dir=\"ltr\">60,20\u20ac \/ del 1 al 10<\/p>\n<\/td>\n<td>\n<p dir=\"ltr\">8,60\u20ac \/ dia<\/p>\n<\/td>\n<\/tr>\n<\/tbody>\n<\/table>\n<\/div>\n<\/div>\n<\/div>\n<div>\n<ul>\n<li>\n<div><b>Preus de les activitats l\u00fadiques de mat\u00ed i de tarda:<\/b><\/div>\n<\/li>\n<\/ul>\n<div dir=\"ltr\" align=\"left\">\n<table>\n<colgroup>\n<col width=\"192\" \/>\n<col width=\"170\" \/>\n<col width=\"171\" \/><\/colgroup>\n<tbody>\n<tr>\n<td>\n<h4 dir=\"ltr\"><b>TIPUS D&#8217;INSCRIPCI\u00d3<\/b><\/h4>\n<\/td>\n<td colspan=\"2\">\n<h4 dir=\"ltr\"><strong>PRECIO<\/strong><strong>\u00a0RESIDENTES<\/strong><\/h4>\n<\/td>\n<\/tr>\n<tr>\n<td><\/td>\n<td><b>ACTIVITATS L\u00daDIQUES DE MAT\u00cd: 07:30 &#8211; 09:00h<\/b><\/td>\n<td><strong>ACTIVITATS L\u00daDIQUES DE TARDA: 15:30 &#8211; 17:00h<\/strong><\/td>\n<\/tr>\n<\/tbody>\n<\/table>\n<\/div>\n<div>\n<p><span id=\"m_8977385840077482499gmail-docs-internal-guid-2461680f-7fff-8690-0c9e-c984d07be6cd\"><\/span>&#8211; <b>No residents<\/b>: el preu per a persones no residents s&#8217;incrementar\u00e0 un 20% sobre el preu final per a residents.<\/p>\n<\/div>\n<div>&#8211;\u00a0<b>Fam\u00edlies\u00a0nombroses i fam\u00edlies\u00a0monoparentals<\/b>: les fam\u00edlies nombroses i les fam\u00edlies monoparentals acreditades corresponentment gaudiran d&#8217;un descompte del 15% sobre el preu final d&#8217;inscripci\u00f3 o del 20% en el cas de matricular m\u00e9s d&#8217;un nombre.<\/div>\n<div>&#8211;\u00a0<b>Fam\u00edlies amb dos membres inscrits al campus<\/b>: les fam\u00edlies amb m\u00e9s d&#8217;un membre inscrit gaudiran d&#8217;un descompte del 5% sobre el preu final d&#8217;inscripci\u00f3.&#8221;<\/div>\n<\/div>\n<\/div>\n<div class=\"push\" style='height:57px'><\/div>\n<div class=\"row \"><div class=\"wpv-grid grid-1-2  wpv-first-level first unextended\" style=\"padding-top:0px;padding-bottom:0px\" id=\"wpv-column-8ad6607aeff89041ccbc98d9763c3134\" ><div dir=\"ltr\"><\/div><\/div>\n<div class=\"wpv-grid grid-1-2  wpv-first-level unextended\" style=\"padding-top:0px;padding-bottom:0px\" id=\"wpv-column-8ef310b8335bf6099d22e2cd0ce43f20\" ><\/div><\/div>\n","protected":false},"excerpt":{"rendered":"<p>El Campus l\u00fadic esportiu d\u2019estiu \u2013 Calvi\u00e0 2025 organitzat per l\u2019ICE facilita a nines i nins de Calvi\u00e0 d\u2019entre 3 i 14 anys desenvolupar el seu oci i continuar formant-se&#8230;<\/p>\n","protected":false},"author":75162113,"featured_media":21113,"parent":0,"menu_order":0,"comment_status":"closed","ping_status":"closed","template":"","meta":{"_coblocks_attr":"","_coblocks_dimensions":"","_coblocks_responsive_height":"","_coblocks_accordion_ie_support":"","_crdt_document":"","jetpack_post_was_ever_published":true,"footnotes":""},"class_list":["post-21068","page","type-page","status-publish","has-post-thumbnail","hentry"],"yoast_head":"<!-- This site is optimized with the Yoast SEO plugin v27.1.1 - https:\/\/yoast.com\/product\/yoast-seo-wordpress\/ -->\n<title>CAMPUS L\u00daDIC ESPORTIU D&#039;ESTIU CALVI\u00c0<\/title>\n<meta name=\"description\" content=\"El Campus l\u00fadic esportiu d&#039;estiu - Calvi\u00e0 organitzat per l&#039;ICE\" \/>\n<meta name=\"robots\" content=\"index, follow, max-snippet:-1, max-image-preview:large, max-video-preview:-1\" \/>\n<link rel=\"canonical\" href=\"https:\/\/calviadeportes.com\/ca\/campus-esportiu-destiu-calvia\/\" \/>\n<meta property=\"og:locale\" content=\"ca_ES\" \/>\n<meta property=\"og:type\" content=\"article\" \/>\n<meta property=\"og:title\" content=\"CAMPUS L\u00daDIC ESPORTIU D&#039;ESTIU CALVI\u00c0\" \/>\n<meta property=\"og:description\" content=\"El Campus l\u00fadic esportiu d&#039;estiu - Calvi\u00e0 organitzat per l&#039;ICE\" \/>\n<meta property=\"og:url\" content=\"https:\/\/calviadeportes.com\/ca\/campus-esportiu-destiu-calvia\/\" \/>\n<meta property=\"og:site_name\" content=\"Calvi\u00e0 esports\" \/>\n<meta property=\"article:modified_time\" content=\"2025-05-07T05:56:26+00:00\" \/>\n<meta property=\"og:image\" content=\"https:\/\/calviadeportes.com\/wp-content\/uploads\/2022\/05\/Campus-DIADA-DE-ATLETISMO-Calvia\u0300-deportes-.jpg\" \/>\n\t<meta property=\"og:image:width\" content=\"1181\" \/>\n\t<meta property=\"og:image:height\" content=\"497\" \/>\n\t<meta property=\"og:image:type\" content=\"image\/jpeg\" \/>\n<meta name=\"twitter:card\" content=\"summary_large_image\" \/>\n<meta name=\"twitter:label1\" content=\"Temps estimat de lectura\" \/>\n\t<meta name=\"twitter:data1\" content=\"3 minuts\" \/>\n<script type=\"application\/ld+json\" class=\"yoast-schema-graph\">{\"@context\":\"https:\/\/schema.org\",\"@graph\":[{\"@type\":\"WebPage\",\"@id\":\"https:\/\/calviadeportes.com\/ca\/campus-esportiu-destiu-calvia\/\",\"url\":\"https:\/\/calviadeportes.com\/ca\/campus-esportiu-destiu-calvia\/\",\"name\":\"CAMPUS L\u00daDIC ESPORTIU D'ESTIU CALVI\u00c0\",\"isPartOf\":{\"@id\":\"https:\/\/calviadeportes.com\/ca\/#website\"},\"primaryImageOfPage\":{\"@id\":\"https:\/\/calviadeportes.com\/ca\/campus-esportiu-destiu-calvia\/#primaryimage\"},\"image\":{\"@id\":\"https:\/\/calviadeportes.com\/ca\/campus-esportiu-destiu-calvia\/#primaryimage\"},\"thumbnailUrl\":\"https:\/\/i0.wp.com\/calviadeportes.com\/wp-content\/uploads\/2022\/05\/Campus-DIADA-DE-ATLETISMO-Calvia%CC%80-deportes-.jpg?fit=1181%2C497&ssl=1\",\"datePublished\":\"2022-05-05T12:14:00+00:00\",\"dateModified\":\"2025-05-07T05:56:26+00:00\",\"description\":\"El Campus l\u00fadic esportiu d'estiu - Calvi\u00e0 organitzat per l'ICE\",\"breadcrumb\":{\"@id\":\"https:\/\/calviadeportes.com\/ca\/campus-esportiu-destiu-calvia\/#breadcrumb\"},\"inLanguage\":\"ca\",\"potentialAction\":[{\"@type\":\"ReadAction\",\"target\":[\"https:\/\/calviadeportes.com\/ca\/campus-esportiu-destiu-calvia\/\"]}]},{\"@type\":\"ImageObject\",\"inLanguage\":\"ca\",\"@id\":\"https:\/\/calviadeportes.com\/ca\/campus-esportiu-destiu-calvia\/#primaryimage\",\"url\":\"https:\/\/i0.wp.com\/calviadeportes.com\/wp-content\/uploads\/2022\/05\/Campus-DIADA-DE-ATLETISMO-Calvia%CC%80-deportes-.jpg?fit=1181%2C497&ssl=1\",\"contentUrl\":\"https:\/\/i0.wp.com\/calviadeportes.com\/wp-content\/uploads\/2022\/05\/Campus-DIADA-DE-ATLETISMO-Calvia%CC%80-deportes-.jpg?fit=1181%2C497&ssl=1\",\"width\":1181,\"height\":497},{\"@type\":\"BreadcrumbList\",\"@id\":\"https:\/\/calviadeportes.com\/ca\/campus-esportiu-destiu-calvia\/#breadcrumb\",\"itemListElement\":[{\"@type\":\"ListItem\",\"position\":1,\"name\":\"Portada\",\"item\":\"https:\/\/calviadeportes.com\/ca\/\"},{\"@type\":\"ListItem\",\"position\":2,\"name\":\"CAMPUS L\u00daDIC ESPORTIU D&#8217;ESTIU &#8211; CALVI\u00c0\"}]},{\"@type\":\"WebSite\",\"@id\":\"https:\/\/calviadeportes.com\/ca\/#website\",\"url\":\"https:\/\/calviadeportes.com\/ca\/\",\"name\":\"Calvi\u00e0 esports\",\"description\":\"ICE Calvi\u00e0 | Ayuntamiento de Calvi\u00e0\",\"potentialAction\":[{\"@type\":\"SearchAction\",\"target\":{\"@type\":\"EntryPoint\",\"urlTemplate\":\"https:\/\/calviadeportes.com\/ca\/?s={search_term_string}\"},\"query-input\":{\"@type\":\"PropertyValueSpecification\",\"valueRequired\":true,\"valueName\":\"search_term_string\"}}],\"inLanguage\":\"ca\"}]}<\/script>\n<!-- \/ Yoast SEO plugin. -->","yoast_head_json":{"title":"CAMPUS L\u00daDIC ESPORTIU D'ESTIU CALVI\u00c0","description":"El Campus l\u00fadic esportiu d'estiu - Calvi\u00e0 organitzat per l'ICE","robots":{"index":"index","follow":"follow","max-snippet":"max-snippet:-1","max-image-preview":"max-image-preview:large","max-video-preview":"max-video-preview:-1"},"canonical":"https:\/\/calviadeportes.com\/ca\/campus-esportiu-destiu-calvia\/","og_locale":"ca_ES","og_type":"article","og_title":"CAMPUS L\u00daDIC ESPORTIU D'ESTIU CALVI\u00c0","og_description":"El Campus l\u00fadic esportiu d'estiu - Calvi\u00e0 organitzat per l'ICE","og_url":"https:\/\/calviadeportes.com\/ca\/campus-esportiu-destiu-calvia\/","og_site_name":"Calvi\u00e0 esports","article_modified_time":"2025-05-07T05:56:26+00:00","og_image":[{"width":1181,"height":497,"url":"https:\/\/calviadeportes.com\/wp-content\/uploads\/2022\/05\/Campus-DIADA-DE-ATLETISMO-Calvia\u0300-deportes-.jpg","type":"image\/jpeg"}],"twitter_card":"summary_large_image","twitter_misc":{"Temps estimat de lectura":"3 minuts"},"schema":{"@context":"https:\/\/schema.org","@graph":[{"@type":"WebPage","@id":"https:\/\/calviadeportes.com\/ca\/campus-esportiu-destiu-calvia\/","url":"https:\/\/calviadeportes.com\/ca\/campus-esportiu-destiu-calvia\/","name":"CAMPUS L\u00daDIC ESPORTIU D'ESTIU CALVI\u00c0","isPartOf":{"@id":"https:\/\/calviadeportes.com\/ca\/#website"},"primaryImageOfPage":{"@id":"https:\/\/calviadeportes.com\/ca\/campus-esportiu-destiu-calvia\/#primaryimage"},"image":{"@id":"https:\/\/calviadeportes.com\/ca\/campus-esportiu-destiu-calvia\/#primaryimage"},"thumbnailUrl":"https:\/\/i0.wp.com\/calviadeportes.com\/wp-content\/uploads\/2022\/05\/Campus-DIADA-DE-ATLETISMO-Calvia%CC%80-deportes-.jpg?fit=1181%2C497&ssl=1","datePublished":"2022-05-05T12:14:00+00:00","dateModified":"2025-05-07T05:56:26+00:00","description":"El Campus l\u00fadic esportiu d'estiu - Calvi\u00e0 organitzat per l'ICE","breadcrumb":{"@id":"https:\/\/calviadeportes.com\/ca\/campus-esportiu-destiu-calvia\/#breadcrumb"},"inLanguage":"ca","potentialAction":[{"@type":"ReadAction","target":["https:\/\/calviadeportes.com\/ca\/campus-esportiu-destiu-calvia\/"]}]},{"@type":"ImageObject","inLanguage":"ca","@id":"https:\/\/calviadeportes.com\/ca\/campus-esportiu-destiu-calvia\/#primaryimage","url":"https:\/\/i0.wp.com\/calviadeportes.com\/wp-content\/uploads\/2022\/05\/Campus-DIADA-DE-ATLETISMO-Calvia%CC%80-deportes-.jpg?fit=1181%2C497&ssl=1","contentUrl":"https:\/\/i0.wp.com\/calviadeportes.com\/wp-content\/uploads\/2022\/05\/Campus-DIADA-DE-ATLETISMO-Calvia%CC%80-deportes-.jpg?fit=1181%2C497&ssl=1","width":1181,"height":497},{"@type":"BreadcrumbList","@id":"https:\/\/calviadeportes.com\/ca\/campus-esportiu-destiu-calvia\/#breadcrumb","itemListElement":[{"@type":"ListItem","position":1,"name":"Portada","item":"https:\/\/calviadeportes.com\/ca\/"},{"@type":"ListItem","position":2,"name":"CAMPUS L\u00daDIC ESPORTIU D&#8217;ESTIU &#8211; CALVI\u00c0"}]},{"@type":"WebSite","@id":"https:\/\/calviadeportes.com\/ca\/#website","url":"https:\/\/calviadeportes.com\/ca\/","name":"Calvi\u00e0 esports","description":"ICE Calvi\u00e0 | Ayuntamiento de Calvi\u00e0","potentialAction":[{"@type":"SearchAction","target":{"@type":"EntryPoint","urlTemplate":"https:\/\/calviadeportes.com\/ca\/?s={search_term_string}"},"query-input":{"@type":"PropertyValueSpecification","valueRequired":true,"valueName":"search_term_string"}}],"inLanguage":"ca"}]}},"jetpack_likes_enabled":false,"jetpack_sharing_enabled":false,"jetpack_shortlink":"https:\/\/wp.me\/PckSre-5tO","_links":{"self":[{"href":"https:\/\/calviadeportes.com\/ca\/wp-json\/wp\/v2\/pages\/21068","targetHints":{"allow":["GET"]}}],"collection":[{"href":"https:\/\/calviadeportes.com\/ca\/wp-json\/wp\/v2\/pages"}],"about":[{"href":"https:\/\/calviadeportes.com\/ca\/wp-json\/wp\/v2\/types\/page"}],"author":[{"embeddable":true,"href":"https:\/\/calviadeportes.com\/ca\/wp-json\/wp\/v2\/users\/75162113"}],"replies":[{"embeddable":true,"href":"https:\/\/calviadeportes.com\/ca\/wp-json\/wp\/v2\/comments?post=21068"}],"version-history":[{"count":35,"href":"https:\/\/calviadeportes.com\/ca\/wp-json\/wp\/v2\/pages\/21068\/revisions"}],"predecessor-version":[{"id":30167,"href":"https:\/\/calviadeportes.com\/ca\/wp-json\/wp\/v2\/pages\/21068\/revisions\/30167"}],"wp:featuredmedia":[{"embeddable":true,"href":"https:\/\/calviadeportes.com\/ca\/wp-json\/wp\/v2\/media\/21113"}],"wp:attachment":[{"href":"https:\/\/calviadeportes.com\/ca\/wp-json\/wp\/v2\/media?parent=21068"}],"curies":[{"name":"wp","href":"https:\/\/api.w.org\/{rel}","templated":true}]}}