{"id":18456,"date":"2021-05-11T13:57:59","date_gmt":"2021-05-11T11:57:59","guid":{"rendered":"https:\/\/calviadeportes.com\/campus-deportivos-de-calvia\/"},"modified":"2025-06-02T12:14:22","modified_gmt":"2025-06-02T10:14:22","slug":"campus-esportius-de-calvia","status":"publish","type":"page","link":"https:\/\/calviadeportes.com\/ca\/campus-esportius-de-calvia\/","title":{"rendered":"Campus esportius de Calvi\u00e0"},"content":{"rendered":"<div class=\"row \"><div class=\"wpv-grid grid-1-1  wpv-first-level first unextended\" style=\"padding-top:0px;padding-bottom:0px\" id=\"wpv-column-238af617ca1cbce58d730b44805f1f81\" ><div class=\"wpv-tabs horizontal\" id=\"tabs-1\"><ul class=\"ui-tabs-nav\"><li><a href=\"#tab-1-0-campus\"> <span class=\"title-text\">CAMPUS<\/span><\/a><\/li><li><a href=\"#tab-1-1-futbol\"> <span class=\"title-text\">F\u00daTBOL<\/span><\/a><\/li><li><a href=\"#tab-1-2-basquet\"> <span class=\"title-text\">B\u00c0SQUET<\/span><\/a><\/li><li><a href=\"#tab-1-3-waterpolo\"> <span class=\"title-text\">WATERPOLO<\/span><\/a><\/li><\/ul><div class=\"pane\" id=\"tab-1-0-campus\"><div class=\"wpv-accordion-wrapper wpv-accordion-1\"><ul class=\"wpv-accordion\" data-collapsible=\"true\"><li class=\"pane-wrapper\" style=\"\">\n\t\t\t\t\t<h4 class=\"tab\"><div class=\"inner\">CAMPUS L\u00daDIC ESPORTIU D&#8217;ESTIU- CALVI\u00c0 2025<\/div><\/h4>\n\t\t\t\t\t<div class=\"pane\"><div class=\"inner\"><a href=\"https:\/\/calviadeportes.com\/ca\/campus-esportiu-destiu-calvia\/\" target=\"_blank\" style='font-size: 14px;' class=\"button vamtam-button accent1  button-filled hover-accent2 \"><span class=\"btext\">M\u00c9S INFORMACI\u00d3<\/span><\/a><\/div><\/div>\n\t\t\t\t\t<\/li><\/ul><style>.wpv-accordion-1 .tab .inner { background-color: #e32e33; color: #ffffff; }<\/style><\/div><\/div><div class=\"pane\" id=\"tab-1-1-futbol\"><div class=\"wpv-accordion-wrapper wpv-accordion-2\"><ul class=\"wpv-accordion\" data-collapsible=\"true\"><li class=\"pane-wrapper\" style=\"\">\n\t\t\t\t\t<h4 class=\"tab\"><div class=\"inner\">CAMPUS DE FUTBOL C.D CALVI\u00c0<\/div><\/h4>\n\t\t\t\t\t<div class=\"pane\"><div class=\"inner\"><div class=\"row \"><div class=\"wpv-grid grid-1-2  first unextended\" style=\"padding-top:0px;padding-bottom:0px\" id=\"wpv-column-2db3742d466221df1054d6b1b72e729a\" ><p><strong>CAMPUS DEL C.D CALVI\u00c0 ( FUTBOL )<\/strong><\/p>\n<p><strong>LLOC:<\/strong> camp de f\u00fatbol de Calvi\u00e0 ( Es Mofares )<br \/>\n<strong>DATES:<\/strong> De L&#8217;1 al 31 de juliol<br \/>\n<strong>HORARIS:<\/strong> De Dilluns a Divendres de 09,00 h a 14,00 h<br \/>\n<strong>CONTACTE:<\/strong> C.D Calvi\u00e0. 663-40.22.05 <a href=\"mailto:cdcalviafutbol@gmail.com\">cdcalviafutbol@gmail.com<\/a><\/div><\/div><\/div><\/div>\n\t\t\t\t\t<\/li><li class=\"pane-wrapper\" style=\"\">\n\t\t\t\t\t<h4 class=\"tab\"><div class=\"inner\">CAMPUS DE PORTERS DEL CADE PAGUERA<\/div><\/h4>\n\t\t\t\t\t<div class=\"pane\"><div class=\"inner\"><div class=\"row \"><div class=\"wpv-grid grid-1-2  first unextended\" style=\"padding-top:0px;padding-bottom:0px\" id=\"wpv-column-42461b2e227579a38d6fd6bac93b05de\" ><div class=\"page\" title=\"Page 1\">\n<div class=\"section\">\n<div class=\"layoutArea\">\n<div class=\"column\">\n<div class=\"page\" title=\"Page 2\">\n<div class=\"section\">\n<div class=\"layoutArea\">\n<div class=\"column\">\n<div><strong>CAMPUS DIRIGIT A PORTERS CADE\u00a0 PAGUERA\u00a0<\/strong><\/div>\n<div><strong>LLOC:<\/strong> camp de futbol de Peguera<\/div>\n<div><strong>DATES:<\/strong> Del 23 de juny al 27 de juliol<\/div>\n<div><strong>HORARIS:<\/strong> De dilluns a divendres de 09,00 h a 13,30 h<\/div>\n<div><strong>CONTACTE:<\/strong> <a href=\"mailto:cadepaguera@gmail.com\">cadepaguera@gmail.com<\/a><\/div>\n<\/div>\n<\/div>\n<\/div>\n<\/div>\n<\/div>\n<\/div>\n<\/div>\n<\/div><\/div><\/div><\/div><\/div>\n\t\t\t\t\t<\/li><li class=\"pane-wrapper\" style=\"\">\n\t\t\t\t\t<h4 class=\"tab\"><div class=\"inner\">CAMPUS FUTBOL CADE PAGUERA<\/div><\/h4>\n\t\t\t\t\t<div class=\"pane\"><div class=\"inner\"><div class=\"row \"><div class=\"wpv-grid grid-1-2  first unextended\" style=\"padding-top:0px;padding-bottom:0px\" id=\"wpv-column-f9479fa8bdac7e974f845aa3a45ddc65\" ><div class=\"page\" title=\"Page 1\">\n<div class=\"section\">\n<div class=\"layoutArea\">\n<div class=\"column\">\n<div class=\"page\" title=\"Page 2\">\n<div class=\"section\">\n<div class=\"layoutArea\">\n<div class=\"column\">\n<div><strong>CAMPUS DE FUTBOL DEL CADE\u00a0 PAGUERA\u00a0<\/strong><\/div>\n<div><strong>LLOC:<\/strong> camp de f\u00fatbol de Peguera<\/div>\n<div><strong>DATES:<\/strong> Del 30 de juny al 25 de juliol<\/div>\n<div><strong>HORARIS:<\/strong> De dilluns a divendres de 09,00 h a 13,30 h<\/div>\n<div><strong>CONTACTE:<\/strong> <a href=\"mailto:cadepaguera@gmail.com\">cadepaguera@gmail.com<\/a><\/div>\n<\/div>\n<\/div>\n<\/div>\n<\/div>\n<\/div>\n<\/div>\n<\/div>\n<\/div><\/div><\/div><\/div><\/div>\n\t\t\t\t\t<\/li><li class=\"pane-wrapper\" style=\"\">\n\t\t\t\t\t<h4 class=\"tab\"><div class=\"inner\">CAMPUS DE FUTBOL C.F SANTA PONSA <\/div><\/h4>\n\t\t\t\t\t<div class=\"pane\"><div class=\"inner\"><div class=\"row \"><div class=\"wpv-grid grid-1-2  first unextended\" style=\"padding-top:0px;padding-bottom:0px\" id=\"wpv-column-02a2f91bd26c991975bc072bc07e91c7\" ><p><strong>CAMPUS DE FUTBOL DEL CF SANTA PON\u00c7A<\/strong><br \/>\n<strong>LLOC:<\/strong> camp de futbol de Santa Pon\u00e7a<br \/>\n<strong>DATES:<\/strong> Del 30 de juny al 25 de juliol<br \/>\n<strong>HORARIS:<\/strong> De dilluns a divendres de 09,00 h a 14 h<br \/>\n<strong>CONTACTE:<\/strong> <a href=\"mailto:santaponsacdf@gmail.com\">santaponsacdf@gmail.com<\/a><\/div><\/div><\/div><\/div>\n\t\t\t\t\t<\/li><li class=\"pane-wrapper\" style=\"\">\n\t\t\t\t\t<h4 class=\"tab\"><div class=\"inner\">CAMPUS DIRIGIT A PORTERS SPORTING SANTA PONSA TALARRUBIAS<\/div><\/h4>\n\t\t\t\t\t<div class=\"pane\"><div class=\"inner\"><div class=\"row \"><div class=\"wpv-grid grid-1-2  first unextended\" style=\"padding-top:0px;padding-bottom:0px\" id=\"wpv-column-eb46f699e6fec1e81d302e3b526a25a1\" ><p><strong>PCAMPUS DIRIGIT A PORTERS SPORTING SANTA PONSA TALARRUBIAS<\/strong><br \/>\n<strong>LLOC:<\/strong> camp de futbol de Santa Pon\u00e7a<br \/>\n<strong>DATES:<\/strong> Del 30 de juny a l&#8217;11 de juliol<br \/>\n<strong>HORARIS:<\/strong> De dilluns a divendres de 09,00 h a 13,30 h<br \/>\n<strong>CONTACTE:<\/strong> <a href=\"mailto:julian142@hotmail.com\">julian142@hotmail.com<\/a><\/div><\/div><\/div><\/div>\n\t\t\t\t\t<\/li><li class=\"pane-wrapper\" style=\"\">\n\t\t\t\t\t<h4 class=\"tab\"><div class=\"inner\">CAMPUS DE FUTBOL C.F SON CALIU<\/div><\/h4>\n\t\t\t\t\t<div class=\"pane\"><div class=\"inner\"><p><strong>CAMPUS DE FUTBOL C.F SON CALIU\u00a0<\/strong><br \/>\n<strong>LLOC:<\/strong> camp de rugbi de Son Caliu<br \/>\n<strong>DATES:<\/strong> Del 23 de juny al 18 de juliol<br \/>\n<strong>HORARIS:<\/strong> De dilluns a divendres de 09,00 h a 14,00 h<br \/>\n<strong>CONTACTE:<\/strong> <a href=\"mailto:cfsoncaliu@hotmail.es\">cfsoncaliu@hotmail.es<\/a><\/div><\/div>\n\t\t\t\t\t<\/li><li class=\"pane-wrapper\" style=\"\">\n\t\t\t\t\t<h4 class=\"tab\"><div class=\"inner\">CAMPUS DE FUTBOL C.F SPORTING SON FERRER<\/div><\/h4>\n\t\t\t\t\t<div class=\"pane\"><div class=\"inner\"><p><strong>CAMPUS DE FUTBOL C.F SPORTING SON FERRER<\/strong><br \/>\n<strong>LLOC:<\/strong> campo de futbol de Son Ferrer<br \/>\n<strong>DATES:<\/strong> Del 14 de juliol al 18 de agost<br \/>\n<strong>HORARIS:<\/strong> De dilluns a divendres de 09,15 h a 14,30 h<br \/>\n<strong>CONTACTE:<\/strong> <a href=\"mailto:info@rmamallorca.com\">info@rmamallorca.com<\/a><\/div><\/div>\n\t\t\t\t\t<\/li><li class=\"pane-wrapper\" style=\"\">\n\t\t\t\t\t<h4 class=\"tab\"><div class=\"inner\">CAMPUS DE FUTBOL C.F SON FERRER<\/div><\/h4>\n\t\t\t\t\t<div class=\"pane\"><div class=\"inner\"><p><strong>CAMPUS DE FuTBOL C.F SON FERRER<\/strong><br \/>\n<strong>LLOC:<\/strong> camp de futbol de Son Ferrer<br \/>\n<strong>DATES:<\/strong> Del 30 de juny a l&#8217;11 de juliol i de l&#8217;11 de agost al 22 de agost.<br \/>\n<strong>HORARIS:<\/strong> De dilluns a divendres de 09,30 h a 13,00 h<br \/>\n<strong>CONTACTE:<\/strong> \u00a0<a href=\"mailto:clubfutbolsonferrer@gmail.com\">clubfutbolsonferrer@gmail.com<\/a><\/div><\/div>\n\t\t\t\t\t<\/li><li class=\"pane-wrapper\" style=\"\">\n\t\t\t\t\t<h4 class=\"tab\"><div class=\"inner\">CAMPUS DE FUTBOL C.F PLATGES DE CALVI\u00c0<\/div><\/h4>\n\t\t\t\t\t<div class=\"pane\"><div class=\"inner\"><p><strong>CAMPUS DE FUTBOL C.F PLATGES DE CALVI\u00c0 ( FUTBOL )<\/strong><br \/>\n<strong>LLOC:<\/strong> camp de futbol de Magaluf<br \/>\n<strong>DATES:<\/strong> Del 30 de juny al 25 de juliol<br \/>\n<strong>HORARIS:<\/strong> De dilluns a diveendres de 09,00 h a 14,00 h<br \/>\n<strong>CONTACTE:<\/strong> <a href=\"mailto:contacto@cfplatgesdecalvia.com\">contacto@cfplatgesdecalvia.com<\/a><\/div><\/div>\n\t\t\t\t\t<\/li><\/ul><style>.wpv-accordion-2 .tab .inner { background-color: #e32e33; color: #ffffff; }<\/style><\/div><\/div><div class=\"pane\" id=\"tab-1-2-basquet\"><div class=\"wpv-accordion-wrapper wpv-accordion-3\"><ul class=\"wpv-accordion\" data-collapsible=\"true\"><li class=\"pane-wrapper\" style=\"\">\n\t\t\t\t\t<h4 class=\"tab\"><div class=\"inner\">CAMPUS DE B\u00c0SQUET CLUB BASQUET CALVI\u00c0<\/div><\/h4>\n\t\t\t\t\t<div class=\"pane\"><div class=\"inner\"><div class=\"row \"><div class=\"wpv-grid grid-3-5  first unextended\" style=\"padding-top:0px;padding-bottom:0px\" id=\"wpv-column-4099466638eb469bd91be1ec6f7a5e32\" ><div>\n<div><strong>CAMPUS DE B\u00c0SQUET CLUB B\u00c0SQUET CALVI\u00c0\u00a0<\/strong><\/div>\n<div><strong>LLOC:<\/strong> Pavell\u00f3 Galatz\u00f3<\/div>\n<div><strong>DATES: <\/strong>Del 30 de juny a l&#8217;11 de juliol<\/div>\n<div><strong>HORARIS:<\/strong> De dilluns a divendres de 09,00 h a 14,00 h<\/div>\n<div><strong>CONTACTE:<\/strong> <a href=\"mailto:basquetcalvia@gmail.com\">basquetcalvia@gmail.com<\/a><\/div>\n<\/div>\n<div><\/div><\/div><\/div><\/div><\/div>\n\t\t\t\t\t<\/li><\/ul><style>.wpv-accordion-3 .tab .inner { background-color: #e32e33; color: #ffffff; }<\/style><\/div><\/div><div class=\"pane\" id=\"tab-1-3-waterpolo\"><div class=\"wpv-accordion-wrapper wpv-accordion-4\"><ul class=\"wpv-accordion\" data-collapsible=\"true\"><li class=\"pane-wrapper\" style=\"\">\n\t\t\t\t\t<h4 class=\"tab\"><div class=\"inner\">CAMPUS DE WATERPOLO CNC<\/div><\/h4>\n\t\t\t\t\t<div class=\"pane\"><div class=\"inner\"><p><strong>CAMPUS DE WATERPOLO CLUB NATACI\u00d3N CALVI\u00c0<\/strong><br \/>\n<strong>LLOC:<\/strong> Palau municipal d&#8217;esports Melani Costa de Calvi\u00e0<br \/>\n<strong>DATES:<\/strong> De l&#8217;1 al 31 de juliol<br \/>\n<strong>HORARIS:<\/strong> De dilluns a divendres de 09,00 h a 14,00 h<br \/>\n<strong>CONTACTE:<\/strong> <a href=\"mailto:info@cncalvia.es\">info@cncalvia.es<\/a><\/div><\/div>\n\t\t\t\t\t<\/li><\/ul><style>.wpv-accordion-4 .tab .inner { background-color: #e32e33; color: #ffffff; }<\/style><\/div><\/div><\/div><style>#tabs-1 .ui-tabs-nav,#tabs-1 .ui-tabs-nav li{background:#e8e8e8;}#tabs-1 .ui-tabs-nav li,#tabs-1 .ui-tabs-nav li a,#tabs-1 .ui-tabs-nav li a .icon{color:#262529;}#tabs-1 .ui-tabs-nav .ui-state-active,#tabs-1 .ui-tabs-nav .ui-state-selected,#tabs-1 .ui-tabs-nav .ui-state-hover{background:#e32e33;}#tabs-1 .ui-tabs-nav .ui-state-active,#tabs-1 .ui-tabs-nav .ui-state-active a,#tabs-1 .ui-tabs-nav .ui-state-active a .icon,#tabs-1 .ui-tabs-nav .ui-state-selected,#tabs-1 .ui-tabs-nav .ui-state-selected a,#tabs-1 .ui-tabs-nav .ui-state-selected a .icon,#tabs-1 .ui-tabs-nav .ui-state-hover,#tabs-1 .ui-tabs-nav .ui-state-hover a,#tabs-1 .ui-tabs-nav .ui-state-hover a .icon{color:#fff;}#tabs-1 .ui-tabs-nav .inactive-block-title h1,#tabs-1 .ui-tabs-nav .inactive-block-title h2,#tabs-1 .ui-tabs-nav .inactive-block-title h3,#tabs-1 .ui-tabs-nav .inactive-block-title h4,#tabs-1 .ui-tabs-nav .inactive-block-title h5,#tabs-1 .ui-tabs-nav .inactive-block-title h6{color:#262529;}<\/style><\/div><\/div>\n<div class=\"push\" style='height:20px'><\/div>\n","protected":false},"excerpt":{"rendered":"","protected":false},"author":75162113,"featured_media":0,"parent":0,"menu_order":0,"comment_status":"closed","ping_status":"closed","template":"","meta":{"_coblocks_attr":"","_coblocks_dimensions":"","_coblocks_responsive_height":"","_coblocks_accordion_ie_support":"","_crdt_document":"","jetpack_post_was_ever_published":true,"footnotes":""},"class_list":["post-18456","page","type-page","status-publish","hentry"],"yoast_head":"<!-- This site is optimized with the Yoast SEO plugin v27.3 - https:\/\/yoast.com\/product\/yoast-seo-wordpress\/ -->\n<title>Campus deportivos de Calvi\u00e0<\/title>\n<meta name=\"description\" content=\"En esta p\u00e1gina podr\u00e1s encontrar todos los campus deportivos que ofrece el municipio de Calvi\u00e0. No esperes m\u00e1s e inf\u00f3rmate.\" \/>\n<meta name=\"robots\" content=\"index, follow, max-snippet:-1, max-image-preview:large, max-video-preview:-1\" \/>\n<link rel=\"canonical\" href=\"https:\/\/calviadeportes.com\/ca\/campus-esportius-de-calvia\/\" \/>\n<meta property=\"og:locale\" content=\"ca_ES\" \/>\n<meta property=\"og:type\" content=\"article\" \/>\n<meta property=\"og:title\" content=\"Campus deportivos de Calvi\u00e0\" \/>\n<meta property=\"og:description\" content=\"En esta p\u00e1gina podr\u00e1s encontrar todos los campus deportivos que ofrece el municipio de Calvi\u00e0. No esperes m\u00e1s e inf\u00f3rmate.\" \/>\n<meta property=\"og:url\" content=\"https:\/\/calviadeportes.com\/ca\/campus-esportius-de-calvia\/\" \/>\n<meta property=\"og:site_name\" content=\"Calvi\u00e0 esports\" \/>\n<meta property=\"article:modified_time\" content=\"2025-06-02T10:14:22+00:00\" \/>\n<meta name=\"twitter:card\" content=\"summary_large_image\" \/>\n<meta name=\"twitter:label1\" content=\"Temps estimat de lectura\" \/>\n\t<meta name=\"twitter:data1\" content=\"3 minuts\" \/>\n<script type=\"application\/ld+json\" class=\"yoast-schema-graph\">{\"@context\":\"https:\\\/\\\/schema.org\",\"@graph\":[{\"@type\":\"WebPage\",\"@id\":\"https:\\\/\\\/calviadeportes.com\\\/ca\\\/campus-esportius-de-calvia\\\/\",\"url\":\"https:\\\/\\\/calviadeportes.com\\\/ca\\\/campus-esportius-de-calvia\\\/\",\"name\":\"Campus deportivos de Calvi\u00e0\",\"isPartOf\":{\"@id\":\"https:\\\/\\\/calviadeportes.com\\\/ca\\\/#website\"},\"datePublished\":\"2021-05-11T11:57:59+00:00\",\"dateModified\":\"2025-06-02T10:14:22+00:00\",\"description\":\"En esta p\u00e1gina podr\u00e1s encontrar todos los campus deportivos que ofrece el municipio de Calvi\u00e0. No esperes m\u00e1s e inf\u00f3rmate.\",\"breadcrumb\":{\"@id\":\"https:\\\/\\\/calviadeportes.com\\\/ca\\\/campus-esportius-de-calvia\\\/#breadcrumb\"},\"inLanguage\":\"ca\",\"potentialAction\":[{\"@type\":\"ReadAction\",\"target\":[\"https:\\\/\\\/calviadeportes.com\\\/ca\\\/campus-esportius-de-calvia\\\/\"]}]},{\"@type\":\"BreadcrumbList\",\"@id\":\"https:\\\/\\\/calviadeportes.com\\\/ca\\\/campus-esportius-de-calvia\\\/#breadcrumb\",\"itemListElement\":[{\"@type\":\"ListItem\",\"position\":1,\"name\":\"Portada\",\"item\":\"https:\\\/\\\/calviadeportes.com\\\/ca\\\/\"},{\"@type\":\"ListItem\",\"position\":2,\"name\":\"Campus esportius de Calvi\u00e0\"}]},{\"@type\":\"WebSite\",\"@id\":\"https:\\\/\\\/calviadeportes.com\\\/ca\\\/#website\",\"url\":\"https:\\\/\\\/calviadeportes.com\\\/ca\\\/\",\"name\":\"Calvi\u00e0 esports\",\"description\":\"ICE Calvi\u00e0 | Ayuntamiento de Calvi\u00e0\",\"potentialAction\":[{\"@type\":\"SearchAction\",\"target\":{\"@type\":\"EntryPoint\",\"urlTemplate\":\"https:\\\/\\\/calviadeportes.com\\\/ca\\\/?s={search_term_string}\"},\"query-input\":{\"@type\":\"PropertyValueSpecification\",\"valueRequired\":true,\"valueName\":\"search_term_string\"}}],\"inLanguage\":\"ca\"}]}<\/script>\n<!-- \/ Yoast SEO plugin. -->","yoast_head_json":{"title":"Campus deportivos de Calvi\u00e0","description":"En esta p\u00e1gina podr\u00e1s encontrar todos los campus deportivos que ofrece el municipio de Calvi\u00e0. No esperes m\u00e1s e inf\u00f3rmate.","robots":{"index":"index","follow":"follow","max-snippet":"max-snippet:-1","max-image-preview":"max-image-preview:large","max-video-preview":"max-video-preview:-1"},"canonical":"https:\/\/calviadeportes.com\/ca\/campus-esportius-de-calvia\/","og_locale":"ca_ES","og_type":"article","og_title":"Campus deportivos de Calvi\u00e0","og_description":"En esta p\u00e1gina podr\u00e1s encontrar todos los campus deportivos que ofrece el municipio de Calvi\u00e0. No esperes m\u00e1s e inf\u00f3rmate.","og_url":"https:\/\/calviadeportes.com\/ca\/campus-esportius-de-calvia\/","og_site_name":"Calvi\u00e0 esports","article_modified_time":"2025-06-02T10:14:22+00:00","twitter_card":"summary_large_image","twitter_misc":{"Temps estimat de lectura":"3 minuts"},"schema":{"@context":"https:\/\/schema.org","@graph":[{"@type":"WebPage","@id":"https:\/\/calviadeportes.com\/ca\/campus-esportius-de-calvia\/","url":"https:\/\/calviadeportes.com\/ca\/campus-esportius-de-calvia\/","name":"Campus deportivos de Calvi\u00e0","isPartOf":{"@id":"https:\/\/calviadeportes.com\/ca\/#website"},"datePublished":"2021-05-11T11:57:59+00:00","dateModified":"2025-06-02T10:14:22+00:00","description":"En esta p\u00e1gina podr\u00e1s encontrar todos los campus deportivos que ofrece el municipio de Calvi\u00e0. No esperes m\u00e1s e inf\u00f3rmate.","breadcrumb":{"@id":"https:\/\/calviadeportes.com\/ca\/campus-esportius-de-calvia\/#breadcrumb"},"inLanguage":"ca","potentialAction":[{"@type":"ReadAction","target":["https:\/\/calviadeportes.com\/ca\/campus-esportius-de-calvia\/"]}]},{"@type":"BreadcrumbList","@id":"https:\/\/calviadeportes.com\/ca\/campus-esportius-de-calvia\/#breadcrumb","itemListElement":[{"@type":"ListItem","position":1,"name":"Portada","item":"https:\/\/calviadeportes.com\/ca\/"},{"@type":"ListItem","position":2,"name":"Campus esportius de Calvi\u00e0"}]},{"@type":"WebSite","@id":"https:\/\/calviadeportes.com\/ca\/#website","url":"https:\/\/calviadeportes.com\/ca\/","name":"Calvi\u00e0 esports","description":"ICE Calvi\u00e0 | Ayuntamiento de Calvi\u00e0","potentialAction":[{"@type":"SearchAction","target":{"@type":"EntryPoint","urlTemplate":"https:\/\/calviadeportes.com\/ca\/?s={search_term_string}"},"query-input":{"@type":"PropertyValueSpecification","valueRequired":true,"valueName":"search_term_string"}}],"inLanguage":"ca"}]}},"jetpack_likes_enabled":false,"jetpack_sharing_enabled":false,"jetpack_shortlink":"https:\/\/wp.me\/PckSre-4NG","_links":{"self":[{"href":"https:\/\/calviadeportes.com\/ca\/wp-json\/wp\/v2\/pages\/18456","targetHints":{"allow":["GET"]}}],"collection":[{"href":"https:\/\/calviadeportes.com\/ca\/wp-json\/wp\/v2\/pages"}],"about":[{"href":"https:\/\/calviadeportes.com\/ca\/wp-json\/wp\/v2\/types\/page"}],"author":[{"embeddable":true,"href":"https:\/\/calviadeportes.com\/ca\/wp-json\/wp\/v2\/users\/75162113"}],"replies":[{"embeddable":true,"href":"https:\/\/calviadeportes.com\/ca\/wp-json\/wp\/v2\/comments?post=18456"}],"version-history":[{"count":18,"href":"https:\/\/calviadeportes.com\/ca\/wp-json\/wp\/v2\/pages\/18456\/revisions"}],"predecessor-version":[{"id":30538,"href":"https:\/\/calviadeportes.com\/ca\/wp-json\/wp\/v2\/pages\/18456\/revisions\/30538"}],"wp:attachment":[{"href":"https:\/\/calviadeportes.com\/ca\/wp-json\/wp\/v2\/media?parent=18456"}],"curies":[{"name":"wp","href":"https:\/\/api.w.org\/{rel}","templated":true}]}}