{"id":14106,"date":"2021-01-20T11:45:13","date_gmt":"2021-01-20T10:45:13","guid":{"rendered":"https:\/\/calviadeportes.com\/zona-esportiva-de-costa-de-la-calma\/"},"modified":"2026-04-24T13:26:51","modified_gmt":"2026-04-24T11:26:51","slug":"zona-esportiva-de-costa-de-la-calma","status":"publish","type":"page","link":"https:\/\/calviadeportes.com\/ca\/zona-esportiva-de-costa-de-la-calma\/","title":{"rendered":"Zona Esportiva de Costa de la Calma"},"content":{"rendered":"\t\t<h2 class=\"text-divider-double\">\t\t\t\nInformaci\u00f3 general\t\t<\/h2>\t\t<div class=\"sep\"><\/div>\t\n<div class=\"row \"><div class=\"wpv-grid grid-1-4  wpv-first-level first unextended\" style=\"padding-top:0px;padding-bottom:0px\" id=\"wpv-column-8bd7b1b3fee574c27f04855e5d15b772\" ><p style=\"text-align: center;\"><span class='icon shortcode theme ' style='font-size:32px !important;color:#e32e33;'>&#57469;<\/span>\n<p style=\"text-align: center;\"><strong>CONTACTE<\/strong><br \/>\nTel\u00e8fon: <a href=\"tel:971670310\">971 67 03 10<\/a><br \/>\nEmail: <a href=\"mailto:ice@calvia.com\">ice@calvia.com<\/a><\/p>\n<p style=\"text-align: center;\"><span class='icon shortcode theme ' style='font-size:32px !important;color:#e32e33;'>&#57547;<\/span>\n<p style=\"text-align: center;\"><strong>DIRECCI\u00d3<\/strong><br \/>\nCosta de la Calma<br \/>\nC\/ Sa Madona, s\/n<br \/>\n<a href=\"https:\/\/www.google.com\/maps\/d\/edit?mid=1OdhnJ6tOo_W0Q_wkj0ROfuNnXRs&amp;ll=39.52467221883893%2C2.482731946032686&amp;z=17\" target=\"_blank\" rel=\"noopener noreferrer\">Mapa \u2192<\/a><\/p>\n<p style=\"text-align: center;\"><div class=\"push\" style='height:10px'><\/div>\n<p class=\"textcenter\"><a href=\"https:\/\/calviadeportes.com\/ca\/pistes-de-padel-reserves\/\" target=\"_self\" style='font-size: 16px;' class=\"button vamtam-button accent1  button-border hover-accent1 \"><span class=\"btext\">RESERVAR<\/span><\/a><\/p><\/div>\n<div class=\"wpv-grid grid-1-2  wpv-first-level unextended\" style=\"padding-top:0px;padding-bottom:0px\" id=\"wpv-column-f76216931c873398d49f6bc6c2fb940f\" ><div class=\"wpv-accordion-wrapper wpv-accordion-1\"><ul class=\"wpv-accordion\" data-collapsible=\"true\"><li class=\"pane-wrapper\" style=\"\">\n\t\t\t\t\t<h4 class=\"tab\"><div class=\"inner\">HORARI<\/div><\/h4>\n\t\t\t\t\t<div class=\"pane\"><div class=\"inner\"><h5><span class='icon shortcode theme ' style='font-size:25px !important;color:#e32e33;'>&#57530;<\/span> <strong>De 8.30 a 21 h<\/strong> <div class=\"push\" style='height:10px'><\/div> <\/h5>\n <div class=\"push\" style='height:10px'><\/div><\/div><\/div>\n\t\t\t\t\t<\/li><\/ul><style>.wpv-accordion-1 .tab .inner { background-color: #e32e33; color: #ffffff; }<\/style><\/div><\/div>\n<div class=\"wpv-grid grid-1-4  wpv-first-level unextended\" style=\"padding-top:0px;padding-bottom:0px\" id=\"wpv-column-d12f7936b5c30e38221e892b806ce45b\" ><p style=\"text-align: center;\"><span class='icon shortcode  ' style='font-size:32px !important;color:#e32e33;'>&#57739;<\/span>\n<p style=\"text-align: center;\"><strong>EQUIPAMENT<\/strong><\/p>\n<ul>\n<li>Pistes de p\u00e0del d&#8217;\u00fas lliure<\/li>\n<li>Pista de tenis sint\u00e8tica d&#8217;\u00fas lliure<\/li>\n<li>Pista esportiva d&#8217;\u00fas lliure<\/li>\n<\/ul><\/div><\/div>\n<div class=\"push\" style='height:63px'><\/div>\n\t\t<div class=\"sep-text single centered\">\n\t\t\t\t\t\t\t<span class=\"sep-text-before\"><div class=\"sep-text-line\"><\/div><\/span>\n\t\t\t\t\t\t<div class=\"content\">\n\t\t\t\t\n<h2>Galeria<\/h2>\n\t\t\t<\/div>\n\t\t\t<span class=\"sep-text-after\"><div class=\"sep-text-line\"><\/div><\/span>\n\t\t\t\t\t<\/div>\n\t\n<div class=\"tiled-gallery type-rectangular tiled-gallery-unresized\" data-original-width=\"1380\" data-carousel-extra='{&quot;blog_id&quot;:1,&quot;permalink&quot;:&quot;https:\\\/\\\/calviadeportes.com\\\/ca\\\/zona-esportiva-de-costa-de-la-calma\\\/&quot;,&quot;likes_blog_id&quot;:182291856}' itemscope itemtype=\"http:\/\/schema.org\/ImageGallery\" > <div class=\"gallery-row\" style=\"width: 1380px; height: 615px;\" data-original-width=\"1380\" data-original-height=\"615\" > <div class=\"gallery-group images-1\" style=\"width: 921px; height: 615px;\" data-original-width=\"921\" data-original-height=\"615\" > <div class=\"tiled-gallery-item tiled-gallery-item-large\" itemprop=\"associatedMedia\" itemscope itemtype=\"http:\/\/schema.org\/ImageObject\"> <a href=\"https:\/\/calviadeportes.com\/ca\/ib-zona-deportiva-costa-de-la-calma-02-min-2-2\/\" border=\"0\" itemprop=\"url\"> <meta itemprop=\"width\" content=\"917\"> <meta itemprop=\"height\" content=\"611\"> <img decoding=\"async\" class=\"\" data-attachment-id=\"14107\" data-orig-file=\"https:\/\/calviadeportes.com\/wp-content\/uploads\/2020\/10\/IB-Zona-deportiva-Costa-de-la-Calma-02-min.jpg\" data-orig-size=\"3802,2535\" data-comments-opened=\"1\" data-image-meta=\"{&quot;aperture&quot;:&quot;0&quot;,&quot;credit&quot;:&quot;&quot;,&quot;camera&quot;:&quot;&quot;,&quot;caption&quot;:&quot;&quot;,&quot;created_timestamp&quot;:&quot;0&quot;,&quot;copyright&quot;:&quot;&quot;,&quot;focal_length&quot;:&quot;0&quot;,&quot;iso&quot;:&quot;0&quot;,&quot;shutter_speed&quot;:&quot;0&quot;,&quot;title&quot;:&quot;&quot;,&quot;orientation&quot;:&quot;0&quot;}\" data-image-title=\"IB Zona deportiva Costa de la Calma-02-min\" data-image-description=\"\" data-medium-file=\"https:\/\/i0.wp.com\/calviadeportes.com\/wp-content\/uploads\/2020\/10\/IB-Zona-deportiva-Costa-de-la-Calma-02-min.jpg?fit=300%2C200&#038;ssl=1\" data-large-file=\"https:\/\/i0.wp.com\/calviadeportes.com\/wp-content\/uploads\/2020\/10\/IB-Zona-deportiva-Costa-de-la-Calma-02-min.jpg?fit=1024%2C683&#038;ssl=1\" src=\"https:\/\/i0.wp.com\/calviadeportes.com\/wp-content\/uploads\/2020\/10\/IB-Zona-deportiva-Costa-de-la-Calma-02-min.jpg?w=917&#038;h=611&#038;ssl=1\" srcset=\"https:\/\/i0.wp.com\/calviadeportes.com\/wp-content\/uploads\/2020\/10\/IB-Zona-deportiva-Costa-de-la-Calma-02-min.jpg?w=3802&amp;ssl=1 3802w, https:\/\/i0.wp.com\/calviadeportes.com\/wp-content\/uploads\/2020\/10\/IB-Zona-deportiva-Costa-de-la-Calma-02-min.jpg?resize=300%2C200&amp;ssl=1 300w, https:\/\/i0.wp.com\/calviadeportes.com\/wp-content\/uploads\/2020\/10\/IB-Zona-deportiva-Costa-de-la-Calma-02-min.jpg?resize=1024%2C683&amp;ssl=1 1024w, https:\/\/i0.wp.com\/calviadeportes.com\/wp-content\/uploads\/2020\/10\/IB-Zona-deportiva-Costa-de-la-Calma-02-min.jpg?resize=768%2C512&amp;ssl=1 768w, https:\/\/i0.wp.com\/calviadeportes.com\/wp-content\/uploads\/2020\/10\/IB-Zona-deportiva-Costa-de-la-Calma-02-min.jpg?resize=1536%2C1024&amp;ssl=1 1536w, https:\/\/i0.wp.com\/calviadeportes.com\/wp-content\/uploads\/2020\/10\/IB-Zona-deportiva-Costa-de-la-Calma-02-min.jpg?resize=2048%2C1366&amp;ssl=1 2048w, https:\/\/i0.wp.com\/calviadeportes.com\/wp-content\/uploads\/2020\/10\/IB-Zona-deportiva-Costa-de-la-Calma-02-min.jpg?resize=1200%2C800&amp;ssl=1 1200w, https:\/\/i0.wp.com\/calviadeportes.com\/wp-content\/uploads\/2020\/10\/IB-Zona-deportiva-Costa-de-la-Calma-02-min.jpg?resize=1260%2C840&amp;ssl=1 1260w, https:\/\/i0.wp.com\/calviadeportes.com\/wp-content\/uploads\/2020\/10\/IB-Zona-deportiva-Costa-de-la-Calma-02-min.jpg?resize=615%2C410&amp;ssl=1 615w, https:\/\/i0.wp.com\/calviadeportes.com\/wp-content\/uploads\/2020\/10\/IB-Zona-deportiva-Costa-de-la-Calma-02-min.jpg?resize=400%2C266&amp;ssl=1 400w, https:\/\/i0.wp.com\/calviadeportes.com\/wp-content\/uploads\/2020\/10\/IB-Zona-deportiva-Costa-de-la-Calma-02-min.jpg?resize=292%2C195&amp;ssl=1 292w, https:\/\/i0.wp.com\/calviadeportes.com\/wp-content\/uploads\/2020\/10\/IB-Zona-deportiva-Costa-de-la-Calma-02-min.jpg?w=2760&amp;ssl=1 2760w\" width=\"917\" height=\"611\" loading=\"lazy\" data-original-width=\"917\" data-original-height=\"611\" itemprop=\"http:\/\/schema.org\/image\" title=\"IB Zona deportiva Costa de la Calma-02-min\" alt=\"Zona deportiva Costa de la Calma\" style=\"width: 917px; height: 611px;\" \/> <\/a> <div class=\"tiled-gallery-caption\" itemprop=\"caption description\"> Pista de Tenis de Zona Esportiva Costa de la Calma <\/div> <\/div> <\/div> <!-- close group --> <div class=\"gallery-group images-2\" style=\"width: 459px; height: 615px;\" data-original-width=\"459\" data-original-height=\"615\" > <div class=\"tiled-gallery-item tiled-gallery-item-large\" itemprop=\"associatedMedia\" itemscope itemtype=\"http:\/\/schema.org\/ImageObject\"> <a href=\"https:\/\/calviadeportes.com\/ca\/ib-zona-deportiva-costa-de-la-calma-01-min-2\/\" border=\"0\" itemprop=\"url\"> <meta itemprop=\"width\" content=\"455\"> <meta itemprop=\"height\" content=\"303\"> <img decoding=\"async\" class=\"\" data-attachment-id=\"14101\" data-orig-file=\"https:\/\/calviadeportes.com\/wp-content\/uploads\/2020\/10\/IB-Zona-deportiva-Costa-de-la-Calma-01-min.jpg\" data-orig-size=\"3861,2574\" data-comments-opened=\"1\" data-image-meta=\"{&quot;aperture&quot;:&quot;0&quot;,&quot;credit&quot;:&quot;&quot;,&quot;camera&quot;:&quot;&quot;,&quot;caption&quot;:&quot;&quot;,&quot;created_timestamp&quot;:&quot;0&quot;,&quot;copyright&quot;:&quot;&quot;,&quot;focal_length&quot;:&quot;0&quot;,&quot;iso&quot;:&quot;0&quot;,&quot;shutter_speed&quot;:&quot;0&quot;,&quot;title&quot;:&quot;&quot;,&quot;orientation&quot;:&quot;0&quot;}\" data-image-title=\"IB Zona deportiva Costa de la Calma-01-min\" data-image-description=\"\" data-medium-file=\"https:\/\/i0.wp.com\/calviadeportes.com\/wp-content\/uploads\/2020\/10\/IB-Zona-deportiva-Costa-de-la-Calma-01-min.jpg?fit=300%2C200&#038;ssl=1\" data-large-file=\"https:\/\/i0.wp.com\/calviadeportes.com\/wp-content\/uploads\/2020\/10\/IB-Zona-deportiva-Costa-de-la-Calma-01-min.jpg?fit=1024%2C683&#038;ssl=1\" src=\"https:\/\/i0.wp.com\/calviadeportes.com\/wp-content\/uploads\/2020\/10\/IB-Zona-deportiva-Costa-de-la-Calma-01-min.jpg?w=455&#038;h=303&#038;ssl=1\" srcset=\"https:\/\/i0.wp.com\/calviadeportes.com\/wp-content\/uploads\/2020\/10\/IB-Zona-deportiva-Costa-de-la-Calma-01-min.jpg?w=3861&amp;ssl=1 3861w, https:\/\/i0.wp.com\/calviadeportes.com\/wp-content\/uploads\/2020\/10\/IB-Zona-deportiva-Costa-de-la-Calma-01-min.jpg?resize=300%2C200&amp;ssl=1 300w, https:\/\/i0.wp.com\/calviadeportes.com\/wp-content\/uploads\/2020\/10\/IB-Zona-deportiva-Costa-de-la-Calma-01-min.jpg?resize=1024%2C683&amp;ssl=1 1024w, https:\/\/i0.wp.com\/calviadeportes.com\/wp-content\/uploads\/2020\/10\/IB-Zona-deportiva-Costa-de-la-Calma-01-min.jpg?resize=768%2C512&amp;ssl=1 768w, https:\/\/i0.wp.com\/calviadeportes.com\/wp-content\/uploads\/2020\/10\/IB-Zona-deportiva-Costa-de-la-Calma-01-min.jpg?resize=1536%2C1024&amp;ssl=1 1536w, https:\/\/i0.wp.com\/calviadeportes.com\/wp-content\/uploads\/2020\/10\/IB-Zona-deportiva-Costa-de-la-Calma-01-min.jpg?resize=2048%2C1365&amp;ssl=1 2048w, https:\/\/i0.wp.com\/calviadeportes.com\/wp-content\/uploads\/2020\/10\/IB-Zona-deportiva-Costa-de-la-Calma-01-min.jpg?resize=1200%2C800&amp;ssl=1 1200w, https:\/\/i0.wp.com\/calviadeportes.com\/wp-content\/uploads\/2020\/10\/IB-Zona-deportiva-Costa-de-la-Calma-01-min.jpg?resize=1260%2C840&amp;ssl=1 1260w, https:\/\/i0.wp.com\/calviadeportes.com\/wp-content\/uploads\/2020\/10\/IB-Zona-deportiva-Costa-de-la-Calma-01-min.jpg?resize=615%2C410&amp;ssl=1 615w, https:\/\/i0.wp.com\/calviadeportes.com\/wp-content\/uploads\/2020\/10\/IB-Zona-deportiva-Costa-de-la-Calma-01-min.jpg?resize=400%2C266&amp;ssl=1 400w, https:\/\/i0.wp.com\/calviadeportes.com\/wp-content\/uploads\/2020\/10\/IB-Zona-deportiva-Costa-de-la-Calma-01-min.jpg?resize=292%2C195&amp;ssl=1 292w, https:\/\/i0.wp.com\/calviadeportes.com\/wp-content\/uploads\/2020\/10\/IB-Zona-deportiva-Costa-de-la-Calma-01-min.jpg?w=2760&amp;ssl=1 2760w\" width=\"455\" height=\"303\" loading=\"lazy\" data-original-width=\"455\" data-original-height=\"303\" itemprop=\"http:\/\/schema.org\/image\" title=\"IB Zona deportiva Costa de la Calma-01-min\" alt=\"Zona deportiva Costa de la Calma\" style=\"width: 455px; height: 303px;\" \/> <\/a> <div class=\"tiled-gallery-caption\" itemprop=\"caption description\"> Pista de P\u00e0del de Zona Esportiva Costa de la Calma <\/div> <\/div> <div class=\"tiled-gallery-item tiled-gallery-item-large\" itemprop=\"associatedMedia\" itemscope itemtype=\"http:\/\/schema.org\/ImageObject\"> <a href=\"https:\/\/calviadeportes.com\/ca\/ib-zona-deportiva-costa-de-la-calma-03-min-2-2\/\" border=\"0\" itemprop=\"url\"> <meta itemprop=\"width\" content=\"455\"> <meta itemprop=\"height\" content=\"304\"> <img decoding=\"async\" class=\"\" data-attachment-id=\"14111\" data-orig-file=\"https:\/\/calviadeportes.com\/wp-content\/uploads\/2020\/10\/IB-Zona-deportiva-Costa-de-la-Calma-03-min.jpg\" data-orig-size=\"3802,2535\" data-comments-opened=\"1\" data-image-meta=\"{&quot;aperture&quot;:&quot;0&quot;,&quot;credit&quot;:&quot;&quot;,&quot;camera&quot;:&quot;&quot;,&quot;caption&quot;:&quot;&quot;,&quot;created_timestamp&quot;:&quot;0&quot;,&quot;copyright&quot;:&quot;&quot;,&quot;focal_length&quot;:&quot;0&quot;,&quot;iso&quot;:&quot;0&quot;,&quot;shutter_speed&quot;:&quot;0&quot;,&quot;title&quot;:&quot;&quot;,&quot;orientation&quot;:&quot;0&quot;}\" data-image-title=\"IB Zona deportiva Costa de la Calma-03-min\" data-image-description=\"\" data-medium-file=\"https:\/\/i0.wp.com\/calviadeportes.com\/wp-content\/uploads\/2020\/10\/IB-Zona-deportiva-Costa-de-la-Calma-03-min.jpg?fit=300%2C200&#038;ssl=1\" data-large-file=\"https:\/\/i0.wp.com\/calviadeportes.com\/wp-content\/uploads\/2020\/10\/IB-Zona-deportiva-Costa-de-la-Calma-03-min.jpg?fit=1024%2C683&#038;ssl=1\" src=\"https:\/\/i0.wp.com\/calviadeportes.com\/wp-content\/uploads\/2020\/10\/IB-Zona-deportiva-Costa-de-la-Calma-03-min.jpg?w=455&#038;h=304&#038;ssl=1\" srcset=\"https:\/\/i0.wp.com\/calviadeportes.com\/wp-content\/uploads\/2020\/10\/IB-Zona-deportiva-Costa-de-la-Calma-03-min.jpg?w=3802&amp;ssl=1 3802w, https:\/\/i0.wp.com\/calviadeportes.com\/wp-content\/uploads\/2020\/10\/IB-Zona-deportiva-Costa-de-la-Calma-03-min.jpg?resize=300%2C200&amp;ssl=1 300w, https:\/\/i0.wp.com\/calviadeportes.com\/wp-content\/uploads\/2020\/10\/IB-Zona-deportiva-Costa-de-la-Calma-03-min.jpg?resize=1024%2C683&amp;ssl=1 1024w, https:\/\/i0.wp.com\/calviadeportes.com\/wp-content\/uploads\/2020\/10\/IB-Zona-deportiva-Costa-de-la-Calma-03-min.jpg?resize=768%2C512&amp;ssl=1 768w, https:\/\/i0.wp.com\/calviadeportes.com\/wp-content\/uploads\/2020\/10\/IB-Zona-deportiva-Costa-de-la-Calma-03-min.jpg?resize=1536%2C1024&amp;ssl=1 1536w, https:\/\/i0.wp.com\/calviadeportes.com\/wp-content\/uploads\/2020\/10\/IB-Zona-deportiva-Costa-de-la-Calma-03-min.jpg?resize=2048%2C1366&amp;ssl=1 2048w, https:\/\/i0.wp.com\/calviadeportes.com\/wp-content\/uploads\/2020\/10\/IB-Zona-deportiva-Costa-de-la-Calma-03-min.jpg?resize=1200%2C800&amp;ssl=1 1200w, https:\/\/i0.wp.com\/calviadeportes.com\/wp-content\/uploads\/2020\/10\/IB-Zona-deportiva-Costa-de-la-Calma-03-min.jpg?resize=1260%2C840&amp;ssl=1 1260w, https:\/\/i0.wp.com\/calviadeportes.com\/wp-content\/uploads\/2020\/10\/IB-Zona-deportiva-Costa-de-la-Calma-03-min.jpg?resize=615%2C410&amp;ssl=1 615w, https:\/\/i0.wp.com\/calviadeportes.com\/wp-content\/uploads\/2020\/10\/IB-Zona-deportiva-Costa-de-la-Calma-03-min.jpg?resize=400%2C266&amp;ssl=1 400w, https:\/\/i0.wp.com\/calviadeportes.com\/wp-content\/uploads\/2020\/10\/IB-Zona-deportiva-Costa-de-la-Calma-03-min.jpg?resize=292%2C195&amp;ssl=1 292w, https:\/\/i0.wp.com\/calviadeportes.com\/wp-content\/uploads\/2020\/10\/IB-Zona-deportiva-Costa-de-la-Calma-03-min.jpg?w=2760&amp;ssl=1 2760w\" width=\"455\" height=\"304\" loading=\"lazy\" data-original-width=\"455\" data-original-height=\"304\" itemprop=\"http:\/\/schema.org\/image\" title=\"IB Zona deportiva Costa de la Calma-03-min\" alt=\"Zona deportiva Costa de la Calma\" style=\"width: 455px; height: 304px;\" \/> <\/a> <div class=\"tiled-gallery-caption\" itemprop=\"caption description\"> Pista de Tenis de Zona Esportiva Costa de la Calma <\/div> <\/div> <\/div> <!-- close group --> <\/div> <!-- close row --> <\/div>\n<div class=\"push\" style='height:30px'><\/div>\n","protected":false},"excerpt":{"rendered":"<p>CONTACTE Tel\u00e8fon: 971 67 03 10 Email: ice@calvia.com DIRECCI\u00d3 Costa de la Calma C\/ Sa Madona, s\/n Mapa \u2192 EQUIPAMENT Pistes de p\u00e0del d&#8217;\u00fas lliure Pista de tenis sint\u00e8tica d&#8217;\u00fas&#8230;<\/p>\n","protected":false},"author":75162113,"featured_media":14107,"parent":0,"menu_order":0,"comment_status":"closed","ping_status":"closed","template":"","meta":{"_coblocks_attr":"","_coblocks_dimensions":"","_coblocks_responsive_height":"","_coblocks_accordion_ie_support":"","_crdt_document":"","footnotes":""},"class_list":["post-14106","page","type-page","status-publish","has-post-thumbnail","hentry"],"yoast_head":"<!-- This site is optimized with the Yoast SEO plugin v27.6 - https:\/\/yoast.com\/product\/yoast-seo-wordpress\/ -->\n<title>Zona esportiva de Costa de la Calma - Calvi\u00e0 - Mallorca<\/title>\n<meta name=\"robots\" content=\"index, follow, max-snippet:-1, max-image-preview:large, max-video-preview:-1\" \/>\n<link rel=\"canonical\" href=\"https:\/\/calviadeportes.com\/ca\/zona-esportiva-de-costa-de-la-calma\/\" \/>\n<meta property=\"og:locale\" content=\"ca_ES\" \/>\n<meta property=\"og:type\" content=\"article\" \/>\n<meta property=\"og:title\" content=\"Zona esportiva de Costa de la Calma - Calvi\u00e0 - Mallorca\" \/>\n<meta property=\"og:description\" content=\"CONTACTE Tel\u00e8fon: 971 67 03 10 Email: ice@calvia.com DIRECCI\u00d3 Costa de la Calma C\/ Sa Madona, s\/n Mapa \u2192 EQUIPAMENT Pistes de p\u00e0del d&#8217;\u00fas lliure Pista de tenis sint\u00e8tica d&#8217;\u00fas...\" \/>\n<meta property=\"og:url\" content=\"https:\/\/calviadeportes.com\/ca\/zona-esportiva-de-costa-de-la-calma\/\" \/>\n<meta property=\"og:site_name\" content=\"Calvi\u00e0 esports\" \/>\n<meta property=\"article:modified_time\" content=\"2026-04-24T11:26:51+00:00\" \/>\n<meta property=\"og:image\" content=\"https:\/\/calviadeportes.com\/wp-content\/uploads\/2020\/10\/IB-Zona-deportiva-Costa-de-la-Calma-02-min.jpg\" \/>\n\t<meta property=\"og:image:width\" content=\"3802\" \/>\n\t<meta property=\"og:image:height\" content=\"2535\" \/>\n\t<meta property=\"og:image:type\" content=\"image\/jpeg\" \/>\n<meta name=\"twitter:card\" content=\"summary_large_image\" \/>\n<meta name=\"twitter:label1\" content=\"Temps estimat de lectura\" \/>\n\t<meta name=\"twitter:data1\" content=\"1 minut\" \/>\n<script type=\"application\/ld+json\" class=\"yoast-schema-graph\">{\"@context\":\"https:\\\/\\\/schema.org\",\"@graph\":[{\"@type\":\"WebPage\",\"@id\":\"https:\\\/\\\/calviadeportes.com\\\/ca\\\/zona-esportiva-de-costa-de-la-calma\\\/\",\"url\":\"https:\\\/\\\/calviadeportes.com\\\/ca\\\/zona-esportiva-de-costa-de-la-calma\\\/\",\"name\":\"Zona esportiva de Costa de la Calma - Calvi\u00e0 - Mallorca\",\"isPartOf\":{\"@id\":\"https:\\\/\\\/calviadeportes.com\\\/ca\\\/#website\"},\"primaryImageOfPage\":{\"@id\":\"https:\\\/\\\/calviadeportes.com\\\/ca\\\/zona-esportiva-de-costa-de-la-calma\\\/#primaryimage\"},\"image\":{\"@id\":\"https:\\\/\\\/calviadeportes.com\\\/ca\\\/zona-esportiva-de-costa-de-la-calma\\\/#primaryimage\"},\"thumbnailUrl\":\"https:\\\/\\\/i0.wp.com\\\/calviadeportes.com\\\/wp-content\\\/uploads\\\/2020\\\/10\\\/IB-Zona-deportiva-Costa-de-la-Calma-02-min.jpg?fit=3802%2C2535&ssl=1\",\"datePublished\":\"2021-01-20T10:45:13+00:00\",\"dateModified\":\"2026-04-24T11:26:51+00:00\",\"breadcrumb\":{\"@id\":\"https:\\\/\\\/calviadeportes.com\\\/ca\\\/zona-esportiva-de-costa-de-la-calma\\\/#breadcrumb\"},\"inLanguage\":\"ca\",\"potentialAction\":[{\"@type\":\"ReadAction\",\"target\":[\"https:\\\/\\\/calviadeportes.com\\\/ca\\\/zona-esportiva-de-costa-de-la-calma\\\/\"]}]},{\"@type\":\"ImageObject\",\"inLanguage\":\"ca\",\"@id\":\"https:\\\/\\\/calviadeportes.com\\\/ca\\\/zona-esportiva-de-costa-de-la-calma\\\/#primaryimage\",\"url\":\"https:\\\/\\\/i0.wp.com\\\/calviadeportes.com\\\/wp-content\\\/uploads\\\/2020\\\/10\\\/IB-Zona-deportiva-Costa-de-la-Calma-02-min.jpg?fit=3802%2C2535&ssl=1\",\"contentUrl\":\"https:\\\/\\\/i0.wp.com\\\/calviadeportes.com\\\/wp-content\\\/uploads\\\/2020\\\/10\\\/IB-Zona-deportiva-Costa-de-la-Calma-02-min.jpg?fit=3802%2C2535&ssl=1\",\"width\":3802,\"height\":2535,\"caption\":\"Pista de Tenis de Zona Esportiva Costa de la Calma\"},{\"@type\":\"BreadcrumbList\",\"@id\":\"https:\\\/\\\/calviadeportes.com\\\/ca\\\/zona-esportiva-de-costa-de-la-calma\\\/#breadcrumb\",\"itemListElement\":[{\"@type\":\"ListItem\",\"position\":1,\"name\":\"Portada\",\"item\":\"https:\\\/\\\/calviadeportes.com\\\/ca\\\/\"},{\"@type\":\"ListItem\",\"position\":2,\"name\":\"Zona Esportiva de Costa de la Calma\"}]},{\"@type\":\"WebSite\",\"@id\":\"https:\\\/\\\/calviadeportes.com\\\/ca\\\/#website\",\"url\":\"https:\\\/\\\/calviadeportes.com\\\/ca\\\/\",\"name\":\"Calvi\u00e0 esports\",\"description\":\"ICE Calvi\u00e0 | Ayuntamiento de Calvi\u00e0\",\"potentialAction\":[{\"@type\":\"SearchAction\",\"target\":{\"@type\":\"EntryPoint\",\"urlTemplate\":\"https:\\\/\\\/calviadeportes.com\\\/ca\\\/?s={search_term_string}\"},\"query-input\":{\"@type\":\"PropertyValueSpecification\",\"valueRequired\":true,\"valueName\":\"search_term_string\"}}],\"inLanguage\":\"ca\"}]}<\/script>\n<!-- \/ Yoast SEO plugin. -->","yoast_head_json":{"title":"Zona esportiva de Costa de la Calma - Calvi\u00e0 - Mallorca","robots":{"index":"index","follow":"follow","max-snippet":"max-snippet:-1","max-image-preview":"max-image-preview:large","max-video-preview":"max-video-preview:-1"},"canonical":"https:\/\/calviadeportes.com\/ca\/zona-esportiva-de-costa-de-la-calma\/","og_locale":"ca_ES","og_type":"article","og_title":"Zona esportiva de Costa de la Calma - Calvi\u00e0 - Mallorca","og_description":"CONTACTE Tel\u00e8fon: 971 67 03 10 Email: ice@calvia.com DIRECCI\u00d3 Costa de la Calma C\/ Sa Madona, s\/n Mapa \u2192 EQUIPAMENT Pistes de p\u00e0del d&#8217;\u00fas lliure Pista de tenis sint\u00e8tica d&#8217;\u00fas...","og_url":"https:\/\/calviadeportes.com\/ca\/zona-esportiva-de-costa-de-la-calma\/","og_site_name":"Calvi\u00e0 esports","article_modified_time":"2026-04-24T11:26:51+00:00","og_image":[{"width":3802,"height":2535,"url":"https:\/\/calviadeportes.com\/wp-content\/uploads\/2020\/10\/IB-Zona-deportiva-Costa-de-la-Calma-02-min.jpg","type":"image\/jpeg"}],"twitter_card":"summary_large_image","twitter_misc":{"Temps estimat de lectura":"1 minut"},"schema":{"@context":"https:\/\/schema.org","@graph":[{"@type":"WebPage","@id":"https:\/\/calviadeportes.com\/ca\/zona-esportiva-de-costa-de-la-calma\/","url":"https:\/\/calviadeportes.com\/ca\/zona-esportiva-de-costa-de-la-calma\/","name":"Zona esportiva de Costa de la Calma - Calvi\u00e0 - Mallorca","isPartOf":{"@id":"https:\/\/calviadeportes.com\/ca\/#website"},"primaryImageOfPage":{"@id":"https:\/\/calviadeportes.com\/ca\/zona-esportiva-de-costa-de-la-calma\/#primaryimage"},"image":{"@id":"https:\/\/calviadeportes.com\/ca\/zona-esportiva-de-costa-de-la-calma\/#primaryimage"},"thumbnailUrl":"https:\/\/i0.wp.com\/calviadeportes.com\/wp-content\/uploads\/2020\/10\/IB-Zona-deportiva-Costa-de-la-Calma-02-min.jpg?fit=3802%2C2535&ssl=1","datePublished":"2021-01-20T10:45:13+00:00","dateModified":"2026-04-24T11:26:51+00:00","breadcrumb":{"@id":"https:\/\/calviadeportes.com\/ca\/zona-esportiva-de-costa-de-la-calma\/#breadcrumb"},"inLanguage":"ca","potentialAction":[{"@type":"ReadAction","target":["https:\/\/calviadeportes.com\/ca\/zona-esportiva-de-costa-de-la-calma\/"]}]},{"@type":"ImageObject","inLanguage":"ca","@id":"https:\/\/calviadeportes.com\/ca\/zona-esportiva-de-costa-de-la-calma\/#primaryimage","url":"https:\/\/i0.wp.com\/calviadeportes.com\/wp-content\/uploads\/2020\/10\/IB-Zona-deportiva-Costa-de-la-Calma-02-min.jpg?fit=3802%2C2535&ssl=1","contentUrl":"https:\/\/i0.wp.com\/calviadeportes.com\/wp-content\/uploads\/2020\/10\/IB-Zona-deportiva-Costa-de-la-Calma-02-min.jpg?fit=3802%2C2535&ssl=1","width":3802,"height":2535,"caption":"Pista de Tenis de Zona Esportiva Costa de la Calma"},{"@type":"BreadcrumbList","@id":"https:\/\/calviadeportes.com\/ca\/zona-esportiva-de-costa-de-la-calma\/#breadcrumb","itemListElement":[{"@type":"ListItem","position":1,"name":"Portada","item":"https:\/\/calviadeportes.com\/ca\/"},{"@type":"ListItem","position":2,"name":"Zona Esportiva de Costa de la Calma"}]},{"@type":"WebSite","@id":"https:\/\/calviadeportes.com\/ca\/#website","url":"https:\/\/calviadeportes.com\/ca\/","name":"Calvi\u00e0 esports","description":"ICE Calvi\u00e0 | Ayuntamiento de Calvi\u00e0","potentialAction":[{"@type":"SearchAction","target":{"@type":"EntryPoint","urlTemplate":"https:\/\/calviadeportes.com\/ca\/?s={search_term_string}"},"query-input":{"@type":"PropertyValueSpecification","valueRequired":true,"valueName":"search_term_string"}}],"inLanguage":"ca"}]}},"jetpack_likes_enabled":false,"jetpack_sharing_enabled":false,"jetpack_shortlink":"https:\/\/wp.me\/PckSre-3Fw","_links":{"self":[{"href":"https:\/\/calviadeportes.com\/ca\/wp-json\/wp\/v2\/pages\/14106","targetHints":{"allow":["GET"]}}],"collection":[{"href":"https:\/\/calviadeportes.com\/ca\/wp-json\/wp\/v2\/pages"}],"about":[{"href":"https:\/\/calviadeportes.com\/ca\/wp-json\/wp\/v2\/types\/page"}],"author":[{"embeddable":true,"href":"https:\/\/calviadeportes.com\/ca\/wp-json\/wp\/v2\/users\/75162113"}],"replies":[{"embeddable":true,"href":"https:\/\/calviadeportes.com\/ca\/wp-json\/wp\/v2\/comments?post=14106"}],"version-history":[{"count":7,"href":"https:\/\/calviadeportes.com\/ca\/wp-json\/wp\/v2\/pages\/14106\/revisions"}],"predecessor-version":[{"id":33395,"href":"https:\/\/calviadeportes.com\/ca\/wp-json\/wp\/v2\/pages\/14106\/revisions\/33395"}],"wp:featuredmedia":[{"embeddable":true,"href":"https:\/\/calviadeportes.com\/ca\/wp-json\/wp\/v2\/media\/14107"}],"wp:attachment":[{"href":"https:\/\/calviadeportes.com\/ca\/wp-json\/wp\/v2\/media?parent=14106"}],"curies":[{"name":"wp","href":"https:\/\/api.w.org\/{rel}","templated":true}]}}