{"id":13880,"date":"2021-01-20T09:49:14","date_gmt":"2021-01-20T08:49:14","guid":{"rendered":"https:\/\/calviadeportes.com\/piscina-de-santa-ponca\/"},"modified":"2025-11-19T11:36:28","modified_gmt":"2025-11-19T10:36:28","slug":"piscina-santa-ponca","status":"publish","type":"page","link":"https:\/\/calviadeportes.com\/ca\/piscina-santa-ponca\/","title":{"rendered":"Piscina de Santa Pon\u00e7a"},"content":{"rendered":"\t\t<h2 class=\"text-divider-double\">\t\t\t\nInformaci\u00f3 general\t\t<\/h2>\t\t<div class=\"sep\"><\/div>\t\n<div class=\"row \"><div class=\"wpv-grid grid-1-4  wpv-first-level first unextended\" style=\"padding-top:0px;padding-bottom:0px\" id=\"wpv-column-84bbe8d6bd076a1d2a1f7ea66c55ad49\" ><p style=\"text-align: center;\"><span class='icon shortcode theme ' style='font-size:32px !important;color:#e32e33;'>&#57469;<\/span>\n<p style=\"text-align: center;\"><strong>CONTACTE<\/strong><br \/>\nTel\u00e8fon: <a href=\"tel:971139211\">971 13 92 11<\/a><br \/>\nEmail: <a href=\"mailto:ice@calvia.com\">ice@calvia.com<\/a><\/p>\n<p style=\"text-align: center;\"><span class='icon shortcode theme ' style='font-size:32px !important;color:#e32e33;'>&#57547;<\/span>\n<p style=\"text-align: center;\"><strong>DIRECCI\u00d3<\/strong><br \/>\nSanta Pon\u00e7a<br \/>\nAvda. Santa Pon\u00e7a s\/n<br \/>\n<a href=\"https:\/\/www.google.com\/maps\/d\/edit?mid=1OdhnJ6tOo_W0Q_wkj0ROfuNnXRs&amp;ll=39.539368603161094%2C2.4573273207626016&amp;z=18\" target=\"_blank\" rel=\"noopener noreferrer\">Mapa \u2192<\/a><\/p>\n<p style=\"text-align: center;\"><div class=\"push\" style='height:10px'><\/div><\/div>\n<div class=\"wpv-grid grid-1-2  wpv-first-level unextended\" style=\"padding-top:0px;padding-bottom:0px\" id=\"wpv-column-1453db6654d997e2a4f9415682fc9018\" ><div class=\"wpv-accordion-wrapper wpv-accordion-1\"><ul class=\"wpv-accordion\" data-collapsible=\"true\"><li class=\"pane-wrapper\" style=\"\">\n\t\t\t\t\t<h4 class=\"tab\"><div class=\"inner\">HORARI D&#8217;HIVERN<\/div><\/h4>\n\t\t\t\t\t<div class=\"pane\"><div class=\"inner\"><h5><span class='icon shortcode theme ' style='font-size:25px !important;color:#e32e33;'>&#57530;<\/span> <strong>Des de setembre fins a juny (dies a determinar)<\/strong>\u00a0<div class=\"push\" style='height:10px'><\/div> <\/h5>\n<ul class=\"styled-list  icon-accent2\">\n<li class=\" icon-b theme\" data-icon=\"&#57374;\">Dilluns a divendres de 8.30 a 22 h<\/li>\n<li class=\" icon-b theme\" data-icon=\"&#57374;\">Dissabtes de 9 a 14 h<\/li>\n<li class=\" icon-b theme\" data-icon=\"&#57374;\">Diumenges i festius tancat<\/li>\n<\/ul>\n <div class=\"push\" style='height:10px'><\/div>\n<span class='icon shortcode  ' style='font-size:25px !important;color:#e32e33;'>&#57525;<\/span>La piscina d&#8217;aquesta instal\u00b7laci\u00f3 es <strong>tancar\u00e0 15 minuts abans<\/strong> de l&#8217;horari establert del tancament de la instal\u00b7laci\u00f3. <div class=\"push\" style='height:10px'><\/div> <\/div><\/div>\n\t\t\t\t\t<\/li><li class=\"pane-wrapper\" style=\"\">\n\t\t\t\t\t<h4 class=\"tab\"><div class=\"inner\">HORARIO D&#8217;ESTIU<\/div><\/h4>\n\t\t\t\t\t<div class=\"pane\"><div class=\"inner\"><h5><span class='icon shortcode theme ' style='font-size:25px !important;color:#e32e33;'>&#57530;<\/span> <strong>Des de juny fins a setembre (dies a determinar)<\/strong>\u00a0<div class=\"push\" style='height:10px'><\/div> <\/h5>\n<ul class=\"styled-list  icon-accent2\">\n<li class=\" icon-b theme\" data-icon=\"&#57374;\">JUNY \u2013 <strong>Dilluns a divendres<\/strong> 8.30 a 22 h. Dissabte i diumenge, tancat.<\/li>\n<li class=\" icon-b theme\" data-icon=\"&#57374;\">JULIO \u2013 Tancat<\/li>\n<li class=\" icon-b theme\" data-icon=\"&#57374;\">AGOST \u2013 Tancat<\/li>\n<li class=\" icon-b theme\" data-icon=\"&#57374;\">SETEMBRE \u2013 <strong>Dilluns a divendres<\/strong> 8.30 a 22 h. Dissabte i diumenge, tancat.<\/li>\n<\/ul>\n <div class=\"push\" style='height:10px'><\/div>\n<span class='icon shortcode  ' style='font-size:25px !important;color:#e32e33;'>&#57525;<\/span>La piscina d&#8217;aquesta instal\u00b7laci\u00f3 es <strong>tancar\u00e0 15 minuts abans<\/strong> de l&#8217;horari establert del tancament de la instal\u00b7laci\u00f3. <div class=\"push\" style='height:10px'><\/div> <\/div><\/div>\n\t\t\t\t\t<\/li><\/ul><style>.wpv-accordion-1 .tab .inner { background-color: #e32e33; color: #ffffff; }<\/style><\/div><\/div>\n<div class=\"wpv-grid grid-1-4  wpv-first-level unextended\" style=\"padding-top:0px;padding-bottom:0px\" id=\"wpv-column-931fc0c6f6e52b519c17850921843002\" ><p style=\"text-align: center;\"><span class='icon shortcode  ' style='font-size:32px !important;color:#e32e33;'>&#57739;<\/span>\n<p style=\"text-align: center;\"><strong>EQUIPAMENT<\/strong><\/p>\n<ul>\n<li>Piscina coberta climatitzada, 6 carrers (25\u00d712&#8217;5 m)<\/li>\n<li>Vestuaris col\u00b7lectius<\/li>\n<li>Cadira elevadora per a discapacitats<\/li>\n<li>Sala d&#8217;activitats dirigides<\/li>\n<\/ul><\/div><\/div>\n\t\t<div class=\"sep-text single centered\">\n\t\t\t\t\t\t\t<span class=\"sep-text-before\"><div class=\"sep-text-line\"><\/div><\/span>\n\t\t\t\t\t\t<div class=\"content\">\n\t\t\t\t\n<h2>Horaris Piscina de Santa Pon\u00e7a<\/h2>\n\t\t\t<\/div>\n\t\t\t<span class=\"sep-text-after\"><div class=\"sep-text-line\"><\/div><\/span>\n\t\t\t\t\t<\/div>\n\t\n<p><iframe loading=\"lazy\" style=\"border: solid 1px #777;\" src=\"https:\/\/calendar.google.com\/calendar\/embed?height=800&amp;wkst=2&amp;ctz=Europe%2FMadrid&amp;showPrint=0&amp;showNav=0&amp;showTabs=0&amp;showCalendars=0&amp;mode=WEEK&amp;src=Y2FsdmlhLmNvbV9qdXUzMGVwZ3Fqa3I3azFzbnBwbWV1ZHBnMEBncm91cC5jYWxlbmRhci5nb29nbGUuY29t&amp;color=%23795548\" width=\"1200\" height=\"800\" frameborder=\"0\" scrolling=\"no\"><\/iframe><\/p>\n\t\t<div class=\"sep-text single centered\">\n\t\t\t\t\t\t\t<span class=\"sep-text-before\"><div class=\"sep-text-line\"><\/div><\/span>\n\t\t\t\t\t\t<div class=\"content\">\n\t\t\t\t\n<h2>Activitats<\/h2>\n\t\t\t<\/div>\n\t\t\t<span class=\"sep-text-after\"><div class=\"sep-text-line\"><\/div><\/span>\n\t\t\t\t\t<\/div>\n\t\n<div class=\"row \"><div class=\"wpv-grid grid-1-2  wpv-first-level first unextended\" style=\"padding-top:0px;padding-bottom:0px\" id=\"wpv-column-544b880c17445ea433d4b6b99d06c3fe\" ><div class=\"wpv-accordion-wrapper wpv-accordion-2\"><ul class=\"wpv-accordion\" data-collapsible=\"true\"><li class=\"pane-wrapper\" style=\"\">\n\t\t\t\t\t<h4 class=\"tab\"><div class=\"inner\">Activitats aqu\u00e0tiques<\/div><\/h4>\n\t\t\t\t\t<div class=\"pane\"><div class=\"inner\"><div><b>Ebone:<\/b><\/div>\n<div>Email:<a href=\"mailto:ebonecoordinacioncalvia@gmail.com\"><b>\u00a0ebonecoordinacioncalvia@gmail.com<\/b><\/a><\/div><\/div><\/div>\n\t\t\t\t\t<\/li><li class=\"pane-wrapper\" style=\"\">\n\t\t\t\t\t<h4 class=\"tab\"><div class=\"inner\">Nataci\u00f3 (competici\u00f3)<\/div><\/h4>\n\t\t\t\t\t<div class=\"pane\"><div class=\"inner\"><p><strong>Club Natacio\u0301n Calvia\u0300<\/strong><br \/>\nEmail: <a href=\"mailto:info@cncalvia.es\">info@cncalvia.es<\/a><br \/>\n<a href=\"http:\/\/www.cncalvia.es\">www.cncalvia.es<\/a><\/div><\/div>\n\t\t\t\t\t<\/li><li class=\"pane-wrapper\" style=\"\">\n\t\t\t\t\t<h4 class=\"tab\"><div class=\"inner\">Karate<\/div><\/h4>\n\t\t\t\t\t<div class=\"pane\"><div class=\"inner\"><p><strong>Tot Esport Calvia\u0300<\/strong><br \/>\nTel\u00e8fon: 678 787 883 (Javitxu)<br \/>\nEmail: <a href=\"mailto:totesportcalvia@hotmail.com\">totesportcalvia@hotmail.com<\/a><\/div><\/div>\n\t\t\t\t\t<\/li><\/ul><style>.wpv-accordion-2 .tab .inner { background-color: #9b9b9b; color: #ffffff; }<\/style><\/div><\/div>\n<div class=\"wpv-grid grid-1-2  wpv-first-level unextended\" style=\"padding-top:0px;padding-bottom:0px\" id=\"wpv-column-44089db30411a2baed9e3c174c8d49c8\" ><div class=\"wpv-accordion-wrapper wpv-accordion-3\"><ul class=\"wpv-accordion\" data-collapsible=\"true\"><li class=\"pane-wrapper\" style=\"\">\n\t\t\t\t\t<h4 class=\"tab\"><div class=\"inner\">Triatl\u00f3<\/div><\/h4>\n\t\t\t\t\t<div class=\"pane\"><div class=\"inner\"><div><strong>Club Amistat-Novomarhotel<\/strong><\/div>\n<div>Tel\u00e8fon: 679 776 091 (Josema Ballesteros)<\/div>\n<div>Email: <a href=\"mailto:clubatletismeamistat@hotmail.com\" target=\"_blank\" rel=\"noopener noreferrer\">clubatletismeamistat@hotmail.<wbr \/>com<\/a><\/div><\/div><\/div>\n\t\t\t\t\t<\/li><\/ul><style>.wpv-accordion-3 .tab .inner { background-color: #9b9b9b; color: #ffffff; }<\/style><\/div><\/div><\/div>\n<div class=\"push\" style='height:63px'><\/div>\n\t\t<div class=\"sep-text single centered\">\n\t\t\t\t\t\t\t<span class=\"sep-text-before\"><div class=\"sep-text-line\"><\/div><\/span>\n\t\t\t\t\t\t<div class=\"content\">\n\t\t\t\t\n<h2>Galeria<\/h2>\n\t\t\t<\/div>\n\t\t\t<span class=\"sep-text-after\"><div class=\"sep-text-line\"><\/div><\/span>\n\t\t\t\t\t<\/div>\n\t\n<div class=\"tiled-gallery type-rectangular tiled-gallery-unresized\" data-original-width=\"1380\" data-carousel-extra='{&quot;blog_id&quot;:1,&quot;permalink&quot;:&quot;https:\\\/\\\/calviadeportes.com\\\/ca\\\/piscina-santa-ponca\\\/&quot;,&quot;likes_blog_id&quot;:182291856}' itemscope itemtype=\"http:\/\/schema.org\/ImageGallery\" > <div class=\"gallery-row\" style=\"width: 1380px; height: 691px;\" data-original-width=\"1380\" data-original-height=\"691\" > <div class=\"gallery-group images-1\" style=\"width: 920px; height: 691px;\" data-original-width=\"920\" data-original-height=\"691\" > <div class=\"tiled-gallery-item tiled-gallery-item-large\" itemprop=\"associatedMedia\" itemscope itemtype=\"http:\/\/schema.org\/ImageObject\"> <a href=\"https:\/\/calviadeportes.com\/ca\/piscina-cubierta-de-santa-ponc%cc%a7a-03-2\/\" border=\"0\" itemprop=\"url\"> <meta itemprop=\"width\" content=\"916\"> <meta itemprop=\"height\" content=\"687\"> <img decoding=\"async\" class=\"\" data-attachment-id=\"13881\" data-orig-file=\"https:\/\/calviadeportes.com\/wp-content\/uploads\/2020\/10\/Piscina-cubierta-de-Santa-Ponc\u0327a-03.jpg\" data-orig-size=\"2500,1875\" data-comments-opened=\"1\" data-image-meta=\"{&quot;aperture&quot;:&quot;0&quot;,&quot;credit&quot;:&quot;&quot;,&quot;camera&quot;:&quot;&quot;,&quot;caption&quot;:&quot;&quot;,&quot;created_timestamp&quot;:&quot;0&quot;,&quot;copyright&quot;:&quot;&quot;,&quot;focal_length&quot;:&quot;0&quot;,&quot;iso&quot;:&quot;0&quot;,&quot;shutter_speed&quot;:&quot;0&quot;,&quot;title&quot;:&quot;&quot;,&quot;orientation&quot;:&quot;0&quot;}\" data-image-title=\"Piscina cubierta de Santa Ponc\u0327a-03\" data-image-description=\"\" data-medium-file=\"https:\/\/i0.wp.com\/calviadeportes.com\/wp-content\/uploads\/2020\/10\/Piscina-cubierta-de-Santa-Ponc%CC%A7a-03.jpg?fit=300%2C225&#038;ssl=1\" data-large-file=\"https:\/\/i0.wp.com\/calviadeportes.com\/wp-content\/uploads\/2020\/10\/Piscina-cubierta-de-Santa-Ponc%CC%A7a-03.jpg?fit=1024%2C768&#038;ssl=1\" src=\"https:\/\/i0.wp.com\/calviadeportes.com\/wp-content\/uploads\/2020\/10\/Piscina-cubierta-de-Santa-Ponc%CC%A7a-03.jpg?w=916&#038;h=687&#038;ssl=1\" width=\"916\" height=\"687\" loading=\"lazy\" data-original-width=\"916\" data-original-height=\"687\" itemprop=\"http:\/\/schema.org\/image\" title=\"Piscina cubierta de Santa Ponc\u0327a-03\" alt=\"Piscina cubierta de Santa Ponc\u0327a\" style=\"width: 916px; height: 687px;\" \/> <\/a> <div class=\"tiled-gallery-caption\" itemprop=\"caption description\"> Piscina coberta de Santa Ponc\u0327a <\/div> <\/div> <\/div> <!-- close group --> <div class=\"gallery-group images-2\" style=\"width: 460px; height: 691px;\" data-original-width=\"460\" data-original-height=\"691\" > <div class=\"tiled-gallery-item tiled-gallery-item-large\" itemprop=\"associatedMedia\" itemscope itemtype=\"http:\/\/schema.org\/ImageObject\"> <a href=\"https:\/\/calviadeportes.com\/ca\/piscina-cubierta-de-santa-ponc%cc%a7a-01\/\" border=\"0\" itemprop=\"url\"> <meta itemprop=\"width\" content=\"456\"> <meta itemprop=\"height\" content=\"342\"> <img decoding=\"async\" class=\"\" data-attachment-id=\"13884\" data-orig-file=\"https:\/\/calviadeportes.com\/wp-content\/uploads\/2020\/10\/Piscina-cubierta-de-Santa-Ponc\u0327a-01-1.jpg\" data-orig-size=\"4000,3000\" data-comments-opened=\"1\" data-image-meta=\"{&quot;aperture&quot;:&quot;0&quot;,&quot;credit&quot;:&quot;&quot;,&quot;camera&quot;:&quot;&quot;,&quot;caption&quot;:&quot;&quot;,&quot;created_timestamp&quot;:&quot;0&quot;,&quot;copyright&quot;:&quot;&quot;,&quot;focal_length&quot;:&quot;0&quot;,&quot;iso&quot;:&quot;0&quot;,&quot;shutter_speed&quot;:&quot;0&quot;,&quot;title&quot;:&quot;&quot;,&quot;orientation&quot;:&quot;0&quot;}\" data-image-title=\"Piscina cubierta de Santa Ponc\u0327a-01\" data-image-description=\"\" data-medium-file=\"https:\/\/i0.wp.com\/calviadeportes.com\/wp-content\/uploads\/2020\/10\/Piscina-cubierta-de-Santa-Ponc%CC%A7a-01-1.jpg?fit=300%2C225&#038;ssl=1\" data-large-file=\"https:\/\/i0.wp.com\/calviadeportes.com\/wp-content\/uploads\/2020\/10\/Piscina-cubierta-de-Santa-Ponc%CC%A7a-01-1.jpg?fit=1024%2C768&#038;ssl=1\" src=\"https:\/\/i0.wp.com\/calviadeportes.com\/wp-content\/uploads\/2020\/10\/Piscina-cubierta-de-Santa-Ponc%CC%A7a-01-1.jpg?w=456&#038;h=342&#038;ssl=1\" width=\"456\" height=\"342\" loading=\"lazy\" data-original-width=\"456\" data-original-height=\"342\" itemprop=\"http:\/\/schema.org\/image\" title=\"Piscina cubierta de Santa Ponc\u0327a-01\" alt=\"Piscina cubierta de Santa Ponc\u0327a\" style=\"width: 456px; height: 342px;\" \/> <\/a> <div class=\"tiled-gallery-caption\" itemprop=\"caption description\"> Piscina coberta de Santa Ponc\u0327a <\/div> <\/div> <div class=\"tiled-gallery-item tiled-gallery-item-large\" itemprop=\"associatedMedia\" itemscope itemtype=\"http:\/\/schema.org\/ImageObject\"> <a href=\"https:\/\/calviadeportes.com\/ca\/piscina-cubierta-de-santa-ponc%cc%a7a-02\/\" border=\"0\" itemprop=\"url\"> <meta itemprop=\"width\" content=\"456\"> <meta itemprop=\"height\" content=\"341\"> <img decoding=\"async\" class=\"\" data-attachment-id=\"13887\" data-orig-file=\"https:\/\/calviadeportes.com\/wp-content\/uploads\/2020\/10\/Piscina-cubierta-de-Santa-Ponc\u0327a-02-1.jpg\" data-orig-size=\"4000,3000\" data-comments-opened=\"1\" data-image-meta=\"{&quot;aperture&quot;:&quot;0&quot;,&quot;credit&quot;:&quot;&quot;,&quot;camera&quot;:&quot;&quot;,&quot;caption&quot;:&quot;&quot;,&quot;created_timestamp&quot;:&quot;0&quot;,&quot;copyright&quot;:&quot;&quot;,&quot;focal_length&quot;:&quot;0&quot;,&quot;iso&quot;:&quot;0&quot;,&quot;shutter_speed&quot;:&quot;0&quot;,&quot;title&quot;:&quot;&quot;,&quot;orientation&quot;:&quot;0&quot;}\" data-image-title=\"Piscina cubierta de Santa Ponc\u0327a-02\" data-image-description=\"\" data-medium-file=\"https:\/\/i0.wp.com\/calviadeportes.com\/wp-content\/uploads\/2020\/10\/Piscina-cubierta-de-Santa-Ponc%CC%A7a-02-1.jpg?fit=300%2C225&#038;ssl=1\" data-large-file=\"https:\/\/i0.wp.com\/calviadeportes.com\/wp-content\/uploads\/2020\/10\/Piscina-cubierta-de-Santa-Ponc%CC%A7a-02-1.jpg?fit=1024%2C768&#038;ssl=1\" src=\"https:\/\/i0.wp.com\/calviadeportes.com\/wp-content\/uploads\/2020\/10\/Piscina-cubierta-de-Santa-Ponc%CC%A7a-02-1.jpg?w=456&#038;h=341&#038;ssl=1\" width=\"456\" height=\"341\" loading=\"lazy\" data-original-width=\"456\" data-original-height=\"341\" itemprop=\"http:\/\/schema.org\/image\" title=\"Piscina cubierta de Santa Ponc\u0327a-02\" alt=\"Piscina cubierta de Santa Ponc\u0327a\" style=\"width: 456px; height: 341px;\" \/> <\/a> <div class=\"tiled-gallery-caption\" itemprop=\"caption description\"> Piscina coberta de Santa Ponc\u0327a <\/div> <\/div> <\/div> <!-- close group --> <\/div> <!-- close row --> <\/div>\n<div class=\"push\" style='height:30px'><\/div>\n","protected":false},"excerpt":{"rendered":"<p>CONTACTE Tel\u00e8fon: 971 13 92 11 Email: ice@calvia.com DIRECCI\u00d3 Santa Pon\u00e7a Avda. Santa Pon\u00e7a s\/n Mapa \u2192 EQUIPAMENT Piscina coberta climatitzada, 6 carrers (25\u00d712&#8217;5 m) Vestuaris col\u00b7lectius Cadira elevadora per&#8230;<\/p>\n","protected":false},"author":75162113,"featured_media":13881,"parent":0,"menu_order":0,"comment_status":"closed","ping_status":"closed","template":"","meta":{"_coblocks_attr":"","_coblocks_dimensions":"","_coblocks_responsive_height":"","_coblocks_accordion_ie_support":"","_crdt_document":"","jetpack_post_was_ever_published":false,"footnotes":""},"class_list":["post-13880","page","type-page","status-publish","has-post-thumbnail","hentry"],"yoast_head":"<!-- This site is optimized with the Yoast SEO plugin v27.1.1 - https:\/\/yoast.com\/product\/yoast-seo-wordpress\/ -->\n<title>Piscina coberta de Santa Pon\u00e7a - Calvi\u00e0 . Mallorca<\/title>\n<meta name=\"robots\" content=\"index, follow, max-snippet:-1, max-image-preview:large, max-video-preview:-1\" \/>\n<link rel=\"canonical\" href=\"https:\/\/calviadeportes.com\/ca\/piscina-santa-ponca\/\" \/>\n<meta property=\"og:locale\" content=\"ca_ES\" \/>\n<meta property=\"og:type\" content=\"article\" \/>\n<meta property=\"og:title\" content=\"Piscina coberta de Santa Pon\u00e7a - Calvi\u00e0 . Mallorca\" \/>\n<meta property=\"og:description\" content=\"CONTACTE Tel\u00e8fon: 971 13 92 11 Email: ice@calvia.com DIRECCI\u00d3 Santa Pon\u00e7a Avda. Santa Pon\u00e7a s\/n Mapa \u2192 EQUIPAMENT Piscina coberta climatitzada, 6 carrers (25\u00d712&#8217;5 m) Vestuaris col\u00b7lectius Cadira elevadora per...\" \/>\n<meta property=\"og:url\" content=\"https:\/\/calviadeportes.com\/ca\/piscina-santa-ponca\/\" \/>\n<meta property=\"og:site_name\" content=\"Calvi\u00e0 esports\" \/>\n<meta property=\"article:modified_time\" content=\"2025-11-19T10:36:28+00:00\" \/>\n<meta property=\"og:image\" content=\"https:\/\/calviadeportes.com\/wp-content\/uploads\/2020\/10\/Piscina-cubierta-de-Santa-Ponc\u0327a-03.jpg\" \/>\n\t<meta property=\"og:image:width\" content=\"2500\" \/>\n\t<meta property=\"og:image:height\" content=\"1875\" \/>\n\t<meta property=\"og:image:type\" content=\"image\/jpeg\" \/>\n<meta name=\"twitter:card\" content=\"summary_large_image\" \/>\n<meta name=\"twitter:label1\" content=\"Temps estimat de lectura\" \/>\n\t<meta name=\"twitter:data1\" content=\"2 minuts\" \/>\n<script type=\"application\/ld+json\" class=\"yoast-schema-graph\">{\"@context\":\"https:\/\/schema.org\",\"@graph\":[{\"@type\":\"WebPage\",\"@id\":\"https:\/\/calviadeportes.com\/ca\/piscina-santa-ponca\/\",\"url\":\"https:\/\/calviadeportes.com\/ca\/piscina-santa-ponca\/\",\"name\":\"Piscina coberta de Santa Pon\u00e7a - Calvi\u00e0 . Mallorca\",\"isPartOf\":{\"@id\":\"https:\/\/calviadeportes.com\/ca\/#website\"},\"primaryImageOfPage\":{\"@id\":\"https:\/\/calviadeportes.com\/ca\/piscina-santa-ponca\/#primaryimage\"},\"image\":{\"@id\":\"https:\/\/calviadeportes.com\/ca\/piscina-santa-ponca\/#primaryimage\"},\"thumbnailUrl\":\"https:\/\/i0.wp.com\/calviadeportes.com\/wp-content\/uploads\/2020\/10\/Piscina-cubierta-de-Santa-Ponc%CC%A7a-03.jpg?fit=2500%2C1875&ssl=1\",\"datePublished\":\"2021-01-20T08:49:14+00:00\",\"dateModified\":\"2025-11-19T10:36:28+00:00\",\"breadcrumb\":{\"@id\":\"https:\/\/calviadeportes.com\/ca\/piscina-santa-ponca\/#breadcrumb\"},\"inLanguage\":\"ca\",\"potentialAction\":[{\"@type\":\"ReadAction\",\"target\":[\"https:\/\/calviadeportes.com\/ca\/piscina-santa-ponca\/\"]}]},{\"@type\":\"ImageObject\",\"inLanguage\":\"ca\",\"@id\":\"https:\/\/calviadeportes.com\/ca\/piscina-santa-ponca\/#primaryimage\",\"url\":\"https:\/\/i0.wp.com\/calviadeportes.com\/wp-content\/uploads\/2020\/10\/Piscina-cubierta-de-Santa-Ponc%CC%A7a-03.jpg?fit=2500%2C1875&ssl=1\",\"contentUrl\":\"https:\/\/i0.wp.com\/calviadeportes.com\/wp-content\/uploads\/2020\/10\/Piscina-cubierta-de-Santa-Ponc%CC%A7a-03.jpg?fit=2500%2C1875&ssl=1\",\"width\":2500,\"height\":1875,\"caption\":\"Piscina coberta de Santa Ponc\u0327a\"},{\"@type\":\"BreadcrumbList\",\"@id\":\"https:\/\/calviadeportes.com\/ca\/piscina-santa-ponca\/#breadcrumb\",\"itemListElement\":[{\"@type\":\"ListItem\",\"position\":1,\"name\":\"Portada\",\"item\":\"https:\/\/calviadeportes.com\/ca\/\"},{\"@type\":\"ListItem\",\"position\":2,\"name\":\"Piscina de Santa Pon\u00e7a\"}]},{\"@type\":\"WebSite\",\"@id\":\"https:\/\/calviadeportes.com\/ca\/#website\",\"url\":\"https:\/\/calviadeportes.com\/ca\/\",\"name\":\"Calvi\u00e0 esports\",\"description\":\"ICE Calvi\u00e0 | Ayuntamiento de Calvi\u00e0\",\"potentialAction\":[{\"@type\":\"SearchAction\",\"target\":{\"@type\":\"EntryPoint\",\"urlTemplate\":\"https:\/\/calviadeportes.com\/ca\/?s={search_term_string}\"},\"query-input\":{\"@type\":\"PropertyValueSpecification\",\"valueRequired\":true,\"valueName\":\"search_term_string\"}}],\"inLanguage\":\"ca\"}]}<\/script>\n<!-- \/ Yoast SEO plugin. -->","yoast_head_json":{"title":"Piscina coberta de Santa Pon\u00e7a - Calvi\u00e0 . Mallorca","robots":{"index":"index","follow":"follow","max-snippet":"max-snippet:-1","max-image-preview":"max-image-preview:large","max-video-preview":"max-video-preview:-1"},"canonical":"https:\/\/calviadeportes.com\/ca\/piscina-santa-ponca\/","og_locale":"ca_ES","og_type":"article","og_title":"Piscina coberta de Santa Pon\u00e7a - Calvi\u00e0 . Mallorca","og_description":"CONTACTE Tel\u00e8fon: 971 13 92 11 Email: ice@calvia.com DIRECCI\u00d3 Santa Pon\u00e7a Avda. Santa Pon\u00e7a s\/n Mapa \u2192 EQUIPAMENT Piscina coberta climatitzada, 6 carrers (25\u00d712&#8217;5 m) Vestuaris col\u00b7lectius Cadira elevadora per...","og_url":"https:\/\/calviadeportes.com\/ca\/piscina-santa-ponca\/","og_site_name":"Calvi\u00e0 esports","article_modified_time":"2025-11-19T10:36:28+00:00","og_image":[{"width":2500,"height":1875,"url":"https:\/\/calviadeportes.com\/wp-content\/uploads\/2020\/10\/Piscina-cubierta-de-Santa-Ponc\u0327a-03.jpg","type":"image\/jpeg"}],"twitter_card":"summary_large_image","twitter_misc":{"Temps estimat de lectura":"2 minuts"},"schema":{"@context":"https:\/\/schema.org","@graph":[{"@type":"WebPage","@id":"https:\/\/calviadeportes.com\/ca\/piscina-santa-ponca\/","url":"https:\/\/calviadeportes.com\/ca\/piscina-santa-ponca\/","name":"Piscina coberta de Santa Pon\u00e7a - Calvi\u00e0 . Mallorca","isPartOf":{"@id":"https:\/\/calviadeportes.com\/ca\/#website"},"primaryImageOfPage":{"@id":"https:\/\/calviadeportes.com\/ca\/piscina-santa-ponca\/#primaryimage"},"image":{"@id":"https:\/\/calviadeportes.com\/ca\/piscina-santa-ponca\/#primaryimage"},"thumbnailUrl":"https:\/\/i0.wp.com\/calviadeportes.com\/wp-content\/uploads\/2020\/10\/Piscina-cubierta-de-Santa-Ponc%CC%A7a-03.jpg?fit=2500%2C1875&ssl=1","datePublished":"2021-01-20T08:49:14+00:00","dateModified":"2025-11-19T10:36:28+00:00","breadcrumb":{"@id":"https:\/\/calviadeportes.com\/ca\/piscina-santa-ponca\/#breadcrumb"},"inLanguage":"ca","potentialAction":[{"@type":"ReadAction","target":["https:\/\/calviadeportes.com\/ca\/piscina-santa-ponca\/"]}]},{"@type":"ImageObject","inLanguage":"ca","@id":"https:\/\/calviadeportes.com\/ca\/piscina-santa-ponca\/#primaryimage","url":"https:\/\/i0.wp.com\/calviadeportes.com\/wp-content\/uploads\/2020\/10\/Piscina-cubierta-de-Santa-Ponc%CC%A7a-03.jpg?fit=2500%2C1875&ssl=1","contentUrl":"https:\/\/i0.wp.com\/calviadeportes.com\/wp-content\/uploads\/2020\/10\/Piscina-cubierta-de-Santa-Ponc%CC%A7a-03.jpg?fit=2500%2C1875&ssl=1","width":2500,"height":1875,"caption":"Piscina coberta de Santa Ponc\u0327a"},{"@type":"BreadcrumbList","@id":"https:\/\/calviadeportes.com\/ca\/piscina-santa-ponca\/#breadcrumb","itemListElement":[{"@type":"ListItem","position":1,"name":"Portada","item":"https:\/\/calviadeportes.com\/ca\/"},{"@type":"ListItem","position":2,"name":"Piscina de Santa Pon\u00e7a"}]},{"@type":"WebSite","@id":"https:\/\/calviadeportes.com\/ca\/#website","url":"https:\/\/calviadeportes.com\/ca\/","name":"Calvi\u00e0 esports","description":"ICE Calvi\u00e0 | Ayuntamiento de Calvi\u00e0","potentialAction":[{"@type":"SearchAction","target":{"@type":"EntryPoint","urlTemplate":"https:\/\/calviadeportes.com\/ca\/?s={search_term_string}"},"query-input":{"@type":"PropertyValueSpecification","valueRequired":true,"valueName":"search_term_string"}}],"inLanguage":"ca"}]}},"jetpack_likes_enabled":false,"jetpack_sharing_enabled":false,"jetpack_shortlink":"https:\/\/wp.me\/PckSre-3BS","_links":{"self":[{"href":"https:\/\/calviadeportes.com\/ca\/wp-json\/wp\/v2\/pages\/13880","targetHints":{"allow":["GET"]}}],"collection":[{"href":"https:\/\/calviadeportes.com\/ca\/wp-json\/wp\/v2\/pages"}],"about":[{"href":"https:\/\/calviadeportes.com\/ca\/wp-json\/wp\/v2\/types\/page"}],"author":[{"embeddable":true,"href":"https:\/\/calviadeportes.com\/ca\/wp-json\/wp\/v2\/users\/75162113"}],"replies":[{"embeddable":true,"href":"https:\/\/calviadeportes.com\/ca\/wp-json\/wp\/v2\/comments?post=13880"}],"version-history":[{"count":19,"href":"https:\/\/calviadeportes.com\/ca\/wp-json\/wp\/v2\/pages\/13880\/revisions"}],"predecessor-version":[{"id":31794,"href":"https:\/\/calviadeportes.com\/ca\/wp-json\/wp\/v2\/pages\/13880\/revisions\/31794"}],"wp:featuredmedia":[{"embeddable":true,"href":"https:\/\/calviadeportes.com\/ca\/wp-json\/wp\/v2\/media\/13881"}],"wp:attachment":[{"href":"https:\/\/calviadeportes.com\/ca\/wp-json\/wp\/v2\/media?parent=13880"}],"curies":[{"name":"wp","href":"https:\/\/api.w.org\/{rel}","templated":true}]}}