{"id":13832,"date":"2021-01-20T09:36:26","date_gmt":"2021-01-20T08:36:26","guid":{"rendered":"https:\/\/calviadeportes.com\/parc-de-calistenia-de-son-caliu\/"},"modified":"2026-04-24T13:30:36","modified_gmt":"2026-04-24T11:30:36","slug":"parc-de-calistenia-de-son-caliu","status":"publish","type":"page","link":"https:\/\/calviadeportes.com\/ca\/parc-de-calistenia-de-son-caliu\/","title":{"rendered":"Parc de Calistenia de Son Caliu"},"content":{"rendered":"\t\t<h2 class=\"text-divider-double\">\t\t\t\nInformaci\u00f3 general\t\t<\/h2>\t\t<div class=\"sep\"><\/div>\t\n<div class=\"row \"><div class=\"wpv-grid grid-1-4  wpv-first-level first unextended\" style=\"padding-top:0px;padding-bottom:0px\" id=\"wpv-column-da62706c7167022fe0d72e6c4d5818eb\" ><p style=\"text-align: center;\"><span class='icon shortcode theme ' style='font-size:32px !important;color:#e32e33;'>&#57469;<\/span>\n<p style=\"text-align: center;\"><strong>CONTACTE<\/strong><br \/>\nTel\u00e8fon: <a href=\"tel:971670310\">971 67 03 10<\/a><br \/>\nEmail: <a href=\"mailto:ice@calvia.com\">ice@calvia.com<\/a><\/p>\n<p style=\"text-align: center;\"><span class='icon shortcode theme ' style='font-size:32px !important;color:#e32e33;'>&#57547;<\/span>\n<p style=\"text-align: center;\"><strong>DIRECCI\u00d3<\/strong><br \/>\nSon Caliu<br \/>\nCalle Tarragona, S\/N<\/div>\n<div class=\"wpv-grid grid-1-2  wpv-first-level unextended\" style=\"padding-top:0px;padding-bottom:0px\" id=\"wpv-column-da33d8c2299031b5fa2b2fdee52fa994\" ><div class=\"wpv-accordion-wrapper wpv-accordion-1\"><ul class=\"wpv-accordion\" data-collapsible=\"true\"><li class=\"pane-wrapper\" style=\"\">\n\t\t\t\t\t<h4 class=\"tab\"><div class=\"inner\">HORARI<\/div><\/h4>\n\t\t\t\t\t<div class=\"pane\"><div class=\"inner\"><h5><span class='icon shortcode theme ' style='font-size:25px !important;color:#e32e33;'>&#57530;<\/span> <strong>De 8.30 a 22 h<\/strong>\u00a0<div class=\"push\" style='height:10px'><\/div> <\/h5>\n <div class=\"push\" style='height:10px'><\/div><\/div><\/div>\n\t\t\t\t\t<\/li><\/ul><style>.wpv-accordion-1 .tab .inner { background-color: #e32e33; color: #ffffff; }<\/style><\/div><\/div>\n<div class=\"wpv-grid grid-1-4  wpv-first-level unextended\" style=\"padding-top:0px;padding-bottom:0px\" id=\"wpv-column-f569633b3db4261813c8651767a0b41f\" ><p style=\"text-align: center;\"><span class='icon shortcode  ' style='font-size:32px !important;color:#e32e33;'>&#57739;<\/span>\n<p style=\"text-align: center;\"><strong>EQUIPAMENT<\/strong><\/p>\n<ul>\n<li>Monkey Cube<\/li>\n<li>Park Central<\/li>\n<li>Paral\u00b7lela doble<\/li>\n<li>Paral\u00b7lela<\/li>\n<li>Doble americana<\/li>\n<li>Banco Workout<\/li>\n<\/ul><\/div><\/div>\n<div class=\"push\" style='height:63px'><\/div>\n\t\t<div class=\"sep-text single centered\">\n\t\t\t\t\t\t\t<span class=\"sep-text-before\"><div class=\"sep-text-line\"><\/div><\/span>\n\t\t\t\t\t\t<div class=\"content\">\n\t\t\t\t\n<h2>Galeria<\/h2>\n\t\t\t<\/div>\n\t\t\t<span class=\"sep-text-after\"><div class=\"sep-text-line\"><\/div><\/span>\n\t\t\t\t\t<\/div>\n\t\n<div class=\"tiled-gallery type-rectangular tiled-gallery-unresized\" data-original-width=\"1380\" data-carousel-extra='{&quot;blog_id&quot;:1,&quot;permalink&quot;:&quot;https:\\\/\\\/calviadeportes.com\\\/ca\\\/parc-de-calistenia-de-son-caliu\\\/&quot;,&quot;likes_blog_id&quot;:182291856}' itemscope itemtype=\"http:\/\/schema.org\/ImageGallery\" > <div class=\"gallery-row\" style=\"width: 1380px; height: 669px;\" data-original-width=\"1380\" data-original-height=\"669\" > <div class=\"gallery-group images-1\" style=\"width: 1380px; height: 669px;\" data-original-width=\"1380\" data-original-height=\"669\" > <div class=\"tiled-gallery-item tiled-gallery-item-large\" itemprop=\"associatedMedia\" itemscope itemtype=\"http:\/\/schema.org\/ImageObject\"> <a href=\"https:\/\/calviadeportes.com\/ca\/calistenia-son-caliu-2\/\" border=\"0\" itemprop=\"url\"> <meta itemprop=\"width\" content=\"1376\"> <meta itemprop=\"height\" content=\"665\"> <img decoding=\"async\" class=\"\" data-attachment-id=\"13833\" data-orig-file=\"https:\/\/calviadeportes.com\/wp-content\/uploads\/2020\/10\/Calistenia-Son-Caliu.png\" data-orig-size=\"1098,531\" data-comments-opened=\"1\" data-image-meta=\"{&quot;aperture&quot;:&quot;0&quot;,&quot;credit&quot;:&quot;&quot;,&quot;camera&quot;:&quot;&quot;,&quot;caption&quot;:&quot;&quot;,&quot;created_timestamp&quot;:&quot;0&quot;,&quot;copyright&quot;:&quot;&quot;,&quot;focal_length&quot;:&quot;0&quot;,&quot;iso&quot;:&quot;0&quot;,&quot;shutter_speed&quot;:&quot;0&quot;,&quot;title&quot;:&quot;&quot;,&quot;orientation&quot;:&quot;0&quot;}\" data-image-title=\"Calistenia Son Caliu\" data-image-description=\"&lt;p&gt;Parque de Calistenia de Son Caliu- Instalaciones deportivas de Calvi\u00e0&lt;\/p&gt; \" data-medium-file=\"https:\/\/i0.wp.com\/calviadeportes.com\/wp-content\/uploads\/2020\/10\/Calistenia-Son-Caliu.png?fit=300%2C145&#038;ssl=1\" data-large-file=\"https:\/\/i0.wp.com\/calviadeportes.com\/wp-content\/uploads\/2020\/10\/Calistenia-Son-Caliu.png?fit=1024%2C495&#038;ssl=1\" src=\"https:\/\/i0.wp.com\/calviadeportes.com\/wp-content\/uploads\/2020\/10\/Calistenia-Son-Caliu.png?w=1376&#038;h=665&#038;ssl=1\" srcset=\"https:\/\/i0.wp.com\/calviadeportes.com\/wp-content\/uploads\/2020\/10\/Calistenia-Son-Caliu.png?w=1098&amp;ssl=1 1098w, https:\/\/i0.wp.com\/calviadeportes.com\/wp-content\/uploads\/2020\/10\/Calistenia-Son-Caliu.png?resize=300%2C145&amp;ssl=1 300w, https:\/\/i0.wp.com\/calviadeportes.com\/wp-content\/uploads\/2020\/10\/Calistenia-Son-Caliu.png?resize=1024%2C495&amp;ssl=1 1024w, https:\/\/i0.wp.com\/calviadeportes.com\/wp-content\/uploads\/2020\/10\/Calistenia-Son-Caliu.png?resize=768%2C371&amp;ssl=1 768w, https:\/\/i0.wp.com\/calviadeportes.com\/wp-content\/uploads\/2020\/10\/Calistenia-Son-Caliu.png?resize=615%2C297&amp;ssl=1 615w, https:\/\/i0.wp.com\/calviadeportes.com\/wp-content\/uploads\/2020\/10\/Calistenia-Son-Caliu.png?resize=400%2C193&amp;ssl=1 400w, https:\/\/i0.wp.com\/calviadeportes.com\/wp-content\/uploads\/2020\/10\/Calistenia-Son-Caliu.png?resize=292%2C141&amp;ssl=1 292w\" width=\"1376\" height=\"665\" loading=\"lazy\" data-original-width=\"1376\" data-original-height=\"665\" itemprop=\"http:\/\/schema.org\/image\" title=\"Calistenia Son Caliu\" alt=\"Parque de Calistenia de Son Caliu\" style=\"width: 1376px; height: 665px;\" \/> <\/a> <div class=\"tiled-gallery-caption\" itemprop=\"caption description\"> Parc de Calistenia de Son Caliu <\/div> <\/div> <\/div> <!-- close group --> <\/div> <!-- close row --> <\/div>\n<div class=\"push\" style='height:30px'><\/div>\n","protected":false},"excerpt":{"rendered":"<p>CONTACTE Tel\u00e8fon: 971 67 03 10 Email: ice@calvia.com DIRECCI\u00d3 Son Caliu Calle Tarragona, S\/N EQUIPAMENT Monkey Cube Park Central Paral\u00b7lela doble Paral\u00b7lela Doble americana Banco Workout<\/p>\n","protected":false},"author":75162113,"featured_media":13833,"parent":0,"menu_order":0,"comment_status":"closed","ping_status":"closed","template":"","meta":{"_coblocks_attr":"","_coblocks_dimensions":"","_coblocks_responsive_height":"","_coblocks_accordion_ie_support":"","_crdt_document":"","footnotes":""},"class_list":["post-13832","page","type-page","status-publish","has-post-thumbnail","hentry"],"yoast_head":"<!-- This site is optimized with the Yoast SEO plugin v27.6 - https:\/\/yoast.com\/product\/yoast-seo-wordpress\/ -->\n<title>Parc de Calistenia de Son Caliu<\/title>\n<meta name=\"robots\" content=\"index, follow, max-snippet:-1, max-image-preview:large, max-video-preview:-1\" \/>\n<link rel=\"canonical\" href=\"https:\/\/calviadeportes.com\/ca\/parc-de-calistenia-de-son-caliu\/\" \/>\n<meta property=\"og:locale\" content=\"ca_ES\" \/>\n<meta property=\"og:type\" content=\"article\" \/>\n<meta property=\"og:title\" content=\"Parc de Calistenia de Son Caliu\" \/>\n<meta property=\"og:description\" content=\"CONTACTE Tel\u00e8fon: 971 67 03 10 Email: ice@calvia.com DIRECCI\u00d3 Son Caliu Calle Tarragona, S\/N EQUIPAMENT Monkey Cube Park Central Paral\u00b7lela doble Paral\u00b7lela Doble americana Banco Workout\" \/>\n<meta property=\"og:url\" content=\"https:\/\/calviadeportes.com\/ca\/parc-de-calistenia-de-son-caliu\/\" \/>\n<meta property=\"og:site_name\" content=\"Calvi\u00e0 esports\" \/>\n<meta property=\"article:modified_time\" content=\"2026-04-24T11:30:36+00:00\" \/>\n<meta property=\"og:image\" content=\"https:\/\/calviadeportes.com\/wp-content\/uploads\/2020\/10\/Calistenia-Son-Caliu.png\" \/>\n\t<meta property=\"og:image:width\" content=\"1098\" \/>\n\t<meta property=\"og:image:height\" content=\"531\" \/>\n\t<meta property=\"og:image:type\" content=\"image\/png\" \/>\n<meta name=\"twitter:card\" content=\"summary_large_image\" \/>\n<meta name=\"twitter:label1\" content=\"Temps estimat de lectura\" \/>\n\t<meta name=\"twitter:data1\" content=\"1 minut\" \/>\n<script type=\"application\/ld+json\" class=\"yoast-schema-graph\">{\"@context\":\"https:\\\/\\\/schema.org\",\"@graph\":[{\"@type\":\"WebPage\",\"@id\":\"https:\\\/\\\/calviadeportes.com\\\/ca\\\/parc-de-calistenia-de-son-caliu\\\/\",\"url\":\"https:\\\/\\\/calviadeportes.com\\\/ca\\\/parc-de-calistenia-de-son-caliu\\\/\",\"name\":\"Parc de Calistenia de Son Caliu\",\"isPartOf\":{\"@id\":\"https:\\\/\\\/calviadeportes.com\\\/ca\\\/#website\"},\"primaryImageOfPage\":{\"@id\":\"https:\\\/\\\/calviadeportes.com\\\/ca\\\/parc-de-calistenia-de-son-caliu\\\/#primaryimage\"},\"image\":{\"@id\":\"https:\\\/\\\/calviadeportes.com\\\/ca\\\/parc-de-calistenia-de-son-caliu\\\/#primaryimage\"},\"thumbnailUrl\":\"https:\\\/\\\/i0.wp.com\\\/calviadeportes.com\\\/wp-content\\\/uploads\\\/2020\\\/10\\\/Calistenia-Son-Caliu.png?fit=1098%2C531&ssl=1\",\"datePublished\":\"2021-01-20T08:36:26+00:00\",\"dateModified\":\"2026-04-24T11:30:36+00:00\",\"breadcrumb\":{\"@id\":\"https:\\\/\\\/calviadeportes.com\\\/ca\\\/parc-de-calistenia-de-son-caliu\\\/#breadcrumb\"},\"inLanguage\":\"ca\",\"potentialAction\":[{\"@type\":\"ReadAction\",\"target\":[\"https:\\\/\\\/calviadeportes.com\\\/ca\\\/parc-de-calistenia-de-son-caliu\\\/\"]}]},{\"@type\":\"ImageObject\",\"inLanguage\":\"ca\",\"@id\":\"https:\\\/\\\/calviadeportes.com\\\/ca\\\/parc-de-calistenia-de-son-caliu\\\/#primaryimage\",\"url\":\"https:\\\/\\\/i0.wp.com\\\/calviadeportes.com\\\/wp-content\\\/uploads\\\/2020\\\/10\\\/Calistenia-Son-Caliu.png?fit=1098%2C531&ssl=1\",\"contentUrl\":\"https:\\\/\\\/i0.wp.com\\\/calviadeportes.com\\\/wp-content\\\/uploads\\\/2020\\\/10\\\/Calistenia-Son-Caliu.png?fit=1098%2C531&ssl=1\",\"width\":1098,\"height\":531,\"caption\":\"Parc de Calistenia de Son Caliu\"},{\"@type\":\"BreadcrumbList\",\"@id\":\"https:\\\/\\\/calviadeportes.com\\\/ca\\\/parc-de-calistenia-de-son-caliu\\\/#breadcrumb\",\"itemListElement\":[{\"@type\":\"ListItem\",\"position\":1,\"name\":\"Portada\",\"item\":\"https:\\\/\\\/calviadeportes.com\\\/ca\\\/\"},{\"@type\":\"ListItem\",\"position\":2,\"name\":\"Parc de Calistenia de Son Caliu\"}]},{\"@type\":\"WebSite\",\"@id\":\"https:\\\/\\\/calviadeportes.com\\\/ca\\\/#website\",\"url\":\"https:\\\/\\\/calviadeportes.com\\\/ca\\\/\",\"name\":\"Calvi\u00e0 esports\",\"description\":\"ICE Calvi\u00e0 | Ayuntamiento de Calvi\u00e0\",\"potentialAction\":[{\"@type\":\"SearchAction\",\"target\":{\"@type\":\"EntryPoint\",\"urlTemplate\":\"https:\\\/\\\/calviadeportes.com\\\/ca\\\/?s={search_term_string}\"},\"query-input\":{\"@type\":\"PropertyValueSpecification\",\"valueRequired\":true,\"valueName\":\"search_term_string\"}}],\"inLanguage\":\"ca\"}]}<\/script>\n<!-- \/ Yoast SEO plugin. -->","yoast_head_json":{"title":"Parc de Calistenia de Son Caliu","robots":{"index":"index","follow":"follow","max-snippet":"max-snippet:-1","max-image-preview":"max-image-preview:large","max-video-preview":"max-video-preview:-1"},"canonical":"https:\/\/calviadeportes.com\/ca\/parc-de-calistenia-de-son-caliu\/","og_locale":"ca_ES","og_type":"article","og_title":"Parc de Calistenia de Son Caliu","og_description":"CONTACTE Tel\u00e8fon: 971 67 03 10 Email: ice@calvia.com DIRECCI\u00d3 Son Caliu Calle Tarragona, S\/N EQUIPAMENT Monkey Cube Park Central Paral\u00b7lela doble Paral\u00b7lela Doble americana Banco Workout","og_url":"https:\/\/calviadeportes.com\/ca\/parc-de-calistenia-de-son-caliu\/","og_site_name":"Calvi\u00e0 esports","article_modified_time":"2026-04-24T11:30:36+00:00","og_image":[{"width":1098,"height":531,"url":"https:\/\/calviadeportes.com\/wp-content\/uploads\/2020\/10\/Calistenia-Son-Caliu.png","type":"image\/png"}],"twitter_card":"summary_large_image","twitter_misc":{"Temps estimat de lectura":"1 minut"},"schema":{"@context":"https:\/\/schema.org","@graph":[{"@type":"WebPage","@id":"https:\/\/calviadeportes.com\/ca\/parc-de-calistenia-de-son-caliu\/","url":"https:\/\/calviadeportes.com\/ca\/parc-de-calistenia-de-son-caliu\/","name":"Parc de Calistenia de Son Caliu","isPartOf":{"@id":"https:\/\/calviadeportes.com\/ca\/#website"},"primaryImageOfPage":{"@id":"https:\/\/calviadeportes.com\/ca\/parc-de-calistenia-de-son-caliu\/#primaryimage"},"image":{"@id":"https:\/\/calviadeportes.com\/ca\/parc-de-calistenia-de-son-caliu\/#primaryimage"},"thumbnailUrl":"https:\/\/i0.wp.com\/calviadeportes.com\/wp-content\/uploads\/2020\/10\/Calistenia-Son-Caliu.png?fit=1098%2C531&ssl=1","datePublished":"2021-01-20T08:36:26+00:00","dateModified":"2026-04-24T11:30:36+00:00","breadcrumb":{"@id":"https:\/\/calviadeportes.com\/ca\/parc-de-calistenia-de-son-caliu\/#breadcrumb"},"inLanguage":"ca","potentialAction":[{"@type":"ReadAction","target":["https:\/\/calviadeportes.com\/ca\/parc-de-calistenia-de-son-caliu\/"]}]},{"@type":"ImageObject","inLanguage":"ca","@id":"https:\/\/calviadeportes.com\/ca\/parc-de-calistenia-de-son-caliu\/#primaryimage","url":"https:\/\/i0.wp.com\/calviadeportes.com\/wp-content\/uploads\/2020\/10\/Calistenia-Son-Caliu.png?fit=1098%2C531&ssl=1","contentUrl":"https:\/\/i0.wp.com\/calviadeportes.com\/wp-content\/uploads\/2020\/10\/Calistenia-Son-Caliu.png?fit=1098%2C531&ssl=1","width":1098,"height":531,"caption":"Parc de Calistenia de Son Caliu"},{"@type":"BreadcrumbList","@id":"https:\/\/calviadeportes.com\/ca\/parc-de-calistenia-de-son-caliu\/#breadcrumb","itemListElement":[{"@type":"ListItem","position":1,"name":"Portada","item":"https:\/\/calviadeportes.com\/ca\/"},{"@type":"ListItem","position":2,"name":"Parc de Calistenia de Son Caliu"}]},{"@type":"WebSite","@id":"https:\/\/calviadeportes.com\/ca\/#website","url":"https:\/\/calviadeportes.com\/ca\/","name":"Calvi\u00e0 esports","description":"ICE Calvi\u00e0 | Ayuntamiento de Calvi\u00e0","potentialAction":[{"@type":"SearchAction","target":{"@type":"EntryPoint","urlTemplate":"https:\/\/calviadeportes.com\/ca\/?s={search_term_string}"},"query-input":{"@type":"PropertyValueSpecification","valueRequired":true,"valueName":"search_term_string"}}],"inLanguage":"ca"}]}},"jetpack_likes_enabled":false,"jetpack_sharing_enabled":false,"jetpack_shortlink":"https:\/\/wp.me\/PckSre-3B6","_links":{"self":[{"href":"https:\/\/calviadeportes.com\/ca\/wp-json\/wp\/v2\/pages\/13832","targetHints":{"allow":["GET"]}}],"collection":[{"href":"https:\/\/calviadeportes.com\/ca\/wp-json\/wp\/v2\/pages"}],"about":[{"href":"https:\/\/calviadeportes.com\/ca\/wp-json\/wp\/v2\/types\/page"}],"author":[{"embeddable":true,"href":"https:\/\/calviadeportes.com\/ca\/wp-json\/wp\/v2\/users\/75162113"}],"replies":[{"embeddable":true,"href":"https:\/\/calviadeportes.com\/ca\/wp-json\/wp\/v2\/comments?post=13832"}],"version-history":[{"count":6,"href":"https:\/\/calviadeportes.com\/ca\/wp-json\/wp\/v2\/pages\/13832\/revisions"}],"predecessor-version":[{"id":33401,"href":"https:\/\/calviadeportes.com\/ca\/wp-json\/wp\/v2\/pages\/13832\/revisions\/33401"}],"wp:featuredmedia":[{"embeddable":true,"href":"https:\/\/calviadeportes.com\/ca\/wp-json\/wp\/v2\/media\/13833"}],"wp:attachment":[{"href":"https:\/\/calviadeportes.com\/ca\/wp-json\/wp\/v2\/media?parent=13832"}],"curies":[{"name":"wp","href":"https:\/\/api.w.org\/{rel}","templated":true}]}}