{"id":13768,"date":"2021-01-20T09:08:29","date_gmt":"2021-01-20T08:08:29","guid":{"rendered":"https:\/\/calviadeportes.com\/pavello-de-galatzo\/"},"modified":"2026-01-20T06:50:01","modified_gmt":"2026-01-20T05:50:01","slug":"pavello-de-galatzo","status":"publish","type":"page","link":"https:\/\/calviadeportes.com\/ca\/pavello-de-galatzo\/","title":{"rendered":"Pavell\u00f3 de Galatz\u00f3"},"content":{"rendered":"\t\t<h2 class=\"text-divider-double\">\t\t\t\nInformaci\u00f3 general\t\t<\/h2>\t\t<div class=\"sep\"><\/div>\t\n<div class=\"row \"><div class=\"wpv-grid grid-1-4  wpv-first-level first unextended\" style=\"padding-top:0px;padding-bottom:0px\" id=\"wpv-column-34b99f96b2781159203e4516229c0de1\" ><p style=\"text-align: center;\"><span class='icon shortcode theme ' style='font-size:32px !important;color:#e32e33;'>&#57469;<\/span>\n<p style=\"text-align: center;\"><strong>CONTACTE<\/strong><br \/>\nTel\u00e8fon: <a href=\"tel:971696043\">971 69 60 43<\/a><br \/>\nEmail: <a href=\"mailto:ice@calvia.com\">ice@calvia.com<\/a><\/p>\n<p style=\"text-align: center;\"><span class='icon shortcode theme ' style='font-size:32px !important;color:#e32e33;'>&#57547;<\/span>\n<p style=\"text-align: center;\"><strong>DIRECCI\u00d3<\/strong><br \/>\nUrbanizaci\u00f3n de Galatz\u00f3<br \/>\nAvda. Puig de Saragossa, 2<br \/>\n<a href=\"https:\/\/www.google.com\/maps\/d\/edit?mid=1OdhnJ6tOo_W0Q_wkj0ROfuNnXRs&amp;ll=39.52463837577059%2C2.4962611268274486&amp;z=17\" target=\"_blank\" rel=\"noopener noreferrer\">Mapa \u2192<\/a><\/p>\n<p style=\"text-align: center;\"><div class=\"push\" style='height:10px'><\/div><\/div>\n<div class=\"wpv-grid grid-1-2  wpv-first-level unextended\" style=\"padding-top:0px;padding-bottom:0px\" id=\"wpv-column-d798d084ce922437f2cef44ebb4352a3\" ><div class=\"wpv-accordion-wrapper wpv-accordion-1\"><ul class=\"wpv-accordion\" data-collapsible=\"true\"><li class=\"pane-wrapper\" style=\"\">\n\t\t\t\t\t<h4 class=\"tab\"><div class=\"inner\">HORARI D&#8217;HIVERN<\/div><\/h4>\n\t\t\t\t\t<div class=\"pane\"><div class=\"inner\"><h5><span class='icon shortcode theme ' style='font-size:25px !important;color:#e32e33;'>&#57530;<\/span> <strong>Des de setembre fins a juny (dies a determinar)<\/strong>\u00a0<div class=\"push\" style='height:10px'><\/div> <\/h5>\n<ul class=\"styled-list  icon-accent2\">\n<li class=\" icon-b theme\" data-icon=\"&#57374;\">Dilluns a divendres de 8:30 a 22:00 h<\/li>\n<li class=\" icon-b theme\" data-icon=\"&#57374;\">Dissabtes de 9 a 14 i de 16 a 21 h<\/li>\n<li class=\" icon-b theme\" data-icon=\"&#57374;\">Diumenges i festius de 9 a 14 h<\/li>\n<\/ul>\n <div class=\"push\" style='height:10px'><\/div>\n<span class='icon shortcode  ' style='font-size:25px !important;color:#e32e33;'>&#57525;<\/span>El gimn\u00e0s d&#8217;aquesta instal\u00b7laci\u00f3 es <strong>tancar\u00e0 15 minuts abans<\/strong> de l&#8217;horari establert del tancament de la instal\u00b7laci\u00f3.<div class=\"push\" style='height:10px'><\/div> <\/div><\/div>\n\t\t\t\t\t<\/li><li class=\"pane-wrapper\" style=\"\">\n\t\t\t\t\t<h4 class=\"tab\"><div class=\"inner\">HORARI D&#8217;ESTIU<\/div><\/h4>\n\t\t\t\t\t<div class=\"pane\"><div class=\"inner\"><h5><span class='icon shortcode theme ' style='font-size:25px !important;color:#e32e33;'>&#57530;<\/span> <strong>Des de juny fins a setembre (dies a determinar)<\/strong> <div class=\"push\" style='height:10px'><\/div> <\/h5>\n<ul class=\"styled-list  icon-accent2\">\n<li class=\" icon-b theme\" data-icon=\"&#57374;\"><strong>JUNY<\/strong> \u2013 Dilluns a divendres de 8.30 a 22 h. Dissabte de 9 a 14 h | 16 a 21 h. Domingo i festius de 9 a 14 h.<\/li>\n<li class=\" icon-b theme\" data-icon=\"&#57374;\"><strong>JULIO<\/strong> \u2013 Dilluns a divendres de 8.30 a 22 h. Dissabte, diumenge i festius tancat.<\/li>\n<li class=\" icon-b theme\" data-icon=\"&#57374;\"><strong>AGOST<\/strong> \u2013 Dilluns a divendres de 8.30 a 22 h. Dissabte, diumenge i festius tancat.<\/li>\n<li class=\" icon-b theme\" data-icon=\"&#57374;\"><strong>SETEMBRE<\/strong> \u2013 Dilluns a divendres de 8.30 a 22 h. Dissabte de 9 a 14 h | 16 a 21 h. Domingo i festius de 9 a 14 h.<\/li>\n<\/ul>\n <div class=\"push\" style='height:10px'><\/div>\n<span class='icon shortcode  ' style='font-size:25px !important;color:#e32e33;'>&#57525;<\/span>El gimn\u00e0s d&#8217;aquesta instal\u00b7laci\u00f3 es <strong>tancar\u00e0 15 minuts abans<\/strong> de l&#8217;horari establert del tancament de la instal\u00b7laci\u00f3.<div class=\"push\" style='height:10px'><\/div> <\/div><\/div>\n\t\t\t\t\t<\/li><\/ul><style>.wpv-accordion-1 .tab .inner { background-color: #e32e33; color: #ffffff; }<\/style><\/div><\/div>\n<div class=\"wpv-grid grid-1-4  wpv-first-level unextended\" style=\"padding-top:0px;padding-bottom:0px\" id=\"wpv-column-6ec5c9fee98c01ffe2c20be711bca683\" ><p style=\"text-align: center;\"><span class='icon shortcode  ' style='font-size:32px !important;color:#e32e33;'>&#57739;<\/span>\n<p style=\"text-align: center;\"><strong>EQUIPAMENT<\/strong><\/p>\n<ul>\n<li>Pista poliesportiva interior<\/li>\n<li>Gimn\u00e0s de musculaci\u00f3<\/li>\n<li>Sala d&#8217;activitats dirigides<\/li>\n<li>Vestuaris col\u00b7lectius<\/li>\n<li>Servei de bar<\/li>\n<li>Adaptat per a discapacitats<\/li>\n<\/ul><\/div><\/div>\n\t\t<div class=\"sep-text single centered\">\n\t\t\t\t\t\t\t<span class=\"sep-text-before\"><div class=\"sep-text-line\"><\/div><\/span>\n\t\t\t\t\t\t<div class=\"content\">\n\t\t\t\t\n<h2>Activitats<\/h2>\n\t\t\t<\/div>\n\t\t\t<span class=\"sep-text-after\"><div class=\"sep-text-line\"><\/div><\/span>\n\t\t\t\t\t<\/div>\n\t\n<div class=\"row \"><div class=\"wpv-grid grid-1-2  wpv-first-level first unextended\" style=\"padding-top:0px;padding-bottom:0px\" id=\"wpv-column-dcf7c711604f4528fada8edbae36d009\" ><div class=\"wpv-accordion-wrapper wpv-accordion-2\"><ul class=\"wpv-accordion\" data-collapsible=\"true\"><li class=\"pane-wrapper\" style=\"\">\n\t\t\t\t\t<h4 class=\"tab\"><div class=\"inner\">B\u00e0squet<\/div><\/h4>\n\t\t\t\t\t<div class=\"pane\"><div class=\"inner\"><p><strong>Club B\u00e0squet Calvi\u00e0<\/strong><br \/>\nTel\u00e8fon: Guillermo Morey 669.24.48.68 \/\/ Rafa Gelabert 659.69.66.58<br \/>\nEmail: <a href=\"mailto:basquetcalvia@gmail.com\" target=\"_blank\" rel=\"noopener\">basquetcalvia@gmail.com<\/a><\/div><\/div>\n\t\t\t\t\t<\/li><li class=\"pane-wrapper\" style=\"\">\n\t\t\t\t\t<h4 class=\"tab\"><div class=\"inner\">Futbol Sala<\/div><\/h4>\n\t\t\t\t\t<div class=\"pane\"><div class=\"inner\"><p><strong>ETB Calvi\u00e0<\/strong><br \/>\nTel\u00e8fon: 678 266 722 (Pedro Nadal)<br \/>\nEmail: <a href=\"mailto:info.etbc@gmail.com\">info.etbc@gmail.com<\/a><\/div><\/div>\n\t\t\t\t\t<\/li><\/ul><style>.wpv-accordion-2 .tab .inner { background-color: #9b9b9b; color: #ffffff; }<\/style><\/div><\/div>\n<div class=\"wpv-grid grid-1-2  wpv-first-level unextended\" style=\"padding-top:0px;padding-bottom:0px\" id=\"wpv-column-52a4301ff7f7416037f759254604b2da\" ><div class=\"wpv-accordion-wrapper wpv-accordion-3\"><ul class=\"wpv-accordion\" data-collapsible=\"true\"><li class=\"pane-wrapper\" style=\"\">\n\t\t\t\t\t<h4 class=\"tab\"><div class=\"inner\">B\u00e0dminton<\/div><\/h4>\n\t\t\t\t\t<div class=\"pane\"><div class=\"inner\"><p><strong>Club B\u00e0dminton Calvi\u00e0<\/strong><br \/>\nTel\u00e8fon: 639 669 098 (Gabriel)<br \/>\nEmail: <a href=\"mailto:edufiscalvia@hotmail.com\">edufiscalvia@hotmail.com<\/a><\/div><\/div>\n\t\t\t\t\t<\/li><\/ul><style>.wpv-accordion-3 .tab .inner { background-color: #9b9b9b; color: #ffffff; }<\/style><\/div><\/div><\/div>\n<div class=\"push\" style='height:63px'><\/div>\n\t\t<div class=\"sep-text single centered\">\n\t\t\t\t\t\t\t<span class=\"sep-text-before\"><div class=\"sep-text-line\"><\/div><\/span>\n\t\t\t\t\t\t<div class=\"content\">\n\t\t\t\t\n<h2>Galeria<\/h2>\n\t\t\t<\/div>\n\t\t\t<span class=\"sep-text-after\"><div class=\"sep-text-line\"><\/div><\/span>\n\t\t\t\t\t<\/div>\n\t\n<div class=\"tiled-gallery type-rectangular tiled-gallery-unresized\" data-original-width=\"1380\" data-carousel-extra='{&quot;blog_id&quot;:1,&quot;permalink&quot;:&quot;https:\\\/\\\/calviadeportes.com\\\/ca\\\/pavello-de-galatzo\\\/&quot;,&quot;likes_blog_id&quot;:182291856}' itemscope itemtype=\"http:\/\/schema.org\/ImageGallery\" > <div class=\"gallery-row\" style=\"width: 1380px; height: 488px;\" data-original-width=\"1380\" data-original-height=\"488\" > <div class=\"gallery-group images-1\" style=\"width: 650px; height: 488px;\" data-original-width=\"650\" data-original-height=\"488\" > <div class=\"tiled-gallery-item tiled-gallery-item-large\" itemprop=\"associatedMedia\" itemscope itemtype=\"http:\/\/schema.org\/ImageObject\"> <a href=\"https:\/\/calviadeportes.com\/ca\/pavello-de-galatzo\/pabellon-de-galatzo-22\/\" border=\"0\" itemprop=\"url\"> <meta itemprop=\"width\" content=\"646\"> <meta itemprop=\"height\" content=\"484\"> <img decoding=\"async\" class=\"\" data-attachment-id=\"22709\" data-orig-file=\"https:\/\/calviadeportes.com\/wp-content\/uploads\/2022\/12\/Pabellon-de-Galatzo-22.jpg\" data-orig-size=\"1600,1200\" data-comments-opened=\"1\" data-image-meta=\"{&quot;aperture&quot;:&quot;0&quot;,&quot;credit&quot;:&quot;&quot;,&quot;camera&quot;:&quot;&quot;,&quot;caption&quot;:&quot;&quot;,&quot;created_timestamp&quot;:&quot;1671025200&quot;,&quot;copyright&quot;:&quot;&quot;,&quot;focal_length&quot;:&quot;0&quot;,&quot;iso&quot;:&quot;0&quot;,&quot;shutter_speed&quot;:&quot;0&quot;,&quot;title&quot;:&quot;&quot;,&quot;orientation&quot;:&quot;0&quot;}\" data-image-title=\"Pabello\u0301n de Galatzo\u0301-22\" data-image-description=\"\" data-medium-file=\"https:\/\/i0.wp.com\/calviadeportes.com\/wp-content\/uploads\/2022\/12\/Pabellon-de-Galatzo-22.jpg?fit=300%2C225&#038;ssl=1\" data-large-file=\"https:\/\/i0.wp.com\/calviadeportes.com\/wp-content\/uploads\/2022\/12\/Pabellon-de-Galatzo-22.jpg?fit=1024%2C768&#038;ssl=1\" src=\"https:\/\/i0.wp.com\/calviadeportes.com\/wp-content\/uploads\/2022\/12\/Pabellon-de-Galatzo-22.jpg?w=646&#038;h=484&#038;ssl=1\" srcset=\"https:\/\/i0.wp.com\/calviadeportes.com\/wp-content\/uploads\/2022\/12\/Pabellon-de-Galatzo-22.jpg?w=1600&amp;ssl=1 1600w, https:\/\/i0.wp.com\/calviadeportes.com\/wp-content\/uploads\/2022\/12\/Pabellon-de-Galatzo-22.jpg?resize=300%2C225&amp;ssl=1 300w, https:\/\/i0.wp.com\/calviadeportes.com\/wp-content\/uploads\/2022\/12\/Pabellon-de-Galatzo-22.jpg?resize=1024%2C768&amp;ssl=1 1024w, https:\/\/i0.wp.com\/calviadeportes.com\/wp-content\/uploads\/2022\/12\/Pabellon-de-Galatzo-22.jpg?resize=768%2C576&amp;ssl=1 768w, https:\/\/i0.wp.com\/calviadeportes.com\/wp-content\/uploads\/2022\/12\/Pabellon-de-Galatzo-22.jpg?resize=1536%2C1152&amp;ssl=1 1536w, https:\/\/i0.wp.com\/calviadeportes.com\/wp-content\/uploads\/2022\/12\/Pabellon-de-Galatzo-22.jpg?resize=1200%2C900&amp;ssl=1 1200w, https:\/\/i0.wp.com\/calviadeportes.com\/wp-content\/uploads\/2022\/12\/Pabellon-de-Galatzo-22.jpg?resize=800%2C600&amp;ssl=1 800w, https:\/\/i0.wp.com\/calviadeportes.com\/wp-content\/uploads\/2022\/12\/Pabellon-de-Galatzo-22.jpg?resize=400%2C300&amp;ssl=1 400w, https:\/\/i0.wp.com\/calviadeportes.com\/wp-content\/uploads\/2022\/12\/Pabellon-de-Galatzo-22.jpg?resize=200%2C150&amp;ssl=1 200w, https:\/\/i0.wp.com\/calviadeportes.com\/wp-content\/uploads\/2022\/12\/Pabellon-de-Galatzo-22.jpg?resize=1260%2C945&amp;ssl=1 1260w, https:\/\/i0.wp.com\/calviadeportes.com\/wp-content\/uploads\/2022\/12\/Pabellon-de-Galatzo-22.jpg?resize=615%2C461&amp;ssl=1 615w, https:\/\/i0.wp.com\/calviadeportes.com\/wp-content\/uploads\/2022\/12\/Pabellon-de-Galatzo-22.jpg?resize=292%2C219&amp;ssl=1 292w\" width=\"646\" height=\"484\" loading=\"lazy\" data-original-width=\"646\" data-original-height=\"484\" itemprop=\"http:\/\/schema.org\/image\" title=\"Pabello\u0301n de Galatzo\u0301-22\" alt=\"Pabello\u0301n de Galatzo\u0301\" style=\"width: 646px; height: 484px;\" \/> <\/a> <div class=\"tiled-gallery-caption\" itemprop=\"caption description\"> Pista Pabello\u0301n de Galatzo\u0301 <\/div> <\/div> <\/div> <!-- close group --> <div class=\"gallery-group images-1\" style=\"width: 730px; height: 488px;\" data-original-width=\"730\" data-original-height=\"488\" > <div class=\"tiled-gallery-item tiled-gallery-item-large\" itemprop=\"associatedMedia\" itemscope itemtype=\"http:\/\/schema.org\/ImageObject\"> <a href=\"https:\/\/calviadeportes.com\/ca\/pavello-de-galatzo\/pabellon-de-galatzo-04-min-2\/\" border=\"0\" itemprop=\"url\"> <meta itemprop=\"width\" content=\"726\"> <meta itemprop=\"height\" content=\"484\"> <img decoding=\"async\" class=\"\" data-attachment-id=\"13778\" data-orig-file=\"https:\/\/calviadeportes.com\/wp-content\/uploads\/2020\/10\/Pabello\u0301n-de-Galatzo\u0301-04-min.jpg\" data-orig-size=\"3861,2574\" data-comments-opened=\"1\" data-image-meta=\"{&quot;aperture&quot;:&quot;0&quot;,&quot;credit&quot;:&quot;&quot;,&quot;camera&quot;:&quot;&quot;,&quot;caption&quot;:&quot;&quot;,&quot;created_timestamp&quot;:&quot;0&quot;,&quot;copyright&quot;:&quot;&quot;,&quot;focal_length&quot;:&quot;0&quot;,&quot;iso&quot;:&quot;0&quot;,&quot;shutter_speed&quot;:&quot;0&quot;,&quot;title&quot;:&quot;&quot;,&quot;orientation&quot;:&quot;0&quot;}\" data-image-title=\"Pabello\u0301n de Galatzo\u0301-04-min\" data-image-description=\"\" data-medium-file=\"https:\/\/i0.wp.com\/calviadeportes.com\/wp-content\/uploads\/2020\/10\/Pabello%CC%81n-de-Galatzo%CC%81-04-min.jpg?fit=300%2C200&#038;ssl=1\" data-large-file=\"https:\/\/i0.wp.com\/calviadeportes.com\/wp-content\/uploads\/2020\/10\/Pabello%CC%81n-de-Galatzo%CC%81-04-min.jpg?fit=1024%2C683&#038;ssl=1\" src=\"https:\/\/i0.wp.com\/calviadeportes.com\/wp-content\/uploads\/2020\/10\/Pabello%CC%81n-de-Galatzo%CC%81-04-min.jpg?w=726&#038;h=484&#038;ssl=1\" width=\"726\" height=\"484\" loading=\"lazy\" data-original-width=\"726\" data-original-height=\"484\" itemprop=\"http:\/\/schema.org\/image\" title=\"Pabello\u0301n de Galatzo\u0301-04-min\" alt=\"Pabello\u0301n de Galatzo\u0301\" style=\"width: 726px; height: 484px;\" \/> <\/a> <div class=\"tiled-gallery-caption\" itemprop=\"caption description\"> Pabello\u0301n de Galatzo\u0301 <\/div> <\/div> <\/div> <!-- close group --> <\/div> <!-- close row --> <\/div>\n<div class=\"push\" style='height:30px'><\/div>\n","protected":false},"excerpt":{"rendered":"<p>CONTACTE Tel\u00e8fon: 971 69 60 43 Email: ice@calvia.com DIRECCI\u00d3 Urbanizaci\u00f3n de Galatz\u00f3 Avda. Puig de Saragossa, 2 Mapa \u2192 EQUIPAMENT Pista poliesportiva interior Gimn\u00e0s de musculaci\u00f3 Sala d&#8217;activitats dirigides Vestuaris&#8230;<\/p>\n","protected":false},"author":75162113,"featured_media":22709,"parent":0,"menu_order":0,"comment_status":"closed","ping_status":"closed","template":"","meta":{"_coblocks_attr":"","_coblocks_dimensions":"","_coblocks_responsive_height":"","_coblocks_accordion_ie_support":"","_crdt_document":"","jetpack_post_was_ever_published":false,"footnotes":""},"class_list":["post-13768","page","type-page","status-publish","has-post-thumbnail","hentry"],"yoast_head":"<!-- This site is optimized with the Yoast SEO plugin v27.3 - https:\/\/yoast.com\/product\/yoast-seo-wordpress\/ -->\n<title>Pavell\u00f3 municipal Galatz\u00f3 - Calvi\u00e0 - Mallorca - Illes Balears<\/title>\n<meta name=\"robots\" content=\"index, follow, max-snippet:-1, max-image-preview:large, max-video-preview:-1\" \/>\n<link rel=\"canonical\" href=\"https:\/\/calviadeportes.com\/ca\/pavello-de-galatzo\/\" \/>\n<meta property=\"og:locale\" content=\"ca_ES\" \/>\n<meta property=\"og:type\" content=\"article\" \/>\n<meta property=\"og:title\" content=\"Pavell\u00f3 municipal Galatz\u00f3 - Calvi\u00e0 - Mallorca - Illes Balears\" \/>\n<meta property=\"og:description\" content=\"CONTACTE Tel\u00e8fon: 971 69 60 43 Email: ice@calvia.com DIRECCI\u00d3 Urbanizaci\u00f3n de Galatz\u00f3 Avda. Puig de Saragossa, 2 Mapa \u2192 EQUIPAMENT Pista poliesportiva interior Gimn\u00e0s de musculaci\u00f3 Sala d&#8217;activitats dirigides Vestuaris...\" \/>\n<meta property=\"og:url\" content=\"https:\/\/calviadeportes.com\/ca\/pavello-de-galatzo\/\" \/>\n<meta property=\"og:site_name\" content=\"Calvi\u00e0 esports\" \/>\n<meta property=\"article:modified_time\" content=\"2026-01-20T05:50:01+00:00\" \/>\n<meta property=\"og:image\" content=\"https:\/\/calviadeportes.com\/wp-content\/uploads\/2022\/12\/Pabellon-de-Galatzo-22.jpg\" \/>\n\t<meta property=\"og:image:width\" content=\"1600\" \/>\n\t<meta property=\"og:image:height\" content=\"1200\" \/>\n\t<meta property=\"og:image:type\" content=\"image\/jpeg\" \/>\n<meta name=\"twitter:card\" content=\"summary_large_image\" \/>\n<meta name=\"twitter:label1\" content=\"Temps estimat de lectura\" \/>\n\t<meta name=\"twitter:data1\" content=\"2 minuts\" \/>\n<script type=\"application\/ld+json\" class=\"yoast-schema-graph\">{\"@context\":\"https:\\\/\\\/schema.org\",\"@graph\":[{\"@type\":\"WebPage\",\"@id\":\"https:\\\/\\\/calviadeportes.com\\\/ca\\\/pavello-de-galatzo\\\/\",\"url\":\"https:\\\/\\\/calviadeportes.com\\\/ca\\\/pavello-de-galatzo\\\/\",\"name\":\"Pavell\u00f3 municipal Galatz\u00f3 - Calvi\u00e0 - Mallorca - Illes Balears\",\"isPartOf\":{\"@id\":\"https:\\\/\\\/calviadeportes.com\\\/ca\\\/#website\"},\"primaryImageOfPage\":{\"@id\":\"https:\\\/\\\/calviadeportes.com\\\/ca\\\/pavello-de-galatzo\\\/#primaryimage\"},\"image\":{\"@id\":\"https:\\\/\\\/calviadeportes.com\\\/ca\\\/pavello-de-galatzo\\\/#primaryimage\"},\"thumbnailUrl\":\"https:\\\/\\\/i0.wp.com\\\/calviadeportes.com\\\/wp-content\\\/uploads\\\/2022\\\/12\\\/Pabellon-de-Galatzo-22.jpg?fit=1600%2C1200&ssl=1\",\"datePublished\":\"2021-01-20T08:08:29+00:00\",\"dateModified\":\"2026-01-20T05:50:01+00:00\",\"breadcrumb\":{\"@id\":\"https:\\\/\\\/calviadeportes.com\\\/ca\\\/pavello-de-galatzo\\\/#breadcrumb\"},\"inLanguage\":\"ca\",\"potentialAction\":[{\"@type\":\"ReadAction\",\"target\":[\"https:\\\/\\\/calviadeportes.com\\\/ca\\\/pavello-de-galatzo\\\/\"]}]},{\"@type\":\"ImageObject\",\"inLanguage\":\"ca\",\"@id\":\"https:\\\/\\\/calviadeportes.com\\\/ca\\\/pavello-de-galatzo\\\/#primaryimage\",\"url\":\"https:\\\/\\\/i0.wp.com\\\/calviadeportes.com\\\/wp-content\\\/uploads\\\/2022\\\/12\\\/Pabellon-de-Galatzo-22.jpg?fit=1600%2C1200&ssl=1\",\"contentUrl\":\"https:\\\/\\\/i0.wp.com\\\/calviadeportes.com\\\/wp-content\\\/uploads\\\/2022\\\/12\\\/Pabellon-de-Galatzo-22.jpg?fit=1600%2C1200&ssl=1\",\"width\":1600,\"height\":1200,\"caption\":\"Pista Pabello\u0301n de Galatzo\u0301\"},{\"@type\":\"BreadcrumbList\",\"@id\":\"https:\\\/\\\/calviadeportes.com\\\/ca\\\/pavello-de-galatzo\\\/#breadcrumb\",\"itemListElement\":[{\"@type\":\"ListItem\",\"position\":1,\"name\":\"Portada\",\"item\":\"https:\\\/\\\/calviadeportes.com\\\/ca\\\/\"},{\"@type\":\"ListItem\",\"position\":2,\"name\":\"Pavell\u00f3 de Galatz\u00f3\"}]},{\"@type\":\"WebSite\",\"@id\":\"https:\\\/\\\/calviadeportes.com\\\/ca\\\/#website\",\"url\":\"https:\\\/\\\/calviadeportes.com\\\/ca\\\/\",\"name\":\"Calvi\u00e0 esports\",\"description\":\"ICE Calvi\u00e0 | Ayuntamiento de Calvi\u00e0\",\"potentialAction\":[{\"@type\":\"SearchAction\",\"target\":{\"@type\":\"EntryPoint\",\"urlTemplate\":\"https:\\\/\\\/calviadeportes.com\\\/ca\\\/?s={search_term_string}\"},\"query-input\":{\"@type\":\"PropertyValueSpecification\",\"valueRequired\":true,\"valueName\":\"search_term_string\"}}],\"inLanguage\":\"ca\"}]}<\/script>\n<!-- \/ Yoast SEO plugin. -->","yoast_head_json":{"title":"Pavell\u00f3 municipal Galatz\u00f3 - Calvi\u00e0 - Mallorca - Illes Balears","robots":{"index":"index","follow":"follow","max-snippet":"max-snippet:-1","max-image-preview":"max-image-preview:large","max-video-preview":"max-video-preview:-1"},"canonical":"https:\/\/calviadeportes.com\/ca\/pavello-de-galatzo\/","og_locale":"ca_ES","og_type":"article","og_title":"Pavell\u00f3 municipal Galatz\u00f3 - Calvi\u00e0 - Mallorca - Illes Balears","og_description":"CONTACTE Tel\u00e8fon: 971 69 60 43 Email: ice@calvia.com DIRECCI\u00d3 Urbanizaci\u00f3n de Galatz\u00f3 Avda. Puig de Saragossa, 2 Mapa \u2192 EQUIPAMENT Pista poliesportiva interior Gimn\u00e0s de musculaci\u00f3 Sala d&#8217;activitats dirigides Vestuaris...","og_url":"https:\/\/calviadeportes.com\/ca\/pavello-de-galatzo\/","og_site_name":"Calvi\u00e0 esports","article_modified_time":"2026-01-20T05:50:01+00:00","og_image":[{"width":1600,"height":1200,"url":"https:\/\/calviadeportes.com\/wp-content\/uploads\/2022\/12\/Pabellon-de-Galatzo-22.jpg","type":"image\/jpeg"}],"twitter_card":"summary_large_image","twitter_misc":{"Temps estimat de lectura":"2 minuts"},"schema":{"@context":"https:\/\/schema.org","@graph":[{"@type":"WebPage","@id":"https:\/\/calviadeportes.com\/ca\/pavello-de-galatzo\/","url":"https:\/\/calviadeportes.com\/ca\/pavello-de-galatzo\/","name":"Pavell\u00f3 municipal Galatz\u00f3 - Calvi\u00e0 - Mallorca - Illes Balears","isPartOf":{"@id":"https:\/\/calviadeportes.com\/ca\/#website"},"primaryImageOfPage":{"@id":"https:\/\/calviadeportes.com\/ca\/pavello-de-galatzo\/#primaryimage"},"image":{"@id":"https:\/\/calviadeportes.com\/ca\/pavello-de-galatzo\/#primaryimage"},"thumbnailUrl":"https:\/\/i0.wp.com\/calviadeportes.com\/wp-content\/uploads\/2022\/12\/Pabellon-de-Galatzo-22.jpg?fit=1600%2C1200&ssl=1","datePublished":"2021-01-20T08:08:29+00:00","dateModified":"2026-01-20T05:50:01+00:00","breadcrumb":{"@id":"https:\/\/calviadeportes.com\/ca\/pavello-de-galatzo\/#breadcrumb"},"inLanguage":"ca","potentialAction":[{"@type":"ReadAction","target":["https:\/\/calviadeportes.com\/ca\/pavello-de-galatzo\/"]}]},{"@type":"ImageObject","inLanguage":"ca","@id":"https:\/\/calviadeportes.com\/ca\/pavello-de-galatzo\/#primaryimage","url":"https:\/\/i0.wp.com\/calviadeportes.com\/wp-content\/uploads\/2022\/12\/Pabellon-de-Galatzo-22.jpg?fit=1600%2C1200&ssl=1","contentUrl":"https:\/\/i0.wp.com\/calviadeportes.com\/wp-content\/uploads\/2022\/12\/Pabellon-de-Galatzo-22.jpg?fit=1600%2C1200&ssl=1","width":1600,"height":1200,"caption":"Pista Pabello\u0301n de Galatzo\u0301"},{"@type":"BreadcrumbList","@id":"https:\/\/calviadeportes.com\/ca\/pavello-de-galatzo\/#breadcrumb","itemListElement":[{"@type":"ListItem","position":1,"name":"Portada","item":"https:\/\/calviadeportes.com\/ca\/"},{"@type":"ListItem","position":2,"name":"Pavell\u00f3 de Galatz\u00f3"}]},{"@type":"WebSite","@id":"https:\/\/calviadeportes.com\/ca\/#website","url":"https:\/\/calviadeportes.com\/ca\/","name":"Calvi\u00e0 esports","description":"ICE Calvi\u00e0 | Ayuntamiento de Calvi\u00e0","potentialAction":[{"@type":"SearchAction","target":{"@type":"EntryPoint","urlTemplate":"https:\/\/calviadeportes.com\/ca\/?s={search_term_string}"},"query-input":{"@type":"PropertyValueSpecification","valueRequired":true,"valueName":"search_term_string"}}],"inLanguage":"ca"}]}},"jetpack_likes_enabled":false,"jetpack_sharing_enabled":false,"jetpack_shortlink":"https:\/\/wp.me\/PckSre-3A4","_links":{"self":[{"href":"https:\/\/calviadeportes.com\/ca\/wp-json\/wp\/v2\/pages\/13768","targetHints":{"allow":["GET"]}}],"collection":[{"href":"https:\/\/calviadeportes.com\/ca\/wp-json\/wp\/v2\/pages"}],"about":[{"href":"https:\/\/calviadeportes.com\/ca\/wp-json\/wp\/v2\/types\/page"}],"author":[{"embeddable":true,"href":"https:\/\/calviadeportes.com\/ca\/wp-json\/wp\/v2\/users\/75162113"}],"replies":[{"embeddable":true,"href":"https:\/\/calviadeportes.com\/ca\/wp-json\/wp\/v2\/comments?post=13768"}],"version-history":[{"count":20,"href":"https:\/\/calviadeportes.com\/ca\/wp-json\/wp\/v2\/pages\/13768\/revisions"}],"predecessor-version":[{"id":32330,"href":"https:\/\/calviadeportes.com\/ca\/wp-json\/wp\/v2\/pages\/13768\/revisions\/32330"}],"wp:featuredmedia":[{"embeddable":true,"href":"https:\/\/calviadeportes.com\/ca\/wp-json\/wp\/v2\/media\/22709"}],"wp:attachment":[{"href":"https:\/\/calviadeportes.com\/ca\/wp-json\/wp\/v2\/media?parent=13768"}],"curies":[{"name":"wp","href":"https:\/\/api.w.org\/{rel}","templated":true}]}}